{"id":14095,"date":"2024-01-10T13:32:04","date_gmt":"2024-01-10T12:32:04","guid":{"rendered":"https:\/\/serveiseducatius.xtec.cat\/sarria-santgervasi\/?page_id=14095"},"modified":"2025-05-06T09:58:12","modified_gmt":"2025-05-06T07:58:12","slug":"competencies-basiques-deducacio-secundaria-obligatoria-curs-2024-2025","status":"publish","type":"page","link":"https:\/\/serveiseducatius.xtec.cat\/sarria-santgervasi\/innovacio\/competencies-basiques-i-avaluacio\/competencies-basiques-deducacio-secundaria-obligatoria-curs-2024-2025\/","title":{"rendered":"Compet\u00e8ncies B\u00e0siques d\u2019Educaci\u00f3 Secund\u00e0ria Obligat\u00f2ria. Curs 2024-2025"},"content":{"rendered":"<p><a href=\"https:\/\/serveiseducatius.xtec.cat\/sarria-santgervasi\/wp-content\/uploads\/usu1168\/2024\/01\/ESO.jpg\"><img loading=\"lazy\" decoding=\"async\" class=\"aligncenter size-full wp-image-14096\" src=\"https:\/\/serveiseducatius.xtec.cat\/sarria-santgervasi\/wp-content\/uploads\/usu1168\/2024\/01\/ESO.jpg\" alt=\"\" width=\"400\" height=\"110\" srcset=\"https:\/\/serveiseducatius.xtec.cat\/sarria-santgervasi\/wp-content\/uploads\/usu1168\/2024\/01\/ESO.jpg 400w, https:\/\/serveiseducatius.xtec.cat\/sarria-santgervasi\/wp-content\/uploads\/usu1168\/2024\/01\/ESO-300x83.jpg 300w\" sizes=\"auto, (max-width: 400px) 100vw, 400px\" \/><\/a><\/p>\n<h1 style=\"text-align: center;\"><span style=\"color: #ff6600;\"><strong>COMISSI\u00d3 B05<\/strong><\/span><\/h1>\n<div style=\"text-align: center; position: relative; top: 10; left: 0; width: auto; height: auto; padding: 10px; margin: 10px; line-height: 1.8; border-radius: 5px; font-family: sans-serif; font-weight: 600 !important; background-color: #fdf7df; border: 1px solid #FEEC6F; color: #c9971c;\">\n<h3>\u26a0\ufe0f <strong>Les proves s&#8217;aplicaran els dies <span style=\"color: #ff0000;\">10 i 11 d&#8217;abril<\/span> de 2025<\/strong> \u26a0\ufe0f<\/h3>\n<p>Consulteu el calendari a: <a href=\"http:\/\/csda.gencat.cat\/ca\/arees-actuacio\/avaluacions-consell\/calendari-avaluacions\/\" target=\"_blank\" rel=\"noopener\">http:\/\/csda.gencat.cat\/ca\/arees-actuacio\/avaluacions-consell\/calendari-avaluacions\/<\/a><\/p>\n<\/div>\n<div style=\"position: relative; top: 10; left: 0; width: auto; height: auto; padding: 10px; margin: 10px; line-height: 1.8; border-radius: 5px; font-family: sans-serif; font-weight: 400; background-color: #eff; border: 1px solid #DEE; color: #3aa;\">\n<h2 style=\"text-align: center; font-weight: 600 !important; color: #3aa !important;\">Novetats<\/h2>\n<ul>\n<li>Enguany <strong>NO hi haur\u00e0 preguntes obertes <\/strong> en la compet\u00e8ncia de <strong>matem\u00e0tiques <\/strong> ni en la <strong>compet\u00e8ncia de ci\u00e8ncia <\/strong>, <strong>tecnologia i enginyeria <\/strong>. Per tant, no hi haur\u00e0 correcci\u00f3 externa i no cal indicar disponibilitat de correcci\u00f3 ni proposar correctors en aquestes compet\u00e8ncies.<\/li>\n<li>Els <strong>enunciats <\/strong> de les proves s&#8217;hauran de descarregar el mateix dia de la prova en <strong>arxiu PDF des de l&#8217;aplicatiu de les proves <\/strong>.<\/li>\n<li>Hi haur\u00e0 una <strong>mostra <\/strong> de centres que, de forma <strong>volunt\u00e0ria <\/strong>, faran <strong>la prova en format totalment digital en l\u00ednia <\/strong>. M\u00e9s endavant us informarem de la relaci\u00f3 d\u2019aquests centres. El contingut de la prova \u00e9s el mateix que la que faran els centres amb enunciats en PDF i fulls de resposta en paper.<\/li>\n<\/ul>\n<\/div>\n<hr \/>\n<h2 style=\"font-weight: bold !important; color: #355 !important;\">Informacions i documents previs a les proves<\/h2>\n<ul>\n<li><a href=\"https:\/\/dogc.gencat.cat\/ca\/document-del-dogc\/?documentId=1004468\" target=\"_blank\" rel=\"noopener\"><strong>RESOLUCI\u00d3 EDF\/82\/2025<\/strong>, de 15 de gener, per la qual s&#8217;aproven les directrius per a la realitzaci\u00f3 de la prova d&#8217;avaluaci\u00f3 de quart curs de l&#8217;educaci\u00f3 secund\u00e0ria obligat\u00f2ria i es convoca la prova per al curs 2024-2025<\/a>.<\/li>\n<li><a href=\"https:\/\/drive.google.com\/file\/d\/1KRj1up-VNIACignTiejxv0owCQJwAb6J\/view?usp=sharing\" target=\"_blank\" rel=\"noopener\">Document d&#8217;organitzaci\u00f3 i Gesti\u00f3 dels centres &#8211; Avaluaci\u00f3 de centre i avaluaci\u00f3 docent i directiva<\/a>.<\/li>\n<li><a href=\"http:\/\/csda.gencat.cat\/ca\/arees-actuacio\/avaluacions-consell\/\" target=\"_blank\" rel=\"noopener\">Informacions del Consell Superior d&#8217;avaluaci\u00f3<\/a>.<\/li>\n<li><a href=\"https:\/\/drive.google.com\/file\/d\/1oJWS2RXbbfCJl5BTCx3vreZYEetZ5j_c\/view?usp=sharing\" target=\"_blank\" rel=\"noopener\">Manual d&#8217;usuari de l&#8217;aplicaci\u00f3 inform\u00e0tica de la prova de quart d&#8217;ESO [Centres]<\/a>.<\/li>\n<li><a href=\"https:\/\/drive.google.com\/file\/d\/1Oc1_-Iz1jyp_6i6QMmE7bX7DtRoRgDK5\/view?usp=sharing\">Manual d\u2019usuari de l\u2019aplicaci\u00f3 inform\u00e0tica de la prova d\u2019avaluaci\u00f3 de quart d\u2019ESO [Impressi\u00f3 llista de control Abs\u00e8ncies Codis contingents]<\/a><\/li>\n<li><a href=\"https:\/\/drive.google.com\/file\/d\/1yeu3PwtIUtUWzXn8GZH6SDlfTCIQo8H0\/view?usp=sharing\" target=\"_blank\" rel=\"noopener\">Guia d\u2019aplicaci\u00f3 de les prova i calendari d&#8217;actuacions<\/a>.<\/li>\n<li hidden=\"\">Calendari d&#8217;Avaluacions de Secund\u00e0ria per al curs 2023\/2024.<\/li>\n<li><a href=\"http:\/\/consaval.cat\/aplicadors\/\">Instruccions per a les persones aplicadores de les proves<\/a>.<\/li>\n<li><a href=\"https:\/\/docs.google.com\/presentation\/d\/e\/2PACX-1vSB9I0a5t1H6LsIg8an_uzAzjU67c16z1Re9PeTlIQurLed-hjZA39srkRE_1C7sLWMJTbo7R3Ze6SR\/pub?start=false&amp;loop=false&amp;delayms=60000\">Lliurament de les proves<\/a> (on, com i quan s&#8217;han de lliurar &#8211;<strong>distribuci\u00f3 hor\u00e0ria<\/strong>-): <b>Divendres, 11 d&#8217;abril de 2025<\/b><\/li>\n<li hidden=\"\">Presentaci\u00f3 de la guia d\u2019aplicaci\u00f3 de les proves. <span style=\"border: none; color: white; padding: 4px 4px; background-color: #ff9800; border-radius: 5px; font-size: 0.75em;\">Pendent de publicar<\/span><\/li>\n<li hidden=\"\">Instruccions per als aplicadors i les aplicadores en les avaluacions de final d\u2019etapa. <span style=\"border: none; color: white; padding: 4px 4px; background-color: #ff9800; border-radius: 5px; font-size: 0.75em;\">Pendent de publicar<\/span><\/li>\n<li hidden=\"\">Presentaci\u00f3 de la gesti\u00f3 de les avaluacions de final d\u2019etapa. <span style=\"border: none; color: white; padding: 4px 4px; background-color: #ff9800; border-radius: 5px; font-size: 0.75em;\">Pendent de publicar<\/span><\/li>\n<li hidden=\"\">Annex IV. Acta d\u2019aplicaci\u00f3 de les proves. <span style=\"border: none; color: white; padding: 4px 4px; background-color: #ff9800; border-radius: 5px; font-size: 0.75em;\">Pendent de publicar<\/span><\/li>\n<\/ul>\n<hr \/>\n<h2 style=\"font-weight: bold !important; color: #355 !important;\">Informacions per a la Direcci\u00f3 del centre<\/h2>\n<ul>\n<li><span style=\"color: #000000;\"><a href=\"https:\/\/docs.google.com\/document\/d\/1M6nH-GPDZExZROijQ71dbjC5oiPIliGs\/export?format=docx\">Annex: Acta d&#8217;aplicaci\u00f3<\/a>. <strong>(Descarregueu l&#8217;arxiu per tal de poder-lo editar)<\/strong><\/span><strong>.<\/strong><\/li>\n<li><strong>Model informe correcci\u00f3 interna<\/strong> (cal que entreu a <a href=\"https:\/\/inici.espai.educacio.gencat.cat\/\">Portal de centre<\/a>)<\/li>\n<\/ul>\n<hr \/>\n<h2 style=\"font-weight: bold !important; color: #355 !important;\">Acc\u00e9s a les proves i als criteris de correcci\u00f3<\/h2>\n<h4><strong>Web del Consell Superior d&#8217;Avaluaci\u00f3 de Catalunya &#8211; Proves 4t ESO Curs 2024-2025<\/strong><\/h4>\n<ul>\n<li><strong>Proves<\/strong>: <a href=\"https:\/\/drive.google.com\/drive\/folders\/1OVccAMCngDXT-6wFMHMAjDvwOfHVqpyC?usp=sharing\">quaderns, \u00e0udios, transcripcions i fulls de resposta<\/a>. Tamb\u00e9 les trobareu en aquesta <a href=\"http:\/\/csda.gencat.cat\/ca\/arees-actuacio\/avaluacions-consell\/avaluacio-quart-eso\/2025\/proves\/\">p\u00e0gina del CSASE<\/a>.<\/li>\n<li><strong>Criteris de correcci\u00f3<\/strong>: en aquesta <a href=\"https:\/\/avaluacioeducativa.gencat.cat\/ca\/avaluacions\/final-etapa\/secundaria\/proves-corregides\/per-anys\/proves-2024-2025\/\">p\u00e0gina del CSASE<\/a> trobareu els criteris\/descripcions de les proves amb la seva corresponent clau de respostes.<\/li>\n<li>Enlla\u00e7 d&#8217;acc\u00e9s a l&#8217;aplicaci\u00f3 inform\u00e0tica: <a href=\"https:\/\/aplicacions.gestioeducativa.gencat.cat\/pls\/apex\/f?p=A4S\">https:\/\/aplicacions.gestioeducativa.gencat.cat\/pls\/apex\/f?p=A4S<\/a><\/li>\n<\/ul>\n<hr \/>\n<h2 style=\"font-weight: bold !important; color: #355 !important;\">Documents a emprar amb posterioritat a l\u2019aplicaci\u00f3 de les proves<\/h2>\n<h3 style=\"font-weight: bold !important; color: #355 !important;\">Informaci\u00f3 per als correctors<\/h3>\n<ul>\n<li><a href=\"http:\/\/consaval.cat\/A4S\/2025\/A4S.2025.ManualCorrector.pdf\">Manual d\u2019usuari de l\u2019aplicaci\u00f3 inform\u00e0tica de la prova d\u2019avaluaci\u00f3 de quart d\u2019ESO: correctors<\/a><\/li>\n<li><a href=\"http:\/\/consaval.cat\/correctorsA4S\/\">Instruccions per als correctors\/es de les proves.<\/a><\/li>\n<li><a href=\"https:\/\/drive.google.com\/file\/d\/15yQZUmjne0oU51hhT5gCR8vuBfnNnwo-\/view?usp=sharing\">Preguntes m\u00e9s freq\u00fcents per als correctors de les proves<\/a>.<\/li>\n<\/ul>\n<h3 style=\"font-weight: bold !important; color: #355 !important;\">Instruccions complement\u00e0ries<\/h3>\n<ul>\n<li><a href=\"https:\/\/drive.google.com\/file\/d\/1eYFZRSBDxrRInNJaYZzxVqM_jxszo6DB\/view?usp=sharing\"><strong>Instrucci\u00f3 complement\u00e0ria 1<\/strong>: Formaci\u00f3 adre\u00e7ada als correctors de les proves d\u2019avaluaci\u00f3 de final d\u2019etapa de 4t d\u2019ESO<\/a>.<\/li>\n<li><a href=\"https:\/\/drive.google.com\/file\/d\/1OdRLkfifq1sS4uwMnhaOr-pWumM-VlvI\/view?usp=sharing\"><strong>Instrucci\u00f3 complement\u00e0ria 2<\/strong>: Dieta pel lliurament dels fulls de resposta de les proves<\/a>.<\/li>\n<li><a href=\"https:\/\/drive.google.com\/file\/d\/14AjOt4AKGOicmdqoyIKwRcUvBtp4UEQL\/view?usp=sharing\"><strong>Instrucci\u00f3 complement\u00e0ria 3<\/strong>: Pagament als correctors\/es<\/a>.<\/li>\n<li><a href=\"https:\/\/drive.google.com\/file\/d\/16m9l8eOrtQ-XGq1cGO0I-nkJcUN7luye\/view?usp=sharing\"><strong>Instrucci\u00f3 complement\u00e0ria 4<\/strong>: Alumnat amb discapacitat visual amb procediment de correcci\u00f3 externa<\/a>.<\/li>\n<li><a href=\"https:\/\/drive.google.com\/file\/d\/1kFg-5pXYqxGFZjNeM7ICNyr5882qAm0i\/view?usp=sharing\"><strong>Instrucci\u00f3 complement\u00e0ria 5<\/strong>: Alumnat amb discapacitat auditiva amb procediment de correcci\u00f3 externa<\/a>.<\/li>\n<\/ul>\n<h2 style=\"font-weight: bold !important; color: #355 !important;\">Documents informaci\u00f3 fam\u00edlies<\/h2>\n<ul>\n<li>Model d\u2019informe per a fam\u00edlies d\u2019alumnes\u200b<\/li>\n<\/ul>\n","protected":false},"excerpt":{"rendered":"<p>COMISSI\u00d3 B05 \u26a0\ufe0f Les proves s&#8217;aplicaran els dies 10 i 11 d&#8217;abril de 2025 \u26a0\ufe0f Consulteu el calendari a: http:\/\/csda.gencat.cat\/ca\/arees-actuacio\/avaluacions-consell\/calendari-avaluacions\/ Novetats Enguany NO hi haur\u00e0 preguntes obertes en la compet\u00e8ncia de matem\u00e0tiques ni en la compet\u00e8ncia de ci\u00e8ncia , tecnologia i enginyeria . Per tant, no hi haur\u00e0 correcci\u00f3 externa i no cal indicar disponibilitat [&hellip;]<\/p>\n","protected":false},"author":3,"featured_media":0,"parent":9090,"menu_order":1,"comment_status":"closed","ping_status":"closed","template":"","meta":{"_bbp_topic_count":0,"_bbp_reply_count":0,"_bbp_total_topic_count":0,"_bbp_total_reply_count":0,"_bbp_voice_count":0,"_bbp_anonymous_reply_count":0,"_bbp_topic_count_hidden":0,"_bbp_reply_count_hidden":0,"_bbp_forum_subforum_count":0,"site-sidebar-layout":"default","site-content-layout":"","ast-site-content-layout":"","site-content-style":"default","site-sidebar-style":"default","ast-global-header-display":"","ast-banner-title-visibility":"","ast-main-header-display":"","ast-hfb-above-header-display":"","ast-hfb-below-header-display":"","ast-hfb-mobile-header-display":"","site-post-title":"","ast-breadcrumbs-content":"","ast-featured-img":"","footer-sml-layout":"","theme-transparent-header-meta":"","adv-header-id-meta":"","stick-header-meta":"","header-above-stick-meta":"","header-main-stick-meta":"","header-below-stick-meta":"","astra-migrate-meta-layouts":"default","ast-page-background-enabled":"default","ast-page-background-meta":{"desktop":{"background-color":"var(--ast-global-color-4)","background-image":"","background-repeat":"repeat","background-position":"center center","background-size":"auto","background-attachment":"scroll","background-type":"","background-media":"","overlay-type":"","overlay-color":"","overlay-opacity":"","overlay-gradient":""},"tablet":{"background-color":"","background-image":"","background-repeat":"repeat","background-position":"center center","background-size":"auto","background-attachment":"scroll","background-type":"","background-media":"","overlay-type":"","overlay-color":"","overlay-opacity":"","overlay-gradient":""},"mobile":{"background-color":"","background-image":"","background-repeat":"repeat","background-position":"center center","background-size":"auto","background-attachment":"scroll","background-type":"","background-media":"","overlay-type":"","overlay-color":"","overlay-opacity":"","overlay-gradient":""}},"ast-content-background-meta":{"desktop":{"background-color":"var(--ast-global-color-5)","background-image":"","background-repeat":"repeat","background-position":"center center","background-size":"auto","background-attachment":"scroll","background-type":"","background-media":"","overlay-type":"","overlay-color":"","overlay-opacity":"","overlay-gradient":""},"tablet":{"background-color":"var(--ast-global-color-5)","background-image":"","background-repeat":"repeat","background-position":"center center","background-size":"auto","background-attachment":"scroll","background-type":"","background-media":"","overlay-type":"","overlay-color":"","overlay-opacity":"","overlay-gradient":""},"mobile":{"background-color":"var(--ast-global-color-5)","background-image":"","background-repeat":"repeat","background-position":"center center","background-size":"auto","background-attachment":"scroll","background-type":"","background-media":"","overlay-type":"","overlay-color":"","overlay-opacity":"","overlay-gradient":""}},"footnotes":""},"class_list":["post-14095","page","type-page","status-publish","hentry"],"post_mailing_queue_ids":[],"_links":{"self":[{"href":"https:\/\/serveiseducatius.xtec.cat\/sarria-santgervasi\/wp-json\/wp\/v2\/pages\/14095","targetHints":{"allow":["GET"]}}],"collection":[{"href":"https:\/\/serveiseducatius.xtec.cat\/sarria-santgervasi\/wp-json\/wp\/v2\/pages"}],"about":[{"href":"https:\/\/serveiseducatius.xtec.cat\/sarria-santgervasi\/wp-json\/wp\/v2\/types\/page"}],"author":[{"embeddable":true,"href":"https:\/\/serveiseducatius.xtec.cat\/sarria-santgervasi\/wp-json\/wp\/v2\/users\/3"}],"replies":[{"embeddable":true,"href":"https:\/\/serveiseducatius.xtec.cat\/sarria-santgervasi\/wp-json\/wp\/v2\/comments?post=14095"}],"version-history":[{"count":7,"href":"https:\/\/serveiseducatius.xtec.cat\/sarria-santgervasi\/wp-json\/wp\/v2\/pages\/14095\/revisions"}],"predecessor-version":[{"id":14827,"href":"https:\/\/serveiseducatius.xtec.cat\/sarria-santgervasi\/wp-json\/wp\/v2\/pages\/14095\/revisions\/14827"}],"up":[{"embeddable":true,"href":"https:\/\/serveiseducatius.xtec.cat\/sarria-santgervasi\/wp-json\/wp\/v2\/pages\/9090"}],"wp:attachment":[{"href":"https:\/\/serveiseducatius.xtec.cat\/sarria-santgervasi\/wp-json\/wp\/v2\/media?parent=14095"}],"curies":[{"name":"wp","href":"https:\/\/api.w.org\/{rel}","templated":true}]}}