{"id":10503,"date":"2019-02-27T11:47:29","date_gmt":"2019-02-27T10:47:29","guid":{"rendered":"http:\/\/serveiseducatius.xtec.cat\/sarria-santgervasi\/?page_id=10503"},"modified":"2019-02-28T14:01:10","modified_gmt":"2019-02-28T13:01:10","slug":"coordinacio-robotica-educativa","status":"publish","type":"page","link":"https:\/\/serveiseducatius.xtec.cat\/sarria-santgervasi\/formacio\/coordinacio-robotica-educativa\/","title":{"rendered":"Coordinaci\u00f3 rob\u00f2tica educativa"},"content":{"rendered":"<div><a href=\"https:\/\/6304f92c-a-c9e90866-s-sites.googlegroups.com\/a\/xtec.cat\/crp-sarria-sant-gervasi\/arxiu-d-activitats\/arxiu-2016-17\/activitats-16-17\/programadelamostraderoboticaiprogramacioeducativasarria-santgervasi2017\/mR3.png?attachauth=ANoY7cqe2t2wHwJjRHDzaL9alvwQsDo10A6OgQZ3cSkISMOKQI2BFrqIitOQFuzMoLa_USCBpB5yN9FKA_b5P026HxdIJsjqxokdGkcytYx94Wam-C0l24rzazO_P8nWZx7GK2p6MtwMwf05r7101_ghOxwJNoX9jPAwHabBB8-07oF21_d7JhGfY5om2ZMLPgeP5twnhHBtTz5BXaNSzxprNBVqvtqq1uKcVJIkB5ZuYTXNT86Nqm5TFCl_9fhlGxITTldK_hBVC0kK92jS4TqxLw19vnawAxcF93vlrhTOUuCphU92KApZrXi3Cztc6SqFhGnscIaSgQX3GD6teIjG8DooEgKAgDuMy0UeyZuJAJSy6OsW_JA96sJXZLDXmZM58uJErxTV&amp;attredirects=0\"><img decoding=\"async\" class=\"alignleft\" src=\"https:\/\/6304f92c-a-c9e90866-s-sites.googlegroups.com\/a\/xtec.cat\/crp-sarria-sant-gervasi\/arxiu-d-activitats\/arxiu-2016-17\/activitats-16-17\/programadelamostraderoboticaiprogramacioeducativasarria-santgervasi2017\/mR3.png?attachauth=ANoY7cqe2t2wHwJjRHDzaL9alvwQsDo10A6OgQZ3cSkISMOKQI2BFrqIitOQFuzMoLa_USCBpB5yN9FKA_b5P026HxdIJsjqxokdGkcytYx94Wam-C0l24rzazO_P8nWZx7GK2p6MtwMwf05r7101_ghOxwJNoX9jPAwHabBB8-07oF21_d7JhGfY5om2ZMLPgeP5twnhHBtTz5BXaNSzxprNBVqvtqq1uKcVJIkB5ZuYTXNT86Nqm5TFCl_9fhlGxITTldK_hBVC0kK92jS4TqxLw19vnawAxcF93vlrhTOUuCphU92KApZrXi3Cztc6SqFhGnscIaSgQX3GD6teIjG8DooEgKAgDuMy0UeyZuJAJSy6OsW_JA96sJXZLDXmZM58uJErxTV&amp;attredirects=0\" border=\"0\" \/><\/a><br \/>\n<span style=\"color: #38761d; font-size: x-large;\"><span style=\"font-family: arial, sans-serif;\"><b>Coordinaci\u00f3 de Rob\u00f2tica i programaci\u00f3<\/b><\/span><\/span><\/div>\n<div><span lang=\"PT-BR\"><span lang=\"PT-BR\"><br \/>\n<\/span><\/span><strong style=\"font-size: 1em;\">Pla de Formaci\u00f3 de Zona de Sarri\u00e0-Sant Gervasi<\/strong><\/p>\n<div><\/div>\n<div><span style=\"color: #ff6600;\"><b style=\"font-size: large;\">Seminari de coordinaci\u00f3<\/b><\/span><span style=\"color: #6aa84f;\"><span style=\"color: #ff6600;\">\u00a0<\/span>\u00a0<\/span><span style=\"color: #000000;\">(15 hores)\u00a0<\/span><\/div>\n<div>\n<p>&nbsp;<\/p>\n<p>Xarxa de professorat de la zona per compartir experi\u00e8ncies i intercanviar recursos a l\u2019entorn de la Programaci\u00f3 i la rob\u00f2tica educativa<\/p>\n<\/div>\n<\/div>\n<div>\u00a0<span lang=\"PT-BR\"> <span style=\"font-size: medium;\">\u00a0 \u00a0 \u00a0 \u00a0\u00a0<\/span><\/span><\/div>\n<div>\n<p><span lang=\"PT-BR\"><span style=\"font-size: medium;\"><b>Lloc de trobada:\u00a0<\/b>\u00a0\u00a0SE Sarri\u00e0 Sant Gervasi\u00a0 \u00a0c<\/span><\/span><span lang=\"PT-BR\"><span style=\"font-size: medium;\">. Bertran, 42 (Barcelona)<\/span><\/span><\/p>\n<p><b>Horari:\u00a0<\/b>de\u00a017:30h a 19:30<\/p>\n<\/div>\n<div><\/div>\n<div><\/div>\n<div><b style=\"font-size: medium;\">\u00a0<\/b><\/div>\n<div><span lang=\"PT-BR\"><span style=\"font-size: medium;\"><b>Coordinaci\u00f3<\/b>:\u00a0<\/span><i><span style=\"font-size: medium;\">Anna Blasco\u00a0 \u00a0\u00a0<b>\u00a0<\/b><\/span><\/i><\/span><\/div>\n<div><\/div>\n<div><\/div>\n<div><b><i><span style=\"font-size: medium;\">\u00a0 \u00a0 \u00a0 \u00a0 \u00a0 \u00a0 \u00a0 \u00a0 \u00a0 \u00a0 \u00a0 \u00a0 \u00a0 \u00a0 \u00a0<\/span><\/i><\/b><\/div>\n<div><span lang=\"PT-BR\"><b><i><span style=\"font-size: medium;\">\u00a0\u00a0 \u00a0 \u00a0 \u00a0 \u00a0 \u00a0 <\/span><\/i><\/b><\/span><\/div>\n<div><\/div>\n<div><span lang=\"PT-BR\"><b><i><span style=\"font-size: medium;\">\u00a0Els objectius del seminari s\u00f3n:\u00a0 <\/span><\/i><\/b><\/span><\/div>\n<div><span lang=\"PT-BR\"><b><i><span style=\"font-size: medium;\">\u00a0 \u00a0 \u00a0 \u00a0 \u00a0 \u00a0 \u00a0 \u00a0 \u00a0 \u00a0 \u00a0\u00a0<\/span><\/i><\/b><\/span><\/div>\n<ul>\n<li>Aprofundir en tecnologies de rob\u00f2tica educativa i recursos de programaci\u00f3.<\/li>\n<li>Impulsar metodologies d\u2019aula innovadores basades en aquestes tecnologies.<\/li>\n<li>Fomentar la perspectiva STEAM amb una\u00a0 mirada transversal de curr\u00edculum.<\/li>\n<li>Crear xarxa de zona per establir intercanvis, compartir experi\u00e8ncies i rendabilitzar activitats formatives.<\/li>\n<\/ul>\n<hr \/>\n<p>&nbsp;<\/p>\n","protected":false},"excerpt":{"rendered":"<p>Coordinaci\u00f3 de Rob\u00f2tica i programaci\u00f3 Pla de Formaci\u00f3 de Zona de Sarri\u00e0-Sant Gervasi Seminari de coordinaci\u00f3\u00a0\u00a0(15 hores)\u00a0 &nbsp; Xarxa de professorat de la zona per compartir experi\u00e8ncies i intercanviar recursos a l\u2019entorn de la Programaci\u00f3 i la rob\u00f2tica educativa \u00a0 \u00a0 \u00a0 \u00a0 \u00a0\u00a0 Lloc de trobada:\u00a0\u00a0\u00a0SE Sarri\u00e0 Sant Gervasi\u00a0 \u00a0c. Bertran, 42 (Barcelona) Horari:\u00a0de\u00a017:30h [&hellip;]<\/p>\n","protected":false},"author":5,"featured_media":0,"parent":416,"menu_order":0,"comment_status":"closed","ping_status":"closed","template":"","meta":{"_bbp_topic_count":0,"_bbp_reply_count":0,"_bbp_total_topic_count":0,"_bbp_total_reply_count":0,"_bbp_voice_count":0,"_bbp_anonymous_reply_count":0,"_bbp_topic_count_hidden":0,"_bbp_reply_count_hidden":0,"_bbp_forum_subforum_count":0,"site-sidebar-layout":"default","site-content-layout":"","ast-site-content-layout":"","site-content-style":"default","site-sidebar-style":"default","ast-global-header-display":"","ast-banner-title-visibility":"","ast-main-header-display":"","ast-hfb-above-header-display":"","ast-hfb-below-header-display":"","ast-hfb-mobile-header-display":"","site-post-title":"","ast-breadcrumbs-content":"","ast-featured-img":"","footer-sml-layout":"","theme-transparent-header-meta":"","adv-header-id-meta":"","stick-header-meta":"","header-above-stick-meta":"","header-main-stick-meta":"","header-below-stick-meta":"","astra-migrate-meta-layouts":"default","ast-page-background-enabled":"default","ast-page-background-meta":{"desktop":{"background-color":"var(--ast-global-color-4)","background-image":"","background-repeat":"repeat","background-position":"center center","background-size":"auto","background-attachment":"scroll","background-type":"","background-media":"","overlay-type":"","overlay-color":"","overlay-opacity":"","overlay-gradient":""},"tablet":{"background-color":"","background-image":"","background-repeat":"repeat","background-position":"center center","background-size":"auto","background-attachment":"scroll","background-type":"","background-media":"","overlay-type":"","overlay-color":"","overlay-opacity":"","overlay-gradient":""},"mobile":{"background-color":"","background-image":"","background-repeat":"repeat","background-position":"center center","background-size":"auto","background-attachment":"scroll","background-type":"","background-media":"","overlay-type":"","overlay-color":"","overlay-opacity":"","overlay-gradient":""}},"ast-content-background-meta":{"desktop":{"background-color":"var(--ast-global-color-5)","background-image":"","background-repeat":"repeat","background-position":"center center","background-size":"auto","background-attachment":"scroll","background-type":"","background-media":"","overlay-type":"","overlay-color":"","overlay-opacity":"","overlay-gradient":""},"tablet":{"background-color":"var(--ast-global-color-5)","background-image":"","background-repeat":"repeat","background-position":"center center","background-size":"auto","background-attachment":"scroll","background-type":"","background-media":"","overlay-type":"","overlay-color":"","overlay-opacity":"","overlay-gradient":""},"mobile":{"background-color":"var(--ast-global-color-5)","background-image":"","background-repeat":"repeat","background-position":"center center","background-size":"auto","background-attachment":"scroll","background-type":"","background-media":"","overlay-type":"","overlay-color":"","overlay-opacity":"","overlay-gradient":""}},"footnotes":""},"class_list":["post-10503","page","type-page","status-publish","hentry"],"post_mailing_queue_ids":[],"_links":{"self":[{"href":"https:\/\/serveiseducatius.xtec.cat\/sarria-santgervasi\/wp-json\/wp\/v2\/pages\/10503","targetHints":{"allow":["GET"]}}],"collection":[{"href":"https:\/\/serveiseducatius.xtec.cat\/sarria-santgervasi\/wp-json\/wp\/v2\/pages"}],"about":[{"href":"https:\/\/serveiseducatius.xtec.cat\/sarria-santgervasi\/wp-json\/wp\/v2\/types\/page"}],"author":[{"embeddable":true,"href":"https:\/\/serveiseducatius.xtec.cat\/sarria-santgervasi\/wp-json\/wp\/v2\/users\/5"}],"replies":[{"embeddable":true,"href":"https:\/\/serveiseducatius.xtec.cat\/sarria-santgervasi\/wp-json\/wp\/v2\/comments?post=10503"}],"version-history":[{"count":4,"href":"https:\/\/serveiseducatius.xtec.cat\/sarria-santgervasi\/wp-json\/wp\/v2\/pages\/10503\/revisions"}],"predecessor-version":[{"id":10524,"href":"https:\/\/serveiseducatius.xtec.cat\/sarria-santgervasi\/wp-json\/wp\/v2\/pages\/10503\/revisions\/10524"}],"up":[{"embeddable":true,"href":"https:\/\/serveiseducatius.xtec.cat\/sarria-santgervasi\/wp-json\/wp\/v2\/pages\/416"}],"wp:attachment":[{"href":"https:\/\/serveiseducatius.xtec.cat\/sarria-santgervasi\/wp-json\/wp\/v2\/media?parent=10503"}],"curies":[{"name":"wp","href":"https:\/\/api.w.org\/{rel}","templated":true}]}}