{"id":10453,"date":"2019-02-26T10:12:27","date_gmt":"2019-02-26T09:12:27","guid":{"rendered":"http:\/\/serveiseducatius.xtec.cat\/sarria-santgervasi\/?page_id=10453"},"modified":"2019-03-12T10:11:32","modified_gmt":"2019-03-12T09:11:32","slug":"coordinacio-equips-ee","status":"publish","type":"page","link":"https:\/\/serveiseducatius.xtec.cat\/sarria-santgervasi\/formacio\/coordinacio-equips-ee\/","title":{"rendered":"Coordinaci\u00f3 Equips EE"},"content":{"rendered":"<div class=\"entry-content\">\n<div><span lang=\"PT-BR\"><img loading=\"lazy\" decoding=\"async\" class=\"alignleft\" src=\"https:\/\/www.fapac.cat\/sites\/all\/files\/root\/Arrel\/P%c3%bablic\/Imatges\/Plantes%20i%20flors\/Persones,%20fam%c3%adlies,%20infants,%20adults\/Infants\/Grup\/edp_jornades.jpg\" width=\"365\" height=\"266\" \/>\u00a0<\/span><strong>Pla de Formaci\u00f3 de Zona de Sarri\u00e0-Sant Gervasi<\/strong><\/div>\n<div><span lang=\"PT-BR\"><br \/>\n<span style=\"color: #ff6600;\"><b>\u00a0Seminari de coordinaci\u00f3 d&#8217;Equips directius Escoles d&#8217;Educaci\u00f3 Especial<\/b><\/span>\u00a0(20 hores)<br \/>\n<\/span><span lang=\"PT-BR\"><br \/>\n<\/span><\/div>\n<div><span lang=\"PT-BR\"><b>\u00a0 \u00a0 \u00a0 \u00a0 Lloc de trobada:\u00a0<\/b>\u00a0\u00a0CEPSIR Aspasim\u00a0<\/span><b><span lang=\"PT-BR\"><br \/>\n<\/span><\/b><span lang=\"PT-BR\"><span lang=\"PT-BR\">\u00a0 \u00a0 \u00a0 \u00a0 \u00a0 \u00a0 \u00a0 \u00a0 \u00a0 \u00a0 \u00a0 \u00a0 \u00a0 \u00a0 \u00a0 \u00a0 \u00a0 \u00a0 \u00a0 \u00a0<\/span><\/span>C\/ Cornet i Mas, 46<\/div>\n<div><span lang=\"PT-BR\">\u00a0 \u00a0 \u00a0 \u00a0\u00a0<\/span><\/div>\n<div><span lang=\"PT-BR\">\u00a0 \u00a0 \u00a0 \u00a0 Horari: de\u00a009:30h a 12:00<\/span><\/div>\n<div><span lang=\"PT-BR\"><br \/>\n<\/span><span lang=\"PT-BR\"><b><i>\u00a0 \u00a0 \u00a0 \u00a0 \u00a0 \u00a0 \u00a0 \u00a0 \u00a0 \u00a0 \u00a0 \u00a0 \u00a0 \u00a0 \u00a0 \u00a0 \u00a0 \u00a0 \u00a0 \u00a0 \u00a0 \u00a0 \u00a0 \u00a0 \u00a0 \u00a0 \u00a0 \u00a0 \u00a0 \u00a0 \u00a0 \u00a0 \u00a0 \u00a0 \u00a0<\/i><\/b><\/span><\/div>\n<div>\n<p>Xarxa de professorat de la zona per compartir experi\u00e8ncies i intercanviar recursos a l\u2019entorn de la diversitat especificitats da&#8217;quests tipus de centres.<\/p>\n<p><strong>Coordina<\/strong>: Victor Ad\u00e9 (Guru) \u00c0ngela Navarro (F\u00e0sia-Sarri\u00e0)<\/p>\n<\/div>\n<p>&nbsp;<\/p>\n<p>Els objectius de la xarxa s\u00f3n:<\/p>\n<div>\n<ul>\n<li>Compartir estrat\u00e8gies metodol\u00f2giques per la millora dels aprenentatges\u00a0 l&#8217;alumnat amb discapacitat<\/li>\n<li>Avan\u00e7ar en el marc d&#8217;aplicaci\u00f3 del Decret d&#8217;Escola Inclusiva<\/li>\n<li>Actualitzaci\u00f3 de coneixements espec\u00edfics<\/li>\n<li>An\u00e0lisi de la pr\u00e0ctica quotidiana a l\u2019escola.\u00a0Compartir problem\u00e0tiques comunes<\/li>\n<\/ul>\n<hr \/>\n<\/div>\n<div>\n<hr \/>\n<\/div>\n<div><b>Pla de treball 18-19<\/b><\/div>\n<\/div>\n<div><\/div>\n<div><\/div>\n<div><a href=\"https:\/\/serveiseducatius.xtec.cat\/sarria-santgervasi\/wp-content\/uploads\/usu1168\/2019\/02\/semEEE.png\"><img loading=\"lazy\" decoding=\"async\" class=\"size-full wp-image-10454 alignleft\" src=\"https:\/\/serveiseducatius.xtec.cat\/sarria-santgervasi\/wp-content\/uploads\/usu1168\/2019\/02\/semEEE.png\" alt=\"\" width=\"537\" height=\"760\" srcset=\"https:\/\/serveiseducatius.xtec.cat\/sarria-santgervasi\/wp-content\/uploads\/usu1168\/2019\/02\/semEEE.png 537w, https:\/\/serveiseducatius.xtec.cat\/sarria-santgervasi\/wp-content\/uploads\/usu1168\/2019\/02\/semEEE-212x300.png 212w\" sizes=\"auto, (max-width: 537px) 100vw, 537px\" \/><\/a><\/div>\n<div><\/div>\n<div>\u00a0 \u00a0 &#8211;<strong> Presentaci\u00f3 unitats alta especialitzaci\u00f3 TEA:\u00a0<\/strong><\/div>\n<div><\/div>\n<div><\/div>\n<ul>\n<li><strong><a href=\"https:\/\/drive.google.com\/file\/d\/0B2trOzubgzlGYlI2T2phTWdnUXF3MFBRYW1zZ2Q0TExXX3Nj\/view?usp=sharing\">Sant Joan de D\u00e9u<\/a><\/strong><\/li>\n<li><strong><a href=\"https:\/\/drive.google.com\/file\/d\/0B2trOzubgzlGVXdJRmVqVjgyeHFnSkItMkM1ZDNqQ0pBUGM4\/view?usp=sharing\">M\u00fatua de Terrassa<\/a><\/strong><\/li>\n<li><strong><a href=\"https:\/\/drive.google.com\/file\/d\/0B2trOzubgzlGVzg5MUxxY2Rva3phcHNSQnVYUjVRYWFYSzVB\/view?usp=sharing\">Cl\u00ednic<\/a><\/strong><\/li>\n<\/ul>\n<div>\n<hr \/>\n<\/div>\n<div><\/div>\n<div class=\"entry-content\">\n<div>\n<hr \/>\n<\/div>\n<div class=\"addtoany_share_save_container addtoany_content_bottom\">\n<div class=\"a2a_kit a2a_kit_size_25 addtoany_list\" data-a2a-url=\"https:\/\/serveiseducatius.xtec.cat\/sarria-santgervasi\/formacio\/seminaris-de-coordinacio\/coordinacio-musica\/\" data-a2a-title=\"Coordinaci\u00f3 M\u00fasica\"><\/div>\n<\/div>\n<\/div>\n","protected":false},"excerpt":{"rendered":"<p>\u00a0Pla de Formaci\u00f3 de Zona de Sarri\u00e0-Sant Gervasi \u00a0Seminari de coordinaci\u00f3 d&#8217;Equips directius Escoles d&#8217;Educaci\u00f3 Especial\u00a0(20 hores) \u00a0 \u00a0 \u00a0 \u00a0 Lloc de trobada:\u00a0\u00a0\u00a0CEPSIR Aspasim\u00a0 \u00a0 \u00a0 \u00a0 \u00a0 \u00a0 \u00a0 \u00a0 \u00a0 \u00a0 \u00a0 \u00a0 \u00a0 \u00a0 \u00a0 \u00a0 \u00a0 \u00a0 \u00a0 \u00a0 \u00a0C\/ Cornet i Mas, 46 \u00a0 \u00a0 \u00a0 \u00a0\u00a0 \u00a0 \u00a0 [&hellip;]<\/p>\n","protected":false},"author":5,"featured_media":0,"parent":416,"menu_order":3,"comment_status":"closed","ping_status":"closed","template":"","meta":{"_bbp_topic_count":0,"_bbp_reply_count":0,"_bbp_total_topic_count":0,"_bbp_total_reply_count":0,"_bbp_voice_count":0,"_bbp_anonymous_reply_count":0,"_bbp_topic_count_hidden":0,"_bbp_reply_count_hidden":0,"_bbp_forum_subforum_count":0,"site-sidebar-layout":"default","site-content-layout":"","ast-site-content-layout":"","site-content-style":"default","site-sidebar-style":"default","ast-global-header-display":"","ast-banner-title-visibility":"","ast-main-header-display":"","ast-hfb-above-header-display":"","ast-hfb-below-header-display":"","ast-hfb-mobile-header-display":"","site-post-title":"","ast-breadcrumbs-content":"","ast-featured-img":"","footer-sml-layout":"","theme-transparent-header-meta":"","adv-header-id-meta":"","stick-header-meta":"","header-above-stick-meta":"","header-main-stick-meta":"","header-below-stick-meta":"","astra-migrate-meta-layouts":"default","ast-page-background-enabled":"default","ast-page-background-meta":{"desktop":{"background-color":"var(--ast-global-color-4)","background-image":"","background-repeat":"repeat","background-position":"center center","background-size":"auto","background-attachment":"scroll","background-type":"","background-media":"","overlay-type":"","overlay-color":"","overlay-opacity":"","overlay-gradient":""},"tablet":{"background-color":"","background-image":"","background-repeat":"repeat","background-position":"center center","background-size":"auto","background-attachment":"scroll","background-type":"","background-media":"","overlay-type":"","overlay-color":"","overlay-opacity":"","overlay-gradient":""},"mobile":{"background-color":"","background-image":"","background-repeat":"repeat","background-position":"center center","background-size":"auto","background-attachment":"scroll","background-type":"","background-media":"","overlay-type":"","overlay-color":"","overlay-opacity":"","overlay-gradient":""}},"ast-content-background-meta":{"desktop":{"background-color":"var(--ast-global-color-5)","background-image":"","background-repeat":"repeat","background-position":"center center","background-size":"auto","background-attachment":"scroll","background-type":"","background-media":"","overlay-type":"","overlay-color":"","overlay-opacity":"","overlay-gradient":""},"tablet":{"background-color":"var(--ast-global-color-5)","background-image":"","background-repeat":"repeat","background-position":"center center","background-size":"auto","background-attachment":"scroll","background-type":"","background-media":"","overlay-type":"","overlay-color":"","overlay-opacity":"","overlay-gradient":""},"mobile":{"background-color":"var(--ast-global-color-5)","background-image":"","background-repeat":"repeat","background-position":"center center","background-size":"auto","background-attachment":"scroll","background-type":"","background-media":"","overlay-type":"","overlay-color":"","overlay-opacity":"","overlay-gradient":""}},"footnotes":""},"class_list":["post-10453","page","type-page","status-publish","hentry"],"post_mailing_queue_ids":[],"_links":{"self":[{"href":"https:\/\/serveiseducatius.xtec.cat\/sarria-santgervasi\/wp-json\/wp\/v2\/pages\/10453","targetHints":{"allow":["GET"]}}],"collection":[{"href":"https:\/\/serveiseducatius.xtec.cat\/sarria-santgervasi\/wp-json\/wp\/v2\/pages"}],"about":[{"href":"https:\/\/serveiseducatius.xtec.cat\/sarria-santgervasi\/wp-json\/wp\/v2\/types\/page"}],"author":[{"embeddable":true,"href":"https:\/\/serveiseducatius.xtec.cat\/sarria-santgervasi\/wp-json\/wp\/v2\/users\/5"}],"replies":[{"embeddable":true,"href":"https:\/\/serveiseducatius.xtec.cat\/sarria-santgervasi\/wp-json\/wp\/v2\/comments?post=10453"}],"version-history":[{"count":3,"href":"https:\/\/serveiseducatius.xtec.cat\/sarria-santgervasi\/wp-json\/wp\/v2\/pages\/10453\/revisions"}],"predecessor-version":[{"id":10617,"href":"https:\/\/serveiseducatius.xtec.cat\/sarria-santgervasi\/wp-json\/wp\/v2\/pages\/10453\/revisions\/10617"}],"up":[{"embeddable":true,"href":"https:\/\/serveiseducatius.xtec.cat\/sarria-santgervasi\/wp-json\/wp\/v2\/pages\/416"}],"wp:attachment":[{"href":"https:\/\/serveiseducatius.xtec.cat\/sarria-santgervasi\/wp-json\/wp\/v2\/media?parent=10453"}],"curies":[{"name":"wp","href":"https:\/\/api.w.org\/{rel}","templated":true}]}}