{"id":10418,"date":"2019-02-25T16:39:48","date_gmt":"2019-02-25T15:39:48","guid":{"rendered":"http:\/\/serveiseducatius.xtec.cat\/sarria-santgervasi\/?page_id=10418"},"modified":"2019-02-25T16:56:10","modified_gmt":"2019-02-25T15:56:10","slug":"coordinacio-musica","status":"publish","type":"page","link":"https:\/\/serveiseducatius.xtec.cat\/sarria-santgervasi\/formacio\/coordinacio-musica\/","title":{"rendered":"Coordinaci\u00f3 M\u00fasica"},"content":{"rendered":"<div><span lang=\"PT-BR\"><span style=\"font-size: small;\">\u00a0<\/span><\/span><strong>Pla de Formaci\u00f3 de Zona de Sarri\u00e0-Sant Gervasi<\/strong><img loading=\"lazy\" decoding=\"async\" class=\"alignleft\" src=\"http:\/\/12y2.com\/wp-content\/uploads\/2014\/06\/abstract-music-wallpapers-wallpaper-images.jpg\" width=\"451\" height=\"282\" border=\"0\" \/><\/div>\n<div><span lang=\"PT-BR\"><span style=\"color: rgba(0, 0, 0, 0);\">\u00a0 \u00a0<\/span><br \/>\n<span style=\"color: #ff6600;\"><b>Seminari de coordinaci\u00f3 de M\u00fasica i creativitat<\/b><\/span><span style=\"color: rgba(0, 0, 0, 0);\">\u00a0\u00a0<\/span><span style=\"color: #000000;\">(20 hores)\u00a0<\/span><span style=\"font-size: small;\"><br \/>\n<\/span><\/span><span lang=\"PT-BR\"><br \/>\n<span style=\"font-size: medium;\">\u00a0 \u00a0 \u00a0 \u00a0\u00a0<\/span><\/span><\/div>\n<div><span lang=\"PT-BR\"><span style=\"font-size: medium;\"><b>\u00a0 \u00a0 \u00a0 \u00a0 Lloc de trobada:\u00a0<\/b>\u00a0\u00a0EM Municipal Can Ponsic\u00a0<\/span><\/span><b><span lang=\"PT-BR\"><span style=\"font-size: medium;\"><br \/>\n<\/span><\/span><\/b><span lang=\"PT-BR\"><span style=\"font-size: medium;\">\u00a0 \u00a0 \u00a0 \u00a0 c. Dom\u00ednguez Miralles, s\/n\u00a0(Barcelona)\u00a0<\/span><\/span><\/div>\n<div><span lang=\"PT-BR\"><span style=\"font-size: medium;\">\u00a0 \u00a0 \u00a0 \u00a0\u00a0<\/span><\/span><\/div>\n<div><span lang=\"PT-BR\"><span style=\"font-size: medium;\">\u00a0 \u00a0 \u00a0 \u00a0 Horari: de\u00a012:30h a 14:00<\/span><\/span><\/div>\n<div><span lang=\"PT-BR\"><span style=\"font-size: medium;\"><br \/>\n<\/span><\/span><span lang=\"PT-BR\"><b><i><span style=\"font-size: medium;\">\u00a0 \u00a0 \u00a0 \u00a0 \u00a0 \u00a0 \u00a0 \u00a0 \u00a0 \u00a0 \u00a0 \u00a0 \u00a0 \u00a0 \u00a0 \u00a0 \u00a0 \u00a0 \u00a0 \u00a0 \u00a0 \u00a0 \u00a0 \u00a0 \u00a0 \u00a0 \u00a0 \u00a0 \u00a0 \u00a0 \u00a0 \u00a0 \u00a0 \u00a0 \u00a0<\/span><\/i><\/b><\/span><\/div>\n<div><\/div>\n<div>\n<p>Xarxa de professorat de la zona per compartir experi\u00e8ncies i intercanviar recursos a l&#8217;entorn de la M\u00fasica i la creativitat<\/p>\n<p><strong>Coordina<\/strong>: <em>Anna Casades\u00fas<\/em> (Escola T\u00e0ber)<\/p>\n<\/div>\n<p>Els objectius de la xarxa s\u00f3n:<\/p>\n<div>\n<ul>\n<li>Organitzar activitats amb alumnat: Festa Major, Concert coral..<\/li>\n<li>Compartir estrat\u00e8gies per la millora de la compet\u00e8ncia art\u00edstica i comunicativa<\/li>\n<li>Actualitzaci\u00f3 de coneixements espec\u00edfics.<\/li>\n<li>An\u00e0lisi de la pr\u00e0ctica quotidiana a l&#8217;escola<\/li>\n<li>Intercanviar opinions sobre activitats d&#8217;inter\u00e8s per a millora de l&#8217;educaci\u00f3 art\u00edstica<\/li>\n<\/ul>\n<\/div>\n<div>\n<hr \/>\n<\/div>\n<div><\/div>\n<div><b>Pla de treball 18-19<\/b><\/div>\n<div><\/div>\n<div>\n<table>\n<tbody>\n<tr style=\"background-color: #e8dfdf;\">\n<td width=\"77\"><span style=\"color: #ff6600;\"><strong>Sessi\u00f3<\/strong><\/span><\/td>\n<td width=\"120\"><span style=\"color: #ff6600;\"><strong>Data<\/strong><\/span><\/td>\n<td width=\"385\"><span style=\"color: #ff6600;\"><strong>Contingut<\/strong><\/span><\/td>\n<\/tr>\n<tr>\n<td style=\"text-align: center;\" width=\"77\"><strong>1<\/strong><\/td>\n<td width=\"120\"><strong>26\/10\/2018<\/strong><\/td>\n<td width=\"385\">Audici\u00f3<\/td>\n<\/tr>\n<tr>\n<td style=\"text-align: center;\" width=\"77\"><strong>2<\/strong><\/td>\n<td width=\"120\"><strong>09\/11\/2018<\/strong><\/td>\n<td width=\"385\">&nbsp;<\/td>\n<\/tr>\n<tr>\n<td style=\"text-align: center;\" width=\"77\"><strong>3<\/strong><\/td>\n<td width=\"120\"><strong>23\/11\/2018<\/strong><\/td>\n<td width=\"385\">A concretar<\/td>\n<\/tr>\n<tr>\n<td style=\"text-align: center;\" width=\"77\"><strong>4<\/strong><\/td>\n<td width=\"120\"><strong>11\/01\/2019<\/strong><\/td>\n<td width=\"385\">&nbsp;<\/td>\n<\/tr>\n<tr>\n<td style=\"text-align: center;\" width=\"77\"><strong>5<\/strong><\/td>\n<td width=\"120\"><strong>15\/02\/2019<\/strong><\/td>\n<td width=\"385\">Formaci\u00f3<\/td>\n<\/tr>\n<tr>\n<td style=\"text-align: center;\" width=\"77\"><strong>6<\/strong><\/td>\n<td width=\"120\"><strong>22\/03\/2019<\/strong><\/td>\n<td width=\"385\">Valoraci\u00f3\u00a0 audicions de Can Ponsic<\/td>\n<\/tr>\n<tr>\n<td style=\"text-align: center;\" width=\"77\"><strong>7<\/strong><\/td>\n<td width=\"120\"><strong>26\/04\/2019<\/strong><\/td>\n<td width=\"385\">Formaci\u00f3<\/td>\n<\/tr>\n<tr>\n<td style=\"text-align: center;\" width=\"77\"><strong>8<\/strong><\/td>\n<td width=\"120\"><strong>10\/05\/2019<\/strong><\/td>\n<td width=\"385\">&nbsp;<\/td>\n<\/tr>\n<tr>\n<td style=\"text-align: center;\" width=\"77\"><strong>9<\/strong><\/td>\n<td width=\"120\"><strong>07\/06\/2019<\/strong><\/td>\n<td width=\"385\">&nbsp;<\/td>\n<\/tr>\n<tr>\n<td style=\"text-align: center;\" width=\"77\"><strong>10<\/strong><\/td>\n<td width=\"120\"><strong>27\/06\/2019<\/strong><\/td>\n<td width=\"385\">Comiat<\/td>\n<\/tr>\n<\/tbody>\n<\/table>\n<\/div>\n<div><\/div>\n<div><\/div>\n<div>\n<hr \/>\n<\/div>\n","protected":false},"excerpt":{"rendered":"<p>\u00a0Pla de Formaci\u00f3 de Zona de Sarri\u00e0-Sant Gervasi \u00a0 \u00a0 Seminari de coordinaci\u00f3 de M\u00fasica i creativitat\u00a0\u00a0(20 hores)\u00a0 \u00a0 \u00a0 \u00a0 \u00a0\u00a0 \u00a0 \u00a0 \u00a0 \u00a0 Lloc de trobada:\u00a0\u00a0\u00a0EM Municipal Can Ponsic\u00a0 \u00a0 \u00a0 \u00a0 \u00a0 c. Dom\u00ednguez Miralles, s\/n\u00a0(Barcelona)\u00a0 \u00a0 \u00a0 \u00a0 \u00a0\u00a0 \u00a0 \u00a0 \u00a0 \u00a0 Horari: de\u00a012:30h a 14:00 \u00a0 \u00a0 \u00a0 [&hellip;]<\/p>\n","protected":false},"author":5,"featured_media":0,"parent":416,"menu_order":2,"comment_status":"closed","ping_status":"closed","template":"","meta":{"_bbp_topic_count":0,"_bbp_reply_count":0,"_bbp_total_topic_count":0,"_bbp_total_reply_count":0,"_bbp_voice_count":0,"_bbp_anonymous_reply_count":0,"_bbp_topic_count_hidden":0,"_bbp_reply_count_hidden":0,"_bbp_forum_subforum_count":0,"site-sidebar-layout":"default","site-content-layout":"","ast-site-content-layout":"","site-content-style":"default","site-sidebar-style":"default","ast-global-header-display":"","ast-banner-title-visibility":"","ast-main-header-display":"","ast-hfb-above-header-display":"","ast-hfb-below-header-display":"","ast-hfb-mobile-header-display":"","site-post-title":"","ast-breadcrumbs-content":"","ast-featured-img":"","footer-sml-layout":"","theme-transparent-header-meta":"","adv-header-id-meta":"","stick-header-meta":"","header-above-stick-meta":"","header-main-stick-meta":"","header-below-stick-meta":"","astra-migrate-meta-layouts":"default","ast-page-background-enabled":"default","ast-page-background-meta":{"desktop":{"background-color":"var(--ast-global-color-4)","background-image":"","background-repeat":"repeat","background-position":"center center","background-size":"auto","background-attachment":"scroll","background-type":"","background-media":"","overlay-type":"","overlay-color":"","overlay-opacity":"","overlay-gradient":""},"tablet":{"background-color":"","background-image":"","background-repeat":"repeat","background-position":"center center","background-size":"auto","background-attachment":"scroll","background-type":"","background-media":"","overlay-type":"","overlay-color":"","overlay-opacity":"","overlay-gradient":""},"mobile":{"background-color":"","background-image":"","background-repeat":"repeat","background-position":"center center","background-size":"auto","background-attachment":"scroll","background-type":"","background-media":"","overlay-type":"","overlay-color":"","overlay-opacity":"","overlay-gradient":""}},"ast-content-background-meta":{"desktop":{"background-color":"var(--ast-global-color-5)","background-image":"","background-repeat":"repeat","background-position":"center center","background-size":"auto","background-attachment":"scroll","background-type":"","background-media":"","overlay-type":"","overlay-color":"","overlay-opacity":"","overlay-gradient":""},"tablet":{"background-color":"var(--ast-global-color-5)","background-image":"","background-repeat":"repeat","background-position":"center center","background-size":"auto","background-attachment":"scroll","background-type":"","background-media":"","overlay-type":"","overlay-color":"","overlay-opacity":"","overlay-gradient":""},"mobile":{"background-color":"var(--ast-global-color-5)","background-image":"","background-repeat":"repeat","background-position":"center center","background-size":"auto","background-attachment":"scroll","background-type":"","background-media":"","overlay-type":"","overlay-color":"","overlay-opacity":"","overlay-gradient":""}},"footnotes":""},"class_list":["post-10418","page","type-page","status-publish","hentry"],"post_mailing_queue_ids":[],"_links":{"self":[{"href":"https:\/\/serveiseducatius.xtec.cat\/sarria-santgervasi\/wp-json\/wp\/v2\/pages\/10418","targetHints":{"allow":["GET"]}}],"collection":[{"href":"https:\/\/serveiseducatius.xtec.cat\/sarria-santgervasi\/wp-json\/wp\/v2\/pages"}],"about":[{"href":"https:\/\/serveiseducatius.xtec.cat\/sarria-santgervasi\/wp-json\/wp\/v2\/types\/page"}],"author":[{"embeddable":true,"href":"https:\/\/serveiseducatius.xtec.cat\/sarria-santgervasi\/wp-json\/wp\/v2\/users\/5"}],"replies":[{"embeddable":true,"href":"https:\/\/serveiseducatius.xtec.cat\/sarria-santgervasi\/wp-json\/wp\/v2\/comments?post=10418"}],"version-history":[{"count":3,"href":"https:\/\/serveiseducatius.xtec.cat\/sarria-santgervasi\/wp-json\/wp\/v2\/pages\/10418\/revisions"}],"predecessor-version":[{"id":10437,"href":"https:\/\/serveiseducatius.xtec.cat\/sarria-santgervasi\/wp-json\/wp\/v2\/pages\/10418\/revisions\/10437"}],"up":[{"embeddable":true,"href":"https:\/\/serveiseducatius.xtec.cat\/sarria-santgervasi\/wp-json\/wp\/v2\/pages\/416"}],"wp:attachment":[{"href":"https:\/\/serveiseducatius.xtec.cat\/sarria-santgervasi\/wp-json\/wp\/v2\/media?parent=10418"}],"curies":[{"name":"wp","href":"https:\/\/api.w.org\/{rel}","templated":true}]}}