{"id":10313,"date":"2019-02-15T11:48:27","date_gmt":"2019-02-15T10:48:27","guid":{"rendered":"http:\/\/serveiseducatius.xtec.cat\/sarria-santgervasi\/?page_id=10313"},"modified":"2019-11-05T11:26:46","modified_gmt":"2019-11-05T10:26:46","slug":"biblioteques-escolars","status":"publish","type":"page","link":"https:\/\/serveiseducatius.xtec.cat\/sarria-santgervasi\/formacio\/biblioteques-escolars\/","title":{"rendered":"Coordinaci\u00f3 Biblioteques Escolars"},"content":{"rendered":"<div><img loading=\"lazy\" decoding=\"async\" class=\"alignleft\" src=\"https:\/\/i2.wp.com\/viajesazulmarino.com\/blog\/wp-content\/uploads\/poplar.jpg?resize=680%2C390&amp;ssl=1\" width=\"453\" height=\"260\" \/><\/div>\n<h3><span style=\"color: #000000;\"><strong>Seminari de coordinaci\u00f3 de biblioteques escolars\u00a0de Sarri\u00e0-Sant Gervasi<\/strong><\/span><\/h3>\n<h6><strong>Pla de Formaci\u00f3 de Zona de Sarri\u00e0-Sant Gervasi<\/strong><\/h6>\n<div><\/div>\n<div>\n<p>Xarxa de professorat de la zona per compartir experi\u00e8ncies i intercanviar recursos a l&#8217;entorn de la Biblioteca Escolar<\/p>\n<p><strong>Coordina<\/strong>: <em>Rosa Sanchis<\/em> (INS Montserrat)<\/p>\n<p><span style=\"font-size: xx-small;\">Font imatge:\u00a0\u00a0<\/span>Poplar Kid\u2019s Republic, Pek\u00edn<\/p>\n<\/div>\n<p>Els objectius de la xarxa s\u00f3n:<\/p>\n<div>\n<ul>\n<li>Facilitar i dinamitzar-ne l&#8217;\u00fas de la biblioteca als centres.<\/li>\n<li>Compartir estrat\u00e8gies per la millora de cerca d&#8217;informaci\u00f3 i la compet\u00e8ncia lectora.<\/li>\n<li>Intercanviar opinions sobre activitats d&#8217;inter\u00e8s per a millora de la lectura<\/li>\n<li>Organitzar, anualment, una <a href=\"https:\/\/serveiseducatius.xtec.cat\/sarria-santgervasi\/dinamitzacio\/lectures-i-biblioteques\/marato-de-lecttura\/\">Marat\u00f3 de Lectura<\/a> en veu alta<\/li>\n<li>Coordinar accions amb la <a href=\"https:\/\/serveiseducatius.xtec.cat\/sarria-santgervasi\/comunitat\/xarxa-publica-0-18\/\">xarxa de centres p\u00fablics 0-18<\/a> de Sarri\u00e0-Sant Gervasi<\/li>\n<\/ul>\n<\/div>\n<div>\n<hr \/>\n<\/div>\n<div><\/div>\n<div><\/div>\n<div><b>TEMA de treball 19-20<\/b><\/div>\n<div><\/div>\n<ul>\n<li><span style=\"color: #20124d;\">Accions liter\u00e0ries relacionades amb les emocions, arts i creativitat<strong><em>\u00a0\u00a0<\/em><\/strong>(tema transversal escollit per la xarxa de centres 0-18)<\/span><\/li>\n<\/ul>\n<div><\/div>\n<div>\n<hr \/>\n<\/div>\n<p><span style=\"color: #ff6600;\"><strong>MARAT\u00d3 de LECTURA 2020<\/strong><\/span><\/p>\n<div><strong>\u00a0Lectures Marat\u00f3\u00a0<\/strong><\/div>\n<div><\/div>\n<p>&nbsp;<\/p>\n","protected":false},"excerpt":{"rendered":"<p>Seminari de coordinaci\u00f3 de biblioteques escolars\u00a0de Sarri\u00e0-Sant Gervasi Pla de Formaci\u00f3 de Zona de Sarri\u00e0-Sant Gervasi Xarxa de professorat de la zona per compartir experi\u00e8ncies i intercanviar recursos a l&#8217;entorn de la Biblioteca Escolar Coordina: Rosa Sanchis (INS Montserrat) Font imatge:\u00a0\u00a0Poplar Kid\u2019s Republic, Pek\u00edn Els objectius de la xarxa s\u00f3n: Facilitar i dinamitzar-ne l&#8217;\u00fas de [&hellip;]<\/p>\n","protected":false},"author":5,"featured_media":0,"parent":416,"menu_order":1,"comment_status":"closed","ping_status":"closed","template":"","meta":{"_bbp_topic_count":0,"_bbp_reply_count":0,"_bbp_total_topic_count":0,"_bbp_total_reply_count":0,"_bbp_voice_count":0,"_bbp_anonymous_reply_count":0,"_bbp_topic_count_hidden":0,"_bbp_reply_count_hidden":0,"_bbp_forum_subforum_count":0,"site-sidebar-layout":"default","site-content-layout":"","ast-site-content-layout":"","site-content-style":"default","site-sidebar-style":"default","ast-global-header-display":"","ast-banner-title-visibility":"","ast-main-header-display":"","ast-hfb-above-header-display":"","ast-hfb-below-header-display":"","ast-hfb-mobile-header-display":"","site-post-title":"","ast-breadcrumbs-content":"","ast-featured-img":"","footer-sml-layout":"","theme-transparent-header-meta":"","adv-header-id-meta":"","stick-header-meta":"","header-above-stick-meta":"","header-main-stick-meta":"","header-below-stick-meta":"","astra-migrate-meta-layouts":"default","ast-page-background-enabled":"default","ast-page-background-meta":{"desktop":{"background-color":"var(--ast-global-color-4)","background-image":"","background-repeat":"repeat","background-position":"center center","background-size":"auto","background-attachment":"scroll","background-type":"","background-media":"","overlay-type":"","overlay-color":"","overlay-opacity":"","overlay-gradient":""},"tablet":{"background-color":"","background-image":"","background-repeat":"repeat","background-position":"center center","background-size":"auto","background-attachment":"scroll","background-type":"","background-media":"","overlay-type":"","overlay-color":"","overlay-opacity":"","overlay-gradient":""},"mobile":{"background-color":"","background-image":"","background-repeat":"repeat","background-position":"center center","background-size":"auto","background-attachment":"scroll","background-type":"","background-media":"","overlay-type":"","overlay-color":"","overlay-opacity":"","overlay-gradient":""}},"ast-content-background-meta":{"desktop":{"background-color":"var(--ast-global-color-5)","background-image":"","background-repeat":"repeat","background-position":"center center","background-size":"auto","background-attachment":"scroll","background-type":"","background-media":"","overlay-type":"","overlay-color":"","overlay-opacity":"","overlay-gradient":""},"tablet":{"background-color":"var(--ast-global-color-5)","background-image":"","background-repeat":"repeat","background-position":"center center","background-size":"auto","background-attachment":"scroll","background-type":"","background-media":"","overlay-type":"","overlay-color":"","overlay-opacity":"","overlay-gradient":""},"mobile":{"background-color":"var(--ast-global-color-5)","background-image":"","background-repeat":"repeat","background-position":"center center","background-size":"auto","background-attachment":"scroll","background-type":"","background-media":"","overlay-type":"","overlay-color":"","overlay-opacity":"","overlay-gradient":""}},"footnotes":""},"class_list":["post-10313","page","type-page","status-publish","hentry"],"post_mailing_queue_ids":[],"_links":{"self":[{"href":"https:\/\/serveiseducatius.xtec.cat\/sarria-santgervasi\/wp-json\/wp\/v2\/pages\/10313","targetHints":{"allow":["GET"]}}],"collection":[{"href":"https:\/\/serveiseducatius.xtec.cat\/sarria-santgervasi\/wp-json\/wp\/v2\/pages"}],"about":[{"href":"https:\/\/serveiseducatius.xtec.cat\/sarria-santgervasi\/wp-json\/wp\/v2\/types\/page"}],"author":[{"embeddable":true,"href":"https:\/\/serveiseducatius.xtec.cat\/sarria-santgervasi\/wp-json\/wp\/v2\/users\/5"}],"replies":[{"embeddable":true,"href":"https:\/\/serveiseducatius.xtec.cat\/sarria-santgervasi\/wp-json\/wp\/v2\/comments?post=10313"}],"version-history":[{"count":3,"href":"https:\/\/serveiseducatius.xtec.cat\/sarria-santgervasi\/wp-json\/wp\/v2\/pages\/10313\/revisions"}],"predecessor-version":[{"id":11582,"href":"https:\/\/serveiseducatius.xtec.cat\/sarria-santgervasi\/wp-json\/wp\/v2\/pages\/10313\/revisions\/11582"}],"up":[{"embeddable":true,"href":"https:\/\/serveiseducatius.xtec.cat\/sarria-santgervasi\/wp-json\/wp\/v2\/pages\/416"}],"wp:attachment":[{"href":"https:\/\/serveiseducatius.xtec.cat\/sarria-santgervasi\/wp-json\/wp\/v2\/media?parent=10313"}],"curies":[{"name":"wp","href":"https:\/\/api.w.org\/{rel}","templated":true}]}}