{"id":10159,"date":"2019-02-06T12:08:15","date_gmt":"2019-02-06T11:08:15","guid":{"rendered":"http:\/\/serveiseducatius.xtec.cat\/sarria-santgervasi\/?page_id=10159"},"modified":"2020-06-25T10:08:54","modified_gmt":"2020-06-25T08:08:54","slug":"fem-radio","status":"publish","type":"page","link":"https:\/\/serveiseducatius.xtec.cat\/sarria-santgervasi\/dinamitzacio\/fem-radio\/","title":{"rendered":"Fem r\u00e0dio!"},"content":{"rendered":"<p><span style=\"color: #ff6600;\"><a href=\"https:\/\/serveiseducatius.xtec.cat\/sarria-santgervasi\/wp-content\/uploads\/usu1168\/2019\/02\/logo-r\u00e0dio-acollida.jpg\"><img loading=\"lazy\" decoding=\"async\" class=\"wp-image-9975 alignleft\" src=\"https:\/\/serveiseducatius.xtec.cat\/sarria-santgervasi\/wp-content\/uploads\/usu1168\/2019\/02\/logo-r\u00e0dio-acollida.jpg\" alt=\"\" width=\"414\" height=\"311\" srcset=\"https:\/\/serveiseducatius.xtec.cat\/sarria-santgervasi\/wp-content\/uploads\/usu1168\/2019\/02\/logo-r\u00e0dio-acollida.jpg 960w, https:\/\/serveiseducatius.xtec.cat\/sarria-santgervasi\/wp-content\/uploads\/usu1168\/2019\/02\/logo-r\u00e0dio-acollida-300x225.jpg 300w, https:\/\/serveiseducatius.xtec.cat\/sarria-santgervasi\/wp-content\/uploads\/usu1168\/2019\/02\/logo-r\u00e0dio-acollida-768x576.jpg 768w, https:\/\/serveiseducatius.xtec.cat\/sarria-santgervasi\/wp-content\/uploads\/usu1168\/2019\/02\/logo-r\u00e0dio-acollida-200x150.jpg 200w\" sizes=\"auto, (max-width: 414px) 100vw, 414px\" \/><\/a>Fem r\u00e0dio!<\/span> \u00e9s una activitat de dinamitzaci\u00f3 adre\u00e7ada a l\u2019alumnat d\u2019aules d\u2019acollida del nostre territori.\u00a0L\u2019activitat \u00e9s fuit de la col.laboraci\u00f3 del nostre Servei Educatiu (<strong><span style=\"color: #333333;\">CRP<\/span><\/strong> i <strong><span style=\"color: #333333;\">LIC<\/span><\/strong>) i l\u2019<a href=\"https:\/\/ajuntament.barcelona.cat\/espai-jove-casa-sagnier\/ca\">Espai Jove Casa Sagnier<\/a><\/p>\n<p>Veieu l&#8217;actuaci\u00f3 del curs actual a\u00a0\u00a0<a href=\"https:\/\/serveiseducatius.xtec.cat\/sarria-santgervasi\/categoria\/dinamitzacio\/\">Actualitat Dinamitzaci\u00f3<\/a><\/p>\n<p>A partir una seq\u00fc\u00e8ncia did\u00e0ctica, l\u2019alumnat de les escoles participants treballar\u00e0, al llarg d\u2019uns mesos, en aquest projecte:<\/p>\n<ul>\n<li><span style=\"color: #800000;\">Enregistrament<\/span> d&#8217;una lectura en veu alta del tema triat (noticiari, esports, lectura dramatitzada d\u2019un conte, can\u00e7\u00f3, etc.).<\/li>\n<li>Participaraci\u00f3 en una <span style=\"color: #800000;\">entrevista radiof\u00f2nica.<\/span><\/li>\n<li>L\u2019activitat clou en una <span style=\"color: #800000;\">Marat\u00f3 de R\u00e0dio<\/span> on es compartiran els postcats\u00a0creats amb la resta de companys.<\/li>\n<\/ul>\n<p><strong>L\u2019activitat s\u2019estructura de la seg\u00fcent manera:<\/strong><\/p>\n<ul>\n<li>Sessi\u00f3 de formaci\u00f3 inicial per al professorat de les aules d\u2019acollida participants:<\/li>\n<li>Taller amb\u00a0l\u2019alumnat el propi centre escolar (1,5 h.), on aprendran la part t\u00e8cnica i l\u2019elaboraci\u00f3 d\u2019un gui\u00f3 de r\u00e0dio<\/li>\n<li>Marat\u00f3 de r\u00e0dio a\u00a0l\u2019<a href=\"https:\/\/ajuntament.barcelona.cat\/espai-jove-casa-sagnier\/ca\">Espai Jove Casa Sagnier<\/a> (C\/ Brusi, 61):<\/li>\n<li>Sessi\u00f3 d\u2019avaluaci\u00f3 amb el professorat<\/li>\n<\/ul>\n<p><strong>Objectius\u00a0\u00a0<\/strong><\/p>\n<ul>\n<li>Potenciar l\u2019expressi\u00f3 oral en l\u2019alumnat aprenent inicial de llengua.<\/li>\n<li>Potenciar la socialitzaci\u00f3 i el contacte amb jovent del barri.<\/li>\n<li>Con\u00e8ixer un espai municipal amb recursos m\u00faltiples per la joventut.<\/li>\n<\/ul>\n<p><strong>Continguts<\/strong><\/p>\n<ul>\n<li>Tipologies narratives<\/li>\n<li>G\u00e8neres comunicatius<\/li>\n<li>Flu\u00efdesa lectora<\/li>\n<li>Gui\u00f3 radiof\u00f2nic<\/li>\n<li>Enregistrament i edici\u00f3 amb Audacity<\/li>\n<\/ul>\n<hr \/>\n<p>&nbsp;<\/p>\n","protected":false},"excerpt":{"rendered":"<p>Fem r\u00e0dio! \u00e9s una activitat de dinamitzaci\u00f3 adre\u00e7ada a l\u2019alumnat d\u2019aules d\u2019acollida del nostre territori.\u00a0L\u2019activitat \u00e9s fuit de la col.laboraci\u00f3 del nostre Servei Educatiu (CRP i LIC) i l\u2019Espai Jove Casa Sagnier Veieu l&#8217;actuaci\u00f3 del curs actual a\u00a0\u00a0Actualitat Dinamitzaci\u00f3 A partir una seq\u00fc\u00e8ncia did\u00e0ctica, l\u2019alumnat de les escoles participants treballar\u00e0, al llarg d\u2019uns mesos, en [&hellip;]<\/p>\n","protected":false},"author":5,"featured_media":0,"parent":8361,"menu_order":5,"comment_status":"closed","ping_status":"closed","template":"","meta":{"_bbp_topic_count":0,"_bbp_reply_count":0,"_bbp_total_topic_count":0,"_bbp_total_reply_count":0,"_bbp_voice_count":0,"_bbp_anonymous_reply_count":0,"_bbp_topic_count_hidden":0,"_bbp_reply_count_hidden":0,"_bbp_forum_subforum_count":0,"site-sidebar-layout":"default","site-content-layout":"","ast-site-content-layout":"","site-content-style":"default","site-sidebar-style":"default","ast-global-header-display":"","ast-banner-title-visibility":"","ast-main-header-display":"","ast-hfb-above-header-display":"","ast-hfb-below-header-display":"","ast-hfb-mobile-header-display":"","site-post-title":"","ast-breadcrumbs-content":"","ast-featured-img":"","footer-sml-layout":"","theme-transparent-header-meta":"","adv-header-id-meta":"","stick-header-meta":"","header-above-stick-meta":"","header-main-stick-meta":"","header-below-stick-meta":"","astra-migrate-meta-layouts":"default","ast-page-background-enabled":"default","ast-page-background-meta":{"desktop":{"background-color":"var(--ast-global-color-4)","background-image":"","background-repeat":"repeat","background-position":"center center","background-size":"auto","background-attachment":"scroll","background-type":"","background-media":"","overlay-type":"","overlay-color":"","overlay-opacity":"","overlay-gradient":""},"tablet":{"background-color":"","background-image":"","background-repeat":"repeat","background-position":"center center","background-size":"auto","background-attachment":"scroll","background-type":"","background-media":"","overlay-type":"","overlay-color":"","overlay-opacity":"","overlay-gradient":""},"mobile":{"background-color":"","background-image":"","background-repeat":"repeat","background-position":"center center","background-size":"auto","background-attachment":"scroll","background-type":"","background-media":"","overlay-type":"","overlay-color":"","overlay-opacity":"","overlay-gradient":""}},"ast-content-background-meta":{"desktop":{"background-color":"var(--ast-global-color-5)","background-image":"","background-repeat":"repeat","background-position":"center center","background-size":"auto","background-attachment":"scroll","background-type":"","background-media":"","overlay-type":"","overlay-color":"","overlay-opacity":"","overlay-gradient":""},"tablet":{"background-color":"var(--ast-global-color-5)","background-image":"","background-repeat":"repeat","background-position":"center center","background-size":"auto","background-attachment":"scroll","background-type":"","background-media":"","overlay-type":"","overlay-color":"","overlay-opacity":"","overlay-gradient":""},"mobile":{"background-color":"var(--ast-global-color-5)","background-image":"","background-repeat":"repeat","background-position":"center center","background-size":"auto","background-attachment":"scroll","background-type":"","background-media":"","overlay-type":"","overlay-color":"","overlay-opacity":"","overlay-gradient":""}},"footnotes":""},"class_list":["post-10159","page","type-page","status-publish","hentry"],"post_mailing_queue_ids":[],"_links":{"self":[{"href":"https:\/\/serveiseducatius.xtec.cat\/sarria-santgervasi\/wp-json\/wp\/v2\/pages\/10159","targetHints":{"allow":["GET"]}}],"collection":[{"href":"https:\/\/serveiseducatius.xtec.cat\/sarria-santgervasi\/wp-json\/wp\/v2\/pages"}],"about":[{"href":"https:\/\/serveiseducatius.xtec.cat\/sarria-santgervasi\/wp-json\/wp\/v2\/types\/page"}],"author":[{"embeddable":true,"href":"https:\/\/serveiseducatius.xtec.cat\/sarria-santgervasi\/wp-json\/wp\/v2\/users\/5"}],"replies":[{"embeddable":true,"href":"https:\/\/serveiseducatius.xtec.cat\/sarria-santgervasi\/wp-json\/wp\/v2\/comments?post=10159"}],"version-history":[{"count":3,"href":"https:\/\/serveiseducatius.xtec.cat\/sarria-santgervasi\/wp-json\/wp\/v2\/pages\/10159\/revisions"}],"predecessor-version":[{"id":12424,"href":"https:\/\/serveiseducatius.xtec.cat\/sarria-santgervasi\/wp-json\/wp\/v2\/pages\/10159\/revisions\/12424"}],"up":[{"embeddable":true,"href":"https:\/\/serveiseducatius.xtec.cat\/sarria-santgervasi\/wp-json\/wp\/v2\/pages\/8361"}],"wp:attachment":[{"href":"https:\/\/serveiseducatius.xtec.cat\/sarria-santgervasi\/wp-json\/wp\/v2\/media?parent=10159"}],"curies":[{"name":"wp","href":"https:\/\/api.w.org\/{rel}","templated":true}]}}