{"id":10148,"date":"2019-02-06T11:25:46","date_gmt":"2019-02-06T10:25:46","guid":{"rendered":"http:\/\/serveiseducatius.xtec.cat\/sarria-santgervasi\/?page_id=10148"},"modified":"2019-09-06T12:49:01","modified_gmt":"2019-09-06T10:49:01","slug":"generccions","status":"publish","type":"page","link":"https:\/\/serveiseducatius.xtec.cat\/sarria-santgervasi\/dinamitzacio\/generccions\/","title":{"rendered":"Gener@ccions"},"content":{"rendered":"<p><a href=\"https:\/\/serveiseducatius.xtec.cat\/sarria-santgervasi\/wp-content\/uploads\/usu1168\/2019\/01\/a-1.png\"><img loading=\"lazy\" decoding=\"async\" class=\" wp-image-9386 alignleft\" src=\"https:\/\/serveiseducatius.xtec.cat\/sarria-santgervasi\/wp-content\/uploads\/usu1168\/2019\/01\/a-1.png\" alt=\"\" width=\"469\" height=\"469\" srcset=\"https:\/\/serveiseducatius.xtec.cat\/sarria-santgervasi\/wp-content\/uploads\/usu1168\/2019\/01\/a-1.png 520w, https:\/\/serveiseducatius.xtec.cat\/sarria-santgervasi\/wp-content\/uploads\/usu1168\/2019\/01\/a-1-150x150.png 150w, https:\/\/serveiseducatius.xtec.cat\/sarria-santgervasi\/wp-content\/uploads\/usu1168\/2019\/01\/a-1-300x300.png 300w\" sizes=\"auto, (max-width: 469px) 100vw, 469px\" \/><\/a><span style=\"color: #ff6600;\"><strong>Gener@ccions<\/strong><\/span> \u00e9s un projecte de dinamitzaci\u00f3 d\u2019APS-Servei comunitari que vincula alumnat dels centres escolars amb \u00a0la gent gran que viu a les resid\u00e8ncies del nostre Districte.<\/p>\n<p>L\u2019origen del projecte parteix del curs 2017-18, a partir de la demanda feta pel CAP de Sarri\u00e0 al Consell del districte i al CRP poder desenvolupar una vinculaci\u00f3 Inter generacional que recoll\u00eds evidencies del \u00a0benefici aportat a la salut de la gent gran.<\/p>\n<p>Trobareu la informaci\u00f3 de l&#8217;any en curs a\u00a0<strong><a href=\"https:\/\/serveiseducatius.xtec.cat\/sarria-santgervasi\/categoria\/dinamitzacio\/\">Actualitat dinamitzaci\u00f3<\/a><\/strong><\/p>\n<p>La proposta del Projecte a la comunitat educativa \u00e9s la seg\u00fcent:<\/p>\n<ul>\n<li>Organitzar i sistematitzar l\u2019intercanvi regular activitats d\u2019APS\/Servei Comunitari, que vinculin l\u2019alumnat i les persones grans que viuen a les resid\u00e8ncies<\/li>\n<li>Col\u00b7laborar en la realitzaci\u00f3 de l\u2019estudi de l\u2019impacte de dites accions mitjan\u00e7ant enquestes de qualitat de vida i percepci\u00f3 de la salut abans, durant i despr\u00e9s de les esmentades trobades i intercanvis m\u00e9s freq\u00fcents i peri\u00f2dics.<\/li>\n<\/ul>\n<p>Des del CRP de Sarri\u00e0- Sant Gervasi s\u2019ha posat a disposici\u00f3 del projecte un recurs\u00a0 digital que permeti tant la comunicaci\u00f3 entre els docents i resid\u00e8ncies que hi participen.<\/p>\n<p>El projecte ja est\u00e0 en marxa. Per ara, hi participen les escoles i les Resid\u00e8ncies seg\u00fcents.<\/p>\n<hr \/>\n<p>&nbsp;<\/p>\n","protected":false},"excerpt":{"rendered":"<p>Gener@ccions \u00e9s un projecte de dinamitzaci\u00f3 d\u2019APS-Servei comunitari que vincula alumnat dels centres escolars amb \u00a0la gent gran que viu a les resid\u00e8ncies del nostre Districte. L\u2019origen del projecte parteix del curs 2017-18, a partir de la demanda feta pel CAP de Sarri\u00e0 al Consell del districte i al CRP poder desenvolupar una vinculaci\u00f3 Inter [&hellip;]<\/p>\n","protected":false},"author":5,"featured_media":0,"parent":8361,"menu_order":10,"comment_status":"closed","ping_status":"closed","template":"","meta":{"_bbp_topic_count":0,"_bbp_reply_count":0,"_bbp_total_topic_count":0,"_bbp_total_reply_count":0,"_bbp_voice_count":0,"_bbp_anonymous_reply_count":0,"_bbp_topic_count_hidden":0,"_bbp_reply_count_hidden":0,"_bbp_forum_subforum_count":0,"site-sidebar-layout":"default","site-content-layout":"","ast-site-content-layout":"","site-content-style":"default","site-sidebar-style":"default","ast-global-header-display":"","ast-banner-title-visibility":"","ast-main-header-display":"","ast-hfb-above-header-display":"","ast-hfb-below-header-display":"","ast-hfb-mobile-header-display":"","site-post-title":"","ast-breadcrumbs-content":"","ast-featured-img":"","footer-sml-layout":"","theme-transparent-header-meta":"","adv-header-id-meta":"","stick-header-meta":"","header-above-stick-meta":"","header-main-stick-meta":"","header-below-stick-meta":"","astra-migrate-meta-layouts":"default","ast-page-background-enabled":"default","ast-page-background-meta":{"desktop":{"background-color":"var(--ast-global-color-4)","background-image":"","background-repeat":"repeat","background-position":"center center","background-size":"auto","background-attachment":"scroll","background-type":"","background-media":"","overlay-type":"","overlay-color":"","overlay-opacity":"","overlay-gradient":""},"tablet":{"background-color":"","background-image":"","background-repeat":"repeat","background-position":"center center","background-size":"auto","background-attachment":"scroll","background-type":"","background-media":"","overlay-type":"","overlay-color":"","overlay-opacity":"","overlay-gradient":""},"mobile":{"background-color":"","background-image":"","background-repeat":"repeat","background-position":"center center","background-size":"auto","background-attachment":"scroll","background-type":"","background-media":"","overlay-type":"","overlay-color":"","overlay-opacity":"","overlay-gradient":""}},"ast-content-background-meta":{"desktop":{"background-color":"var(--ast-global-color-5)","background-image":"","background-repeat":"repeat","background-position":"center center","background-size":"auto","background-attachment":"scroll","background-type":"","background-media":"","overlay-type":"","overlay-color":"","overlay-opacity":"","overlay-gradient":""},"tablet":{"background-color":"var(--ast-global-color-5)","background-image":"","background-repeat":"repeat","background-position":"center center","background-size":"auto","background-attachment":"scroll","background-type":"","background-media":"","overlay-type":"","overlay-color":"","overlay-opacity":"","overlay-gradient":""},"mobile":{"background-color":"var(--ast-global-color-5)","background-image":"","background-repeat":"repeat","background-position":"center center","background-size":"auto","background-attachment":"scroll","background-type":"","background-media":"","overlay-type":"","overlay-color":"","overlay-opacity":"","overlay-gradient":""}},"footnotes":""},"class_list":["post-10148","page","type-page","status-publish","hentry"],"post_mailing_queue_ids":[],"_links":{"self":[{"href":"https:\/\/serveiseducatius.xtec.cat\/sarria-santgervasi\/wp-json\/wp\/v2\/pages\/10148","targetHints":{"allow":["GET"]}}],"collection":[{"href":"https:\/\/serveiseducatius.xtec.cat\/sarria-santgervasi\/wp-json\/wp\/v2\/pages"}],"about":[{"href":"https:\/\/serveiseducatius.xtec.cat\/sarria-santgervasi\/wp-json\/wp\/v2\/types\/page"}],"author":[{"embeddable":true,"href":"https:\/\/serveiseducatius.xtec.cat\/sarria-santgervasi\/wp-json\/wp\/v2\/users\/5"}],"replies":[{"embeddable":true,"href":"https:\/\/serveiseducatius.xtec.cat\/sarria-santgervasi\/wp-json\/wp\/v2\/comments?post=10148"}],"version-history":[{"count":3,"href":"https:\/\/serveiseducatius.xtec.cat\/sarria-santgervasi\/wp-json\/wp\/v2\/pages\/10148\/revisions"}],"predecessor-version":[{"id":11386,"href":"https:\/\/serveiseducatius.xtec.cat\/sarria-santgervasi\/wp-json\/wp\/v2\/pages\/10148\/revisions\/11386"}],"up":[{"embeddable":true,"href":"https:\/\/serveiseducatius.xtec.cat\/sarria-santgervasi\/wp-json\/wp\/v2\/pages\/8361"}],"wp:attachment":[{"href":"https:\/\/serveiseducatius.xtec.cat\/sarria-santgervasi\/wp-json\/wp\/v2\/media?parent=10148"}],"curies":[{"name":"wp","href":"https:\/\/api.w.org\/{rel}","templated":true}]}}