{"id":806,"date":"2015-11-28T21:29:55","date_gmt":"2015-11-28T20:29:55","guid":{"rendered":"http:\/\/serveiseducatius.xtec.cat\/sants-montjuic\/?page_id=806"},"modified":"2026-02-25T12:48:51","modified_gmt":"2026-02-25T11:48:51","slug":"el-servei-educatiu","status":"publish","type":"page","link":"https:\/\/serveiseducatius.xtec.cat\/sants-montjuic\/el-servei-educatiu\/","title":{"rendered":"El servei educatiu"},"content":{"rendered":"<p>Els <strong>Serveis Educatius<\/strong> del Departament d&#8217;Ensenyament donen suport i assessorament als centres educatius p\u00fablics i privats concertats de nivells educatius no universitaris. Cada servei educatiu est\u00e0 format per un equip multidisciplinar que ofereix els seg\u00fcents serveis:<\/p>\n<ul>\n<li>Suport i assessorament en estrat\u00e8gies organitzatives, did\u00e0ctiques i metodol\u00f2giques per a l\u2019assoliment de les <strong>compet\u00e8ncies b\u00e0siques.<\/strong><\/li>\n<li>Suport en la <strong>tutoria i l\u2019orientaci\u00f3<\/strong> educativa.<\/li>\n<li><strong>Detecci\u00f3 preco\u00e7<\/strong> de les dificultats d\u2019aprenentatge, socials, motrius i fer avaluacions psicopedag\u00f2giques.<\/li>\n<li>Assessorament sobre el proc\u00e9s d\u2019escolaritzaci\u00f3 en <strong>necessitats educatives espec\u00edfiques i especials<\/strong> (NEE).<\/li>\n<li>Assessorament sobre <strong>adaptacions curriculars individuals<\/strong> (CI).<\/li>\n<li>Suport en la <strong>prevenci\u00f3 de l\u2019abandonament escolar<\/strong> prematur.<\/li>\n<li>Suport en el tractament integrat de <strong>llengua i continguts<\/strong>.<\/li>\n<li>Planificaci\u00f3 i gesti\u00f3 del cat\u00e0leg de <strong>formaci\u00f3 del professorat<\/strong> de la zona.<\/li>\n<li>Suport i assessorament en did\u00e0ctica, <strong>innovaci\u00f3<\/strong> i\/o <strong>planificaci\u00f3<\/strong>: plans de millora, TAC, suport a la lectura\u2026<\/li>\n<li><strong>Servei de pr\u00e9stec<\/strong> de maquinari, v\u00eddeos i textos especialitzats en temes educatius.<\/li>\n<li>Suport a <strong>projectes internacionals<\/strong> pel desenvolupament del <strong>pluriling\u00fcisme<\/strong> i de les <strong>compet\u00e8ncies comunicatives<\/strong> dels alumnes.<\/li>\n<\/ul>\n<p>L&#8217;\u00e0mbit d&#8217;actuaci\u00f3 del servei educatiu\u00a0\u00e9s el districte de Sants &#8211; Montju\u00efc de Barcelona.<\/p>\n<p>El Servei Educatiu de Zona de Sants-Montju\u00efc inici\u00e0 de manera experimental el gener del 2005 la integraci\u00f3 de les actuacions professionals dels tres equips que el componen:<\/p>\n<ul>\n<li><strong>El Centre de Recursos Pedag\u00f2gics (<a href=\"https:\/\/serveiseducatius.xtec.cat\/sants-montjuic\/crp-4\/\">CRP<\/a>)<\/strong><\/li>\n<li><strong>L&#8217;Equip d&#8217;Assessorament i Orientaci\u00f3 Psicopedag\u00f2gica (<a href=\"https:\/\/serveiseducatius.xtec.cat\/sants-montjuic\/eap\/\">EAP<\/a>)<\/strong><\/li>\n<li><strong>L&#8217;Equip de suport i assessorament en Llengua, Interculturalitat i Cohesi\u00f3 Social (<a href=\"https:\/\/serveiseducatius.xtec.cat\/sants-montjuic\/elic\/\">ELIC<\/a>)<\/strong><\/li>\n<li><strong>El Servei d&#8217;Orientaci\u00f3 &#8211; <a href=\"https:\/\/serveiseducatius.xtec.cat\/sants-montjuic\/general\/servei-dorientacio-educativa-sants-montjuic\/\">Pla Jove<\/a><\/strong><\/li>\n<li><strong>La T\u00e8cnica de Gesti\u00f3 Territorial<\/strong> (<strong><a href=\"https:\/\/serveiseducatius.xtec.cat\/sants-montjuic\/tgt\/\">TGT<\/a><\/strong>)<\/li>\n<\/ul>\n<p><strong style=\"font-family: inherit; font-size: 1em;\">Contacte:<\/strong><\/p>\n<p>Tel\u00e8fon\u00a0<strong>934 317 163<\/strong><\/p>\n<p>Correu electr\u00f2nic: <a id=\"email-address\" href=\"mailto:a8901113@xtec.cat\">a8901113@xtec.cat<\/a><\/p>\n","protected":false},"excerpt":{"rendered":"<p>Els Serveis Educatius del Departament d&#8217;Ensenyament donen suport i assessorament als centres educatius p\u00fablics i privats concertats de nivells educatius no universitaris. Cada servei educatiu est\u00e0 format per un equip multidisciplinar que ofereix els seg\u00fcents serveis: Suport i assessorament en estrat\u00e8gies organitzatives, did\u00e0ctiques i metodol\u00f2giques per a l\u2019assoliment de les compet\u00e8ncies b\u00e0siques. Suport en la [&hellip;]<\/p>\n","protected":false},"author":1,"featured_media":0,"parent":0,"menu_order":0,"comment_status":"closed","ping_status":"closed","template":"","meta":{"_bbp_topic_count":0,"_bbp_reply_count":0,"_bbp_total_topic_count":0,"_bbp_total_reply_count":0,"_bbp_voice_count":0,"_bbp_anonymous_reply_count":0,"_bbp_topic_count_hidden":0,"_bbp_reply_count_hidden":0,"_bbp_forum_subforum_count":0,"site-sidebar-layout":"default","site-content-layout":"","ast-site-content-layout":"default","site-content-style":"default","site-sidebar-style":"default","ast-global-header-display":"","ast-banner-title-visibility":"","ast-main-header-display":"","ast-hfb-above-header-display":"","ast-hfb-below-header-display":"","ast-hfb-mobile-header-display":"","site-post-title":"","ast-breadcrumbs-content":"","ast-featured-img":"","footer-sml-layout":"","theme-transparent-header-meta":"default","adv-header-id-meta":"","stick-header-meta":"","header-above-stick-meta":"","header-main-stick-meta":"","header-below-stick-meta":"","astra-migrate-meta-layouts":"set","ast-page-background-enabled":"default","ast-page-background-meta":{"desktop":{"background-color":"var(--ast-global-color-4)","background-image":"","background-repeat":"repeat","background-position":"center center","background-size":"auto","background-attachment":"scroll","background-type":"","background-media":"","overlay-type":"","overlay-color":"","overlay-opacity":"","overlay-gradient":""},"tablet":{"background-color":"","background-image":"","background-repeat":"repeat","background-position":"center center","background-size":"auto","background-attachment":"scroll","background-type":"","background-media":"","overlay-type":"","overlay-color":"","overlay-opacity":"","overlay-gradient":""},"mobile":{"background-color":"","background-image":"","background-repeat":"repeat","background-position":"center center","background-size":"auto","background-attachment":"scroll","background-type":"","background-media":"","overlay-type":"","overlay-color":"","overlay-opacity":"","overlay-gradient":""}},"ast-content-background-meta":{"desktop":{"background-color":"var(--ast-global-color-5)","background-image":"","background-repeat":"repeat","background-position":"center center","background-size":"auto","background-attachment":"scroll","background-type":"","background-media":"","overlay-type":"","overlay-color":"","overlay-opacity":"","overlay-gradient":""},"tablet":{"background-color":"var(--ast-global-color-5)","background-image":"","background-repeat":"repeat","background-position":"center center","background-size":"auto","background-attachment":"scroll","background-type":"","background-media":"","overlay-type":"","overlay-color":"","overlay-opacity":"","overlay-gradient":""},"mobile":{"background-color":"var(--ast-global-color-5)","background-image":"","background-repeat":"repeat","background-position":"center center","background-size":"auto","background-attachment":"scroll","background-type":"","background-media":"","overlay-type":"","overlay-color":"","overlay-opacity":"","overlay-gradient":""}},"footnotes":""},"class_list":["post-806","page","type-page","status-publish","hentry"],"post_mailing_queue_ids":[],"_links":{"self":[{"href":"https:\/\/serveiseducatius.xtec.cat\/sants-montjuic\/wp-json\/wp\/v2\/pages\/806","targetHints":{"allow":["GET"]}}],"collection":[{"href":"https:\/\/serveiseducatius.xtec.cat\/sants-montjuic\/wp-json\/wp\/v2\/pages"}],"about":[{"href":"https:\/\/serveiseducatius.xtec.cat\/sants-montjuic\/wp-json\/wp\/v2\/types\/page"}],"author":[{"embeddable":true,"href":"https:\/\/serveiseducatius.xtec.cat\/sants-montjuic\/wp-json\/wp\/v2\/users\/1"}],"replies":[{"embeddable":true,"href":"https:\/\/serveiseducatius.xtec.cat\/sants-montjuic\/wp-json\/wp\/v2\/comments?post=806"}],"version-history":[{"count":6,"href":"https:\/\/serveiseducatius.xtec.cat\/sants-montjuic\/wp-json\/wp\/v2\/pages\/806\/revisions"}],"predecessor-version":[{"id":8702,"href":"https:\/\/serveiseducatius.xtec.cat\/sants-montjuic\/wp-json\/wp\/v2\/pages\/806\/revisions\/8702"}],"wp:attachment":[{"href":"https:\/\/serveiseducatius.xtec.cat\/sants-montjuic\/wp-json\/wp\/v2\/media?parent=806"}],"curies":[{"name":"wp","href":"https:\/\/api.w.org\/{rel}","templated":true}]}}