{"id":7919,"date":"2024-11-25T15:36:40","date_gmt":"2024-11-25T14:36:40","guid":{"rendered":"https:\/\/serveiseducatius.xtec.cat\/sants-montjuic\/?page_id=7919"},"modified":"2026-02-19T12:48:14","modified_gmt":"2026-02-19T11:48:14","slug":"cocobe-coeducacio-convivencia-i-benestar","status":"publish","type":"page","link":"https:\/\/serveiseducatius.xtec.cat\/sants-montjuic\/comunitat\/cocobe-coeducacio-convivencia-i-benestar\/","title":{"rendered":"\u00c0mbit benestar i coeducaci\u00f3"},"content":{"rendered":"<p style=\"text-align: justify;\">El curs 2023 es va posar en marxa la figura del <a href=\"https:\/\/educacio.gencat.cat\/ca\/actualitat\/notes-premsa\/nota-premsa\/?id=565448\" target=\"_blank\" rel=\"noopener\"><strong>coordinador o coordinadora de coeducaci\u00f3, conviv\u00e8ncia i benestar<\/strong><\/a> emocional. La persona designada t\u00e9 com a objectiu <strong>vetllar per la conviv\u00e8ncia, la coeducaci\u00f3 i el benestar emocional de tot l\u2019alumnat i ser la persona referent en aquestes mat\u00e8ries per a l\u2019alumnat i el professorat del centre.<\/strong><\/p>\n<p>Entre les seves\u00a0<strong>principals funcions<\/strong>, destaquen:<\/p>\n<ol>\n<li><strong>Vetllar perqu\u00e8 el projecte educatiu del centre incorpori els vectors de benestar emocional, coeducaci\u00f3, ciutadania democr\u00e0tica i consci\u00e8ncia global.<\/strong><\/li>\n<li><strong>Garantir el respecte de tot l\u2019alumnat.<\/strong><\/li>\n<li><strong>Fomentar entre la comunitat educativa l\u2019\u00fas de m\u00e8todes de resoluci\u00f3 pac\u00edfica dels conflictes.<\/strong><\/li>\n<li><strong>Promoure estrat\u00e8gies per identificar possibles situacions de risc i impulsar les mesures d\u2019intervenci\u00f3.<\/strong><\/li>\n<li><strong>Donar a con\u00e8ixer i proposar activitats formatives adre\u00e7ades a la comunitat educativa sobre aquest \u00e0mbit.<\/strong><\/li>\n<\/ol>\n<p style=\"text-align: justify;\">Per tal de facilitar a la nova figura COCOBE un espai on compartir les experi\u00e8ncies i les maneres d\u2019enfocar el c\u00e0rrec en q\u00fcesti\u00f3, aix\u00ed com crear propostes de treball als centres vinculades a les responsabilitats del c\u00e0rrec\u00a0es crea <strong>un seminari de coordinaci\u00f3 espec\u00edfic<\/strong>. A m\u00e9s, els membres d\u2019aquest seminari podran construir de manera adaptada al context de cada centre una xarxa de suport per a\u00a0la reflexi\u00f3 conjunta i el desplegament de les seves funcions.<\/p>\n<div><a href=\"https:\/\/sites.google.com\/xtec.cat\/seminari-cocobe-24-25\/p%C3%A0gina-principal\">Enlla\u00e7 al sites<\/a><\/div>\n<p>&nbsp;<\/p>\n","protected":false},"excerpt":{"rendered":"<p>El curs 2023 es va posar en marxa la figura del coordinador o coordinadora de coeducaci\u00f3, conviv\u00e8ncia i benestar emocional. La persona designada t\u00e9 com a objectiu vetllar per la conviv\u00e8ncia, la coeducaci\u00f3 i el benestar emocional de tot l\u2019alumnat i ser la persona referent en aquestes mat\u00e8ries per a l\u2019alumnat i el professorat del [&hellip;]<\/p>\n","protected":false},"author":1,"featured_media":0,"parent":341,"menu_order":3,"comment_status":"closed","ping_status":"closed","template":"","meta":{"_bbp_topic_count":0,"_bbp_reply_count":0,"_bbp_total_topic_count":0,"_bbp_total_reply_count":0,"_bbp_voice_count":0,"_bbp_anonymous_reply_count":0,"_bbp_topic_count_hidden":0,"_bbp_reply_count_hidden":0,"_bbp_forum_subforum_count":0,"site-sidebar-layout":"default","site-content-layout":"","ast-site-content-layout":"","site-content-style":"default","site-sidebar-style":"default","ast-global-header-display":"","ast-banner-title-visibility":"","ast-main-header-display":"","ast-hfb-above-header-display":"","ast-hfb-below-header-display":"","ast-hfb-mobile-header-display":"","site-post-title":"","ast-breadcrumbs-content":"","ast-featured-img":"","footer-sml-layout":"","theme-transparent-header-meta":"","adv-header-id-meta":"","stick-header-meta":"","header-above-stick-meta":"","header-main-stick-meta":"","header-below-stick-meta":"","astra-migrate-meta-layouts":"default","ast-page-background-enabled":"default","ast-page-background-meta":{"desktop":{"background-color":"var(--ast-global-color-4)","background-image":"","background-repeat":"repeat","background-position":"center center","background-size":"auto","background-attachment":"scroll","background-type":"","background-media":"","overlay-type":"","overlay-color":"","overlay-opacity":"","overlay-gradient":""},"tablet":{"background-color":"","background-image":"","background-repeat":"repeat","background-position":"center center","background-size":"auto","background-attachment":"scroll","background-type":"","background-media":"","overlay-type":"","overlay-color":"","overlay-opacity":"","overlay-gradient":""},"mobile":{"background-color":"","background-image":"","background-repeat":"repeat","background-position":"center center","background-size":"auto","background-attachment":"scroll","background-type":"","background-media":"","overlay-type":"","overlay-color":"","overlay-opacity":"","overlay-gradient":""}},"ast-content-background-meta":{"desktop":{"background-color":"var(--ast-global-color-5)","background-image":"","background-repeat":"repeat","background-position":"center center","background-size":"auto","background-attachment":"scroll","background-type":"","background-media":"","overlay-type":"","overlay-color":"","overlay-opacity":"","overlay-gradient":""},"tablet":{"background-color":"var(--ast-global-color-5)","background-image":"","background-repeat":"repeat","background-position":"center center","background-size":"auto","background-attachment":"scroll","background-type":"","background-media":"","overlay-type":"","overlay-color":"","overlay-opacity":"","overlay-gradient":""},"mobile":{"background-color":"var(--ast-global-color-5)","background-image":"","background-repeat":"repeat","background-position":"center center","background-size":"auto","background-attachment":"scroll","background-type":"","background-media":"","overlay-type":"","overlay-color":"","overlay-opacity":"","overlay-gradient":""}},"footnotes":""},"class_list":["post-7919","page","type-page","status-publish","hentry"],"post_mailing_queue_ids":[],"_links":{"self":[{"href":"https:\/\/serveiseducatius.xtec.cat\/sants-montjuic\/wp-json\/wp\/v2\/pages\/7919","targetHints":{"allow":["GET"]}}],"collection":[{"href":"https:\/\/serveiseducatius.xtec.cat\/sants-montjuic\/wp-json\/wp\/v2\/pages"}],"about":[{"href":"https:\/\/serveiseducatius.xtec.cat\/sants-montjuic\/wp-json\/wp\/v2\/types\/page"}],"author":[{"embeddable":true,"href":"https:\/\/serveiseducatius.xtec.cat\/sants-montjuic\/wp-json\/wp\/v2\/users\/1"}],"replies":[{"embeddable":true,"href":"https:\/\/serveiseducatius.xtec.cat\/sants-montjuic\/wp-json\/wp\/v2\/comments?post=7919"}],"version-history":[{"count":6,"href":"https:\/\/serveiseducatius.xtec.cat\/sants-montjuic\/wp-json\/wp\/v2\/pages\/7919\/revisions"}],"predecessor-version":[{"id":8545,"href":"https:\/\/serveiseducatius.xtec.cat\/sants-montjuic\/wp-json\/wp\/v2\/pages\/7919\/revisions\/8545"}],"up":[{"embeddable":true,"href":"https:\/\/serveiseducatius.xtec.cat\/sants-montjuic\/wp-json\/wp\/v2\/pages\/341"}],"wp:attachment":[{"href":"https:\/\/serveiseducatius.xtec.cat\/sants-montjuic\/wp-json\/wp\/v2\/media?parent=7919"}],"curies":[{"name":"wp","href":"https:\/\/api.w.org\/{rel}","templated":true}]}}