{"id":7889,"date":"2024-10-02T10:45:40","date_gmt":"2024-10-02T08:45:40","guid":{"rendered":"https:\/\/serveiseducatius.xtec.cat\/sants-montjuic\/?page_id=7889"},"modified":"2025-12-18T13:17:11","modified_gmt":"2025-12-18T12:17:11","slug":"tgt","status":"publish","type":"page","link":"https:\/\/serveiseducatius.xtec.cat\/sants-montjuic\/tgt\/","title":{"rendered":"TGT"},"content":{"rendered":"<p><strong>Qui \u00e9s la TGT i quines funcions t\u00e9?<\/strong><\/p>\n<p>La T\u00e8cnica de Gesti\u00f3 Territorial, la<strong> Neus Tormo<\/strong>, elabora propostes de millora de l\u2019oferta educativa del districte, gestiona la campanya de preinscripci\u00f3, dona suport en la implementaci\u00f3 i disseny de programes fora de l\u2019horari lectiu amb impacte als centres educatius i representa al CEB davant dels \u00f2rgans competents en mat\u00e8ria educativa en l\u2019\u00e0mbit de districte i ciutat. Aix\u00ed mateix, dona suport als centres educatius de Sants Montju\u00efc en la seva gesti\u00f3 i promou l\u2019equival\u00e8ncia entre els centres educatius del districte.<\/p>\n<p><a href=\"https:\/\/serveiseducatius.xtec.cat\/sants-montjuic\/wp-content\/uploads\/usu496\/2024\/10\/Funcions-TGT-1.pdf\">Funcions TGT <\/a> detallades.<\/p>\n<p><strong>Correu electr\u00f2nic:<\/strong> ntormo.ceb@gencat.cat<\/p>\n<p><strong>Tel:<\/strong> 618682369<\/p>\n","protected":false},"excerpt":{"rendered":"<p>Qui \u00e9s la TGT i quines funcions t\u00e9? La T\u00e8cnica de Gesti\u00f3 Territorial, la Neus Tormo, elabora propostes de millora de l\u2019oferta educativa del districte, gestiona la campanya de preinscripci\u00f3, dona suport en la implementaci\u00f3 i disseny de programes fora de l\u2019horari lectiu amb impacte als centres educatius i representa al CEB davant dels \u00f2rgans [&hellip;]<\/p>\n","protected":false},"author":1,"featured_media":0,"parent":0,"menu_order":0,"comment_status":"closed","ping_status":"closed","template":"","meta":{"_bbp_topic_count":0,"_bbp_reply_count":0,"_bbp_total_topic_count":0,"_bbp_total_reply_count":0,"_bbp_voice_count":0,"_bbp_anonymous_reply_count":0,"_bbp_topic_count_hidden":0,"_bbp_reply_count_hidden":0,"_bbp_forum_subforum_count":0,"site-sidebar-layout":"default","site-content-layout":"","ast-site-content-layout":"","site-content-style":"default","site-sidebar-style":"default","ast-global-header-display":"","ast-banner-title-visibility":"","ast-main-header-display":"","ast-hfb-above-header-display":"","ast-hfb-below-header-display":"","ast-hfb-mobile-header-display":"","site-post-title":"","ast-breadcrumbs-content":"","ast-featured-img":"","footer-sml-layout":"","theme-transparent-header-meta":"","adv-header-id-meta":"","stick-header-meta":"","header-above-stick-meta":"","header-main-stick-meta":"","header-below-stick-meta":"","astra-migrate-meta-layouts":"default","ast-page-background-enabled":"default","ast-page-background-meta":{"desktop":{"background-color":"var(--ast-global-color-4)","background-image":"","background-repeat":"repeat","background-position":"center center","background-size":"auto","background-attachment":"scroll","background-type":"","background-media":"","overlay-type":"","overlay-color":"","overlay-opacity":"","overlay-gradient":""},"tablet":{"background-color":"","background-image":"","background-repeat":"repeat","background-position":"center center","background-size":"auto","background-attachment":"scroll","background-type":"","background-media":"","overlay-type":"","overlay-color":"","overlay-opacity":"","overlay-gradient":""},"mobile":{"background-color":"","background-image":"","background-repeat":"repeat","background-position":"center center","background-size":"auto","background-attachment":"scroll","background-type":"","background-media":"","overlay-type":"","overlay-color":"","overlay-opacity":"","overlay-gradient":""}},"ast-content-background-meta":{"desktop":{"background-color":"var(--ast-global-color-5)","background-image":"","background-repeat":"repeat","background-position":"center center","background-size":"auto","background-attachment":"scroll","background-type":"","background-media":"","overlay-type":"","overlay-color":"","overlay-opacity":"","overlay-gradient":""},"tablet":{"background-color":"var(--ast-global-color-5)","background-image":"","background-repeat":"repeat","background-position":"center center","background-size":"auto","background-attachment":"scroll","background-type":"","background-media":"","overlay-type":"","overlay-color":"","overlay-opacity":"","overlay-gradient":""},"mobile":{"background-color":"var(--ast-global-color-5)","background-image":"","background-repeat":"repeat","background-position":"center center","background-size":"auto","background-attachment":"scroll","background-type":"","background-media":"","overlay-type":"","overlay-color":"","overlay-opacity":"","overlay-gradient":""}},"footnotes":""},"class_list":["post-7889","page","type-page","status-publish","hentry"],"post_mailing_queue_ids":[],"_links":{"self":[{"href":"https:\/\/serveiseducatius.xtec.cat\/sants-montjuic\/wp-json\/wp\/v2\/pages\/7889","targetHints":{"allow":["GET"]}}],"collection":[{"href":"https:\/\/serveiseducatius.xtec.cat\/sants-montjuic\/wp-json\/wp\/v2\/pages"}],"about":[{"href":"https:\/\/serveiseducatius.xtec.cat\/sants-montjuic\/wp-json\/wp\/v2\/types\/page"}],"author":[{"embeddable":true,"href":"https:\/\/serveiseducatius.xtec.cat\/sants-montjuic\/wp-json\/wp\/v2\/users\/1"}],"replies":[{"embeddable":true,"href":"https:\/\/serveiseducatius.xtec.cat\/sants-montjuic\/wp-json\/wp\/v2\/comments?post=7889"}],"version-history":[{"count":2,"href":"https:\/\/serveiseducatius.xtec.cat\/sants-montjuic\/wp-json\/wp\/v2\/pages\/7889\/revisions"}],"predecessor-version":[{"id":7897,"href":"https:\/\/serveiseducatius.xtec.cat\/sants-montjuic\/wp-json\/wp\/v2\/pages\/7889\/revisions\/7897"}],"wp:attachment":[{"href":"https:\/\/serveiseducatius.xtec.cat\/sants-montjuic\/wp-json\/wp\/v2\/media?parent=7889"}],"curies":[{"name":"wp","href":"https:\/\/api.w.org\/{rel}","templated":true}]}}