{"id":5025,"date":"2021-07-09T11:38:04","date_gmt":"2021-07-09T09:38:04","guid":{"rendered":"http:\/\/serveiseducatius.xtec.cat\/sants-montjuic\/?page_id=5025"},"modified":"2026-03-25T09:29:01","modified_gmt":"2026-03-25T08:29:01","slug":"elic","status":"publish","type":"page","link":"https:\/\/serveiseducatius.xtec.cat\/sants-montjuic\/elic\/","title":{"rendered":"ELIC"},"content":{"rendered":"<p>Els equips d\u2019assessors i assessores de llengua i cohesi\u00f3 social (ELIC) tenen per objectiu donar suport al professorat a adaptar-se a la nova realitat i facilitar-li recursos perqu\u00e8 pugui atendre l\u2019alumnat de manera integradora, inclusiva i personalitzada d\u2019acord amb les seves necessitats emocionals, ling\u00fc\u00edstiques, socials i culturals.<\/p>\n<p><strong>Destinataris<\/strong><\/p>\n<p>Els destinataris s\u00f3n els centres educatius, els equips directius, el professorat, l\u2019alumnat i les seves fam\u00edlies i altres agents de la comunitat educativa.<\/p>\n<p><strong>Finalitat<\/strong><\/p>\n<p>Promoure la cohesi\u00f3 social mitjan\u00e7ant l\u2019\u00fas de la llengua catalana com a eix vertebrador i l\u2019educaci\u00f3 intercultural basada en la igualtat, la solidaritat i el respecte a la diversitat de cultures.<\/p>\n<p><strong>Objectius<\/strong><\/p>\n<ul>\n<li>Assessorar al professorat i als equips docents en la resposta educativa a l\u2019alumnat de cultures minorit\u00e0ries.<\/li>\n<li>Donar suport al professorat i equips docents en la millora de l\u2019atenci\u00f3 a la diversitat cultural i social i la inclusi\u00f3 de tot l\u2019alumnat.<\/li>\n<li>Col\u00b7laborar amb altres agents socials i educatius de l\u2019entorn municipal o territorial per tal d\u2019oferir una atenci\u00f3 integrada i comunit\u00e0ria.<\/li>\n<li>Col\u00b7laborar conjuntament amb el servei educatiu de zona per tal de promoure activitats d\u2019intercanvi i de formaci\u00f3 del professorat.<\/li>\n<\/ul>\n<p><span style=\"color: #3366ff;\"><strong>Tel\u00e8fon: 93 431 71 63<\/strong><\/span><\/p>\n<table style=\"height: 198px; width: 53.2182%;\" width=\"53.2182%\">\n<tbody>\n<tr style=\"height: 33px;\">\n<td style=\"width: 715px; height: 33px;\" colspan=\"2\"><strong>Equip de Llengua i Cohesi\u00f3 Social (ELIC)<\/strong><\/td>\n<\/tr>\n<tr style=\"height: 33px;\">\n<td style=\"width: 413.297px; height: 33px;\"><span style=\"font-weight: 400;\">Rachid Aghmiri Aabbada<\/span><\/td>\n<td style=\"width: 299.703px; height: 33px;\">Assessor<\/td>\n<\/tr>\n<tr style=\"height: 33px;\">\n<td style=\"width: 413.297px; height: 33px;\"><span style=\"font-weight: 400;\">Monica Pau Prat<\/span><\/td>\n<td style=\"width: 299.703px; height: 33px;\">Assessora<\/td>\n<\/tr>\n<tr style=\"height: 33px;\">\n<td style=\"width: 413.297px; height: 33px;\">Breo Tosar Bacarizo<\/td>\n<td style=\"width: 299.703px; height: 33px;\">Assessor. Coordinador ELIC.<\/td>\n<\/tr>\n<tr style=\"height: 33px;\">\n<td style=\"width: 413.297px; height: 33px;\">Conxi Carrabina<\/td>\n<td style=\"width: 299.703px; height: 33px;\">Auxiliar administrativa<\/td>\n<\/tr>\n<tr style=\"height: 33px;\">\n<td style=\"width: 413.297px; height: 33px;\">Ferran Escoda Garcia i Graci Castillo Sim\u00f3n<\/td>\n<td style=\"width: 299.703px; height: 33px;\">Conserges<\/td>\n<\/tr>\n<\/tbody>\n<\/table>\n<p>Per a <a href=\"http:\/\/xtec.gencat.cat\/ca\/serveis\/sez\/elic\/\">m\u00e9s informaci\u00f3<\/a> podeu consultar a XTEC.<\/p>\n","protected":false},"excerpt":{"rendered":"<p>Els equips d\u2019assessors i assessores de llengua i cohesi\u00f3 social (ELIC) tenen per objectiu donar suport al professorat a adaptar-se a la nova realitat i facilitar-li recursos perqu\u00e8 pugui atendre l\u2019alumnat de manera integradora, inclusiva i personalitzada d\u2019acord amb les seves necessitats emocionals, ling\u00fc\u00edstiques, socials i culturals. Destinataris Els destinataris s\u00f3n els centres educatius, els [&hellip;]<\/p>\n","protected":false},"author":1,"featured_media":0,"parent":0,"menu_order":0,"comment_status":"closed","ping_status":"closed","template":"","meta":{"_bbp_topic_count":0,"_bbp_reply_count":0,"_bbp_total_topic_count":0,"_bbp_total_reply_count":0,"_bbp_voice_count":0,"_bbp_anonymous_reply_count":0,"_bbp_topic_count_hidden":0,"_bbp_reply_count_hidden":0,"_bbp_forum_subforum_count":0,"site-sidebar-layout":"default","site-content-layout":"","ast-site-content-layout":"default","site-content-style":"default","site-sidebar-style":"default","ast-global-header-display":"","ast-banner-title-visibility":"","ast-main-header-display":"","ast-hfb-above-header-display":"","ast-hfb-below-header-display":"","ast-hfb-mobile-header-display":"","site-post-title":"","ast-breadcrumbs-content":"","ast-featured-img":"","footer-sml-layout":"","theme-transparent-header-meta":"","adv-header-id-meta":"","stick-header-meta":"","header-above-stick-meta":"","header-main-stick-meta":"","header-below-stick-meta":"","astra-migrate-meta-layouts":"set","ast-page-background-enabled":"default","ast-page-background-meta":{"desktop":{"background-color":"var(--ast-global-color-4)","background-image":"","background-repeat":"repeat","background-position":"center center","background-size":"auto","background-attachment":"scroll","background-type":"","background-media":"","overlay-type":"","overlay-color":"","overlay-opacity":"","overlay-gradient":""},"tablet":{"background-color":"","background-image":"","background-repeat":"repeat","background-position":"center center","background-size":"auto","background-attachment":"scroll","background-type":"","background-media":"","overlay-type":"","overlay-color":"","overlay-opacity":"","overlay-gradient":""},"mobile":{"background-color":"","background-image":"","background-repeat":"repeat","background-position":"center center","background-size":"auto","background-attachment":"scroll","background-type":"","background-media":"","overlay-type":"","overlay-color":"","overlay-opacity":"","overlay-gradient":""}},"ast-content-background-meta":{"desktop":{"background-color":"var(--ast-global-color-5)","background-image":"","background-repeat":"repeat","background-position":"center center","background-size":"auto","background-attachment":"scroll","background-type":"","background-media":"","overlay-type":"","overlay-color":"","overlay-opacity":"","overlay-gradient":""},"tablet":{"background-color":"var(--ast-global-color-5)","background-image":"","background-repeat":"repeat","background-position":"center center","background-size":"auto","background-attachment":"scroll","background-type":"","background-media":"","overlay-type":"","overlay-color":"","overlay-opacity":"","overlay-gradient":""},"mobile":{"background-color":"var(--ast-global-color-5)","background-image":"","background-repeat":"repeat","background-position":"center center","background-size":"auto","background-attachment":"scroll","background-type":"","background-media":"","overlay-type":"","overlay-color":"","overlay-opacity":"","overlay-gradient":""}},"footnotes":""},"class_list":["post-5025","page","type-page","status-publish","hentry"],"post_mailing_queue_ids":[],"_links":{"self":[{"href":"https:\/\/serveiseducatius.xtec.cat\/sants-montjuic\/wp-json\/wp\/v2\/pages\/5025","targetHints":{"allow":["GET"]}}],"collection":[{"href":"https:\/\/serveiseducatius.xtec.cat\/sants-montjuic\/wp-json\/wp\/v2\/pages"}],"about":[{"href":"https:\/\/serveiseducatius.xtec.cat\/sants-montjuic\/wp-json\/wp\/v2\/types\/page"}],"author":[{"embeddable":true,"href":"https:\/\/serveiseducatius.xtec.cat\/sants-montjuic\/wp-json\/wp\/v2\/users\/1"}],"replies":[{"embeddable":true,"href":"https:\/\/serveiseducatius.xtec.cat\/sants-montjuic\/wp-json\/wp\/v2\/comments?post=5025"}],"version-history":[{"count":6,"href":"https:\/\/serveiseducatius.xtec.cat\/sants-montjuic\/wp-json\/wp\/v2\/pages\/5025\/revisions"}],"predecessor-version":[{"id":8859,"href":"https:\/\/serveiseducatius.xtec.cat\/sants-montjuic\/wp-json\/wp\/v2\/pages\/5025\/revisions\/8859"}],"wp:attachment":[{"href":"https:\/\/serveiseducatius.xtec.cat\/sants-montjuic\/wp-json\/wp\/v2\/media?parent=5025"}],"curies":[{"name":"wp","href":"https:\/\/api.w.org\/{rel}","templated":true}]}}