{"id":5022,"date":"2021-07-09T11:34:25","date_gmt":"2021-07-09T09:34:25","guid":{"rendered":"http:\/\/serveiseducatius.xtec.cat\/sants-montjuic\/?page_id=5022"},"modified":"2026-02-26T14:02:02","modified_gmt":"2026-02-26T13:02:02","slug":"eap","status":"publish","type":"page","link":"https:\/\/serveiseducatius.xtec.cat\/sants-montjuic\/eap\/","title":{"rendered":"EAP"},"content":{"rendered":"<p>Els equips d\u2019assessorament i orientaci\u00f3 psicopedag\u00f2gica (EAP) s\u00f3n un servei de suport i assessorament psicopedag\u00f2gic i social als centres educatius i a la comunitat educativa. Desenvolupen les seves actuacions en els centres educatius i en el seu entorn amb estreta col\u00b7laboraci\u00f3 amb els altres serveis i professionals del sector.<\/p>\n<p><strong>Destinataris<\/strong><\/p>\n<p>Els destinataris s\u00f3n els centres educatius, els equips directius, el professorat i altres professionals implicats en l\u2019atenci\u00f3 a l\u2019alumnat amb dificultats o amb necessitats educatives especials, l\u2019alumnat i les seves fam\u00edlies.<\/p>\n<p><strong>Objectius<\/strong><\/p>\n<ul>\n<li>Identificar i avaluar les necessitats educatives especials de l\u2019alumnat i fer la proposta d\u2019escolaritzaci\u00f3, en col\u00b7laboraci\u00f3 amb els serveis educatius espec\u00edfics quan s\u2019escaigui.<\/li>\n<li>Assessorar el professorat i les fam\u00edlies en la resposta educativa a l\u2019alumnat amb necessitats educatives especials, en col\u00b7laboraci\u00f3 amb els docents especialitzats i els serveis educatius espec\u00edfics.<\/li>\n<li>Assessorar els equips docents, l\u2019alumnat i les fam\u00edlies sobre aspectes d\u2019orientaci\u00f3 personal, educativa i professional.<\/li>\n<li>Donar suport als centres educatius en la millora de l\u2019atenci\u00f3 a la diversitat i la inclusi\u00f3.<\/li>\n<li>Col\u00b7laborar conjuntament amb els altres equips del servei educatiu de zona i els espec\u00edfics per tal de promoure activitats d\u2019intercanvi i de formaci\u00f3 del professorat.<\/li>\n<li>Col\u00b7laborar amb els serveis socials i sanitaris de l\u2019\u00e0mbit territorial d\u2019actuaci\u00f3, per tal d\u2019oferir una atenci\u00f3 coordinada als alumnes i fam\u00edlies que ho necessitin.<\/li>\n<\/ul>\n<p><span style=\"color: #3366ff;\"><strong>Correu electr\u00f2nic EAP: a8900245@xtec.cat\u00a0\u00a0\u00a0\u00a0\u00a0\u00a0\u00a0\u00a0\u00a0\u00a0\u00a0\u00a0 Tel\u00e8fon: 93 431 71 63<\/strong><\/span><\/p>\n<table>\n<tbody>\n<tr>\n<td colspan=\"2\" width=\"530\">Equip d&#8217;Assessorament i Orientaci\u00f3 Psicopedag\u00f2gica (EAP)<\/td>\n<\/tr>\n<tr>\n<td width=\"276\">Cristina Mic\u00f3 Llorens<\/td>\n<td width=\"252\">Psicopedagoga<\/td>\n<\/tr>\n<tr>\n<td width=\"276\">Tamara Pe\u00f1a<\/td>\n<td width=\"252\">Psicopedagoga<\/td>\n<\/tr>\n<tr>\n<td width=\"276\">Mariona Nadal P\u00e9rez<\/td>\n<td width=\"252\">Psicopedagoga<\/td>\n<\/tr>\n<tr>\n<td width=\"276\">Montse Pujadas Exp\u00f3sito<\/td>\n<td width=\"252\">Psicopedagoga<\/td>\n<\/tr>\n<tr>\n<td width=\"276\">Sole Soto Arjona<\/td>\n<td width=\"252\">Psicopedagoga<\/td>\n<\/tr>\n<tr>\n<td width=\"276\">M\u00f3nica Torras De la huerta<\/td>\n<td width=\"252\">Psicopedagoga<\/td>\n<\/tr>\n<tr>\n<td width=\"276\">Susana Torres Marcial<\/td>\n<td width=\"252\">Psicopedagoga<\/td>\n<\/tr>\n<tr>\n<td width=\"276\">Silvia Salvador G\u00f3mez<\/td>\n<td width=\"252\">Psicopedagoga. Directora<\/td>\n<\/tr>\n<tr>\n<td width=\"276\">Elisabeth Martin Lopez<\/td>\n<td width=\"252\">Psicopedagoga<\/td>\n<\/tr>\n<tr>\n<td width=\"276\">Marti Pint\u00f3 L\u00f3pez<\/td>\n<td width=\"252\">Psicopedagog<\/td>\n<\/tr>\n<tr>\n<td width=\"276\">Eva Moragues<\/td>\n<td width=\"252\">Psicopedagoga<\/td>\n<\/tr>\n<tr>\n<td>Silvia Alfonso<\/td>\n<td>Psicopedagoga<\/td>\n<\/tr>\n<tr>\n<td>Laura Clavijo Fernandez<\/td>\n<td>Psicopedagoga<\/td>\n<\/tr>\n<tr>\n<td width=\"276\">Nuria Vidal<\/td>\n<td width=\"252\">Fisioterapeuta<\/td>\n<\/tr>\n<tr>\n<td width=\"276\">Ana M. Cascos Hernandez<\/td>\n<td width=\"252\">Fisioterapeuta<\/td>\n<\/tr>\n<tr>\n<td>N\u00faria Zaragos\u00ed Garcia<\/td>\n<td>Fisioterapeuta<\/td>\n<\/tr>\n<tr>\n<td width=\"276\">Lorena Alvarez Bravo<\/td>\n<td width=\"252\">Treballadora social<\/td>\n<\/tr>\n<tr>\n<td width=\"276\">Esther Rodr\u00edguez Aguilera<\/td>\n<td width=\"252\">Treballadora social<\/td>\n<\/tr>\n<tr>\n<td width=\"276\">Esther And\u00fajar Castro<\/td>\n<td width=\"252\">Treballadora social<\/td>\n<\/tr>\n<tr>\n<td width=\"276\">Conxi Carrabina<\/td>\n<td width=\"252\">Auxiliar administrativa<\/td>\n<\/tr>\n<tr>\n<td width=\"276\">Ferran Escoda Garcia i Graci Castillo Sim\u00f3n<\/td>\n<td width=\"252\">Conserges<\/td>\n<\/tr>\n<\/tbody>\n<\/table>\n","protected":false},"excerpt":{"rendered":"<p>Els equips d\u2019assessorament i orientaci\u00f3 psicopedag\u00f2gica (EAP) s\u00f3n un servei de suport i assessorament psicopedag\u00f2gic i social als centres educatius i a la comunitat educativa. Desenvolupen les seves actuacions en els centres educatius i en el seu entorn amb estreta col\u00b7laboraci\u00f3 amb els altres serveis i professionals del sector. Destinataris Els destinataris s\u00f3n els centres [&hellip;]<\/p>\n","protected":false},"author":1,"featured_media":0,"parent":0,"menu_order":0,"comment_status":"closed","ping_status":"closed","template":"","meta":{"_bbp_topic_count":0,"_bbp_reply_count":0,"_bbp_total_topic_count":0,"_bbp_total_reply_count":0,"_bbp_voice_count":0,"_bbp_anonymous_reply_count":0,"_bbp_topic_count_hidden":0,"_bbp_reply_count_hidden":0,"_bbp_forum_subforum_count":0,"site-sidebar-layout":"default","site-content-layout":"","ast-site-content-layout":"default","site-content-style":"default","site-sidebar-style":"default","ast-global-header-display":"","ast-banner-title-visibility":"","ast-main-header-display":"","ast-hfb-above-header-display":"","ast-hfb-below-header-display":"","ast-hfb-mobile-header-display":"","site-post-title":"","ast-breadcrumbs-content":"","ast-featured-img":"","footer-sml-layout":"","theme-transparent-header-meta":"","adv-header-id-meta":"","stick-header-meta":"","header-above-stick-meta":"","header-main-stick-meta":"","header-below-stick-meta":"","astra-migrate-meta-layouts":"set","ast-page-background-enabled":"default","ast-page-background-meta":{"desktop":{"background-color":"var(--ast-global-color-4)","background-image":"","background-repeat":"repeat","background-position":"center center","background-size":"auto","background-attachment":"scroll","background-type":"","background-media":"","overlay-type":"","overlay-color":"","overlay-opacity":"","overlay-gradient":""},"tablet":{"background-color":"","background-image":"","background-repeat":"repeat","background-position":"center center","background-size":"auto","background-attachment":"scroll","background-type":"","background-media":"","overlay-type":"","overlay-color":"","overlay-opacity":"","overlay-gradient":""},"mobile":{"background-color":"","background-image":"","background-repeat":"repeat","background-position":"center center","background-size":"auto","background-attachment":"scroll","background-type":"","background-media":"","overlay-type":"","overlay-color":"","overlay-opacity":"","overlay-gradient":""}},"ast-content-background-meta":{"desktop":{"background-color":"var(--ast-global-color-5)","background-image":"","background-repeat":"repeat","background-position":"center center","background-size":"auto","background-attachment":"scroll","background-type":"","background-media":"","overlay-type":"","overlay-color":"","overlay-opacity":"","overlay-gradient":""},"tablet":{"background-color":"var(--ast-global-color-5)","background-image":"","background-repeat":"repeat","background-position":"center center","background-size":"auto","background-attachment":"scroll","background-type":"","background-media":"","overlay-type":"","overlay-color":"","overlay-opacity":"","overlay-gradient":""},"mobile":{"background-color":"var(--ast-global-color-5)","background-image":"","background-repeat":"repeat","background-position":"center center","background-size":"auto","background-attachment":"scroll","background-type":"","background-media":"","overlay-type":"","overlay-color":"","overlay-opacity":"","overlay-gradient":""}},"footnotes":""},"class_list":["post-5022","page","type-page","status-publish","hentry"],"post_mailing_queue_ids":[],"_links":{"self":[{"href":"https:\/\/serveiseducatius.xtec.cat\/sants-montjuic\/wp-json\/wp\/v2\/pages\/5022","targetHints":{"allow":["GET"]}}],"collection":[{"href":"https:\/\/serveiseducatius.xtec.cat\/sants-montjuic\/wp-json\/wp\/v2\/pages"}],"about":[{"href":"https:\/\/serveiseducatius.xtec.cat\/sants-montjuic\/wp-json\/wp\/v2\/types\/page"}],"author":[{"embeddable":true,"href":"https:\/\/serveiseducatius.xtec.cat\/sants-montjuic\/wp-json\/wp\/v2\/users\/1"}],"replies":[{"embeddable":true,"href":"https:\/\/serveiseducatius.xtec.cat\/sants-montjuic\/wp-json\/wp\/v2\/comments?post=5022"}],"version-history":[{"count":6,"href":"https:\/\/serveiseducatius.xtec.cat\/sants-montjuic\/wp-json\/wp\/v2\/pages\/5022\/revisions"}],"predecessor-version":[{"id":8802,"href":"https:\/\/serveiseducatius.xtec.cat\/sants-montjuic\/wp-json\/wp\/v2\/pages\/5022\/revisions\/8802"}],"wp:attachment":[{"href":"https:\/\/serveiseducatius.xtec.cat\/sants-montjuic\/wp-json\/wp\/v2\/media?parent=5022"}],"curies":[{"name":"wp","href":"https:\/\/api.w.org\/{rel}","templated":true}]}}