{"id":5019,"date":"2021-07-09T11:28:22","date_gmt":"2021-07-09T09:28:22","guid":{"rendered":"http:\/\/serveiseducatius.xtec.cat\/sants-montjuic\/?page_id=5019"},"modified":"2025-11-27T12:23:33","modified_gmt":"2025-11-27T11:23:33","slug":"crp-4","status":"publish","type":"page","link":"https:\/\/serveiseducatius.xtec.cat\/sants-montjuic\/crp-4\/","title":{"rendered":"CRP"},"content":{"rendered":"<p>Els CRP s\u00f3n centres de refer\u00e8ncia per a la formaci\u00f3, la dinamitzaci\u00f3 pedag\u00f2gica i el suport a la tasca docent del professorat de tots els nivells educatius dels centres d\u2019ensenyament no universitari de la ciutat.<\/p>\n<p><strong>Destinataris<\/strong><\/p>\n<p>S\u2019adrecen als centres educatius, als equips directius, als equips de docents i indirectament al seu alumnat.<\/p>\n<p><strong>Objectius<\/strong><\/p>\n<ul>\n<li>Oferir recolzament, orientaci\u00f3 i assessorament als centres en els processos de Transformaci\u00f3 Educativa que portin\/duguin a terme.<\/li>\n<li>Donar suport a les activitats docents i a l\u2019intercanvi d\u2019experi\u00e8ncies educatives, per tal de fomentar la reflexi\u00f3 del professorat sobre la pr\u00e0ctica docent.<\/li>\n<li>Coordinar, organitzar\u00a0 i fer el seguiment de les activitats de formaci\u00f3 permanent del Pla de Formaci\u00f3 de Zona (PFZ).<\/li>\n<li>Oferir recursos d\u2019infraestructura i de serveis, a centres i\u00a0 docents, per tal que disposin de materials espec\u00edfics i de mitjans propis de la tecnologia educativa.<\/li>\n<li>Suport i acompanyament al professorat i als centres en l\u2019\u00fas educatiu de les tecnologies digitals, amb l\u2019objectiu de garantir l\u2019aprenentatge en l\u00ednia de l\u2019alumnat.<\/li>\n<li>Donar suport a les xarxes educatives de la zona afavorint la interrelaci\u00f3 entre els diferents serveis.<\/li>\n<\/ul>\n<p><span style=\"color: #3366ff;\"><strong>Correu electr\u00f2nic CRP:\u00a0 a8901113@xtec.cat\u00a0\u00a0\u00a0\u00a0\u00a0\u00a0\u00a0\u00a0\u00a0\u00a0\u00a0\u00a0\u00a0\u00a0\u00a0\u00a0\u00a0\u00a0\u00a0\u00a0\u00a0\u00a0\u00a0\u00a0\u00a0\u00a0Tel\u00e8fons: 93 431 71 63 \/\u00a0634 288 116<\/strong><\/span><\/p>\n<table style=\"height: 208px; width: 37.0159%;\" width=\"37.0159%\">\n<tbody>\n<tr style=\"height: 33px;\">\n<td style=\"width: 98.6275%; height: 33px;\" colspan=\"2\"><strong>Equip t\u00e8cnic del Centre de Recursos Pedag\u00f2gics (CRP)<\/strong><\/td>\n<\/tr>\n<tr style=\"height: 33px;\">\n<td style=\"width: 59.2157%; height: 33px;\">M\u00f2nica Ferrer Cano<\/td>\n<td style=\"width: 39.4118%; height: 33px;\">Directora<\/td>\n<\/tr>\n<tr style=\"height: 33px;\">\n<td style=\"width: 59.2157%; height: 33px;\">Laia Jordana i Lluch<\/td>\n<td style=\"width: 39.4118%; height: 33px;\">Assessora<\/td>\n<\/tr>\n<tr style=\"height: 33px;\">\n<td style=\"width: 59.2157%; height: 33px;\">Aleix Meix Llop<\/td>\n<td style=\"width: 39.4118%; height: 33px;\">Assessor<\/td>\n<\/tr>\n<tr>\n<td style=\"width: 59.2157%;\">Irene Iranzo Molist \/ Eva Guardiola Sam\u00e1<\/td>\n<td style=\"width: 39.4118%;\">Assessora<\/td>\n<\/tr>\n<tr style=\"height: 33px;\">\n<td style=\"width: 59.2157%; height: 33px;\">Conxi Carrabina<\/td>\n<td style=\"width: 39.4118%; height: 33px;\">Auxiliar administrativa<\/td>\n<\/tr>\n<tr style=\"height: 33px;\">\n<td style=\"width: 59.2157%; height: 33px;\">Ferran Escoda Garcia i Graci Castillo Sim\u00f3n<\/td>\n<td style=\"width: 39.4118%; height: 33px;\">Conserges<\/td>\n<\/tr>\n<\/tbody>\n<\/table>\n<p>&nbsp;<\/p>\n","protected":false},"excerpt":{"rendered":"<p>Els CRP s\u00f3n centres de refer\u00e8ncia per a la formaci\u00f3, la dinamitzaci\u00f3 pedag\u00f2gica i el suport a la tasca docent del professorat de tots els nivells educatius dels centres d\u2019ensenyament no universitari de la ciutat. Destinataris S\u2019adrecen als centres educatius, als equips directius, als equips de docents i indirectament al seu alumnat. Objectius Oferir recolzament, [&hellip;]<\/p>\n","protected":false},"author":1,"featured_media":0,"parent":0,"menu_order":0,"comment_status":"closed","ping_status":"closed","template":"","meta":{"_bbp_topic_count":0,"_bbp_reply_count":0,"_bbp_total_topic_count":0,"_bbp_total_reply_count":0,"_bbp_voice_count":0,"_bbp_anonymous_reply_count":0,"_bbp_topic_count_hidden":0,"_bbp_reply_count_hidden":0,"_bbp_forum_subforum_count":0,"site-sidebar-layout":"default","site-content-layout":"","ast-site-content-layout":"","site-content-style":"default","site-sidebar-style":"default","ast-global-header-display":"","ast-banner-title-visibility":"","ast-main-header-display":"","ast-hfb-above-header-display":"","ast-hfb-below-header-display":"","ast-hfb-mobile-header-display":"","site-post-title":"","ast-breadcrumbs-content":"","ast-featured-img":"","footer-sml-layout":"","theme-transparent-header-meta":"","adv-header-id-meta":"","stick-header-meta":"","header-above-stick-meta":"","header-main-stick-meta":"","header-below-stick-meta":"","astra-migrate-meta-layouts":"default","ast-page-background-enabled":"default","ast-page-background-meta":{"desktop":{"background-color":"var(--ast-global-color-4)","background-image":"","background-repeat":"repeat","background-position":"center center","background-size":"auto","background-attachment":"scroll","background-type":"","background-media":"","overlay-type":"","overlay-color":"","overlay-opacity":"","overlay-gradient":""},"tablet":{"background-color":"","background-image":"","background-repeat":"repeat","background-position":"center center","background-size":"auto","background-attachment":"scroll","background-type":"","background-media":"","overlay-type":"","overlay-color":"","overlay-opacity":"","overlay-gradient":""},"mobile":{"background-color":"","background-image":"","background-repeat":"repeat","background-position":"center center","background-size":"auto","background-attachment":"scroll","background-type":"","background-media":"","overlay-type":"","overlay-color":"","overlay-opacity":"","overlay-gradient":""}},"ast-content-background-meta":{"desktop":{"background-color":"var(--ast-global-color-5)","background-image":"","background-repeat":"repeat","background-position":"center center","background-size":"auto","background-attachment":"scroll","background-type":"","background-media":"","overlay-type":"","overlay-color":"","overlay-opacity":"","overlay-gradient":""},"tablet":{"background-color":"var(--ast-global-color-5)","background-image":"","background-repeat":"repeat","background-position":"center center","background-size":"auto","background-attachment":"scroll","background-type":"","background-media":"","overlay-type":"","overlay-color":"","overlay-opacity":"","overlay-gradient":""},"mobile":{"background-color":"var(--ast-global-color-5)","background-image":"","background-repeat":"repeat","background-position":"center center","background-size":"auto","background-attachment":"scroll","background-type":"","background-media":"","overlay-type":"","overlay-color":"","overlay-opacity":"","overlay-gradient":""}},"footnotes":""},"class_list":["post-5019","page","type-page","status-publish","hentry"],"post_mailing_queue_ids":[],"_links":{"self":[{"href":"https:\/\/serveiseducatius.xtec.cat\/sants-montjuic\/wp-json\/wp\/v2\/pages\/5019","targetHints":{"allow":["GET"]}}],"collection":[{"href":"https:\/\/serveiseducatius.xtec.cat\/sants-montjuic\/wp-json\/wp\/v2\/pages"}],"about":[{"href":"https:\/\/serveiseducatius.xtec.cat\/sants-montjuic\/wp-json\/wp\/v2\/types\/page"}],"author":[{"embeddable":true,"href":"https:\/\/serveiseducatius.xtec.cat\/sants-montjuic\/wp-json\/wp\/v2\/users\/1"}],"replies":[{"embeddable":true,"href":"https:\/\/serveiseducatius.xtec.cat\/sants-montjuic\/wp-json\/wp\/v2\/comments?post=5019"}],"version-history":[{"count":7,"href":"https:\/\/serveiseducatius.xtec.cat\/sants-montjuic\/wp-json\/wp\/v2\/pages\/5019\/revisions"}],"predecessor-version":[{"id":8248,"href":"https:\/\/serveiseducatius.xtec.cat\/sants-montjuic\/wp-json\/wp\/v2\/pages\/5019\/revisions\/8248"}],"wp:attachment":[{"href":"https:\/\/serveiseducatius.xtec.cat\/sants-montjuic\/wp-json\/wp\/v2\/media?parent=5019"}],"curies":[{"name":"wp","href":"https:\/\/api.w.org\/{rel}","templated":true}]}}