{"id":420,"date":"2015-11-25T16:06:29","date_gmt":"2015-11-25T15:06:29","guid":{"rendered":"http:\/\/serveiseducatius.xtec.cat\/sants-montjuic\/?page_id=420"},"modified":"2026-02-25T12:42:06","modified_gmt":"2026-02-25T11:42:06","slug":"activitats","status":"publish","type":"page","link":"https:\/\/serveiseducatius.xtec.cat\/sants-montjuic\/formacio-2\/activitats\/","title":{"rendered":"Formaci\u00f3 i oferta d&#8217;activitats de zona"},"content":{"rendered":"<p style=\"text-align: justify;\"><a href=\"http:\/\/serveiseducatius.xtec.cat\/sants-montjuic\/wp-content\/uploads\/usu496\/2015\/11\/pfz.jpg\"><img loading=\"lazy\" decoding=\"async\" class=\" aire wp-image-422 alignright\" src=\"http:\/\/serveiseducatius.xtec.cat\/sants-montjuic\/wp-content\/uploads\/usu496\/2015\/11\/pfz.jpg\" alt=\"pfz\" width=\"131\" height=\"99\" srcset=\"https:\/\/serveiseducatius.xtec.cat\/sants-montjuic\/wp-content\/uploads\/usu496\/2015\/11\/pfz.jpg 258w, https:\/\/serveiseducatius.xtec.cat\/sants-montjuic\/wp-content\/uploads\/usu496\/2015\/11\/pfz-200x150.jpg 200w\" sizes=\"auto, (max-width: 131px) 100vw, 131px\" \/><\/a>El Departament d\u2019Educaci\u00f3 ha establert un conjunt de l\u00ednies de formaci\u00f3 permanent per donar resposta a les necessitats de formaci\u00f3 permanent dels centres educatius i dels docents de Catalunya. <strong>El Pla de Formaci\u00f3 de Zona (PFZ) de Sants &#8211; Montju\u00efc<\/strong> \u00e9s la planificaci\u00f3 a nivell de districte de la formaci\u00f3 permanent del professorat, la qual incorpora les activitats de formaci\u00f3 en centre i altres activitats adre\u00e7ades a tot el professorat de la comarca. El professorat hi participa a trav\u00e9s del proc\u00e9s de detecci\u00f3 de necessitats (demandes formatives) i mitjan\u00e7ant la seva representaci\u00f3 en la comissi\u00f3 del PFZ de Sants &#8211; Montju\u00efc.<\/p>\n<p style=\"text-align: justify;\">La detecci\u00f3 de necessitats per a la formaci\u00f3 en centre es far\u00e0 durant el primer trimestre.<\/p>\n<p><iframe loading=\"lazy\" src=\"https:\/\/aplicacions.gestioeducativa.gencat.cat\/pls\/soloas\/pk_for_mod_ins.p_for_pre_cons_activitats?p_any=2025-2026&amp;p_crp=103&amp;p_totes=S\" width=\"100%\" height=\"600px\"><span data-mce-type=\"bookmark\" style=\"display: inline-block; width: 0px; overflow: hidden; line-height: 0;\" class=\"mce_SELRES_start\">\ufeff<\/span><\/iframe><\/p>\n","protected":false},"excerpt":{"rendered":"<p>El Departament d\u2019Educaci\u00f3 ha establert un conjunt de l\u00ednies de formaci\u00f3 permanent per donar resposta a les necessitats de formaci\u00f3 permanent dels centres educatius i dels docents de Catalunya. El Pla de Formaci\u00f3 de Zona (PFZ) de Sants &#8211; Montju\u00efc \u00e9s la planificaci\u00f3 a nivell de districte de la formaci\u00f3 permanent del professorat, la qual [&hellip;]<\/p>\n","protected":false},"author":1,"featured_media":0,"parent":416,"menu_order":20,"comment_status":"closed","ping_status":"closed","template":"","meta":{"_bbp_topic_count":0,"_bbp_reply_count":0,"_bbp_total_topic_count":0,"_bbp_total_reply_count":0,"_bbp_voice_count":0,"_bbp_anonymous_reply_count":0,"_bbp_topic_count_hidden":0,"_bbp_reply_count_hidden":0,"_bbp_forum_subforum_count":0,"site-sidebar-layout":"default","site-content-layout":"","ast-site-content-layout":"default","site-content-style":"default","site-sidebar-style":"default","ast-global-header-display":"","ast-banner-title-visibility":"","ast-main-header-display":"","ast-hfb-above-header-display":"","ast-hfb-below-header-display":"","ast-hfb-mobile-header-display":"","site-post-title":"","ast-breadcrumbs-content":"","ast-featured-img":"","footer-sml-layout":"","theme-transparent-header-meta":"default","adv-header-id-meta":"","stick-header-meta":"","header-above-stick-meta":"","header-main-stick-meta":"","header-below-stick-meta":"","astra-migrate-meta-layouts":"set","ast-page-background-enabled":"default","ast-page-background-meta":{"desktop":{"background-color":"var(--ast-global-color-4)","background-image":"","background-repeat":"repeat","background-position":"center center","background-size":"auto","background-attachment":"scroll","background-type":"","background-media":"","overlay-type":"","overlay-color":"","overlay-opacity":"","overlay-gradient":""},"tablet":{"background-color":"","background-image":"","background-repeat":"repeat","background-position":"center center","background-size":"auto","background-attachment":"scroll","background-type":"","background-media":"","overlay-type":"","overlay-color":"","overlay-opacity":"","overlay-gradient":""},"mobile":{"background-color":"","background-image":"","background-repeat":"repeat","background-position":"center center","background-size":"auto","background-attachment":"scroll","background-type":"","background-media":"","overlay-type":"","overlay-color":"","overlay-opacity":"","overlay-gradient":""}},"ast-content-background-meta":{"desktop":{"background-color":"var(--ast-global-color-5)","background-image":"","background-repeat":"repeat","background-position":"center center","background-size":"auto","background-attachment":"scroll","background-type":"","background-media":"","overlay-type":"","overlay-color":"","overlay-opacity":"","overlay-gradient":""},"tablet":{"background-color":"var(--ast-global-color-5)","background-image":"","background-repeat":"repeat","background-position":"center center","background-size":"auto","background-attachment":"scroll","background-type":"","background-media":"","overlay-type":"","overlay-color":"","overlay-opacity":"","overlay-gradient":""},"mobile":{"background-color":"var(--ast-global-color-5)","background-image":"","background-repeat":"repeat","background-position":"center center","background-size":"auto","background-attachment":"scroll","background-type":"","background-media":"","overlay-type":"","overlay-color":"","overlay-opacity":"","overlay-gradient":""}},"footnotes":""},"class_list":["post-420","page","type-page","status-publish","hentry"],"post_mailing_queue_ids":[],"_links":{"self":[{"href":"https:\/\/serveiseducatius.xtec.cat\/sants-montjuic\/wp-json\/wp\/v2\/pages\/420","targetHints":{"allow":["GET"]}}],"collection":[{"href":"https:\/\/serveiseducatius.xtec.cat\/sants-montjuic\/wp-json\/wp\/v2\/pages"}],"about":[{"href":"https:\/\/serveiseducatius.xtec.cat\/sants-montjuic\/wp-json\/wp\/v2\/types\/page"}],"author":[{"embeddable":true,"href":"https:\/\/serveiseducatius.xtec.cat\/sants-montjuic\/wp-json\/wp\/v2\/users\/1"}],"replies":[{"embeddable":true,"href":"https:\/\/serveiseducatius.xtec.cat\/sants-montjuic\/wp-json\/wp\/v2\/comments?post=420"}],"version-history":[{"count":5,"href":"https:\/\/serveiseducatius.xtec.cat\/sants-montjuic\/wp-json\/wp\/v2\/pages\/420\/revisions"}],"predecessor-version":[{"id":8701,"href":"https:\/\/serveiseducatius.xtec.cat\/sants-montjuic\/wp-json\/wp\/v2\/pages\/420\/revisions\/8701"}],"up":[{"embeddable":true,"href":"https:\/\/serveiseducatius.xtec.cat\/sants-montjuic\/wp-json\/wp\/v2\/pages\/416"}],"wp:attachment":[{"href":"https:\/\/serveiseducatius.xtec.cat\/sants-montjuic\/wp-json\/wp\/v2\/media?parent=420"}],"curies":[{"name":"wp","href":"https:\/\/api.w.org\/{rel}","templated":true}]}}