{"id":385,"date":"2015-11-25T14:26:15","date_gmt":"2015-11-25T13:26:15","guid":{"rendered":"http:\/\/serveiseducatius.xtec.cat\/sants-montjuic\/?page_id=385"},"modified":"2023-11-15T09:28:28","modified_gmt":"2023-11-15T08:28:28","slug":"ensenyament-secundari-batxillerat-i-formacio-professional","status":"publish","type":"page","link":"https:\/\/serveiseducatius.xtec.cat\/sants-montjuic\/comunitat\/centres-educatius\/ensenyament-secundari-batxillerat-i-formacio-professional\/","title":{"rendered":"Ensenyament secundari, Batxillerat i Formaci\u00f3 professional"},"content":{"rendered":"<p>&nbsp;<\/p>\n<p><strong>Institut-Escola Arts<\/strong><br \/>\nMiquel Bleach, 24 \/ Hostafrancs, 13.<br \/>\nT, 934319931<br \/>\nCorreu electr\u00f2nic: a8076509@xtec.cat<\/p>\n<p><strong>Institut Bosc de Montju\u00efc<\/strong><br \/>\nAvinguda Miramar, 11<br \/>\nT.934410221<br \/>\nCorreu electr\u00f2nic: a8054848@xtec.cat<br \/>\n<a href=\"http:\/\/www.bcn.cat\/boscmontjuic\" target=\"_blank\" rel=\"noopener noreferrer\"><strong>Web<\/strong><\/a><\/p>\n<p><strong> Institut Consell de Cent<br \/>\n<\/strong>Carrer Carrera, 25<br \/>\nT.934424048<br \/>\nCorreu electr\u00f2nic: iesconselldecent@xtec.cat<strong><br \/>\n<a href=\"http:\/\/www.conselldecent.com\/\" target=\"_blank\" rel=\"noopener noreferrer\">Web<\/a><\/strong><\/p>\n<p><strong>Institut Emperador Carles<\/strong><br \/>\nCarrer Enric Barg\u00e9s, 9-13<br \/>\nT.934902466<br \/>\nCorreu electr\u00f2nic: a8013147@xtec.cat<strong><br \/>\n<a href=\"http:\/\/www.xtec.cat\/iesemperadorcarles\" target=\"_blank\" rel=\"noopener noreferrer\">Web<\/a><\/strong><\/p>\n<p><strong>Institut del Teatre<\/strong><br \/>\nPla\u00e7a Margarida Xirgu s\/n<br \/>\nT.932273907<br \/>\nCorreu electr\u00f2nic: eesa_cpd.it@institutdelteatre.cat<br \/>\n<a href=\"http:\/\/www.institutdelteatre.cat\/\" target=\"_blank\" rel=\"noopener noreferrer\"><strong>Web<\/strong><\/a><\/p>\n<p><strong>Institut Joan Coromines<\/strong><br \/>\nCarretera Bordeta, 39-41<br \/>\nT.934241901<br \/>\nCorreu electr\u00f2nic: a8033882@xtec.cat<strong><br \/>\n<a href=\"http:\/\/www.xtec.cat\/centres\/a8033882\" target=\"_blank\" rel=\"noopener noreferrer\">Web<\/a><\/strong><\/p>\n<p><strong>Institut Llu\u00eds Dom\u00e8nech i Montaner<\/strong><br \/>\nCarrer Alumini, 48<br \/>\nT.932969729<br \/>\nCorreu electr\u00f2nic: a8052827@xtec.cat<strong><br \/>\n<a href=\"http:\/\/www.domenechimontaner.cat\/\" target=\"_blank\" rel=\"noopener noreferrer\">Web<\/a><\/strong><\/p>\n<p><strong>Institut Llu\u00eds Vives<\/strong><br \/>\nCarrer Canalejas, 107<br \/>\nT.934317094<br \/>\nCorreu electr\u00f2nic: a8046581@xtec.cat<strong><br \/>\n<a href=\"http:\/\/www.illuisvives.cat\/\" target=\"_blank\" rel=\"noopener noreferrer\">Web<\/a><\/strong><\/p>\n<p><strong>Institut Mare de D\u00e9u de la Merc\u00e8<\/strong><br \/>\nCarrer Motors, 122-130<br \/>\nT.932232566<br \/>\nCorreu electr\u00f2nic: a8014401@xtec.cat<br \/>\n<strong><a href=\"http:\/\/www.lamerce.com\/\" target=\"_blank\" rel=\"noopener noreferrer\">Web<\/a><\/strong><\/p>\n<p><strong>EMAV (Escola Municipal de Mitjans audiovisuals)<\/strong><br \/>\nGran Via de les Corts catalanes 173<br \/>\nT.933100300<br \/>\nCorreu electr\u00f2nic: emav@emav.com<br \/>\n<a href=\"https:\/\/www.emav.com\/\"><strong>Web<\/strong><\/a><\/p>\n<p><strong>Institut Montju\u00efc<\/strong><br \/>\nCarrer Cisell, 19<br \/>\nT.932230221<br \/>\nCorreu electr\u00f2nic: a8013093@xtec.cat<strong><br \/>\n<a href=\"http:\/\/www.institutmontjuic.cat\/\" target=\"_blank\" rel=\"noopener noreferrer\">Web<\/a><\/strong><\/p>\n<p><strong>Institut Obert de Catalunya<\/strong><br \/>\nAvinguda del Paral\u00b7lel, 71-73<br \/>\nCorreu electr\u00f2nic: ioc@ioc.cat<strong><br \/>\n<a href=\"http:\/\/ioc.xtec.cat\/educacio\/\" target=\"_blank\" rel=\"noopener noreferrer\">Web<\/a><br \/>\n<\/strong><\/p>\n<p><strong>Institut de l&#8217;Esport de Barcelona<\/strong><br \/>\nAvinguda Francesc Ferrer i Gu\u00e0rdia, 16-36<br \/>\nT.934243707<\/p>\n<p><a href=\"http:\/\/www.ieb.cat\" target=\"_blank\" rel=\"noopener noreferrer\"><strong>Web<\/strong><\/a><\/p>\n<p><strong>Institut XXV Olimp\u00edada<br \/>\n<\/strong>Carrer D\u00e0lia, 2<br \/>\nT.932890630<br \/>\nCorreu electr\u00f2nic: a8047431@xtec.cat<strong><br \/>\n<a href=\"http:\/\/www.xtec.cat\/ies25enaolimpiada-bcn\" target=\"_blank\" rel=\"noopener noreferrer\">Web<\/a><\/strong><\/p>\n<p><strong>Institut dels aliments<br \/>\n<\/strong>Carrer Major de Mercabarna, 76<br \/>\nT.931939535<br \/>\nCorreu electr\u00f2nic: iabarcelona@xtec.cat<strong><br \/>\n<a href=\"https:\/\/agora.xtec.cat\/iabarcelona\/\">Web<\/a><\/strong><\/p>\n","protected":false},"excerpt":{"rendered":"<p>&nbsp; Institut-Escola Arts Miquel Bleach, 24 \/ Hostafrancs, 13. T, 934319931 Correu electr\u00f2nic: a8076509@xtec.cat Institut Bosc de Montju\u00efc Avinguda Miramar, 11 T.934410221 Correu electr\u00f2nic: a8054848@xtec.cat Web Institut Consell de Cent Carrer Carrera, 25 T.934424048 Correu electr\u00f2nic: iesconselldecent@xtec.cat Web Institut Emperador Carles Carrer Enric Barg\u00e9s, 9-13 T.934902466 Correu electr\u00f2nic: a8013147@xtec.cat Web Institut del Teatre Pla\u00e7a Margarida [&hellip;]<\/p>\n","protected":false},"author":1,"featured_media":0,"parent":338,"menu_order":30,"comment_status":"closed","ping_status":"closed","template":"page-templates\/side-menu.php","meta":{"_bbp_topic_count":0,"_bbp_reply_count":0,"_bbp_total_topic_count":0,"_bbp_total_reply_count":0,"_bbp_voice_count":0,"_bbp_anonymous_reply_count":0,"_bbp_topic_count_hidden":0,"_bbp_reply_count_hidden":0,"_bbp_forum_subforum_count":0,"site-sidebar-layout":"default","site-content-layout":"","ast-site-content-layout":"","site-content-style":"default","site-sidebar-style":"default","ast-global-header-display":"","ast-banner-title-visibility":"","ast-main-header-display":"","ast-hfb-above-header-display":"","ast-hfb-below-header-display":"","ast-hfb-mobile-header-display":"","site-post-title":"","ast-breadcrumbs-content":"","ast-featured-img":"","footer-sml-layout":"","theme-transparent-header-meta":"","adv-header-id-meta":"","stick-header-meta":"","header-above-stick-meta":"","header-main-stick-meta":"","header-below-stick-meta":"","astra-migrate-meta-layouts":"default","ast-page-background-enabled":"default","ast-page-background-meta":{"desktop":{"background-color":"var(--ast-global-color-4)","background-image":"","background-repeat":"repeat","background-position":"center center","background-size":"auto","background-attachment":"scroll","background-type":"","background-media":"","overlay-type":"","overlay-color":"","overlay-opacity":"","overlay-gradient":""},"tablet":{"background-color":"","background-image":"","background-repeat":"repeat","background-position":"center center","background-size":"auto","background-attachment":"scroll","background-type":"","background-media":"","overlay-type":"","overlay-color":"","overlay-opacity":"","overlay-gradient":""},"mobile":{"background-color":"","background-image":"","background-repeat":"repeat","background-position":"center center","background-size":"auto","background-attachment":"scroll","background-type":"","background-media":"","overlay-type":"","overlay-color":"","overlay-opacity":"","overlay-gradient":""}},"ast-content-background-meta":{"desktop":{"background-color":"var(--ast-global-color-5)","background-image":"","background-repeat":"repeat","background-position":"center center","background-size":"auto","background-attachment":"scroll","background-type":"","background-media":"","overlay-type":"","overlay-color":"","overlay-opacity":"","overlay-gradient":""},"tablet":{"background-color":"var(--ast-global-color-5)","background-image":"","background-repeat":"repeat","background-position":"center center","background-size":"auto","background-attachment":"scroll","background-type":"","background-media":"","overlay-type":"","overlay-color":"","overlay-opacity":"","overlay-gradient":""},"mobile":{"background-color":"var(--ast-global-color-5)","background-image":"","background-repeat":"repeat","background-position":"center center","background-size":"auto","background-attachment":"scroll","background-type":"","background-media":"","overlay-type":"","overlay-color":"","overlay-opacity":"","overlay-gradient":""}},"footnotes":""},"class_list":["post-385","page","type-page","status-publish","hentry"],"post_mailing_queue_ids":[],"_links":{"self":[{"href":"https:\/\/serveiseducatius.xtec.cat\/sants-montjuic\/wp-json\/wp\/v2\/pages\/385","targetHints":{"allow":["GET"]}}],"collection":[{"href":"https:\/\/serveiseducatius.xtec.cat\/sants-montjuic\/wp-json\/wp\/v2\/pages"}],"about":[{"href":"https:\/\/serveiseducatius.xtec.cat\/sants-montjuic\/wp-json\/wp\/v2\/types\/page"}],"author":[{"embeddable":true,"href":"https:\/\/serveiseducatius.xtec.cat\/sants-montjuic\/wp-json\/wp\/v2\/users\/1"}],"replies":[{"embeddable":true,"href":"https:\/\/serveiseducatius.xtec.cat\/sants-montjuic\/wp-json\/wp\/v2\/comments?post=385"}],"version-history":[{"count":4,"href":"https:\/\/serveiseducatius.xtec.cat\/sants-montjuic\/wp-json\/wp\/v2\/pages\/385\/revisions"}],"predecessor-version":[{"id":7445,"href":"https:\/\/serveiseducatius.xtec.cat\/sants-montjuic\/wp-json\/wp\/v2\/pages\/385\/revisions\/7445"}],"up":[{"embeddable":true,"href":"https:\/\/serveiseducatius.xtec.cat\/sants-montjuic\/wp-json\/wp\/v2\/pages\/338"}],"wp:attachment":[{"href":"https:\/\/serveiseducatius.xtec.cat\/sants-montjuic\/wp-json\/wp\/v2\/media?parent=385"}],"curies":[{"name":"wp","href":"https:\/\/api.w.org\/{rel}","templated":true}]}}