{"id":318,"date":"2015-11-24T18:18:24","date_gmt":"2015-11-24T17:18:24","guid":{"rendered":"http:\/\/serveiseducatius.xtec.cat\/sants-montjuic\/?page_id=318"},"modified":"2026-02-25T11:10:25","modified_gmt":"2026-02-25T10:10:25","slug":"on-som","status":"publish","type":"page","link":"https:\/\/serveiseducatius.xtec.cat\/sants-montjuic\/el-servei-educatiu\/on-som\/","title":{"rendered":"On som"},"content":{"rendered":"<p><strong>Servei Educatiu Sants &#8211; Montju\u00efc<br \/>\n<\/strong>Carrer d&#8217;Olzinelles, 73, 3a planta<br \/>\n08014 Barcelona<br \/>\ntel. 934 317 163<br \/>\n<a id=\"email-address\" href=\"mailto:a8901113@xtec.cat\">a8901113@xtec.cat<\/a><\/p>\n<p><iframe loading=\"lazy\" style=\"border: 0;\" src=\"https:\/\/www.google.com\/maps?q=Carrer+d'Olzinelles,+73,+08014+Barcelona&amp;output=embed\" width=\"640\" height=\"480\" allowfullscreen=\"allowfullscreen\"><br \/>\n<\/iframe><\/p>\n<p>&nbsp;<\/p>\n<p><strong>Com arribar-hi:<br \/>\n<\/strong><\/p>\n<ul>\n<li><strong>Metro<\/strong>: Estaci\u00f3 Pla\u00e7a de Sants. L\u00ednies <strong><span style=\"color: #ff0000;\">L1<\/span><\/strong> i <strong><span style=\"color: #0000ff;\">L5<\/span><\/strong><\/li>\n<li><strong>Bus<\/strong>: L\u00ednies D-20, H-12, H-16, 65, 79, 91,109, 165, L70, L72, L80, L81, L94, L95<\/li>\n<li><strong>Tren<\/strong>: Estaci\u00f3 de Sants<\/li>\n<\/ul>\n<p>&nbsp;<\/p>\n","protected":false},"excerpt":{"rendered":"<p>Servei Educatiu Sants &#8211; Montju\u00efc Carrer d&#8217;Olzinelles, 73, 3a planta 08014 Barcelona tel. 934 317 163 a8901113@xtec.cat &nbsp; Com arribar-hi: Metro: Estaci\u00f3 Pla\u00e7a de Sants. L\u00ednies L1 i L5 Bus: L\u00ednies D-20, H-12, H-16, 65, 79, 91,109, 165, L70, L72, L80, L81, L94, L95 Tren: Estaci\u00f3 de Sants &nbsp;<\/p>\n","protected":false},"author":1,"featured_media":0,"parent":806,"menu_order":50,"comment_status":"closed","ping_status":"closed","template":"","meta":{"_bbp_topic_count":0,"_bbp_reply_count":0,"_bbp_total_topic_count":0,"_bbp_total_reply_count":0,"_bbp_voice_count":0,"_bbp_anonymous_reply_count":0,"_bbp_topic_count_hidden":0,"_bbp_reply_count_hidden":0,"_bbp_forum_subforum_count":0,"site-sidebar-layout":"default","site-content-layout":"","ast-site-content-layout":"default","site-content-style":"default","site-sidebar-style":"default","ast-global-header-display":"","ast-banner-title-visibility":"","ast-main-header-display":"","ast-hfb-above-header-display":"","ast-hfb-below-header-display":"","ast-hfb-mobile-header-display":"","site-post-title":"","ast-breadcrumbs-content":"","ast-featured-img":"","footer-sml-layout":"","theme-transparent-header-meta":"default","adv-header-id-meta":"","stick-header-meta":"","header-above-stick-meta":"","header-main-stick-meta":"","header-below-stick-meta":"","astra-migrate-meta-layouts":"set","ast-page-background-enabled":"default","ast-page-background-meta":{"desktop":{"background-color":"var(--ast-global-color-4)","background-image":"","background-repeat":"repeat","background-position":"center center","background-size":"auto","background-attachment":"scroll","background-type":"","background-media":"","overlay-type":"","overlay-color":"","overlay-opacity":"","overlay-gradient":""},"tablet":{"background-color":"","background-image":"","background-repeat":"repeat","background-position":"center center","background-size":"auto","background-attachment":"scroll","background-type":"","background-media":"","overlay-type":"","overlay-color":"","overlay-opacity":"","overlay-gradient":""},"mobile":{"background-color":"","background-image":"","background-repeat":"repeat","background-position":"center center","background-size":"auto","background-attachment":"scroll","background-type":"","background-media":"","overlay-type":"","overlay-color":"","overlay-opacity":"","overlay-gradient":""}},"ast-content-background-meta":{"desktop":{"background-color":"var(--ast-global-color-5)","background-image":"","background-repeat":"repeat","background-position":"center center","background-size":"auto","background-attachment":"scroll","background-type":"","background-media":"","overlay-type":"","overlay-color":"","overlay-opacity":"","overlay-gradient":""},"tablet":{"background-color":"var(--ast-global-color-5)","background-image":"","background-repeat":"repeat","background-position":"center center","background-size":"auto","background-attachment":"scroll","background-type":"","background-media":"","overlay-type":"","overlay-color":"","overlay-opacity":"","overlay-gradient":""},"mobile":{"background-color":"var(--ast-global-color-5)","background-image":"","background-repeat":"repeat","background-position":"center center","background-size":"auto","background-attachment":"scroll","background-type":"","background-media":"","overlay-type":"","overlay-color":"","overlay-opacity":"","overlay-gradient":""}},"footnotes":""},"class_list":["post-318","page","type-page","status-publish","hentry"],"post_mailing_queue_ids":[],"_links":{"self":[{"href":"https:\/\/serveiseducatius.xtec.cat\/sants-montjuic\/wp-json\/wp\/v2\/pages\/318","targetHints":{"allow":["GET"]}}],"collection":[{"href":"https:\/\/serveiseducatius.xtec.cat\/sants-montjuic\/wp-json\/wp\/v2\/pages"}],"about":[{"href":"https:\/\/serveiseducatius.xtec.cat\/sants-montjuic\/wp-json\/wp\/v2\/types\/page"}],"author":[{"embeddable":true,"href":"https:\/\/serveiseducatius.xtec.cat\/sants-montjuic\/wp-json\/wp\/v2\/users\/1"}],"replies":[{"embeddable":true,"href":"https:\/\/serveiseducatius.xtec.cat\/sants-montjuic\/wp-json\/wp\/v2\/comments?post=318"}],"version-history":[{"count":6,"href":"https:\/\/serveiseducatius.xtec.cat\/sants-montjuic\/wp-json\/wp\/v2\/pages\/318\/revisions"}],"predecessor-version":[{"id":8679,"href":"https:\/\/serveiseducatius.xtec.cat\/sants-montjuic\/wp-json\/wp\/v2\/pages\/318\/revisions\/8679"}],"up":[{"embeddable":true,"href":"https:\/\/serveiseducatius.xtec.cat\/sants-montjuic\/wp-json\/wp\/v2\/pages\/806"}],"wp:attachment":[{"href":"https:\/\/serveiseducatius.xtec.cat\/sants-montjuic\/wp-json\/wp\/v2\/media?parent=318"}],"curies":[{"name":"wp","href":"https:\/\/api.w.org\/{rel}","templated":true}]}}