{"id":9274,"date":"2023-03-21T15:41:26","date_gmt":"2023-03-21T14:41:26","guid":{"rendered":"https:\/\/serveiseducatius.xtec.cat\/santmarti\/?page_id=9274"},"modified":"2023-03-21T15:41:26","modified_gmt":"2023-03-21T14:41:26","slug":"pda-38-la-maleta-stopmotion","status":"publish","type":"page","link":"https:\/\/serveiseducatius.xtec.cat\/santmarti\/pda-38-la-maleta-stopmotion\/","title":{"rendered":"PdA. 38 La Maleta StopMotion"},"content":{"rendered":"<p><a href=\"https:\/\/serveiseducatius.xtec.cat\/santmarti\/wp-content\/uploads\/usu785\/2023\/03\/2023-03-21-15_41_07-TIC10_-StopMotion.docx-1.pdf-Google-Drive.png\"><img loading=\"lazy\" decoding=\"async\" class=\"alignnone  wp-image-9275\" src=\"https:\/\/serveiseducatius.xtec.cat\/santmarti\/wp-content\/uploads\/usu785\/2023\/03\/2023-03-21-15_41_07-TIC10_-StopMotion.docx-1.pdf-Google-Drive.png\" alt=\"\" width=\"255\" height=\"165\" srcset=\"https:\/\/serveiseducatius.xtec.cat\/santmarti\/wp-content\/uploads\/usu785\/2023\/03\/2023-03-21-15_41_07-TIC10_-StopMotion.docx-1.pdf-Google-Drive.png 440w, https:\/\/serveiseducatius.xtec.cat\/santmarti\/wp-content\/uploads\/usu785\/2023\/03\/2023-03-21-15_41_07-TIC10_-StopMotion.docx-1.pdf-Google-Drive-300x194.png 300w\" sizes=\"auto, (max-width: 255px) 100vw, 255px\" \/><\/a><\/p>\n<p>Adre\u00e7ada a: Professorat i alumnat.<br \/>\nNivell: Educaci\u00f3 Prim\u00e0ria i Educaci\u00f3 Secund\u00e0ria.<\/p>\n<p>Modalitat: Pr\u00e9stec de material did\u00e0ctic.<br \/>\nTem\u00e0tica: Recursos TIC. \u00c0mbits d\u2019Art i Cultura, de Llengua i<\/p>\n<p>Comunicaci\u00f3 i d\u2019Inform\u00e0tica i Tecnologia.<\/p>\n<p>Objectius: Aquesta maleta ofereix els recursos necessaris per crear<br \/>\ncurtmetratges mitjan\u00e7ant la t\u00e8cnica cinematogr\u00e0fica de l\u2019\u201dstop<br \/>\nmotion\u201d.<\/p>\n<p>Descripci\u00f3: La maleta inclou: 2 anells de llum amb tr\u00edpode, Playmobils<br \/>\nPRO, Figures mec\u00e0niques, Plastilina, 2 iPads i 1 tela croma.<\/p>\n<p>Organitza: Servei Educatiu de Sant Mart\u00ed \u2013 CRP.<\/p>\n","protected":false},"excerpt":{"rendered":"<p>Adre\u00e7ada a: Professorat i alumnat. Nivell: Educaci\u00f3 Prim\u00e0ria i Educaci\u00f3 Secund\u00e0ria. Modalitat: Pr\u00e9stec de material did\u00e0ctic. Tem\u00e0tica: Recursos TIC. \u00c0mbits d\u2019Art i Cultura, de Llengua i Comunicaci\u00f3 i d\u2019Inform\u00e0tica i Tecnologia. Objectius: Aquesta maleta ofereix els recursos necessaris per crear curtmetratges mitjan\u00e7ant la t\u00e8cnica cinematogr\u00e0fica de l\u2019\u201dstop motion\u201d. Descripci\u00f3: La maleta inclou: 2 anells de [&hellip;]<\/p>\n","protected":false},"author":14,"featured_media":0,"parent":0,"menu_order":0,"comment_status":"closed","ping_status":"closed","template":"","meta":{"_bbp_topic_count":0,"_bbp_reply_count":0,"_bbp_total_topic_count":0,"_bbp_total_reply_count":0,"_bbp_voice_count":0,"_bbp_anonymous_reply_count":0,"_bbp_topic_count_hidden":0,"_bbp_reply_count_hidden":0,"_bbp_forum_subforum_count":0,"site-sidebar-layout":"default","site-content-layout":"","ast-site-content-layout":"","site-content-style":"default","site-sidebar-style":"default","ast-global-header-display":"","ast-banner-title-visibility":"","ast-main-header-display":"","ast-hfb-above-header-display":"","ast-hfb-below-header-display":"","ast-hfb-mobile-header-display":"","site-post-title":"","ast-breadcrumbs-content":"","ast-featured-img":"","footer-sml-layout":"","theme-transparent-header-meta":"","adv-header-id-meta":"","stick-header-meta":"","header-above-stick-meta":"","header-main-stick-meta":"","header-below-stick-meta":"","astra-migrate-meta-layouts":"default","ast-page-background-enabled":"default","ast-page-background-meta":{"desktop":{"background-color":"var(--ast-global-color-4)","background-image":"","background-repeat":"repeat","background-position":"center center","background-size":"auto","background-attachment":"scroll","background-type":"","background-media":"","overlay-type":"","overlay-color":"","overlay-opacity":"","overlay-gradient":""},"tablet":{"background-color":"","background-image":"","background-repeat":"repeat","background-position":"center center","background-size":"auto","background-attachment":"scroll","background-type":"","background-media":"","overlay-type":"","overlay-color":"","overlay-opacity":"","overlay-gradient":""},"mobile":{"background-color":"","background-image":"","background-repeat":"repeat","background-position":"center center","background-size":"auto","background-attachment":"scroll","background-type":"","background-media":"","overlay-type":"","overlay-color":"","overlay-opacity":"","overlay-gradient":""}},"ast-content-background-meta":{"desktop":{"background-color":"var(--ast-global-color-5)","background-image":"","background-repeat":"repeat","background-position":"center center","background-size":"auto","background-attachment":"scroll","background-type":"","background-media":"","overlay-type":"","overlay-color":"","overlay-opacity":"","overlay-gradient":""},"tablet":{"background-color":"var(--ast-global-color-5)","background-image":"","background-repeat":"repeat","background-position":"center center","background-size":"auto","background-attachment":"scroll","background-type":"","background-media":"","overlay-type":"","overlay-color":"","overlay-opacity":"","overlay-gradient":""},"mobile":{"background-color":"var(--ast-global-color-5)","background-image":"","background-repeat":"repeat","background-position":"center center","background-size":"auto","background-attachment":"scroll","background-type":"","background-media":"","overlay-type":"","overlay-color":"","overlay-opacity":"","overlay-gradient":""}},"footnotes":""},"class_list":["post-9274","page","type-page","status-publish","hentry"],"post_mailing_queue_ids":[],"_links":{"self":[{"href":"https:\/\/serveiseducatius.xtec.cat\/santmarti\/wp-json\/wp\/v2\/pages\/9274","targetHints":{"allow":["GET"]}}],"collection":[{"href":"https:\/\/serveiseducatius.xtec.cat\/santmarti\/wp-json\/wp\/v2\/pages"}],"about":[{"href":"https:\/\/serveiseducatius.xtec.cat\/santmarti\/wp-json\/wp\/v2\/types\/page"}],"author":[{"embeddable":true,"href":"https:\/\/serveiseducatius.xtec.cat\/santmarti\/wp-json\/wp\/v2\/users\/14"}],"replies":[{"embeddable":true,"href":"https:\/\/serveiseducatius.xtec.cat\/santmarti\/wp-json\/wp\/v2\/comments?post=9274"}],"version-history":[{"count":1,"href":"https:\/\/serveiseducatius.xtec.cat\/santmarti\/wp-json\/wp\/v2\/pages\/9274\/revisions"}],"predecessor-version":[{"id":9276,"href":"https:\/\/serveiseducatius.xtec.cat\/santmarti\/wp-json\/wp\/v2\/pages\/9274\/revisions\/9276"}],"wp:attachment":[{"href":"https:\/\/serveiseducatius.xtec.cat\/santmarti\/wp-json\/wp\/v2\/media?parent=9274"}],"curies":[{"name":"wp","href":"https:\/\/api.w.org\/{rel}","templated":true}]}}