{"id":9262,"date":"2023-03-21T14:09:09","date_gmt":"2023-03-21T13:09:09","guid":{"rendered":"https:\/\/serveiseducatius.xtec.cat\/santmarti\/?page_id=9262"},"modified":"2023-03-21T14:09:09","modified_gmt":"2023-03-21T13:09:09","slug":"pda-36-escornabot","status":"publish","type":"page","link":"https:\/\/serveiseducatius.xtec.cat\/santmarti\/pda-36-escornabot\/","title":{"rendered":"PdA. 36 Escornabot"},"content":{"rendered":"<p><a href=\"https:\/\/serveiseducatius.xtec.cat\/santmarti\/wp-content\/uploads\/usu785\/2023\/03\/2023-03-21-14_09_05-TIC8_Escornabot.pdf-Google-Drive.png\"><img loading=\"lazy\" decoding=\"async\" class=\"alignnone size-full wp-image-9263\" src=\"https:\/\/serveiseducatius.xtec.cat\/santmarti\/wp-content\/uploads\/usu785\/2023\/03\/2023-03-21-14_09_05-TIC8_Escornabot.pdf-Google-Drive.png\" alt=\"\" width=\"155\" height=\"98\" \/><\/a><\/p>\n<p>Adre\u00e7ada a: Alumnat.<br \/>\nNivell: Educaci\u00f3 Prim\u00e0ria i Secund\u00e0ria.<br \/>\nModalitat: Pr\u00e9stec de material TIC.<\/p>\n<p>Descripci\u00f3: Lot de 5 Escornabots per alummnes de (10 \u2013 16). El<br \/>\nEscornabot \u00e9s un robot educatiu de codi obert basat en<br \/>\nArduino, per iniciar els nens i nenes en el camp de la<br \/>\nrob\u00f2tica i la programaci\u00f3.<br \/>\nCaracter\u00edstiques:<br \/>\n\u2022 Funciona amb 4 piles AA.<br \/>\n\u2022 Cada escornabot consta d\u2019una placa Arduino amb<br \/>\nrodes i un sensor.<br \/>\n\u2022 Les parts que formen el cos han estat impreses en<br \/>\npl\u00e0stic ABS o PLA amb la tecnologia d&#8217;impressi\u00f3 3D.<br \/>\n\u2022 Pot arribar a ser controlat per dispositius m\u00f2bils com<br \/>\nara tablets, o tel\u00e8fons a trav\u00e9s de la incorporaci\u00f3 d&#8217;un<br \/>\nm\u00f2dul Bluetooth (opcional), i la instal\u00b7laci\u00f3 d&#8217;un app<br \/>\n(veure desc\u00e0rregues)<br \/>\nOrganitza: Servei Educatiu de Sant Mart\u00ed \u2013 CRP.<br \/>\nPropostes d\u2019\u00fas: El Escornabot b\u00e0sic pot programar-se amb els botons per<br \/>\nexecutar seq\u00fc\u00e8ncies de moviments. A partir d&#8217;aqu\u00ed, la<br \/>\nimaginaci\u00f3 \u00e9s l&#8217;\u00fanic l\u00edmit a les possibilitats.<br \/>\nWebs d\u2019experi\u00e8ncies en centres i de recursos:<br \/>\n\u2022 https:\/\/escornabot.com\/web\/es<\/p>\n","protected":false},"excerpt":{"rendered":"<p>Adre\u00e7ada a: Alumnat. Nivell: Educaci\u00f3 Prim\u00e0ria i Secund\u00e0ria. Modalitat: Pr\u00e9stec de material TIC. Descripci\u00f3: Lot de 5 Escornabots per alummnes de (10 \u2013 16). El Escornabot \u00e9s un robot educatiu de codi obert basat en Arduino, per iniciar els nens i nenes en el camp de la rob\u00f2tica i la programaci\u00f3. Caracter\u00edstiques: \u2022 Funciona amb [&hellip;]<\/p>\n","protected":false},"author":14,"featured_media":0,"parent":0,"menu_order":0,"comment_status":"closed","ping_status":"closed","template":"","meta":{"_bbp_topic_count":0,"_bbp_reply_count":0,"_bbp_total_topic_count":0,"_bbp_total_reply_count":0,"_bbp_voice_count":0,"_bbp_anonymous_reply_count":0,"_bbp_topic_count_hidden":0,"_bbp_reply_count_hidden":0,"_bbp_forum_subforum_count":0,"site-sidebar-layout":"default","site-content-layout":"","ast-site-content-layout":"","site-content-style":"default","site-sidebar-style":"default","ast-global-header-display":"","ast-banner-title-visibility":"","ast-main-header-display":"","ast-hfb-above-header-display":"","ast-hfb-below-header-display":"","ast-hfb-mobile-header-display":"","site-post-title":"","ast-breadcrumbs-content":"","ast-featured-img":"","footer-sml-layout":"","theme-transparent-header-meta":"","adv-header-id-meta":"","stick-header-meta":"","header-above-stick-meta":"","header-main-stick-meta":"","header-below-stick-meta":"","astra-migrate-meta-layouts":"default","ast-page-background-enabled":"default","ast-page-background-meta":{"desktop":{"background-color":"var(--ast-global-color-4)","background-image":"","background-repeat":"repeat","background-position":"center center","background-size":"auto","background-attachment":"scroll","background-type":"","background-media":"","overlay-type":"","overlay-color":"","overlay-opacity":"","overlay-gradient":""},"tablet":{"background-color":"","background-image":"","background-repeat":"repeat","background-position":"center center","background-size":"auto","background-attachment":"scroll","background-type":"","background-media":"","overlay-type":"","overlay-color":"","overlay-opacity":"","overlay-gradient":""},"mobile":{"background-color":"","background-image":"","background-repeat":"repeat","background-position":"center center","background-size":"auto","background-attachment":"scroll","background-type":"","background-media":"","overlay-type":"","overlay-color":"","overlay-opacity":"","overlay-gradient":""}},"ast-content-background-meta":{"desktop":{"background-color":"var(--ast-global-color-5)","background-image":"","background-repeat":"repeat","background-position":"center center","background-size":"auto","background-attachment":"scroll","background-type":"","background-media":"","overlay-type":"","overlay-color":"","overlay-opacity":"","overlay-gradient":""},"tablet":{"background-color":"var(--ast-global-color-5)","background-image":"","background-repeat":"repeat","background-position":"center center","background-size":"auto","background-attachment":"scroll","background-type":"","background-media":"","overlay-type":"","overlay-color":"","overlay-opacity":"","overlay-gradient":""},"mobile":{"background-color":"var(--ast-global-color-5)","background-image":"","background-repeat":"repeat","background-position":"center center","background-size":"auto","background-attachment":"scroll","background-type":"","background-media":"","overlay-type":"","overlay-color":"","overlay-opacity":"","overlay-gradient":""}},"footnotes":""},"class_list":["post-9262","page","type-page","status-publish","hentry"],"post_mailing_queue_ids":[],"_links":{"self":[{"href":"https:\/\/serveiseducatius.xtec.cat\/santmarti\/wp-json\/wp\/v2\/pages\/9262","targetHints":{"allow":["GET"]}}],"collection":[{"href":"https:\/\/serveiseducatius.xtec.cat\/santmarti\/wp-json\/wp\/v2\/pages"}],"about":[{"href":"https:\/\/serveiseducatius.xtec.cat\/santmarti\/wp-json\/wp\/v2\/types\/page"}],"author":[{"embeddable":true,"href":"https:\/\/serveiseducatius.xtec.cat\/santmarti\/wp-json\/wp\/v2\/users\/14"}],"replies":[{"embeddable":true,"href":"https:\/\/serveiseducatius.xtec.cat\/santmarti\/wp-json\/wp\/v2\/comments?post=9262"}],"version-history":[{"count":1,"href":"https:\/\/serveiseducatius.xtec.cat\/santmarti\/wp-json\/wp\/v2\/pages\/9262\/revisions"}],"predecessor-version":[{"id":9264,"href":"https:\/\/serveiseducatius.xtec.cat\/santmarti\/wp-json\/wp\/v2\/pages\/9262\/revisions\/9264"}],"wp:attachment":[{"href":"https:\/\/serveiseducatius.xtec.cat\/santmarti\/wp-json\/wp\/v2\/media?parent=9262"}],"curies":[{"name":"wp","href":"https:\/\/api.w.org\/{rel}","templated":true}]}}