{"id":9024,"date":"2023-03-06T14:36:10","date_gmt":"2023-03-06T13:36:10","guid":{"rendered":"https:\/\/serveiseducatius.xtec.cat\/santmarti\/?page_id=9024"},"modified":"2023-03-09T11:18:07","modified_gmt":"2023-03-09T10:18:07","slug":"pda-5-talking-points","status":"publish","type":"page","link":"https:\/\/serveiseducatius.xtec.cat\/santmarti\/pda-5-talking-points\/","title":{"rendered":"PdA.5 Talking points- botons gravadors( pack de 11)"},"content":{"rendered":"<p><a href=\"https:\/\/serveiseducatius.xtec.cat\/santmarti\/wp-content\/uploads\/usu785\/2023\/03\/scrnli_6_3_2023-14-34-26.png\"><img loading=\"lazy\" decoding=\"async\" class=\"alignnone size-full wp-image-9025\" src=\"https:\/\/serveiseducatius.xtec.cat\/santmarti\/wp-content\/uploads\/usu785\/2023\/03\/scrnli_6_3_2023-14-34-26.png\" alt=\"\" width=\"137\" height=\"112\" \/><\/a><\/p>\n<p><strong>Adre\u00e7ada a<\/strong>: Alumnat.<br \/>\n<strong>Nivell<\/strong>: Educaci\u00f3 Infantil i Educaci\u00f3 Prim\u00e0ria.<br \/>\n<strong>Modalitat<\/strong>: Pr\u00e9stec de ginys per a la compet\u00e8ncia comunicativa.<br \/>\n<strong>Descripci\u00f3<\/strong>: Lot de 12 botons gravadors de colors que permeten gravar i<br \/>\nreproduir 10 segons de so. \u00c9s un recurs adient per a totes<br \/>\nles \u00e0rees de les primeres edats aix\u00ed com una eina \u00fatil a l\u2019aula<br \/>\nd\u2019acollida.<\/p>\n<p><strong>Organitza<\/strong>: Servei Educatiu de Sant Mart\u00ed \u2013 CRP.<br \/>\n<strong>Propostes d\u2019\u00fas<\/strong>: Relacionar imatges i sons: Uns alumnes enregistren<br \/>\nels noms de sis imatges o objectes. Els companys<br \/>\nhauran d\u2019aparellar objecte amb so.<br \/>\nPresentaci\u00f3 d\u2019alumnes: Els alumnes enregistren el<br \/>\nseu nom i una breu presentaci\u00f3 treballada<br \/>\npr\u00e8viament. Cada setmana ho fan sis alumnes i<br \/>\npengen el \u201ctalking point\u201d al costat del penjador de<br \/>\nclasse on hi ha el seu nom.<br \/>\nPunt informatiu: Aprofitant un mural, maqueta, imatge<br \/>\no animal que tenim a classe, es preparen<br \/>\ninformacions diverses i complement\u00e0ries.<\/p>\n<p><strong>Font:<\/strong> Consorci d\u2019Educaci\u00f3 de Barcelona<\/p>\n","protected":false},"excerpt":{"rendered":"<p>Adre\u00e7ada a: Alumnat. Nivell: Educaci\u00f3 Infantil i Educaci\u00f3 Prim\u00e0ria. Modalitat: Pr\u00e9stec de ginys per a la compet\u00e8ncia comunicativa. Descripci\u00f3: Lot de 12 botons gravadors de colors que permeten gravar i reproduir 10 segons de so. \u00c9s un recurs adient per a totes les \u00e0rees de les primeres edats aix\u00ed com una eina \u00fatil a l\u2019aula [&hellip;]<\/p>\n","protected":false},"author":1,"featured_media":0,"parent":0,"menu_order":0,"comment_status":"closed","ping_status":"closed","template":"","meta":{"_bbp_topic_count":0,"_bbp_reply_count":0,"_bbp_total_topic_count":0,"_bbp_total_reply_count":0,"_bbp_voice_count":0,"_bbp_anonymous_reply_count":0,"_bbp_topic_count_hidden":0,"_bbp_reply_count_hidden":0,"_bbp_forum_subforum_count":0,"site-sidebar-layout":"default","site-content-layout":"","ast-site-content-layout":"","site-content-style":"default","site-sidebar-style":"default","ast-global-header-display":"","ast-banner-title-visibility":"","ast-main-header-display":"","ast-hfb-above-header-display":"","ast-hfb-below-header-display":"","ast-hfb-mobile-header-display":"","site-post-title":"","ast-breadcrumbs-content":"","ast-featured-img":"","footer-sml-layout":"","theme-transparent-header-meta":"","adv-header-id-meta":"","stick-header-meta":"","header-above-stick-meta":"","header-main-stick-meta":"","header-below-stick-meta":"","astra-migrate-meta-layouts":"default","ast-page-background-enabled":"default","ast-page-background-meta":{"desktop":{"background-color":"var(--ast-global-color-4)","background-image":"","background-repeat":"repeat","background-position":"center center","background-size":"auto","background-attachment":"scroll","background-type":"","background-media":"","overlay-type":"","overlay-color":"","overlay-opacity":"","overlay-gradient":""},"tablet":{"background-color":"","background-image":"","background-repeat":"repeat","background-position":"center center","background-size":"auto","background-attachment":"scroll","background-type":"","background-media":"","overlay-type":"","overlay-color":"","overlay-opacity":"","overlay-gradient":""},"mobile":{"background-color":"","background-image":"","background-repeat":"repeat","background-position":"center center","background-size":"auto","background-attachment":"scroll","background-type":"","background-media":"","overlay-type":"","overlay-color":"","overlay-opacity":"","overlay-gradient":""}},"ast-content-background-meta":{"desktop":{"background-color":"var(--ast-global-color-5)","background-image":"","background-repeat":"repeat","background-position":"center center","background-size":"auto","background-attachment":"scroll","background-type":"","background-media":"","overlay-type":"","overlay-color":"","overlay-opacity":"","overlay-gradient":""},"tablet":{"background-color":"var(--ast-global-color-5)","background-image":"","background-repeat":"repeat","background-position":"center center","background-size":"auto","background-attachment":"scroll","background-type":"","background-media":"","overlay-type":"","overlay-color":"","overlay-opacity":"","overlay-gradient":""},"mobile":{"background-color":"var(--ast-global-color-5)","background-image":"","background-repeat":"repeat","background-position":"center center","background-size":"auto","background-attachment":"scroll","background-type":"","background-media":"","overlay-type":"","overlay-color":"","overlay-opacity":"","overlay-gradient":""}},"footnotes":""},"class_list":["post-9024","page","type-page","status-publish","hentry"],"post_mailing_queue_ids":[],"_links":{"self":[{"href":"https:\/\/serveiseducatius.xtec.cat\/santmarti\/wp-json\/wp\/v2\/pages\/9024","targetHints":{"allow":["GET"]}}],"collection":[{"href":"https:\/\/serveiseducatius.xtec.cat\/santmarti\/wp-json\/wp\/v2\/pages"}],"about":[{"href":"https:\/\/serveiseducatius.xtec.cat\/santmarti\/wp-json\/wp\/v2\/types\/page"}],"author":[{"embeddable":true,"href":"https:\/\/serveiseducatius.xtec.cat\/santmarti\/wp-json\/wp\/v2\/users\/1"}],"replies":[{"embeddable":true,"href":"https:\/\/serveiseducatius.xtec.cat\/santmarti\/wp-json\/wp\/v2\/comments?post=9024"}],"version-history":[{"count":3,"href":"https:\/\/serveiseducatius.xtec.cat\/santmarti\/wp-json\/wp\/v2\/pages\/9024\/revisions"}],"predecessor-version":[{"id":9114,"href":"https:\/\/serveiseducatius.xtec.cat\/santmarti\/wp-json\/wp\/v2\/pages\/9024\/revisions\/9114"}],"wp:attachment":[{"href":"https:\/\/serveiseducatius.xtec.cat\/santmarti\/wp-json\/wp\/v2\/media?parent=9024"}],"curies":[{"name":"wp","href":"https:\/\/api.w.org\/{rel}","templated":true}]}}