{"id":9020,"date":"2023-03-06T14:32:56","date_gmt":"2023-03-06T13:32:56","guid":{"rendered":"https:\/\/serveiseducatius.xtec.cat\/santmarti\/?page_id=9020"},"modified":"2023-03-06T14:33:11","modified_gmt":"2023-03-06T13:33:11","slug":"pda-4-pinces-pack-de-12","status":"publish","type":"page","link":"https:\/\/serveiseducatius.xtec.cat\/santmarti\/pda-4-pinces-pack-de-12\/","title":{"rendered":"PdA.4 Pinces (pack de 12)"},"content":{"rendered":"<p><a href=\"https:\/\/serveiseducatius.xtec.cat\/santmarti\/wp-content\/uploads\/usu785\/2023\/03\/scrnli_6_3_2023-14-31-39.png\"><img loading=\"lazy\" decoding=\"async\" class=\"alignnone size-full wp-image-9021\" src=\"https:\/\/serveiseducatius.xtec.cat\/santmarti\/wp-content\/uploads\/usu785\/2023\/03\/scrnli_6_3_2023-14-31-39.png\" alt=\"\" width=\"158\" height=\"103\" \/><\/a><\/p>\n<p><strong>Adre\u00e7ada a<\/strong>: Alumnat.<br \/>\n<strong>Nivell<\/strong>: Educaci\u00f3 Infantil i Educaci\u00f3 Prim\u00e0ria.<br \/>\n<strong>Modalitat<\/strong>: Pr\u00e9stec de ginys per a la compet\u00e8ncia comunicativa.<br \/>\n<strong>Descripci\u00f3<\/strong>: Lot de 12 ginys, d\u2019alegres colors, enregistrables per parlar i<br \/>\nescolar. El seu sistema de subjecci\u00f3 permet que s&#8217;adaptin a<br \/>\ntot tipus de suport. El temps de gravaci\u00f3 es de 10 segons. \u00c9s<br \/>\nun recurs adient per a totes les \u00e0rees, nivells i necessitats<br \/>\neducatives.<\/p>\n<p><strong>Organitza<\/strong>: Servei Educatiu de Sant Mart\u00ed \u2013 CRP.<br \/>\nPropostes d\u2019\u00fas: Activitats d\u2019associaci\u00f3 d\u2019imatges i mots.<\/p>\n<p>Creaci\u00f3 de seq\u00fc\u00e8ncies temporals. Cada pin\u00e7a<br \/>\nsubjecta una imatge que cal col\u00b7locar correctament<br \/>\nper ordre cronol\u00f2gic. Es pot aplicar a fets hist\u00f2rics,<br \/>\nnarracions, accions encadenades&#8230;<br \/>\nElaboraci\u00f3 col\u00b7lectiva d\u2019un mural que pengen amb les<br \/>\npinces, de tal manera que cada pin\u00e7a informi d\u2019un<br \/>\naspecte diferent del mural.<br \/>\nGimcana per als m\u00e9s petits: Alumnes de P5 o CI<br \/>\npreparen unes pistes per a qu\u00e8 els de P3 trobin uns<br \/>\n\u201ctresors\u201d amagats per l\u2019escola. Aquesta activitat pot<br \/>\nservir per a descobrir espais de l\u2019escola.<\/p>\n<p><strong>Font<\/strong>: Consorci d\u2019Educaci\u00f3 de Barcelona<\/p>\n","protected":false},"excerpt":{"rendered":"<p>Adre\u00e7ada a: Alumnat. Nivell: Educaci\u00f3 Infantil i Educaci\u00f3 Prim\u00e0ria. Modalitat: Pr\u00e9stec de ginys per a la compet\u00e8ncia comunicativa. Descripci\u00f3: Lot de 12 ginys, d\u2019alegres colors, enregistrables per parlar i escolar. El seu sistema de subjecci\u00f3 permet que s&#8217;adaptin a tot tipus de suport. El temps de gravaci\u00f3 es de 10 segons. \u00c9s un recurs adient [&hellip;]<\/p>\n","protected":false},"author":1,"featured_media":0,"parent":0,"menu_order":0,"comment_status":"closed","ping_status":"closed","template":"","meta":{"_bbp_topic_count":0,"_bbp_reply_count":0,"_bbp_total_topic_count":0,"_bbp_total_reply_count":0,"_bbp_voice_count":0,"_bbp_anonymous_reply_count":0,"_bbp_topic_count_hidden":0,"_bbp_reply_count_hidden":0,"_bbp_forum_subforum_count":0,"site-sidebar-layout":"default","site-content-layout":"","ast-site-content-layout":"","site-content-style":"default","site-sidebar-style":"default","ast-global-header-display":"","ast-banner-title-visibility":"","ast-main-header-display":"","ast-hfb-above-header-display":"","ast-hfb-below-header-display":"","ast-hfb-mobile-header-display":"","site-post-title":"","ast-breadcrumbs-content":"","ast-featured-img":"","footer-sml-layout":"","theme-transparent-header-meta":"","adv-header-id-meta":"","stick-header-meta":"","header-above-stick-meta":"","header-main-stick-meta":"","header-below-stick-meta":"","astra-migrate-meta-layouts":"default","ast-page-background-enabled":"default","ast-page-background-meta":{"desktop":{"background-color":"var(--ast-global-color-4)","background-image":"","background-repeat":"repeat","background-position":"center center","background-size":"auto","background-attachment":"scroll","background-type":"","background-media":"","overlay-type":"","overlay-color":"","overlay-opacity":"","overlay-gradient":""},"tablet":{"background-color":"","background-image":"","background-repeat":"repeat","background-position":"center center","background-size":"auto","background-attachment":"scroll","background-type":"","background-media":"","overlay-type":"","overlay-color":"","overlay-opacity":"","overlay-gradient":""},"mobile":{"background-color":"","background-image":"","background-repeat":"repeat","background-position":"center center","background-size":"auto","background-attachment":"scroll","background-type":"","background-media":"","overlay-type":"","overlay-color":"","overlay-opacity":"","overlay-gradient":""}},"ast-content-background-meta":{"desktop":{"background-color":"var(--ast-global-color-5)","background-image":"","background-repeat":"repeat","background-position":"center center","background-size":"auto","background-attachment":"scroll","background-type":"","background-media":"","overlay-type":"","overlay-color":"","overlay-opacity":"","overlay-gradient":""},"tablet":{"background-color":"var(--ast-global-color-5)","background-image":"","background-repeat":"repeat","background-position":"center center","background-size":"auto","background-attachment":"scroll","background-type":"","background-media":"","overlay-type":"","overlay-color":"","overlay-opacity":"","overlay-gradient":""},"mobile":{"background-color":"var(--ast-global-color-5)","background-image":"","background-repeat":"repeat","background-position":"center center","background-size":"auto","background-attachment":"scroll","background-type":"","background-media":"","overlay-type":"","overlay-color":"","overlay-opacity":"","overlay-gradient":""}},"footnotes":""},"class_list":["post-9020","page","type-page","status-publish","hentry"],"post_mailing_queue_ids":[],"_links":{"self":[{"href":"https:\/\/serveiseducatius.xtec.cat\/santmarti\/wp-json\/wp\/v2\/pages\/9020","targetHints":{"allow":["GET"]}}],"collection":[{"href":"https:\/\/serveiseducatius.xtec.cat\/santmarti\/wp-json\/wp\/v2\/pages"}],"about":[{"href":"https:\/\/serveiseducatius.xtec.cat\/santmarti\/wp-json\/wp\/v2\/types\/page"}],"author":[{"embeddable":true,"href":"https:\/\/serveiseducatius.xtec.cat\/santmarti\/wp-json\/wp\/v2\/users\/1"}],"replies":[{"embeddable":true,"href":"https:\/\/serveiseducatius.xtec.cat\/santmarti\/wp-json\/wp\/v2\/comments?post=9020"}],"version-history":[{"count":2,"href":"https:\/\/serveiseducatius.xtec.cat\/santmarti\/wp-json\/wp\/v2\/pages\/9020\/revisions"}],"predecessor-version":[{"id":9023,"href":"https:\/\/serveiseducatius.xtec.cat\/santmarti\/wp-json\/wp\/v2\/pages\/9020\/revisions\/9023"}],"wp:attachment":[{"href":"https:\/\/serveiseducatius.xtec.cat\/santmarti\/wp-json\/wp\/v2\/media?parent=9020"}],"curies":[{"name":"wp","href":"https:\/\/api.w.org\/{rel}","templated":true}]}}