{"id":9016,"date":"2023-03-06T14:28:50","date_gmt":"2023-03-06T13:28:50","guid":{"rendered":"https:\/\/serveiseducatius.xtec.cat\/santmarti\/?page_id=9016"},"modified":"2023-03-09T11:16:00","modified_gmt":"2023-03-09T10:16:00","slug":"pda-3-suport-4-sequencies","status":"publish","type":"page","link":"https:\/\/serveiseducatius.xtec.cat\/santmarti\/pda-3-suport-4-sequencies\/","title":{"rendered":"PdA.3 Suport 4 seq\u00fc\u00e8ncies"},"content":{"rendered":"<p><a href=\"https:\/\/serveiseducatius.xtec.cat\/santmarti\/wp-content\/uploads\/usu785\/2023\/03\/scrnli_6_3_2023-14-27-00.png\"><img loading=\"lazy\" decoding=\"async\" class=\"alignnone size-full wp-image-9018\" src=\"https:\/\/serveiseducatius.xtec.cat\/santmarti\/wp-content\/uploads\/usu785\/2023\/03\/scrnli_6_3_2023-14-27-00.png\" alt=\"\" width=\"178\" height=\"129\" \/><\/a><\/p>\n<p><strong>Adre\u00e7ada a<\/strong>: Alumnat.<br \/>\n<strong>Nivell<\/strong>: Educaci\u00f3 Infantil i Cicle Inicial d\u2019Educaci\u00f3 Prim\u00e0ria i altres.<br \/>\n<strong>Modalitat<\/strong>: Pr\u00e9stec de ginys per a la compet\u00e8ncia comunicativa.<\/p>\n<p><strong>Descripci\u00f3<\/strong>: Pissarra vileda, mida DIN A4, que permet dibuixar amb<br \/>\nretoladors de pissarra blanca i permet enregistrar quatre<br \/>\nmissatges de 6 segons de durada. Aquesta superf\u00edcie tamb\u00e9<br \/>\nadmet enganxar, amb cinta adhesiva de doble cara, dibuixos<br \/>\no imatges retallades.<\/p>\n<p><strong>Organitza<\/strong>: Servei Educatiu de Sant Mart\u00ed \u2013 CRP.<br \/>\n<strong>Propostes d\u2019\u00fas<\/strong>: \uf0a7 Explicaci\u00f3 d\u2019un dibuix amb quatre missatges breus. Es<br \/>\npot donar instruccions per a cada missatge (paisatge,<br \/>\nacci\u00f3, moment del dia&#8230;.)<br \/>\nEls alumnes escolten els missatges enregistrats sense<br \/>\nveure el dibuix i s\u2019imaginen\/expliquen\/dibuixen el que<br \/>\ncreuen que s\u2019hi descriu.<br \/>\nDespr\u00e9s tothom mira el dibuix original<br \/>\n\uf0a7 Es dibuixen o s\u2019enganxen dues imatges que seran els<br \/>\npersonatges que faran un petit di\u00e0leg de dues<br \/>\nintervencions cada un.<br \/>\n\uf0a7 Per grups, es prepara un dibuix o imatge i se\u2019n<br \/>\nenregistra un breu comentari (t\u00edtol) en quatre lleng\u00fces<br \/>\ndiferents.<br \/>\nPot ser una activitat d\u2019aula d\u2019acollida per a alumnat<br \/>\nnouvingut o per treballar la diversitat de lleng\u00fces a<br \/>\nl\u2019aula ordin\u00e0ria.<\/p>\n<p><strong>Font<\/strong>: Consorci d\u2019Educaci\u00f3 de Barcelona<\/p>\n","protected":false},"excerpt":{"rendered":"<p>Adre\u00e7ada a: Alumnat. Nivell: Educaci\u00f3 Infantil i Cicle Inicial d\u2019Educaci\u00f3 Prim\u00e0ria i altres. Modalitat: Pr\u00e9stec de ginys per a la compet\u00e8ncia comunicativa. Descripci\u00f3: Pissarra vileda, mida DIN A4, que permet dibuixar amb retoladors de pissarra blanca i permet enregistrar quatre missatges de 6 segons de durada. Aquesta superf\u00edcie tamb\u00e9 admet enganxar, amb cinta adhesiva de [&hellip;]<\/p>\n","protected":false},"author":1,"featured_media":0,"parent":0,"menu_order":0,"comment_status":"closed","ping_status":"closed","template":"","meta":{"_bbp_topic_count":0,"_bbp_reply_count":0,"_bbp_total_topic_count":0,"_bbp_total_reply_count":0,"_bbp_voice_count":0,"_bbp_anonymous_reply_count":0,"_bbp_topic_count_hidden":0,"_bbp_reply_count_hidden":0,"_bbp_forum_subforum_count":0,"site-sidebar-layout":"default","site-content-layout":"","ast-site-content-layout":"","site-content-style":"default","site-sidebar-style":"default","ast-global-header-display":"","ast-banner-title-visibility":"","ast-main-header-display":"","ast-hfb-above-header-display":"","ast-hfb-below-header-display":"","ast-hfb-mobile-header-display":"","site-post-title":"","ast-breadcrumbs-content":"","ast-featured-img":"","footer-sml-layout":"","theme-transparent-header-meta":"","adv-header-id-meta":"","stick-header-meta":"","header-above-stick-meta":"","header-main-stick-meta":"","header-below-stick-meta":"","astra-migrate-meta-layouts":"default","ast-page-background-enabled":"default","ast-page-background-meta":{"desktop":{"background-color":"var(--ast-global-color-4)","background-image":"","background-repeat":"repeat","background-position":"center center","background-size":"auto","background-attachment":"scroll","background-type":"","background-media":"","overlay-type":"","overlay-color":"","overlay-opacity":"","overlay-gradient":""},"tablet":{"background-color":"","background-image":"","background-repeat":"repeat","background-position":"center center","background-size":"auto","background-attachment":"scroll","background-type":"","background-media":"","overlay-type":"","overlay-color":"","overlay-opacity":"","overlay-gradient":""},"mobile":{"background-color":"","background-image":"","background-repeat":"repeat","background-position":"center center","background-size":"auto","background-attachment":"scroll","background-type":"","background-media":"","overlay-type":"","overlay-color":"","overlay-opacity":"","overlay-gradient":""}},"ast-content-background-meta":{"desktop":{"background-color":"var(--ast-global-color-5)","background-image":"","background-repeat":"repeat","background-position":"center center","background-size":"auto","background-attachment":"scroll","background-type":"","background-media":"","overlay-type":"","overlay-color":"","overlay-opacity":"","overlay-gradient":""},"tablet":{"background-color":"var(--ast-global-color-5)","background-image":"","background-repeat":"repeat","background-position":"center center","background-size":"auto","background-attachment":"scroll","background-type":"","background-media":"","overlay-type":"","overlay-color":"","overlay-opacity":"","overlay-gradient":""},"mobile":{"background-color":"var(--ast-global-color-5)","background-image":"","background-repeat":"repeat","background-position":"center center","background-size":"auto","background-attachment":"scroll","background-type":"","background-media":"","overlay-type":"","overlay-color":"","overlay-opacity":"","overlay-gradient":""}},"footnotes":""},"class_list":["post-9016","page","type-page","status-publish","hentry"],"post_mailing_queue_ids":[],"_links":{"self":[{"href":"https:\/\/serveiseducatius.xtec.cat\/santmarti\/wp-json\/wp\/v2\/pages\/9016","targetHints":{"allow":["GET"]}}],"collection":[{"href":"https:\/\/serveiseducatius.xtec.cat\/santmarti\/wp-json\/wp\/v2\/pages"}],"about":[{"href":"https:\/\/serveiseducatius.xtec.cat\/santmarti\/wp-json\/wp\/v2\/types\/page"}],"author":[{"embeddable":true,"href":"https:\/\/serveiseducatius.xtec.cat\/santmarti\/wp-json\/wp\/v2\/users\/1"}],"replies":[{"embeddable":true,"href":"https:\/\/serveiseducatius.xtec.cat\/santmarti\/wp-json\/wp\/v2\/comments?post=9016"}],"version-history":[{"count":2,"href":"https:\/\/serveiseducatius.xtec.cat\/santmarti\/wp-json\/wp\/v2\/pages\/9016\/revisions"}],"predecessor-version":[{"id":9019,"href":"https:\/\/serveiseducatius.xtec.cat\/santmarti\/wp-json\/wp\/v2\/pages\/9016\/revisions\/9019"}],"wp:attachment":[{"href":"https:\/\/serveiseducatius.xtec.cat\/santmarti\/wp-json\/wp\/v2\/media?parent=9016"}],"curies":[{"name":"wp","href":"https:\/\/api.w.org\/{rel}","templated":true}]}}