{"id":9013,"date":"2023-03-06T14:24:01","date_gmt":"2023-03-06T13:24:01","guid":{"rendered":"https:\/\/serveiseducatius.xtec.cat\/santmarti\/?page_id=9013"},"modified":"2023-03-09T11:14:36","modified_gmt":"2023-03-09T10:14:36","slug":"pda-2-suport-6-sequencies","status":"publish","type":"page","link":"https:\/\/serveiseducatius.xtec.cat\/santmarti\/pda-2-suport-6-sequencies\/","title":{"rendered":"PdA.2 Suport 6 seq\u00fc\u00e8ncies"},"content":{"rendered":"<p>&nbsp;<\/p>\n<p><a href=\"https:\/\/serveiseducatius.xtec.cat\/santmarti\/wp-content\/uploads\/usu785\/2023\/03\/sequencies.png\"><img loading=\"lazy\" decoding=\"async\" class=\"alignnone wp-image-9014 size-full\" src=\"https:\/\/serveiseducatius.xtec.cat\/santmarti\/wp-content\/uploads\/usu785\/2023\/03\/sequencies-e1678108895395.png\" alt=\"\" width=\"215\" height=\"158\" \/><\/a><\/p>\n<p><strong>Adre\u00e7ada a<\/strong>: Alumnat.<br \/>\n<strong>Nivell<\/strong>: Educaci\u00f3 Infantil i Cicle Inicial d\u2019Educaci\u00f3 Prim\u00e0ria i altres.<br \/>\n<strong>Modalitat<\/strong>: Pr\u00e9stec de ginys per a la compet\u00e8ncia comunicativa.<br \/>\n<strong>Descripci\u00f3<\/strong>: Suport r\u00edgids amb 6 espais enregistrables que permeten<br \/>\ninserir una imatge o dibuix. El temps de gravaci\u00f3 \u00e9s de 10<br \/>\nsegons.<\/p>\n<p><strong>Organitza<\/strong>: Servei Educatiu de Sant Mart\u00ed \u2013 CRP.<\/p>\n<p><strong>Propostes d\u2019\u00fas<\/strong>: Activitats d\u2019associaci\u00f3 d\u2019una imatge a un text<br \/>\nenregistrat (tamb\u00e9 escrit). Es pot fer en qualsevol de<br \/>\nles lleng\u00fces que es treballin a l\u2019aula.<br \/>\nUn grup (3-4 alumnes) preparen una tira c\u00f2mica<br \/>\nil\u00b7lustrada de sis escenes i l\u2019enregistren.<br \/>\nEl grup seg\u00fcent haur\u00e0 de posar les il\u00b7lustracions al<br \/>\nlloc corresponent i escriure la hist\u00f2ria.<br \/>\nPosteriorment hauran de preparar una nova tira<br \/>\nc\u00f2mica i passa-la a un altre grup.<br \/>\nElaboraci\u00f3, per part dels alumnes de Cicle Superior,<br \/>\nd\u2019una gimcana de sis proves per als m\u00e9s petits. En<br \/>\ncada bot\u00f3 s\u2019enregistra una prova.<br \/>\nCada grup de participants tira un dau per saber per<br \/>\nquina prova comen\u00e7a. Escolten l\u2019enregistrament i fan<br \/>\nla prova.<br \/>\nQuan la prova sigui validada, podran escoltar el<br \/>\nseg\u00fcent missatge.<\/p>\n<p>Font: Consorci d\u2019Educaci\u00f3 de Barcelona<\/p>\n","protected":false},"excerpt":{"rendered":"<p>&nbsp; Adre\u00e7ada a: Alumnat. Nivell: Educaci\u00f3 Infantil i Cicle Inicial d\u2019Educaci\u00f3 Prim\u00e0ria i altres. Modalitat: Pr\u00e9stec de ginys per a la compet\u00e8ncia comunicativa. Descripci\u00f3: Suport r\u00edgids amb 6 espais enregistrables que permeten inserir una imatge o dibuix. El temps de gravaci\u00f3 \u00e9s de 10 segons. Organitza: Servei Educatiu de Sant Mart\u00ed \u2013 CRP. Propostes d\u2019\u00fas: [&hellip;]<\/p>\n","protected":false},"author":1,"featured_media":0,"parent":0,"menu_order":0,"comment_status":"closed","ping_status":"closed","template":"","meta":{"_bbp_topic_count":0,"_bbp_reply_count":0,"_bbp_total_topic_count":0,"_bbp_total_reply_count":0,"_bbp_voice_count":0,"_bbp_anonymous_reply_count":0,"_bbp_topic_count_hidden":0,"_bbp_reply_count_hidden":0,"_bbp_forum_subforum_count":0,"site-sidebar-layout":"default","site-content-layout":"","ast-site-content-layout":"","site-content-style":"default","site-sidebar-style":"default","ast-global-header-display":"","ast-banner-title-visibility":"","ast-main-header-display":"","ast-hfb-above-header-display":"","ast-hfb-below-header-display":"","ast-hfb-mobile-header-display":"","site-post-title":"","ast-breadcrumbs-content":"","ast-featured-img":"","footer-sml-layout":"","theme-transparent-header-meta":"","adv-header-id-meta":"","stick-header-meta":"","header-above-stick-meta":"","header-main-stick-meta":"","header-below-stick-meta":"","astra-migrate-meta-layouts":"default","ast-page-background-enabled":"default","ast-page-background-meta":{"desktop":{"background-color":"var(--ast-global-color-4)","background-image":"","background-repeat":"repeat","background-position":"center center","background-size":"auto","background-attachment":"scroll","background-type":"","background-media":"","overlay-type":"","overlay-color":"","overlay-opacity":"","overlay-gradient":""},"tablet":{"background-color":"","background-image":"","background-repeat":"repeat","background-position":"center center","background-size":"auto","background-attachment":"scroll","background-type":"","background-media":"","overlay-type":"","overlay-color":"","overlay-opacity":"","overlay-gradient":""},"mobile":{"background-color":"","background-image":"","background-repeat":"repeat","background-position":"center center","background-size":"auto","background-attachment":"scroll","background-type":"","background-media":"","overlay-type":"","overlay-color":"","overlay-opacity":"","overlay-gradient":""}},"ast-content-background-meta":{"desktop":{"background-color":"var(--ast-global-color-5)","background-image":"","background-repeat":"repeat","background-position":"center center","background-size":"auto","background-attachment":"scroll","background-type":"","background-media":"","overlay-type":"","overlay-color":"","overlay-opacity":"","overlay-gradient":""},"tablet":{"background-color":"var(--ast-global-color-5)","background-image":"","background-repeat":"repeat","background-position":"center center","background-size":"auto","background-attachment":"scroll","background-type":"","background-media":"","overlay-type":"","overlay-color":"","overlay-opacity":"","overlay-gradient":""},"mobile":{"background-color":"var(--ast-global-color-5)","background-image":"","background-repeat":"repeat","background-position":"center center","background-size":"auto","background-attachment":"scroll","background-type":"","background-media":"","overlay-type":"","overlay-color":"","overlay-opacity":"","overlay-gradient":""}},"footnotes":""},"class_list":["post-9013","page","type-page","status-publish","hentry"],"post_mailing_queue_ids":[],"_links":{"self":[{"href":"https:\/\/serveiseducatius.xtec.cat\/santmarti\/wp-json\/wp\/v2\/pages\/9013","targetHints":{"allow":["GET"]}}],"collection":[{"href":"https:\/\/serveiseducatius.xtec.cat\/santmarti\/wp-json\/wp\/v2\/pages"}],"about":[{"href":"https:\/\/serveiseducatius.xtec.cat\/santmarti\/wp-json\/wp\/v2\/types\/page"}],"author":[{"embeddable":true,"href":"https:\/\/serveiseducatius.xtec.cat\/santmarti\/wp-json\/wp\/v2\/users\/1"}],"replies":[{"embeddable":true,"href":"https:\/\/serveiseducatius.xtec.cat\/santmarti\/wp-json\/wp\/v2\/comments?post=9013"}],"version-history":[{"count":2,"href":"https:\/\/serveiseducatius.xtec.cat\/santmarti\/wp-json\/wp\/v2\/pages\/9013\/revisions"}],"predecessor-version":[{"id":9113,"href":"https:\/\/serveiseducatius.xtec.cat\/santmarti\/wp-json\/wp\/v2\/pages\/9013\/revisions\/9113"}],"wp:attachment":[{"href":"https:\/\/serveiseducatius.xtec.cat\/santmarti\/wp-json\/wp\/v2\/media?parent=9013"}],"curies":[{"name":"wp","href":"https:\/\/api.w.org\/{rel}","templated":true}]}}