{"id":7787,"date":"2022-04-07T13:57:38","date_gmt":"2022-04-07T11:57:38","guid":{"rendered":"https:\/\/serveiseducatius.xtec.cat\/santmarti\/?page_id=7787"},"modified":"2024-02-26T10:07:57","modified_gmt":"2024-02-26T09:07:57","slug":"gi-bafarades","status":"publish","type":"page","link":"https:\/\/serveiseducatius.xtec.cat\/santmarti\/gi-bafarades\/","title":{"rendered":"PdA.1 Bafarades"},"content":{"rendered":"<p><strong>Adre\u00e7ada :\u00a0<\/strong><\/p>\n<p>Nivell: Educaci\u00f3 Infantil i Cicle Inicial d\u2019Educaci\u00f3 Prim\u00e0ria.<br \/>\nModalitat: Pr\u00e9stec de ginys per a la compet\u00e8ncia comunicativa.<br \/>\nDescripci\u00f3: Lot de 5 ginys enregistrables per parlar i escolar, en forma<a href=\"https:\/\/serveiseducatius.xtec.cat\/santmarti\/wp-content\/uploads\/usu785\/2022\/04\/Resultats-de-la-cerca_-Google-Drive.png\"><img loading=\"lazy\" decoding=\"async\" class=\" wp-image-7788 alignright\" src=\"https:\/\/serveiseducatius.xtec.cat\/santmarti\/wp-content\/uploads\/usu785\/2022\/04\/Resultats-de-la-cerca_-Google-Drive.png\" alt=\"\" width=\"244\" height=\"141\" \/><\/a><br \/>\nde bafarada de c\u00f2mic. El temps de gravaci\u00f3 \u00e9s de 10<br \/>\nsegons. La seva superf\u00edcie plana i en material vileda<br \/>\npossibilita escriure d\u2019escriure a sobre d\u2019ella o enganxar-hi<br \/>\nuna imatge. \u00c9s un recurs adient per a totes les \u00e0rees de les<br \/>\nprimeres edats aix\u00ed com una eina \u00fatil a l\u2019aula d\u2019acollida.<\/p>\n<p>Organitza: Servei Educatiu de Sant Mart\u00ed \u2013 CRP.<br \/>\nPropostes d\u2019\u00fas: Aprenentatge de frases simples i b\u00e0siques. Escriptura<br \/>\ni pron\u00fancia. La bafarada pot apuntar a un personatge<br \/>\no a un objecte real o dibuixat.<br \/>\nLes bafarades poden parlar o emetre sons i efectes<br \/>\nespecials dins la creaci\u00f3 d\u2019un c\u00f2mic.<br \/>\nRepresentaci\u00f3 d\u2019una escena de teatre entre un actor<br \/>\nreal i un de dibuixat.<br \/>\nUn personatge explica diferents trets: qui s\u00f3c, de qu\u00e8<br \/>\ntreballo, que m\u2019agrada fer&#8230;<br \/>\nEnregistrar una petita presentaci\u00f3 personal en una<br \/>\nbafarada que apunta a la fotografia de l\u2019alumne. En la<br \/>\nbafarada s\u2019hi pot escriure el nom.<\/p>\n<p>Font: Consorci d\u2019Educaci\u00f3 de Barcelona<\/p>\n","protected":false},"excerpt":{"rendered":"<p>Adre\u00e7ada :\u00a0 Nivell: Educaci\u00f3 Infantil i Cicle Inicial d\u2019Educaci\u00f3 Prim\u00e0ria. Modalitat: Pr\u00e9stec de ginys per a la compet\u00e8ncia comunicativa. Descripci\u00f3: Lot de 5 ginys enregistrables per parlar i escolar, en forma de bafarada de c\u00f2mic. El temps de gravaci\u00f3 \u00e9s de 10 segons. La seva superf\u00edcie plana i en material vileda possibilita escriure d\u2019escriure a [&hellip;]<\/p>\n","protected":false},"author":1,"featured_media":0,"parent":0,"menu_order":0,"comment_status":"closed","ping_status":"closed","template":"","meta":{"_bbp_topic_count":0,"_bbp_reply_count":0,"_bbp_total_topic_count":0,"_bbp_total_reply_count":0,"_bbp_voice_count":0,"_bbp_anonymous_reply_count":0,"_bbp_topic_count_hidden":0,"_bbp_reply_count_hidden":0,"_bbp_forum_subforum_count":0,"site-sidebar-layout":"default","site-content-layout":"","ast-site-content-layout":"","site-content-style":"default","site-sidebar-style":"default","ast-global-header-display":"","ast-banner-title-visibility":"","ast-main-header-display":"","ast-hfb-above-header-display":"","ast-hfb-below-header-display":"","ast-hfb-mobile-header-display":"","site-post-title":"","ast-breadcrumbs-content":"","ast-featured-img":"","footer-sml-layout":"","theme-transparent-header-meta":"","adv-header-id-meta":"","stick-header-meta":"","header-above-stick-meta":"","header-main-stick-meta":"","header-below-stick-meta":"","astra-migrate-meta-layouts":"default","ast-page-background-enabled":"default","ast-page-background-meta":{"desktop":{"background-color":"var(--ast-global-color-4)","background-image":"","background-repeat":"repeat","background-position":"center center","background-size":"auto","background-attachment":"scroll","background-type":"","background-media":"","overlay-type":"","overlay-color":"","overlay-opacity":"","overlay-gradient":""},"tablet":{"background-color":"","background-image":"","background-repeat":"repeat","background-position":"center center","background-size":"auto","background-attachment":"scroll","background-type":"","background-media":"","overlay-type":"","overlay-color":"","overlay-opacity":"","overlay-gradient":""},"mobile":{"background-color":"","background-image":"","background-repeat":"repeat","background-position":"center center","background-size":"auto","background-attachment":"scroll","background-type":"","background-media":"","overlay-type":"","overlay-color":"","overlay-opacity":"","overlay-gradient":""}},"ast-content-background-meta":{"desktop":{"background-color":"var(--ast-global-color-5)","background-image":"","background-repeat":"repeat","background-position":"center center","background-size":"auto","background-attachment":"scroll","background-type":"","background-media":"","overlay-type":"","overlay-color":"","overlay-opacity":"","overlay-gradient":""},"tablet":{"background-color":"var(--ast-global-color-5)","background-image":"","background-repeat":"repeat","background-position":"center center","background-size":"auto","background-attachment":"scroll","background-type":"","background-media":"","overlay-type":"","overlay-color":"","overlay-opacity":"","overlay-gradient":""},"mobile":{"background-color":"var(--ast-global-color-5)","background-image":"","background-repeat":"repeat","background-position":"center center","background-size":"auto","background-attachment":"scroll","background-type":"","background-media":"","overlay-type":"","overlay-color":"","overlay-opacity":"","overlay-gradient":""}},"footnotes":""},"class_list":["post-7787","page","type-page","status-publish","hentry"],"post_mailing_queue_ids":[],"_links":{"self":[{"href":"https:\/\/serveiseducatius.xtec.cat\/santmarti\/wp-json\/wp\/v2\/pages\/7787","targetHints":{"allow":["GET"]}}],"collection":[{"href":"https:\/\/serveiseducatius.xtec.cat\/santmarti\/wp-json\/wp\/v2\/pages"}],"about":[{"href":"https:\/\/serveiseducatius.xtec.cat\/santmarti\/wp-json\/wp\/v2\/types\/page"}],"author":[{"embeddable":true,"href":"https:\/\/serveiseducatius.xtec.cat\/santmarti\/wp-json\/wp\/v2\/users\/1"}],"replies":[{"embeddable":true,"href":"https:\/\/serveiseducatius.xtec.cat\/santmarti\/wp-json\/wp\/v2\/comments?post=7787"}],"version-history":[{"count":4,"href":"https:\/\/serveiseducatius.xtec.cat\/santmarti\/wp-json\/wp\/v2\/pages\/7787\/revisions"}],"predecessor-version":[{"id":10486,"href":"https:\/\/serveiseducatius.xtec.cat\/santmarti\/wp-json\/wp\/v2\/pages\/7787\/revisions\/10486"}],"wp:attachment":[{"href":"https:\/\/serveiseducatius.xtec.cat\/santmarti\/wp-json\/wp\/v2\/media?parent=7787"}],"curies":[{"name":"wp","href":"https:\/\/api.w.org\/{rel}","templated":true}]}}