{"id":7688,"date":"2022-04-01T11:41:23","date_gmt":"2022-04-01T09:41:23","guid":{"rendered":"https:\/\/serveiseducatius.xtec.cat\/santmarti\/?page_id=7688"},"modified":"2023-03-09T11:32:52","modified_gmt":"2023-03-09T10:32:52","slug":"m-dan-dan-dansa","status":"publish","type":"page","link":"https:\/\/serveiseducatius.xtec.cat\/santmarti\/m-dan-dan-dansa\/","title":{"rendered":"PdA.12 Dan dan dansa"},"content":{"rendered":"<p><a href=\"https:\/\/serveiseducatius.xtec.cat\/santmarti\/wp-content\/uploads\/usu785\/2022\/04\/2022-04-01-11_39_34-la-maleta-pedagogica.pdf.png\"><img loading=\"lazy\" decoding=\"async\" class=\"size-medium wp-image-7689 alignleft\" src=\"https:\/\/serveiseducatius.xtec.cat\/santmarti\/wp-content\/uploads\/usu785\/2022\/04\/2022-04-01-11_39_34-la-maleta-pedagogica.pdf-300x270.png\" alt=\"\" width=\"300\" height=\"270\" srcset=\"https:\/\/serveiseducatius.xtec.cat\/santmarti\/wp-content\/uploads\/usu785\/2022\/04\/2022-04-01-11_39_34-la-maleta-pedagogica.pdf-300x270.png 300w, https:\/\/serveiseducatius.xtec.cat\/santmarti\/wp-content\/uploads\/usu785\/2022\/04\/2022-04-01-11_39_34-la-maleta-pedagogica.pdf.png 364w\" sizes=\"auto, (max-width: 300px) 100vw, 300px\" \/><\/a>Us presento la Maleta Pedag\u00f2gica del Dan Dan Dansa del Mercat de les Flors que cada any s\u2019ofereix en pr\u00e9stec a les escoles d\u2019Infantil i Prim\u00e0ria per mitj\u00e0 dels CRP\u2019s i els Teatres vinculats al Mercat de les Flors.<br \/>\nAquest any les escoles de Sudansa tamb\u00e9 poden demanar-la ja que la nostra l\u00ednia de treball i objectius coincideixen amb la del Mercat i aprofitant tamb\u00e9 que els Encontres Sudansa 2012 s\u2019organitzen aqu\u00ed.<br \/>\nRebem aquesta Maleta com un treball complementari, \u00e9s una oportunitat m\u00e9s d\u2019avan\u00e7ar en el proc\u00e9s de formaci\u00f3 que organitza Sudansa des del primer any. La Maleta \u00e9s un recurs did\u00e0ctic que ajudar\u00e0 a preparar i a entendre encara m\u00e9s la feina del core\u00f2graf.<br \/>\nSeguidament us faig una introducci\u00f3 del qu\u00e8 hi ha a la maleta i com funciona ja que una de les meves tasques dins el Mercat de les flors \u00e9s gestionar el pr\u00e9stec d\u2019aquestes maletes.<\/p>\n<p>La Maleta consta d\u2019un dossier pedag\u00f2gic que dona recursos per a treballar<br \/>\nla dansa a l\u2019aula, tenint present el bagatge del docent. Per aix\u00f2 el<br \/>\nllenguatge que s\u2019utilitza en el dossier es una barreja entre els termes m\u00e9s<br \/>\npedag\u00f2gics i els m\u00e9s creatius, flexibles i oberts. En aquest dossier s\u2019explica<br \/>\ni s\u2019introdueix uns 5 conceptes de dansa i s\u2019acompanya d\u2019unes activitats<br \/>\nque es detallen per edats i per cicles educatius. \u00c9s un treball molt<br \/>\nintroductori per a mestres que mai han fet dansa, aquelles mestres que ja<br \/>\nporteu temps amb Sudansa potser trobareu que \u00e9s molt b\u00e0sic. No obstant<br \/>\nus recomano que l\u2019aprofiteu i l\u2019ensenyeu al vostre Centre Educatiu per a<br \/>\nqu\u00e8 tot el claustre de professors pugui descobrir la dansa i com es treballa.<br \/>\nD\u2019aquesta manera tot el claustre de mestres es pot adonar del qu\u00e8<br \/>\ncomporta tamb\u00e9 el treball de Sudansa. Us asseguro que est\u00e0 pensat per a<br \/>\nqu\u00e8 el mestre obri la Maleta i es posi a treballar juntament amb el seus<br \/>\nalumnes, no es necessita cap formaci\u00f3 pr\u00e8via.<br \/>\n<a href=\"https:\/\/serveiseducatius.xtec.cat\/santmarti\/wp-content\/uploads\/usu785\/2022\/04\/2022-04-01-11_40_42-la-maleta-pedagogica.pdf.png\"><img loading=\"lazy\" decoding=\"async\" class=\"aligncenter size-medium wp-image-7690\" src=\"https:\/\/serveiseducatius.xtec.cat\/santmarti\/wp-content\/uploads\/usu785\/2022\/04\/2022-04-01-11_40_42-la-maleta-pedagogica.pdf-300x119.png\" alt=\"\" width=\"300\" height=\"119\" srcset=\"https:\/\/serveiseducatius.xtec.cat\/santmarti\/wp-content\/uploads\/usu785\/2022\/04\/2022-04-01-11_40_42-la-maleta-pedagogica.pdf-300x119.png 300w, https:\/\/serveiseducatius.xtec.cat\/santmarti\/wp-content\/uploads\/usu785\/2022\/04\/2022-04-01-11_40_42-la-maleta-pedagogica.pdf.png 683w\" sizes=\"auto, (max-width: 300px) 100vw, 300px\" \/><\/a><br \/>\nUs explico el proc\u00e9s de pr\u00e9stec:<br \/>\n1er Necessito saber en quina data m\u00e9s o menys us agradaria tenir la Maleta al vostre centre educatiu i l\u2019adre\u00e7a concreta de la vostra escola. Tota aquesta informaci\u00f3 l\u2019heu d\u2019enviar a aquest email: educatius@mercatflors.cat.<\/p>\n<p>2on Entre la meva companya, la Rosa i jo elaborarem un calendari amb totes les vostres demandes, si no s\u00f3n compatibles us tornarem a preguntar una altra data.<\/p>\n<p>3er La Rosa es posar\u00e0 en contacte amb vosaltres, via tel\u00e8fon o email, per avisar-vos el dia exacte que rebreu la Maleta a la vostra escola. I per recollir-la, la Rosa tamb\u00e9 us avisar\u00e0.<\/p>\n","protected":false},"excerpt":{"rendered":"<p>Us presento la Maleta Pedag\u00f2gica del Dan Dan Dansa del Mercat de les Flors que cada any s\u2019ofereix en pr\u00e9stec a les escoles d\u2019Infantil i Prim\u00e0ria per mitj\u00e0 dels CRP\u2019s i els Teatres vinculats al Mercat de les Flors. Aquest any les escoles de Sudansa tamb\u00e9 poden demanar-la ja que la nostra l\u00ednia de treball [&hellip;]<\/p>\n","protected":false},"author":9,"featured_media":0,"parent":0,"menu_order":0,"comment_status":"closed","ping_status":"closed","template":"","meta":{"_bbp_topic_count":0,"_bbp_reply_count":0,"_bbp_total_topic_count":0,"_bbp_total_reply_count":0,"_bbp_voice_count":0,"_bbp_anonymous_reply_count":0,"_bbp_topic_count_hidden":0,"_bbp_reply_count_hidden":0,"_bbp_forum_subforum_count":0,"site-sidebar-layout":"default","site-content-layout":"","ast-site-content-layout":"","site-content-style":"default","site-sidebar-style":"default","ast-global-header-display":"","ast-banner-title-visibility":"","ast-main-header-display":"","ast-hfb-above-header-display":"","ast-hfb-below-header-display":"","ast-hfb-mobile-header-display":"","site-post-title":"","ast-breadcrumbs-content":"","ast-featured-img":"","footer-sml-layout":"","theme-transparent-header-meta":"","adv-header-id-meta":"","stick-header-meta":"","header-above-stick-meta":"","header-main-stick-meta":"","header-below-stick-meta":"","astra-migrate-meta-layouts":"default","ast-page-background-enabled":"default","ast-page-background-meta":{"desktop":{"background-color":"var(--ast-global-color-4)","background-image":"","background-repeat":"repeat","background-position":"center center","background-size":"auto","background-attachment":"scroll","background-type":"","background-media":"","overlay-type":"","overlay-color":"","overlay-opacity":"","overlay-gradient":""},"tablet":{"background-color":"","background-image":"","background-repeat":"repeat","background-position":"center center","background-size":"auto","background-attachment":"scroll","background-type":"","background-media":"","overlay-type":"","overlay-color":"","overlay-opacity":"","overlay-gradient":""},"mobile":{"background-color":"","background-image":"","background-repeat":"repeat","background-position":"center center","background-size":"auto","background-attachment":"scroll","background-type":"","background-media":"","overlay-type":"","overlay-color":"","overlay-opacity":"","overlay-gradient":""}},"ast-content-background-meta":{"desktop":{"background-color":"var(--ast-global-color-5)","background-image":"","background-repeat":"repeat","background-position":"center center","background-size":"auto","background-attachment":"scroll","background-type":"","background-media":"","overlay-type":"","overlay-color":"","overlay-opacity":"","overlay-gradient":""},"tablet":{"background-color":"var(--ast-global-color-5)","background-image":"","background-repeat":"repeat","background-position":"center center","background-size":"auto","background-attachment":"scroll","background-type":"","background-media":"","overlay-type":"","overlay-color":"","overlay-opacity":"","overlay-gradient":""},"mobile":{"background-color":"var(--ast-global-color-5)","background-image":"","background-repeat":"repeat","background-position":"center center","background-size":"auto","background-attachment":"scroll","background-type":"","background-media":"","overlay-type":"","overlay-color":"","overlay-opacity":"","overlay-gradient":""}},"footnotes":""},"class_list":["post-7688","page","type-page","status-publish","hentry"],"post_mailing_queue_ids":[],"_links":{"self":[{"href":"https:\/\/serveiseducatius.xtec.cat\/santmarti\/wp-json\/wp\/v2\/pages\/7688","targetHints":{"allow":["GET"]}}],"collection":[{"href":"https:\/\/serveiseducatius.xtec.cat\/santmarti\/wp-json\/wp\/v2\/pages"}],"about":[{"href":"https:\/\/serveiseducatius.xtec.cat\/santmarti\/wp-json\/wp\/v2\/types\/page"}],"author":[{"embeddable":true,"href":"https:\/\/serveiseducatius.xtec.cat\/santmarti\/wp-json\/wp\/v2\/users\/9"}],"replies":[{"embeddable":true,"href":"https:\/\/serveiseducatius.xtec.cat\/santmarti\/wp-json\/wp\/v2\/comments?post=7688"}],"version-history":[{"count":2,"href":"https:\/\/serveiseducatius.xtec.cat\/santmarti\/wp-json\/wp\/v2\/pages\/7688\/revisions"}],"predecessor-version":[{"id":8948,"href":"https:\/\/serveiseducatius.xtec.cat\/santmarti\/wp-json\/wp\/v2\/pages\/7688\/revisions\/8948"}],"wp:attachment":[{"href":"https:\/\/serveiseducatius.xtec.cat\/santmarti\/wp-json\/wp\/v2\/media?parent=7688"}],"curies":[{"name":"wp","href":"https:\/\/api.w.org\/{rel}","templated":true}]}}