{"id":7619,"date":"2022-03-31T14:05:58","date_gmt":"2022-03-31T12:05:58","guid":{"rendered":"https:\/\/serveiseducatius.xtec.cat\/santmarti\/?page_id=7619"},"modified":"2023-03-02T12:06:06","modified_gmt":"2023-03-02T11:06:06","slug":"m-material-translucid","status":"publish","type":"page","link":"https:\/\/serveiseducatius.xtec.cat\/santmarti\/m-material-translucid\/","title":{"rendered":"PdA.17 Material transl\u00facid"},"content":{"rendered":"<p><a href=\"https:\/\/serveiseducatius.xtec.cat\/santmarti\/wp-content\/uploads\/usu785\/2022\/03\/2022-03-31-18_12_18-Etiquetes-material-traslucid.docx-Documents-de-Google.png\"><img loading=\"lazy\" decoding=\"async\" class=\"size-medium wp-image-7667 alignleft\" src=\"https:\/\/serveiseducatius.xtec.cat\/santmarti\/wp-content\/uploads\/usu785\/2022\/03\/2022-03-31-18_12_18-Etiquetes-material-traslucid.docx-Documents-de-Google-300x146.png\" alt=\"\" width=\"300\" height=\"146\" srcset=\"https:\/\/serveiseducatius.xtec.cat\/santmarti\/wp-content\/uploads\/usu785\/2022\/03\/2022-03-31-18_12_18-Etiquetes-material-traslucid.docx-Documents-de-Google-300x146.png 300w, https:\/\/serveiseducatius.xtec.cat\/santmarti\/wp-content\/uploads\/usu785\/2022\/03\/2022-03-31-18_12_18-Etiquetes-material-traslucid.docx-Documents-de-Google.png 369w\" sizes=\"auto, (max-width: 300px) 100vw, 300px\" \/><\/a>Adre\u00e7ada a: Alumnat.<br \/>\nNivell: Educaci\u00f3 infantil i prim\u00e0ria.<br \/>\nModalitat: Pr\u00e9stec de material did\u00e0ctic.<br \/>\nObjectius: Experimentar amb els diferents materials, colors i la llum.<br \/>\nDescripci\u00f3:<\/p>\n<p>\u25cf Set de 100 discs met\u00e0l\u00b7lics de colors transl\u00facids.<\/p>\n<p>\u25cf Set de 10 n\u00fameros de silicona.<br \/>\n\u25cf 12 pol\u00edgons transl\u00facids de colors.<br \/>\n\u25cf Set de 26 lletres min\u00fascules de l\u2019abecedari.<br \/>\n\u25cf 14 figures geom\u00e8triques transl\u00facides.<\/p>\n<p>Propostes d\u2019\u00fas: Aquest material es pot fer servir tant amb una taula de llum com amb un retroprojector<\/p>\n<p>Contingut de la maleta:<br \/>\nSet de 100 discs met\u00e0l\u00b7lics de colors<\/p>\n<p>Set de 10 n\u00fameros grans de silicona<\/p>\n<p>12 pol\u00edgons transl\u00facids de colors<\/p>\n<p>Set de 26 lletres min\u00fascules de l\u2019abecedari<\/p>\n<p>14 figures geom\u00e8triques transl\u00facides<\/p>\n<p><a href=\"https:\/\/serveiseducatius.xtec.cat\/santmarti\/wp-content\/uploads\/usu785\/2022\/03\/Sense-titol-5.png\"><img loading=\"lazy\" decoding=\"async\" class=\"aligncenter size-medium wp-image-7620\" src=\"https:\/\/serveiseducatius.xtec.cat\/santmarti\/wp-content\/uploads\/usu785\/2022\/03\/Sense-titol-5-276x300.png\" alt=\"\" width=\"276\" height=\"300\" srcset=\"https:\/\/serveiseducatius.xtec.cat\/santmarti\/wp-content\/uploads\/usu785\/2022\/03\/Sense-titol-5-276x300.png 276w, https:\/\/serveiseducatius.xtec.cat\/santmarti\/wp-content\/uploads\/usu785\/2022\/03\/Sense-titol-5.png 600w\" sizes=\"auto, (max-width: 276px) 100vw, 276px\" \/><\/a><\/p>\n","protected":false},"excerpt":{"rendered":"<p>Adre\u00e7ada a: Alumnat. Nivell: Educaci\u00f3 infantil i prim\u00e0ria. Modalitat: Pr\u00e9stec de material did\u00e0ctic. Objectius: Experimentar amb els diferents materials, colors i la llum. Descripci\u00f3: \u25cf Set de 100 discs met\u00e0l\u00b7lics de colors transl\u00facids. \u25cf Set de 10 n\u00fameros de silicona. \u25cf 12 pol\u00edgons transl\u00facids de colors. \u25cf Set de 26 lletres min\u00fascules de l\u2019abecedari. \u25cf [&hellip;]<\/p>\n","protected":false},"author":9,"featured_media":0,"parent":0,"menu_order":0,"comment_status":"closed","ping_status":"closed","template":"","meta":{"_bbp_topic_count":0,"_bbp_reply_count":0,"_bbp_total_topic_count":0,"_bbp_total_reply_count":0,"_bbp_voice_count":0,"_bbp_anonymous_reply_count":0,"_bbp_topic_count_hidden":0,"_bbp_reply_count_hidden":0,"_bbp_forum_subforum_count":0,"site-sidebar-layout":"default","site-content-layout":"","ast-site-content-layout":"","site-content-style":"default","site-sidebar-style":"default","ast-global-header-display":"","ast-banner-title-visibility":"","ast-main-header-display":"","ast-hfb-above-header-display":"","ast-hfb-below-header-display":"","ast-hfb-mobile-header-display":"","site-post-title":"","ast-breadcrumbs-content":"","ast-featured-img":"","footer-sml-layout":"","theme-transparent-header-meta":"","adv-header-id-meta":"","stick-header-meta":"","header-above-stick-meta":"","header-main-stick-meta":"","header-below-stick-meta":"","astra-migrate-meta-layouts":"default","ast-page-background-enabled":"default","ast-page-background-meta":{"desktop":{"background-color":"var(--ast-global-color-4)","background-image":"","background-repeat":"repeat","background-position":"center center","background-size":"auto","background-attachment":"scroll","background-type":"","background-media":"","overlay-type":"","overlay-color":"","overlay-opacity":"","overlay-gradient":""},"tablet":{"background-color":"","background-image":"","background-repeat":"repeat","background-position":"center center","background-size":"auto","background-attachment":"scroll","background-type":"","background-media":"","overlay-type":"","overlay-color":"","overlay-opacity":"","overlay-gradient":""},"mobile":{"background-color":"","background-image":"","background-repeat":"repeat","background-position":"center center","background-size":"auto","background-attachment":"scroll","background-type":"","background-media":"","overlay-type":"","overlay-color":"","overlay-opacity":"","overlay-gradient":""}},"ast-content-background-meta":{"desktop":{"background-color":"var(--ast-global-color-5)","background-image":"","background-repeat":"repeat","background-position":"center center","background-size":"auto","background-attachment":"scroll","background-type":"","background-media":"","overlay-type":"","overlay-color":"","overlay-opacity":"","overlay-gradient":""},"tablet":{"background-color":"var(--ast-global-color-5)","background-image":"","background-repeat":"repeat","background-position":"center center","background-size":"auto","background-attachment":"scroll","background-type":"","background-media":"","overlay-type":"","overlay-color":"","overlay-opacity":"","overlay-gradient":""},"mobile":{"background-color":"var(--ast-global-color-5)","background-image":"","background-repeat":"repeat","background-position":"center center","background-size":"auto","background-attachment":"scroll","background-type":"","background-media":"","overlay-type":"","overlay-color":"","overlay-opacity":"","overlay-gradient":""}},"footnotes":""},"class_list":["post-7619","page","type-page","status-publish","hentry"],"post_mailing_queue_ids":[],"_links":{"self":[{"href":"https:\/\/serveiseducatius.xtec.cat\/santmarti\/wp-json\/wp\/v2\/pages\/7619","targetHints":{"allow":["GET"]}}],"collection":[{"href":"https:\/\/serveiseducatius.xtec.cat\/santmarti\/wp-json\/wp\/v2\/pages"}],"about":[{"href":"https:\/\/serveiseducatius.xtec.cat\/santmarti\/wp-json\/wp\/v2\/types\/page"}],"author":[{"embeddable":true,"href":"https:\/\/serveiseducatius.xtec.cat\/santmarti\/wp-json\/wp\/v2\/users\/9"}],"replies":[{"embeddable":true,"href":"https:\/\/serveiseducatius.xtec.cat\/santmarti\/wp-json\/wp\/v2\/comments?post=7619"}],"version-history":[{"count":3,"href":"https:\/\/serveiseducatius.xtec.cat\/santmarti\/wp-json\/wp\/v2\/pages\/7619\/revisions"}],"predecessor-version":[{"id":8952,"href":"https:\/\/serveiseducatius.xtec.cat\/santmarti\/wp-json\/wp\/v2\/pages\/7619\/revisions\/8952"}],"wp:attachment":[{"href":"https:\/\/serveiseducatius.xtec.cat\/santmarti\/wp-json\/wp\/v2\/media?parent=7619"}],"curies":[{"name":"wp","href":"https:\/\/api.w.org\/{rel}","templated":true}]}}