{"id":7613,"date":"2022-03-31T14:03:46","date_gmt":"2022-03-31T12:03:46","guid":{"rendered":"https:\/\/serveiseducatius.xtec.cat\/santmarti\/?page_id=7613"},"modified":"2023-03-02T12:00:43","modified_gmt":"2023-03-02T11:00:43","slug":"m-taula-de-llum","status":"publish","type":"page","link":"https:\/\/serveiseducatius.xtec.cat\/santmarti\/m-taula-de-llum\/","title":{"rendered":"PdA.15 Taula de llum"},"content":{"rendered":"<p><a href=\"https:\/\/serveiseducatius.xtec.cat\/santmarti\/wp-content\/uploads\/usu785\/2022\/04\/2022-04-01-09_46_51-Fotos-Taula-llum-CRP-SANT-MARTI_-Google-Drive.png\"><img loading=\"lazy\" decoding=\"async\" class=\"size-medium wp-image-7673 alignleft\" src=\"https:\/\/serveiseducatius.xtec.cat\/santmarti\/wp-content\/uploads\/usu785\/2022\/04\/2022-04-01-09_46_51-Fotos-Taula-llum-CRP-SANT-MARTI_-Google-Drive-300x237.png\" alt=\"\" width=\"300\" height=\"237\" srcset=\"https:\/\/serveiseducatius.xtec.cat\/santmarti\/wp-content\/uploads\/usu785\/2022\/04\/2022-04-01-09_46_51-Fotos-Taula-llum-CRP-SANT-MARTI_-Google-Drive-300x237.png 300w, https:\/\/serveiseducatius.xtec.cat\/santmarti\/wp-content\/uploads\/usu785\/2022\/04\/2022-04-01-09_46_51-Fotos-Taula-llum-CRP-SANT-MARTI_-Google-Drive.png 352w\" sizes=\"auto, (max-width: 300px) 100vw, 300px\" \/><\/a>Adre\u00e7ada a: Alumnat.<br \/>\nNivell: Educaci\u00f3 infantil i prim\u00e0ria.<br \/>\nModalitat: Pr\u00e9stec de material did\u00e0ctic.<br \/>\nObjectius: Propiciar la creativitat, manipulaci\u00f3 i experimentaci\u00f3 crom\u00e0tica.<br \/>\nDescripci\u00f3:<\/p>\n<p>\u25cfTaula de llum port\u00e0til (60 x 60 x 9 cm) que funciona endollada a l\u2019electricitat.<br \/>\n\u25cf\u00a0Comandament a dist\u00e0ncia per regular o canviar el color i la intensitat de la llum.<br \/>\n\u25cf Quadernet amb propostes d\u2019activitats.<br \/>\n\u25cf\u00a0Material per a experimentar amb la taula:<br \/>\n\u25cf Safata de pl\u00e0stic per manipular sorra, sal o altres<br \/>\nmaterials.<br \/>\n\u25cf Set de construccions amb 78 peces transl\u00facides.<\/p>\n<p>Propostes d\u2019\u00fas: La taula de llum permet infinitat d\u2019activitats i experimentacions amb diferents materials com paper de cel\u00b7lofana o seda, gots de colors, peces transl\u00facides, sorra o sal, lletres o n\u00fameros&#8230;<br \/>\nRecordeu que per experimentar amb sorra, pintura o qualsevol altre material que pugui tacar o fer malb\u00e9 la taula cal fer servir una safata o un pl\u00e0stic resistent que la<br \/>\nprotegeixi.<br \/>\nPodeu trobar activitats i materials per fer-la servir a les seg\u00fcents webs:<br \/>\n<a href=\"http:\/\/ferdemestres.blogspot.com.es\/2013\/02\/el-raco-de-la-llum.html\" target=\"_blank\" rel=\"noopener\">http:\/\/ferdemestres.blogspot.com.es\/2013\/02\/el-raco-de-la-llum.html<\/a><br \/>\n<a href=\"http:\/\/atrapantidees.blogspot.com.es\/2015\/04\/taula-de-llum.html\" target=\"_blank\" rel=\"noopener\">http:\/\/atrapantidees.blogspot.com.es\/2015\/04\/taula-de-llum.html<\/a><\/p>\n<p>Components de la taula de llum:<\/p>\n<p><a href=\"https:\/\/serveiseducatius.xtec.cat\/santmarti\/wp-content\/uploads\/usu785\/2022\/03\/Sense-titol-3.png\"><img loading=\"lazy\" decoding=\"async\" class=\"aligncenter size-medium wp-image-7616\" src=\"https:\/\/serveiseducatius.xtec.cat\/santmarti\/wp-content\/uploads\/usu785\/2022\/03\/Sense-titol-3-300x244.png\" alt=\"\" width=\"300\" height=\"244\" srcset=\"https:\/\/serveiseducatius.xtec.cat\/santmarti\/wp-content\/uploads\/usu785\/2022\/03\/Sense-titol-3-300x244.png 300w, https:\/\/serveiseducatius.xtec.cat\/santmarti\/wp-content\/uploads\/usu785\/2022\/03\/Sense-titol-3.png 550w\" sizes=\"auto, (max-width: 300px) 100vw, 300px\" \/><\/a><\/p>\n<p>Altres materials:<\/p>\n<p>Safata de pl\u00e0stic Set de construccions amb peces transl\u00facides<\/p>\n<p><a href=\"https:\/\/serveiseducatius.xtec.cat\/santmarti\/wp-content\/uploads\/usu785\/2022\/03\/Sense-titol-4.png\"><img loading=\"lazy\" decoding=\"async\" class=\"aligncenter size-medium wp-image-7617\" src=\"https:\/\/serveiseducatius.xtec.cat\/santmarti\/wp-content\/uploads\/usu785\/2022\/03\/Sense-titol-4-300x111.png\" alt=\"\" width=\"300\" height=\"111\" srcset=\"https:\/\/serveiseducatius.xtec.cat\/santmarti\/wp-content\/uploads\/usu785\/2022\/03\/Sense-titol-4-300x111.png 300w, https:\/\/serveiseducatius.xtec.cat\/santmarti\/wp-content\/uploads\/usu785\/2022\/03\/Sense-titol-4.png 631w\" sizes=\"auto, (max-width: 300px) 100vw, 300px\" \/><\/a><\/p>\n","protected":false},"excerpt":{"rendered":"<p>Adre\u00e7ada a: Alumnat. Nivell: Educaci\u00f3 infantil i prim\u00e0ria. Modalitat: Pr\u00e9stec de material did\u00e0ctic. Objectius: Propiciar la creativitat, manipulaci\u00f3 i experimentaci\u00f3 crom\u00e0tica. Descripci\u00f3: \u25cfTaula de llum port\u00e0til (60 x 60 x 9 cm) que funciona endollada a l\u2019electricitat. \u25cf\u00a0Comandament a dist\u00e0ncia per regular o canviar el color i la intensitat de la llum. \u25cf Quadernet amb [&hellip;]<\/p>\n","protected":false},"author":9,"featured_media":0,"parent":0,"menu_order":0,"comment_status":"closed","ping_status":"closed","template":"","meta":{"_bbp_topic_count":0,"_bbp_reply_count":0,"_bbp_total_topic_count":0,"_bbp_total_reply_count":0,"_bbp_voice_count":0,"_bbp_anonymous_reply_count":0,"_bbp_topic_count_hidden":0,"_bbp_reply_count_hidden":0,"_bbp_forum_subforum_count":0,"site-sidebar-layout":"default","site-content-layout":"","ast-site-content-layout":"","site-content-style":"default","site-sidebar-style":"default","ast-global-header-display":"","ast-banner-title-visibility":"","ast-main-header-display":"","ast-hfb-above-header-display":"","ast-hfb-below-header-display":"","ast-hfb-mobile-header-display":"","site-post-title":"","ast-breadcrumbs-content":"","ast-featured-img":"","footer-sml-layout":"","theme-transparent-header-meta":"","adv-header-id-meta":"","stick-header-meta":"","header-above-stick-meta":"","header-main-stick-meta":"","header-below-stick-meta":"","astra-migrate-meta-layouts":"default","ast-page-background-enabled":"default","ast-page-background-meta":{"desktop":{"background-color":"var(--ast-global-color-4)","background-image":"","background-repeat":"repeat","background-position":"center center","background-size":"auto","background-attachment":"scroll","background-type":"","background-media":"","overlay-type":"","overlay-color":"","overlay-opacity":"","overlay-gradient":""},"tablet":{"background-color":"","background-image":"","background-repeat":"repeat","background-position":"center center","background-size":"auto","background-attachment":"scroll","background-type":"","background-media":"","overlay-type":"","overlay-color":"","overlay-opacity":"","overlay-gradient":""},"mobile":{"background-color":"","background-image":"","background-repeat":"repeat","background-position":"center center","background-size":"auto","background-attachment":"scroll","background-type":"","background-media":"","overlay-type":"","overlay-color":"","overlay-opacity":"","overlay-gradient":""}},"ast-content-background-meta":{"desktop":{"background-color":"var(--ast-global-color-5)","background-image":"","background-repeat":"repeat","background-position":"center center","background-size":"auto","background-attachment":"scroll","background-type":"","background-media":"","overlay-type":"","overlay-color":"","overlay-opacity":"","overlay-gradient":""},"tablet":{"background-color":"var(--ast-global-color-5)","background-image":"","background-repeat":"repeat","background-position":"center center","background-size":"auto","background-attachment":"scroll","background-type":"","background-media":"","overlay-type":"","overlay-color":"","overlay-opacity":"","overlay-gradient":""},"mobile":{"background-color":"var(--ast-global-color-5)","background-image":"","background-repeat":"repeat","background-position":"center center","background-size":"auto","background-attachment":"scroll","background-type":"","background-media":"","overlay-type":"","overlay-color":"","overlay-opacity":"","overlay-gradient":""}},"footnotes":""},"class_list":["post-7613","page","type-page","status-publish","hentry"],"post_mailing_queue_ids":[],"_links":{"self":[{"href":"https:\/\/serveiseducatius.xtec.cat\/santmarti\/wp-json\/wp\/v2\/pages\/7613","targetHints":{"allow":["GET"]}}],"collection":[{"href":"https:\/\/serveiseducatius.xtec.cat\/santmarti\/wp-json\/wp\/v2\/pages"}],"about":[{"href":"https:\/\/serveiseducatius.xtec.cat\/santmarti\/wp-json\/wp\/v2\/types\/page"}],"author":[{"embeddable":true,"href":"https:\/\/serveiseducatius.xtec.cat\/santmarti\/wp-json\/wp\/v2\/users\/9"}],"replies":[{"embeddable":true,"href":"https:\/\/serveiseducatius.xtec.cat\/santmarti\/wp-json\/wp\/v2\/comments?post=7613"}],"version-history":[{"count":3,"href":"https:\/\/serveiseducatius.xtec.cat\/santmarti\/wp-json\/wp\/v2\/pages\/7613\/revisions"}],"predecessor-version":[{"id":8951,"href":"https:\/\/serveiseducatius.xtec.cat\/santmarti\/wp-json\/wp\/v2\/pages\/7613\/revisions\/8951"}],"wp:attachment":[{"href":"https:\/\/serveiseducatius.xtec.cat\/santmarti\/wp-json\/wp\/v2\/media?parent=7613"}],"curies":[{"name":"wp","href":"https:\/\/api.w.org\/{rel}","templated":true}]}}