{"id":7598,"date":"2022-03-31T13:44:56","date_gmt":"2022-03-31T11:44:56","guid":{"rendered":"https:\/\/serveiseducatius.xtec.cat\/santmarti\/?page_id=7598"},"modified":"2023-03-02T12:07:46","modified_gmt":"2023-03-02T11:07:46","slug":"m-go-to-play","status":"publish","type":"page","link":"https:\/\/serveiseducatius.xtec.cat\/santmarti\/m-go-to-play\/","title":{"rendered":"PdA.18 Go to play!"},"content":{"rendered":"<p><a href=\"https:\/\/serveiseducatius.xtec.cat\/santmarti\/wp-content\/uploads\/usu785\/2022\/03\/2022-03-31-18_04_20-MD-MATERIAL-DIDACTIC-CRP-SANT-MARTI_-Google-Drive.png\"><img loading=\"lazy\" decoding=\"async\" class=\"size-medium wp-image-7661 alignleft\" src=\"https:\/\/serveiseducatius.xtec.cat\/santmarti\/wp-content\/uploads\/usu785\/2022\/03\/2022-03-31-18_04_20-MD-MATERIAL-DIDACTIC-CRP-SANT-MARTI_-Google-Drive-300x252.png\" alt=\"\" width=\"300\" height=\"252\" srcset=\"https:\/\/serveiseducatius.xtec.cat\/santmarti\/wp-content\/uploads\/usu785\/2022\/03\/2022-03-31-18_04_20-MD-MATERIAL-DIDACTIC-CRP-SANT-MARTI_-Google-Drive-300x252.png 300w, https:\/\/serveiseducatius.xtec.cat\/santmarti\/wp-content\/uploads\/usu785\/2022\/03\/2022-03-31-18_04_20-MD-MATERIAL-DIDACTIC-CRP-SANT-MARTI_-Google-Drive.png 333w\" sizes=\"auto, (max-width: 300px) 100vw, 300px\" \/><\/a>Adre\u00e7ada a: Professorat i alumnat.<br \/>\nNivell: Educaci\u00f3 Prim\u00e0ria.<br \/>\nModalitat: Pr\u00e9stec de material did\u00e0ctic.<br \/>\nTem\u00e0tica: Lleng\u00fces estrangeres.<br \/>\nObjectius: Afavorir l&#8217;aprenentatge de l&#8217;angl\u00e8s d\u2019una manera l\u00fadica.<br \/>\nDescripci\u00f3: Recull de 10 jocs en angl\u00e8s escollits pel Seminari d\u2019Angl\u00e8s de<br \/>\nSant Mart\u00ed per treballar d\u2019una manera l\u00fadica el vocabulari (mots i<br \/>\nn\u00fameros) i la flu\u00efdesa verbal.<br \/>\nOrganitza: Servei Educatiu de Sant Mart\u00ed \u2013 CRP.<\/p>\n<p>Carrer Gran Via de les Corts Catalanes, 924, 08018 Barcelona \u2013 Tel. 93.486.17.23<\/p>\n<p>crp-santmarti@xtec.cat<br \/>\nse-santmarti.cat<br \/>\nGo to play!<\/p>\n<p>This educational material seeks to promote educational learning English in a playful way. The<br \/>\ncase includes a collection of 9 games chosen by the Sant Mart\u00ed English Seminar.<\/p>\n<p>Games list:<\/p>\n<p><a href=\"https:\/\/serveiseducatius.xtec.cat\/santmarti\/wp-content\/uploads\/usu785\/2022\/03\/Sense-titol.png\"><img loading=\"lazy\" decoding=\"async\" class=\"size-medium wp-image-7599 alignleft\" src=\"https:\/\/serveiseducatius.xtec.cat\/santmarti\/wp-content\/uploads\/usu785\/2022\/03\/Sense-titol-300x255.png\" alt=\"\" width=\"300\" height=\"255\" srcset=\"https:\/\/serveiseducatius.xtec.cat\/santmarti\/wp-content\/uploads\/usu785\/2022\/03\/Sense-titol-300x255.png 300w, https:\/\/serveiseducatius.xtec.cat\/santmarti\/wp-content\/uploads\/usu785\/2022\/03\/Sense-titol.png 706w\" sizes=\"auto, (max-width: 300px) 100vw, 300px\" \/><\/a><\/p>\n<p>&nbsp;<\/p>\n","protected":false},"excerpt":{"rendered":"<p>Adre\u00e7ada a: Professorat i alumnat. Nivell: Educaci\u00f3 Prim\u00e0ria. Modalitat: Pr\u00e9stec de material did\u00e0ctic. Tem\u00e0tica: Lleng\u00fces estrangeres. Objectius: Afavorir l&#8217;aprenentatge de l&#8217;angl\u00e8s d\u2019una manera l\u00fadica. Descripci\u00f3: Recull de 10 jocs en angl\u00e8s escollits pel Seminari d\u2019Angl\u00e8s de Sant Mart\u00ed per treballar d\u2019una manera l\u00fadica el vocabulari (mots i n\u00fameros) i la flu\u00efdesa verbal. Organitza: Servei Educatiu [&hellip;]<\/p>\n","protected":false},"author":9,"featured_media":0,"parent":0,"menu_order":0,"comment_status":"closed","ping_status":"closed","template":"","meta":{"_bbp_topic_count":0,"_bbp_reply_count":0,"_bbp_total_topic_count":0,"_bbp_total_reply_count":0,"_bbp_voice_count":0,"_bbp_anonymous_reply_count":0,"_bbp_topic_count_hidden":0,"_bbp_reply_count_hidden":0,"_bbp_forum_subforum_count":0,"site-sidebar-layout":"default","site-content-layout":"","ast-site-content-layout":"","site-content-style":"default","site-sidebar-style":"default","ast-global-header-display":"","ast-banner-title-visibility":"","ast-main-header-display":"","ast-hfb-above-header-display":"","ast-hfb-below-header-display":"","ast-hfb-mobile-header-display":"","site-post-title":"","ast-breadcrumbs-content":"","ast-featured-img":"","footer-sml-layout":"","theme-transparent-header-meta":"","adv-header-id-meta":"","stick-header-meta":"","header-above-stick-meta":"","header-main-stick-meta":"","header-below-stick-meta":"","astra-migrate-meta-layouts":"default","ast-page-background-enabled":"default","ast-page-background-meta":{"desktop":{"background-color":"var(--ast-global-color-4)","background-image":"","background-repeat":"repeat","background-position":"center center","background-size":"auto","background-attachment":"scroll","background-type":"","background-media":"","overlay-type":"","overlay-color":"","overlay-opacity":"","overlay-gradient":""},"tablet":{"background-color":"","background-image":"","background-repeat":"repeat","background-position":"center center","background-size":"auto","background-attachment":"scroll","background-type":"","background-media":"","overlay-type":"","overlay-color":"","overlay-opacity":"","overlay-gradient":""},"mobile":{"background-color":"","background-image":"","background-repeat":"repeat","background-position":"center center","background-size":"auto","background-attachment":"scroll","background-type":"","background-media":"","overlay-type":"","overlay-color":"","overlay-opacity":"","overlay-gradient":""}},"ast-content-background-meta":{"desktop":{"background-color":"var(--ast-global-color-5)","background-image":"","background-repeat":"repeat","background-position":"center center","background-size":"auto","background-attachment":"scroll","background-type":"","background-media":"","overlay-type":"","overlay-color":"","overlay-opacity":"","overlay-gradient":""},"tablet":{"background-color":"var(--ast-global-color-5)","background-image":"","background-repeat":"repeat","background-position":"center center","background-size":"auto","background-attachment":"scroll","background-type":"","background-media":"","overlay-type":"","overlay-color":"","overlay-opacity":"","overlay-gradient":""},"mobile":{"background-color":"var(--ast-global-color-5)","background-image":"","background-repeat":"repeat","background-position":"center center","background-size":"auto","background-attachment":"scroll","background-type":"","background-media":"","overlay-type":"","overlay-color":"","overlay-opacity":"","overlay-gradient":""}},"footnotes":""},"class_list":["post-7598","page","type-page","status-publish","hentry"],"post_mailing_queue_ids":[],"_links":{"self":[{"href":"https:\/\/serveiseducatius.xtec.cat\/santmarti\/wp-json\/wp\/v2\/pages\/7598","targetHints":{"allow":["GET"]}}],"collection":[{"href":"https:\/\/serveiseducatius.xtec.cat\/santmarti\/wp-json\/wp\/v2\/pages"}],"about":[{"href":"https:\/\/serveiseducatius.xtec.cat\/santmarti\/wp-json\/wp\/v2\/types\/page"}],"author":[{"embeddable":true,"href":"https:\/\/serveiseducatius.xtec.cat\/santmarti\/wp-json\/wp\/v2\/users\/9"}],"replies":[{"embeddable":true,"href":"https:\/\/serveiseducatius.xtec.cat\/santmarti\/wp-json\/wp\/v2\/comments?post=7598"}],"version-history":[{"count":3,"href":"https:\/\/serveiseducatius.xtec.cat\/santmarti\/wp-json\/wp\/v2\/pages\/7598\/revisions"}],"predecessor-version":[{"id":8953,"href":"https:\/\/serveiseducatius.xtec.cat\/santmarti\/wp-json\/wp\/v2\/pages\/7598\/revisions\/8953"}],"wp:attachment":[{"href":"https:\/\/serveiseducatius.xtec.cat\/santmarti\/wp-json\/wp\/v2\/media?parent=7598"}],"curies":[{"name":"wp","href":"https:\/\/api.w.org\/{rel}","templated":true}]}}