{"id":7594,"date":"2022-03-31T13:41:30","date_gmt":"2022-03-31T11:41:30","guid":{"rendered":"https:\/\/serveiseducatius.xtec.cat\/santmarti\/?page_id=7594"},"modified":"2023-03-02T12:08:24","modified_gmt":"2023-03-02T11:08:24","slug":"m-london-a-day-in-a-city","status":"publish","type":"page","link":"https:\/\/serveiseducatius.xtec.cat\/santmarti\/m-london-a-day-in-a-city\/","title":{"rendered":"PdA.19 London, a day in a city."},"content":{"rendered":"<p><a href=\"https:\/\/serveiseducatius.xtec.cat\/santmarti\/wp-content\/uploads\/usu785\/2022\/03\/2022-03-31-18_10_09-MD-MATERIAL-DIDACTIC-CRP-SANT-MARTI_-Google-Drive.png\"><img loading=\"lazy\" decoding=\"async\" class=\"size-full wp-image-7665 alignleft\" src=\"https:\/\/serveiseducatius.xtec.cat\/santmarti\/wp-content\/uploads\/usu785\/2022\/03\/2022-03-31-18_10_09-MD-MATERIAL-DIDACTIC-CRP-SANT-MARTI_-Google-Drive.png\" alt=\"\" width=\"120\" height=\"117\" \/><\/a>Adre\u00e7ada a: Professorat i alumnat.<br \/>\nNivell: Educaci\u00f3 Prim\u00e0ria.<br \/>\nModalitat: Pr\u00e9stec de material did\u00e0ctic.<br \/>\nTem\u00e0tica: Lleng\u00fces estrangeres.<br \/>\nObjectius: Afavorir l&#8217;aprenentatge de l&#8217;angl\u00e8s al cicle mitj\u00e0 i superior de prim\u00e0ria.<\/p>\n<p>Facilitar al professorat recursos d&#8217;utilitzaci\u00f3 directa a l&#8217;aula.<br \/>\nDescripci\u00f3: Recull de 30 quaderns per a l\u2019alumnat, CD\u2019s i documentaci\u00f3 per al<\/p>\n<p>Professorat.<\/p>\n<p>Organitza: Servei Educatiu de Sant Mart\u00ed \u2013 CRP.<\/p>\n<p>Carrer Gran Via de les Corts Catalanes, 924, 08018 Barcelona \u2013 Tel. 93.486.17.23<\/p>\n<p>crp-santmarti@xtec.cat<br \/>\nse-santmarti.cat<\/p>\n<p>LONDON, A DAY IN THE CITY.<\/p>\n<p>This educational material is designed to help students learn the most emblematic elements of<br \/>\nLondon and English culture in a fun way. The elements that make up the pack will enable<br \/>\nteachers to work in the classroom by listening and reading, as well as the oral and written<br \/>\ncomprehension.<\/p>\n<p>Bibliography:<br \/>\n\u2022 Folder 1<br \/>\no ORMEROD, Mark. London. A Day in the City. Primary 5 MacMillan. (30 units)<\/p>\n<p>\u2022 Folder 2<br \/>\no This is Britain. Level 2. Oxford. DVD<br \/>\no BRADSHAW, Coralyn. This is Britain. Level 2. Activity Book. Oxford.<\/p>\n","protected":false},"excerpt":{"rendered":"<p>Adre\u00e7ada a: Professorat i alumnat. Nivell: Educaci\u00f3 Prim\u00e0ria. Modalitat: Pr\u00e9stec de material did\u00e0ctic. Tem\u00e0tica: Lleng\u00fces estrangeres. Objectius: Afavorir l&#8217;aprenentatge de l&#8217;angl\u00e8s al cicle mitj\u00e0 i superior de prim\u00e0ria. Facilitar al professorat recursos d&#8217;utilitzaci\u00f3 directa a l&#8217;aula. Descripci\u00f3: Recull de 30 quaderns per a l\u2019alumnat, CD\u2019s i documentaci\u00f3 per al Professorat. Organitza: Servei Educatiu de Sant [&hellip;]<\/p>\n","protected":false},"author":9,"featured_media":0,"parent":0,"menu_order":0,"comment_status":"closed","ping_status":"closed","template":"","meta":{"_bbp_topic_count":0,"_bbp_reply_count":0,"_bbp_total_topic_count":0,"_bbp_total_reply_count":0,"_bbp_voice_count":0,"_bbp_anonymous_reply_count":0,"_bbp_topic_count_hidden":0,"_bbp_reply_count_hidden":0,"_bbp_forum_subforum_count":0,"site-sidebar-layout":"default","site-content-layout":"","ast-site-content-layout":"","site-content-style":"default","site-sidebar-style":"default","ast-global-header-display":"","ast-banner-title-visibility":"","ast-main-header-display":"","ast-hfb-above-header-display":"","ast-hfb-below-header-display":"","ast-hfb-mobile-header-display":"","site-post-title":"","ast-breadcrumbs-content":"","ast-featured-img":"","footer-sml-layout":"","theme-transparent-header-meta":"","adv-header-id-meta":"","stick-header-meta":"","header-above-stick-meta":"","header-main-stick-meta":"","header-below-stick-meta":"","astra-migrate-meta-layouts":"default","ast-page-background-enabled":"default","ast-page-background-meta":{"desktop":{"background-color":"var(--ast-global-color-4)","background-image":"","background-repeat":"repeat","background-position":"center center","background-size":"auto","background-attachment":"scroll","background-type":"","background-media":"","overlay-type":"","overlay-color":"","overlay-opacity":"","overlay-gradient":""},"tablet":{"background-color":"","background-image":"","background-repeat":"repeat","background-position":"center center","background-size":"auto","background-attachment":"scroll","background-type":"","background-media":"","overlay-type":"","overlay-color":"","overlay-opacity":"","overlay-gradient":""},"mobile":{"background-color":"","background-image":"","background-repeat":"repeat","background-position":"center center","background-size":"auto","background-attachment":"scroll","background-type":"","background-media":"","overlay-type":"","overlay-color":"","overlay-opacity":"","overlay-gradient":""}},"ast-content-background-meta":{"desktop":{"background-color":"var(--ast-global-color-5)","background-image":"","background-repeat":"repeat","background-position":"center center","background-size":"auto","background-attachment":"scroll","background-type":"","background-media":"","overlay-type":"","overlay-color":"","overlay-opacity":"","overlay-gradient":""},"tablet":{"background-color":"var(--ast-global-color-5)","background-image":"","background-repeat":"repeat","background-position":"center center","background-size":"auto","background-attachment":"scroll","background-type":"","background-media":"","overlay-type":"","overlay-color":"","overlay-opacity":"","overlay-gradient":""},"mobile":{"background-color":"var(--ast-global-color-5)","background-image":"","background-repeat":"repeat","background-position":"center center","background-size":"auto","background-attachment":"scroll","background-type":"","background-media":"","overlay-type":"","overlay-color":"","overlay-opacity":"","overlay-gradient":""}},"footnotes":""},"class_list":["post-7594","page","type-page","status-publish","hentry"],"post_mailing_queue_ids":[],"_links":{"self":[{"href":"https:\/\/serveiseducatius.xtec.cat\/santmarti\/wp-json\/wp\/v2\/pages\/7594","targetHints":{"allow":["GET"]}}],"collection":[{"href":"https:\/\/serveiseducatius.xtec.cat\/santmarti\/wp-json\/wp\/v2\/pages"}],"about":[{"href":"https:\/\/serveiseducatius.xtec.cat\/santmarti\/wp-json\/wp\/v2\/types\/page"}],"author":[{"embeddable":true,"href":"https:\/\/serveiseducatius.xtec.cat\/santmarti\/wp-json\/wp\/v2\/users\/9"}],"replies":[{"embeddable":true,"href":"https:\/\/serveiseducatius.xtec.cat\/santmarti\/wp-json\/wp\/v2\/comments?post=7594"}],"version-history":[{"count":3,"href":"https:\/\/serveiseducatius.xtec.cat\/santmarti\/wp-json\/wp\/v2\/pages\/7594\/revisions"}],"predecessor-version":[{"id":8954,"href":"https:\/\/serveiseducatius.xtec.cat\/santmarti\/wp-json\/wp\/v2\/pages\/7594\/revisions\/8954"}],"wp:attachment":[{"href":"https:\/\/serveiseducatius.xtec.cat\/santmarti\/wp-json\/wp\/v2\/media?parent=7594"}],"curies":[{"name":"wp","href":"https:\/\/api.w.org\/{rel}","templated":true}]}}