{"id":7589,"date":"2022-03-31T13:39:36","date_gmt":"2022-03-31T11:39:36","guid":{"rendered":"https:\/\/serveiseducatius.xtec.cat\/santmarti\/?page_id=7589"},"modified":"2023-03-02T12:11:35","modified_gmt":"2023-03-02T11:11:35","slug":"m-nanociencia-i-nanotecnologia","status":"publish","type":"page","link":"https:\/\/serveiseducatius.xtec.cat\/santmarti\/m-nanociencia-i-nanotecnologia\/","title":{"rendered":"PdA.25 Nanoci\u00e8ncia i nanotecnologia"},"content":{"rendered":"<p><a href=\"https:\/\/serveiseducatius.xtec.cat\/santmarti\/wp-content\/uploads\/usu785\/2022\/03\/NanoKit2.jpg\"><img loading=\"lazy\" decoding=\"async\" class=\"size-medium wp-image-7590 alignleft\" src=\"https:\/\/serveiseducatius.xtec.cat\/santmarti\/wp-content\/uploads\/usu785\/2022\/03\/NanoKit2-300x169.jpg\" alt=\"\" width=\"300\" height=\"169\" srcset=\"https:\/\/serveiseducatius.xtec.cat\/santmarti\/wp-content\/uploads\/usu785\/2022\/03\/NanoKit2-300x169.jpg 300w, https:\/\/serveiseducatius.xtec.cat\/santmarti\/wp-content\/uploads\/usu785\/2022\/03\/NanoKit2-768x432.jpg 768w, https:\/\/serveiseducatius.xtec.cat\/santmarti\/wp-content\/uploads\/usu785\/2022\/03\/NanoKit2.jpg 960w\" sizes=\"auto, (max-width: 300px) 100vw, 300px\" \/><\/a><\/p>\n<p>Adre\u00e7at a: Professorat i alumnat<br \/>\nNivell: ESO i Batxillerat<\/p>\n<p>Tem\u00e0tica: Nanoci\u00e8ncia i nanotecnologia<br \/>\nDescripci\u00f3: Material experimental did\u00e0ctic<br \/>\nOrganitza: Servei Educatiu de Sant Mart\u00ed- CRP<\/p>\n<p>NANOeduca<\/p>\n<p>NanoEduca \u00e9s un programa dissenyat per introduir la nanoci\u00e8ncia i la nanotecnologia a<br \/>\nalumnes i professors de secund\u00e0ria i batxillerat.<br \/>\nEls impulsors d\u2019aquesta iniciativa som la Universitat de Barcelona (UB), l\u2019Institut Catal\u00e0 de<br \/>\nNanoci\u00e8ncia i Nanotecnologia (ICN2), la Universitat Aut\u00f2noma de Barcelona (UAB) i el CESIRE<br \/>\ndel Departament d\u2019Ensenyament de la Generalitat de Catalunya.<br \/>\nLa nanotecnologia t\u00e9 un impacte creixent en la nostra vida di\u00e0ria. El programa NanoEduca<br \/>\nvol donar als alumnes i als professors les eines per entendre aquests canvis i debatre de<br \/>\nforma informada qu\u00e8 n\u2019esperem en el futur.<br \/>\nObjectius:<br \/>\n\uf0b7 Estimular l\u2019adquisici\u00f3 de coneixements cient\u00edfics.<br \/>\n\uf0b7 Apropar l\u2019activitat investigadora dels centres de recerca als estudiants.<br \/>\n\uf0b7 Introduir la nanoci\u00e8ncia als alumnes, amb l\u2019objectiu final de fer-la expl\u00edcita al<br \/>\ncurr\u00edculum docent.<br \/>\nContingut:<br \/>\n\uf0b7 El Nanokit cont\u00e9 material per a 3 classes diferents repartint els alumnes en 5 grups.<br \/>\n\uf0b7 Proposta de joc de rols: cartes i un taulell de joc<br \/>\n\uf0b7 Fitxes per a treballar 6 experi\u00e8ncies:<br \/>\n&#8211; Fitxes professors<br \/>\n&#8211; Fitxes alumnes<\/p>\n<p><a href=\"http:\/\/nanoeduca.cat\/es\/nanokit-2\/\" target=\"_blank\" rel=\"noopener\">+informaci\u00f3<\/a><\/p>\n","protected":false},"excerpt":{"rendered":"<p>Adre\u00e7at a: Professorat i alumnat Nivell: ESO i Batxillerat Tem\u00e0tica: Nanoci\u00e8ncia i nanotecnologia Descripci\u00f3: Material experimental did\u00e0ctic Organitza: Servei Educatiu de Sant Mart\u00ed- CRP NANOeduca NanoEduca \u00e9s un programa dissenyat per introduir la nanoci\u00e8ncia i la nanotecnologia a alumnes i professors de secund\u00e0ria i batxillerat. Els impulsors d\u2019aquesta iniciativa som la Universitat de Barcelona (UB), [&hellip;]<\/p>\n","protected":false},"author":9,"featured_media":0,"parent":0,"menu_order":0,"comment_status":"closed","ping_status":"closed","template":"","meta":{"_bbp_topic_count":0,"_bbp_reply_count":0,"_bbp_total_topic_count":0,"_bbp_total_reply_count":0,"_bbp_voice_count":0,"_bbp_anonymous_reply_count":0,"_bbp_topic_count_hidden":0,"_bbp_reply_count_hidden":0,"_bbp_forum_subforum_count":0,"site-sidebar-layout":"default","site-content-layout":"","ast-site-content-layout":"","site-content-style":"default","site-sidebar-style":"default","ast-global-header-display":"","ast-banner-title-visibility":"","ast-main-header-display":"","ast-hfb-above-header-display":"","ast-hfb-below-header-display":"","ast-hfb-mobile-header-display":"","site-post-title":"","ast-breadcrumbs-content":"","ast-featured-img":"","footer-sml-layout":"","theme-transparent-header-meta":"","adv-header-id-meta":"","stick-header-meta":"","header-above-stick-meta":"","header-main-stick-meta":"","header-below-stick-meta":"","astra-migrate-meta-layouts":"default","ast-page-background-enabled":"default","ast-page-background-meta":{"desktop":{"background-color":"var(--ast-global-color-4)","background-image":"","background-repeat":"repeat","background-position":"center center","background-size":"auto","background-attachment":"scroll","background-type":"","background-media":"","overlay-type":"","overlay-color":"","overlay-opacity":"","overlay-gradient":""},"tablet":{"background-color":"","background-image":"","background-repeat":"repeat","background-position":"center center","background-size":"auto","background-attachment":"scroll","background-type":"","background-media":"","overlay-type":"","overlay-color":"","overlay-opacity":"","overlay-gradient":""},"mobile":{"background-color":"","background-image":"","background-repeat":"repeat","background-position":"center center","background-size":"auto","background-attachment":"scroll","background-type":"","background-media":"","overlay-type":"","overlay-color":"","overlay-opacity":"","overlay-gradient":""}},"ast-content-background-meta":{"desktop":{"background-color":"var(--ast-global-color-5)","background-image":"","background-repeat":"repeat","background-position":"center center","background-size":"auto","background-attachment":"scroll","background-type":"","background-media":"","overlay-type":"","overlay-color":"","overlay-opacity":"","overlay-gradient":""},"tablet":{"background-color":"var(--ast-global-color-5)","background-image":"","background-repeat":"repeat","background-position":"center center","background-size":"auto","background-attachment":"scroll","background-type":"","background-media":"","overlay-type":"","overlay-color":"","overlay-opacity":"","overlay-gradient":""},"mobile":{"background-color":"var(--ast-global-color-5)","background-image":"","background-repeat":"repeat","background-position":"center center","background-size":"auto","background-attachment":"scroll","background-type":"","background-media":"","overlay-type":"","overlay-color":"","overlay-opacity":"","overlay-gradient":""}},"footnotes":""},"class_list":["post-7589","page","type-page","status-publish","hentry"],"post_mailing_queue_ids":[],"_links":{"self":[{"href":"https:\/\/serveiseducatius.xtec.cat\/santmarti\/wp-json\/wp\/v2\/pages\/7589","targetHints":{"allow":["GET"]}}],"collection":[{"href":"https:\/\/serveiseducatius.xtec.cat\/santmarti\/wp-json\/wp\/v2\/pages"}],"about":[{"href":"https:\/\/serveiseducatius.xtec.cat\/santmarti\/wp-json\/wp\/v2\/types\/page"}],"author":[{"embeddable":true,"href":"https:\/\/serveiseducatius.xtec.cat\/santmarti\/wp-json\/wp\/v2\/users\/9"}],"replies":[{"embeddable":true,"href":"https:\/\/serveiseducatius.xtec.cat\/santmarti\/wp-json\/wp\/v2\/comments?post=7589"}],"version-history":[{"count":3,"href":"https:\/\/serveiseducatius.xtec.cat\/santmarti\/wp-json\/wp\/v2\/pages\/7589\/revisions"}],"predecessor-version":[{"id":8958,"href":"https:\/\/serveiseducatius.xtec.cat\/santmarti\/wp-json\/wp\/v2\/pages\/7589\/revisions\/8958"}],"wp:attachment":[{"href":"https:\/\/serveiseducatius.xtec.cat\/santmarti\/wp-json\/wp\/v2\/media?parent=7589"}],"curies":[{"name":"wp","href":"https:\/\/api.w.org\/{rel}","templated":true}]}}