{"id":6475,"date":"2024-01-08T15:30:18","date_gmt":"2024-01-08T14:30:18","guid":{"rendered":"https:\/\/serveiseducatius.xtec.cat\/santmarti\/?page_id=6475"},"modified":"2024-05-10T09:27:03","modified_gmt":"2024-05-10T07:27:03","slug":"competencies-basiques-deducacio-secundaria-obligatoria-curs-2023-2024","status":"publish","type":"page","link":"https:\/\/serveiseducatius.xtec.cat\/santmarti\/competencies-basiques-deducacio-secundaria-obligatoria-curs-2023-2024\/","title":{"rendered":"Compet\u00e8ncies B\u00e0siques d&#8217;Educaci\u00f3 Secund\u00e0ria Obligat\u00f2ria. Curs 2023-2024"},"content":{"rendered":"<p><img loading=\"lazy\" decoding=\"async\" class=\"wp-image-9795 aligncenter\" src=\"https:\/\/serveiseducatius.xtec.cat\/santmarti\/wp-content\/uploads\/usu785\/2023\/10\/CB_2024_ESO-300x83.jpg\" alt=\"CB_2024_ESO\" width=\"575\" height=\"159\" srcset=\"https:\/\/serveiseducatius.xtec.cat\/santmarti\/wp-content\/uploads\/usu785\/2023\/10\/CB_2024_ESO-300x83.jpg 300w, https:\/\/serveiseducatius.xtec.cat\/santmarti\/wp-content\/uploads\/usu785\/2023\/10\/CB_2024_ESO.jpg 400w\" sizes=\"auto, (max-width: 575px) 100vw, 575px\" \/><\/p>\n<p>&nbsp;<\/p>\n<hr \/>\n<h3 style=\"text-align: center;\"><strong><span style=\"color: #ff0000;\">NOVES DATES!<\/span><\/strong> Les proves s&#8217;aplicaran els dies <strong><span style=\"color: #ff0000;\">16 <span style=\"color: #000000;\">i<\/span> 17 d&#8217;abril<\/span><\/strong> de 2024<\/h3>\n<hr \/>\n<hr \/>\n<table style=\"border-collapse: collapse; width: 100%;\">\n<tbody>\n<tr>\n<td style=\"width: 100%; text-align: center;\">\n<h2><strong><span style=\"color: #ff0000;\">NOVETATS 2024<\/span><\/strong><\/h2>\n<ul>\n<li style=\"text-align: left;\">\n<h6><a href=\"https:\/\/drive.google.com\/file\/d\/1SdVMGNC772FJ1cIwSlNuI-aafrm3uQfa\/view?usp=sharing\" target=\"_blank\" rel=\"noopener\">Instrucci\u00f3 complement\u00e0ria<\/a> sorgida pel canvi de dates resolt el 4 de mar\u00e7.<\/h6>\n<\/li>\n<li style=\"text-align: left;\">\n<h6><span class=\"m_-5337860773545919192xcontentpasted0\">Enguany <span style=\"text-decoration: underline;\"><span style=\"color: #ff0000; text-decoration: underline;\">NO hi haur\u00e0 preguntes obertes<\/span><\/span> en la compet\u00e8ncia de <span style=\"color: #ff0000;\">matem\u00e0tiques<\/span> ni en la <span style=\"color: #ff0000;\">compet\u00e8ncia de ci\u00e8ncia<\/span>, <span style=\"color: #ff0000;\">tecnologia i enginyeria<\/span>. Per tant, no hi haur\u00e0 correcci\u00f3 externa i no cal indicar disponibilitat de correcci\u00f3 ni proposar correctors en aquestes compet\u00e8ncies.<u><\/u><u><\/u><\/span><\/h6>\n<\/li>\n<li style=\"text-align: left;\">\n<h6><u><\/u><span class=\"m_-5337860773545919192xcontentpasted0\">Els enunciats de les proves es lliuraran en <span style=\"text-decoration: underline;\"><span style=\"color: #ff0000; text-decoration: underline;\">arxiu PDF<\/span><\/span>.<u><\/u><u><\/u><\/span><\/h6>\n<\/li>\n<li style=\"text-align: left;\">\n<h6><u><\/u><span class=\"m_-5337860773545919192xcontentpasted0\">Hi haur\u00e0 una <span style=\"color: #ff0000;\">mostra<\/span> de centres que, de forma <span style=\"color: #ff0000;\">volunt\u00e0ria<\/span>, faran <span style=\"color: #ff0000;\">la prova en format totalment digital <span style=\"text-decoration: underline;\">en l\u00ednia<\/span><\/span>. M\u00e9s endavant us informarem de la relaci\u00f3 d\u2019aquests centres<\/span><span class=\"m_-5337860773545919192xcontentpasted0\">.<\/span><span class=\"m_-5337860773545919192xcontentpasted0\"> El contingut de la prova \u00e9s el mateix que la que faran els centres amb enunciats en PDF i fulls de resposta en paper<i>.<\/i><\/span><\/h6>\n<\/li>\n<\/ul>\n<\/td>\n<\/tr>\n<\/tbody>\n<\/table>\n<hr \/>\n<h3 style=\"text-align: center;\"><a href=\"https:\/\/drive.google.com\/drive\/folders\/1eeS33ZOMV4_XDvOS_FMoTYKIVCOlBukT?usp=sharing\" target=\"_blank\" rel=\"noopener\"><span style=\"color: #3366ff;\">Repositori de proves en cursos anteriors<\/span><\/a><\/h3>\n<hr \/>\n<h3><strong><br \/>\nInformacions i documents previs a les proves<\/strong><\/h3>\n<ul>\n<li><a href=\"https:\/\/drive.google.com\/file\/d\/1zVemLJ4h9-vy4OZ4XoZTQsaQa8x1wKXN\/view?usp=drive_link\" target=\"_blank\" rel=\"noopener\"><strong>Resoluci\u00f3 d&#8217;aprovaci\u00f3 de les directrius per a la realitzaci\u00f3 de la prova d&#8217;avaluaci\u00f3 de quart curs de l&#8217;ESO<\/strong><\/a>.<\/li>\n<li><strong><a href=\"https:\/\/drive.google.com\/file\/d\/17Y4eQdD-d_GmG_fFh51tgV7x54xOFmdI\/view?usp=sharing\" target=\"_blank\" rel=\"noopener\">Calendari d&#8217;actuacions<\/a><\/strong>.<\/li>\n<li><a href=\"https:\/\/drive.google.com\/file\/d\/1f0YV0PfGWmzxeiSWqelZBPAyEyKYb6Oc\/view?usp=sharing\" target=\"_blank\" rel=\"noopener\"><strong>Guia d&#8217;aplicaci\u00f3 de les proves<\/strong><\/a>.<\/li>\n<li><strong><a href=\"https:\/\/drive.google.com\/file\/d\/1lKsflSfLNcMBBOYqUegLtZO2zumJn7_v\/view?usp=drive_link\" target=\"_blank\" rel=\"noopener\">Instruccions per als aplicadors i les aplicadores en les avaluacions de final d&#8217;etapa<\/a><\/strong>. (Tamb\u00e9 en l\u00ednia, <strong><a href=\"http:\/\/www.consaval.cat\/aplicadors\" target=\"_blank\" rel=\"noopener\">aqu\u00ed<\/a><\/strong>.)<\/li>\n<li><a href=\"https:\/\/drive.google.com\/file\/d\/1NxUC96Ie33tt9kLhSEnRtqQBo9yFfkwF\/view?usp=sharing\" target=\"_blank\" rel=\"noopener\"><strong>Infografia: Pautes i consells<\/strong><\/a>.<\/li>\n<li><a href=\"https:\/\/drive.google.com\/file\/d\/18bQaQS-gsE8TSr6Ei2YSqTcHrbEDFJdQ\/view?usp=sharing\" target=\"_blank\" rel=\"noopener\"><strong>Annex IV. Acta d&#8217;aplicaci\u00f3 de les proves<\/strong><\/a>.<\/li>\n<li><strong><a href=\"https:\/\/drive.google.com\/file\/d\/1RHwC6MR8F4Gkfo2rP-_-WXuCrSMIV3JH\/view?usp=drive_link\" target=\"_blank\" rel=\"noopener\">Instrucci\u00f3 complement\u00e0ria 1 &#8211; Formaci\u00f3 dels correctors<\/a><\/strong>.<\/li>\n<li><a href=\"https:\/\/drive.google.com\/file\/d\/11FGvLYp8zrCn_J1gcNr2FT_ehKgh8eWd\/view?usp=drive_link\" target=\"_blank\" rel=\"noopener\"><strong>Instrucci\u00f3 complement\u00e0ria 2 &#8211; Dieta pel lliurament dels fulls de resposta<\/strong><\/a>.\n<ul>\n<li><a href=\"https:\/\/drive.google.com\/file\/d\/1WnWV3VEKIA5f-mqlx5gcfh4HIZlsosVA\/view?usp=sharing\" target=\"_blank\" rel=\"noopener\"><strong>Guia per donar d&#8217;alta i trametre una dieta a ATRI<\/strong><\/a><\/li>\n<\/ul>\n<\/li>\n<li><a href=\"https:\/\/drive.google.com\/file\/d\/1iPAnTW9u5ji6ZvePaUddbLtctpeRClme\/view?usp=drive_link\" target=\"_blank\" rel=\"noopener\"><strong>Instrucci\u00f3 complement\u00e0ria 3: Pagaments al docent corrector<\/strong><\/a>.<\/li>\n<li><a href=\"https:\/\/drive.google.com\/file\/d\/1FiFqHHvYnUMP8e-t6SSc8tqzl9bExp9c\/view?usp=drive_link\" target=\"_blank\" rel=\"noopener\"><strong>Instrucci\u00f3 complement\u00e0ria 4\u00a0&#8211; Alumnat amb discapacitat visual amb procediment de correcci\u00f3 externa<\/strong><\/a>.<\/li>\n<li><a href=\"https:\/\/drive.google.com\/file\/d\/17Y4eQdD-d_GmG_fFh51tgV7x54xOFmdI\/view?usp=drive_link\" target=\"_blank\" rel=\"noopener\"><strong>Manual d&#8217;usuari de l&#8217;aplicaci\u00f3 inform\u00e0tica per a centres<\/strong><\/a>.<\/li>\n<li><strong><a href=\"https:\/\/drive.google.com\/file\/d\/1zE1gg0MKfRz72Nz8axA9IIJgMW3OhbBv\/view?usp=sharing\" target=\"_blank\" rel=\"noopener\">Franges hor\u00e0ries per a la recepci\u00f3 de les proves<\/a><\/strong>.<\/li>\n<li><a href=\"https:\/\/drive.google.com\/file\/d\/1SJHk2Je7IIbg_XEVDjVi1XMdAhCOq-Bh\/view?usp=sharing\" target=\"_blank\" rel=\"noopener\"><strong>Informaci\u00f3 per a les fam\u00edlies del centre<\/strong><\/a>.<\/li>\n<\/ul>\n<hr \/>\n<h3><strong>Documents i materials durant les proves<\/strong><\/h3>\n<ul>\n<li><a href=\"https:\/\/drive.google.com\/file\/d\/1hyamz8coE-Yr00sFKYJhqMXhvtaPrSVT\/view?usp=drive_link\" target=\"_blank\" rel=\"noopener\"><strong>Quadern d&#8217;enunciats llengua catalana<\/strong><\/a>.<\/li>\n<li><a href=\"https:\/\/drive.google.com\/file\/d\/1pN3Zof1i9krA9LGDTTfpLCS1j5KXs9T4\/view?usp=drive_link\" target=\"_blank\" rel=\"noopener\"><strong>Quadern d&#8217;enunciats llengua castellana<\/strong><\/a>.<\/li>\n<li><a href=\"https:\/\/drive.google.com\/file\/d\/1sv8ctjqEUAkhNjAivXfEy9_sPzjp5MJ9\/view?usp=drive_link\" target=\"_blank\" rel=\"noopener\"><strong>Quadern d&#8217;enunciats matem\u00e0tiques<\/strong><\/a>.<\/li>\n<li><a href=\"https:\/\/drive.google.com\/file\/d\/19yXmwfVj7DKJsGGIqCkOvN2_C5l2VLVp\/view?usp=drive_link\" target=\"_blank\" rel=\"noopener\"><strong>Fulls de respostes llengua catalana<\/strong><\/a>.<\/li>\n<li><a href=\"https:\/\/drive.google.com\/file\/d\/1sG_UNZAz6I8mVGd4OjlESiQ7ATQRFSFs\/view?usp=drive_link\" target=\"_blank\" rel=\"noopener\"><strong>Fulls de respostes llengua castellana<\/strong><\/a>.<\/li>\n<li><a href=\"https:\/\/drive.google.com\/file\/d\/16oM_Et1kuo5Da-BP9HHGDrWvl7Fs9TM8\/view?usp=drive_link\" target=\"_blank\" rel=\"noopener\"><strong>Fulls de respostes matem\u00e0tiques<\/strong><\/a>.<\/li>\n<li><a href=\"https:\/\/drive.google.com\/file\/d\/1ois75RY9cvshUGIMZPTE_POUCcR7awkh\/view?usp=drive_link\" target=\"_blank\" rel=\"noopener\"><strong>Quadern d&#8217;enunciats llengua anglesa<\/strong><\/a>.<\/li>\n<li><a href=\"https:\/\/drive.google.com\/file\/d\/1uIgBwVYMU2DBbh8Fnoz25mXuLKeRxVxo\/view?usp=drive_link\" target=\"_blank\" rel=\"noopener\"><strong>Fulls de respostes llengua anglesa<\/strong><\/a>.<\/li>\n<li><a href=\"https:\/\/drive.google.com\/file\/d\/1feZtfo11OCjFWgGGvrbPFuL9bvso7084\/view?usp=drive_link\" target=\"_blank\" rel=\"noopener\"><strong>Pista d&#8217;\u00e0udio per a la prova de llegua anglesa<\/strong><\/a>.<\/li>\n<li><a href=\"https:\/\/drive.google.com\/file\/d\/1HxnLi25mrQwbPdU6e3zjqtX4QhZDNZtb\/view?usp=drive_link\" target=\"_blank\" rel=\"noopener\"><strong>Transcripci\u00f3 de l&#8217;\u00e0udio per a la prova de llengua anglesa<\/strong><\/a>.<\/li>\n<li><a href=\"https:\/\/drive.google.com\/file\/d\/150Ov7mzoUuKWPjUmt1MAf1rYb1OxxU95\/view?usp=drive_link\" target=\"_blank\" rel=\"noopener\"><strong>Quadern d&#8217;enunciats llengua francesa<\/strong><\/a>.<\/li>\n<li><a href=\"https:\/\/drive.google.com\/file\/d\/1CAzOda8trbdlX1eZ7BNF5tqYCcPNym78\/view?usp=drive_link\" target=\"_blank\" rel=\"noopener\"><strong>Fulls de respostes llengua francesa<\/strong><\/a>.<\/li>\n<li><a href=\"https:\/\/drive.google.com\/file\/d\/1_lEWtrRCnbmccMrQqL8rGdil_k1-XOvI\/view?usp=drive_link\" target=\"_blank\" rel=\"noopener\"><strong>Pista d&#8217;\u00e0udio per a la prova de llengua francesa<\/strong><\/a>.<\/li>\n<li><a href=\"https:\/\/drive.google.com\/file\/d\/1he51NVIVx8Foc4dMtsln1iyLa65A6y94\/view?usp=drive_link\" target=\"_blank\" rel=\"noopener\"><strong>Transcripci\u00f3 de l&#8217;\u00e0udio per a la prova de llengua francesa<\/strong><\/a>.<\/li>\n<li><a href=\"https:\/\/drive.google.com\/file\/d\/1i215_7htQULBdvUyzW9BYAb8w3TyBh2P\/view?usp=drive_link\" target=\"_blank\" rel=\"noopener\"><strong>Quadern d&#8217;enunciats cientificotecnol\u00f2gica<\/strong><\/a>.<\/li>\n<li><a href=\"https:\/\/drive.google.com\/file\/d\/1kKoPb9zt67kxGhc3ekhMOXrxnTi8gX0V\/view?usp=drive_link\" target=\"_blank\" rel=\"noopener\"><strong>Fulls de respostes cientificotecnol\u00f2gica<\/strong><\/a>.<\/li>\n<\/ul>\n<hr \/>\n<h3><strong>Documents i materials amb posterioritat a l&#8217;aplicaci\u00f3<\/strong><\/h3>\n<ul>\n<li>Criteris de correcci\u00f3:\n<ul>\n<li><a href=\"https:\/\/drive.google.com\/file\/d\/1er7bDtcAo5R2WA4SuoXPEZOQ4e50BSGT\/view?usp=drive_link\" target=\"_blank\" rel=\"noopener\"><strong>Llengua catalana i llengua castellana<\/strong><\/a>.<\/li>\n<li><a href=\"https:\/\/drive.google.com\/file\/d\/1IOjdEa-6sOLEmmzeD0zwkJ65BtBB2WO9\/view?usp=drive_link\" target=\"_blank\" rel=\"noopener\"><strong>Llengua anglesa<\/strong><\/a>.<\/li>\n<\/ul>\n<\/li>\n<\/ul>\n<hr \/>\n<h3>Proc\u00e9s de correcci\u00f3 de les proves: Documents i informaci\u00f3<\/h3>\n<ul>\n<li><strong><a href=\"https:\/\/drive.google.com\/file\/d\/1hiXtHEvAZQReuw3va5CzeQTxwGjjnL-O\/view?usp=drive_link\" target=\"_blank\" rel=\"noopener\">Presentaci\u00f3 sobre el proc\u00e9s de correcci\u00f3<\/a><\/strong>. (Tamb\u00e9 en l\u00ednia, <strong><a href=\"http:\/\/www.consaval.cat\/correctorsA4S\" target=\"_blank\" rel=\"noopener\">aqu\u00ed<\/a><\/strong>.)<\/li>\n<li><strong><a href=\"https:\/\/drive.google.com\/file\/d\/15-WOpgbRFn1V-ZI6tOwyPuGINnRGLEvM\/view?usp=sharing\" target=\"_blank\" rel=\"noopener\">Manual d&#8217;usuari per a l&#8217;aplicaci\u00f3 inform\u00e0tica<\/a><\/strong>.<\/li>\n<li>Model de butllet\u00ed per a fam\u00edlies amb alumnat de proc\u00e9s de correcci\u00f3 interna.<\/li>\n<\/ul>\n<hr \/>\n<p><strong>Informacions per a la Direcci\u00f3 del centre<\/strong><\/p>\n<ul>\n<li>Sessi\u00f3 informativa de la Comissi\u00f3:\n<ul>\n<li><em><strong><a href=\"https:\/\/drive.google.com\/file\/d\/103hPRRNNSNJK4u_Xfo0Lwz1kHgcGWjfU\/view?usp=sharing\" target=\"_blank\" rel=\"noopener\">Presentaci\u00f3 amb la informaci\u00f3 destacada presentada durant la reuni\u00f3<\/a><\/strong>.<\/em><\/li>\n<\/ul>\n<\/li>\n<\/ul>\n<p><strong>Informacions per a les persones aplicadores de les proves<\/strong><\/p>\n<ul>\n<li>Sessi\u00f3 informativa de la Comissi\u00f3:<strong><span style=\"color: #ff0000;\">\u00a0<\/span><\/strong>\n<ul>\n<li><em><a href=\"https:\/\/drive.google.com\/file\/d\/103hPRRNNSNJK4u_Xfo0Lwz1kHgcGWjfU\/view?usp=sharing\" target=\"_blank\" rel=\"noopener\"><strong>Presentaci\u00f3 amb la informaci\u00f3 destacada presentada durant la reuni\u00f3<\/strong><\/a>.<\/em><\/li>\n<\/ul>\n<\/li>\n<\/ul>\n<p><strong>Informacions per a les persones correctores de les proves<\/strong><\/p>\n<ul>\n<li>Sessi\u00f3 informativa de la Comissi\u00f3:<\/li>\n<\/ul>\n","protected":false},"excerpt":{"rendered":"<p>&nbsp; NOVES DATES! Les proves s&#8217;aplicaran els dies 16 i 17 d&#8217;abril de 2024 NOVETATS 2024 Instrucci\u00f3 complement\u00e0ria sorgida pel canvi de dates resolt el 4 de mar\u00e7. Enguany NO hi haur\u00e0 preguntes obertes en la compet\u00e8ncia de matem\u00e0tiques ni en la compet\u00e8ncia de ci\u00e8ncia, tecnologia i enginyeria. Per tant, no hi haur\u00e0 correcci\u00f3 externa [&hellip;]<\/p>\n","protected":false},"author":1,"featured_media":0,"parent":0,"menu_order":0,"comment_status":"closed","ping_status":"closed","template":"","meta":{"_bbp_topic_count":0,"_bbp_reply_count":0,"_bbp_total_topic_count":0,"_bbp_total_reply_count":0,"_bbp_voice_count":0,"_bbp_anonymous_reply_count":0,"_bbp_topic_count_hidden":0,"_bbp_reply_count_hidden":0,"_bbp_forum_subforum_count":0,"site-sidebar-layout":"default","site-content-layout":"","ast-site-content-layout":"","site-content-style":"default","site-sidebar-style":"default","ast-global-header-display":"","ast-banner-title-visibility":"","ast-main-header-display":"","ast-hfb-above-header-display":"","ast-hfb-below-header-display":"","ast-hfb-mobile-header-display":"","site-post-title":"","ast-breadcrumbs-content":"","ast-featured-img":"","footer-sml-layout":"","theme-transparent-header-meta":"","adv-header-id-meta":"","stick-header-meta":"","header-above-stick-meta":"","header-main-stick-meta":"","header-below-stick-meta":"","astra-migrate-meta-layouts":"default","ast-page-background-enabled":"default","ast-page-background-meta":{"desktop":{"background-color":"var(--ast-global-color-4)","background-image":"","background-repeat":"repeat","background-position":"center center","background-size":"auto","background-attachment":"scroll","background-type":"","background-media":"","overlay-type":"","overlay-color":"","overlay-opacity":"","overlay-gradient":""},"tablet":{"background-color":"","background-image":"","background-repeat":"repeat","background-position":"center center","background-size":"auto","background-attachment":"scroll","background-type":"","background-media":"","overlay-type":"","overlay-color":"","overlay-opacity":"","overlay-gradient":""},"mobile":{"background-color":"","background-image":"","background-repeat":"repeat","background-position":"center center","background-size":"auto","background-attachment":"scroll","background-type":"","background-media":"","overlay-type":"","overlay-color":"","overlay-opacity":"","overlay-gradient":""}},"ast-content-background-meta":{"desktop":{"background-color":"var(--ast-global-color-5)","background-image":"","background-repeat":"repeat","background-position":"center center","background-size":"auto","background-attachment":"scroll","background-type":"","background-media":"","overlay-type":"","overlay-color":"","overlay-opacity":"","overlay-gradient":""},"tablet":{"background-color":"var(--ast-global-color-5)","background-image":"","background-repeat":"repeat","background-position":"center center","background-size":"auto","background-attachment":"scroll","background-type":"","background-media":"","overlay-type":"","overlay-color":"","overlay-opacity":"","overlay-gradient":""},"mobile":{"background-color":"var(--ast-global-color-5)","background-image":"","background-repeat":"repeat","background-position":"center center","background-size":"auto","background-attachment":"scroll","background-type":"","background-media":"","overlay-type":"","overlay-color":"","overlay-opacity":"","overlay-gradient":""}},"footnotes":""},"class_list":["post-6475","page","type-page","status-publish","hentry"],"post_mailing_queue_ids":[],"_links":{"self":[{"href":"https:\/\/serveiseducatius.xtec.cat\/santmarti\/wp-json\/wp\/v2\/pages\/6475","targetHints":{"allow":["GET"]}}],"collection":[{"href":"https:\/\/serveiseducatius.xtec.cat\/santmarti\/wp-json\/wp\/v2\/pages"}],"about":[{"href":"https:\/\/serveiseducatius.xtec.cat\/santmarti\/wp-json\/wp\/v2\/types\/page"}],"author":[{"embeddable":true,"href":"https:\/\/serveiseducatius.xtec.cat\/santmarti\/wp-json\/wp\/v2\/users\/1"}],"replies":[{"embeddable":true,"href":"https:\/\/serveiseducatius.xtec.cat\/santmarti\/wp-json\/wp\/v2\/comments?post=6475"}],"version-history":[{"count":6,"href":"https:\/\/serveiseducatius.xtec.cat\/santmarti\/wp-json\/wp\/v2\/pages\/6475\/revisions"}],"predecessor-version":[{"id":10799,"href":"https:\/\/serveiseducatius.xtec.cat\/santmarti\/wp-json\/wp\/v2\/pages\/6475\/revisions\/10799"}],"wp:attachment":[{"href":"https:\/\/serveiseducatius.xtec.cat\/santmarti\/wp-json\/wp\/v2\/media?parent=6475"}],"curies":[{"name":"wp","href":"https:\/\/api.w.org\/{rel}","templated":true}]}}