{"id":338,"date":"2015-11-24T18:40:49","date_gmt":"2015-11-24T17:40:49","guid":{"rendered":"http:\/\/serveiseducatius.xtec.cat\/se-santmarti\/?page_id=338"},"modified":"2021-04-27T09:41:20","modified_gmt":"2021-04-27T07:41:20","slug":"centres-educatius","status":"publish","type":"page","link":"https:\/\/serveiseducatius.xtec.cat\/santmarti\/centres-educatius\/","title":{"rendered":"Centres educatius"},"content":{"rendered":"<p style=\"text-align: justify;\">Al districte de Sant Mart\u00ed hi ha 19\u00a0escoles p\u00fabliques d&#8217;educaci\u00f3 infantil 0-3, 31 centres p\u00fablics d\u2019educaci\u00f3 infantil i prim\u00e0ria, 13\u00a0centres p\u00fablics d\u2019educaci\u00f3 secund\u00e0ria, batxillerat i formaci\u00f3 professional.<\/p>\n<table style=\"height: 450px;\" width=\"829\">\n<tbody>\n<tr>\n<td style=\"width: 225.6px;\">\n<table style=\"width: 180px; height: 400px;\">\n<tbody>\n<tr style=\"height: 49px;\">\n<td style=\"width: 52.8px; height: 49px;\"><img loading=\"lazy\" decoding=\"async\" class=\"wp-image-5569 aligncenter\" src=\"https:\/\/serveiseducatius.xtec.cat\/santmarti\/wp-content\/uploads\/usu785\/2021\/03\/icona-taronja.png\" alt=\"\" width=\"39\" height=\"33\" \/><\/td>\n<td style=\"width: 120.8px; height: 49px;\">Escoles Bressol Municipals<\/td>\n<\/tr>\n<tr style=\"height: 41px;\">\n<td style=\"width: 52.8px; height: 41px;\"><img loading=\"lazy\" decoding=\"async\" class=\"size-full wp-image-5570 aligncenter\" style=\"font-size: 12.25px;\" src=\"https:\/\/serveiseducatius.xtec.cat\/santmarti\/wp-content\/uploads\/usu785\/2021\/03\/icona-verda.png\" alt=\"\" width=\"25\" height=\"25\" \/><\/td>\n<td style=\"width: 120.8px; height: 41px;\">Escoles Bressol privades<\/td>\n<\/tr>\n<tr style=\"height: 45px;\">\n<td style=\"width: 52.8px; height: 45px;\"><img loading=\"lazy\" decoding=\"async\" class=\"wp-image-5568 aligncenter\" src=\"https:\/\/serveiseducatius.xtec.cat\/santmarti\/wp-content\/uploads\/usu785\/2021\/03\/icona-groga.png\" alt=\"\" width=\"24\" height=\"29\" \/><\/td>\n<td style=\"width: 120.8px; height: 45px;\">Escola P\u00fablica Infantil i Prim\u00e0ria<\/td>\n<\/tr>\n<tr style=\"height: 39px;\">\n<td style=\"width: 52.8px; height: 39px;\"><img loading=\"lazy\" decoding=\"async\" class=\"size-full wp-image-5571 aligncenter\" style=\"font-size: 12.25px;\" src=\"https:\/\/serveiseducatius.xtec.cat\/santmarti\/wp-content\/uploads\/usu785\/2021\/03\/icona-blava.png\" alt=\"\" width=\"22\" height=\"23\" \/><\/td>\n<td style=\"width: 120.8px; height: 39px;\">INS P\u00fablics de Secund\u00e0ria<\/td>\n<\/tr>\n<tr style=\"height: 47px;\">\n<td style=\"width: 52.8px; height: 47px;\"><img loading=\"lazy\" decoding=\"async\" class=\"size-full wp-image-5572 aligncenter\" src=\"https:\/\/serveiseducatius.xtec.cat\/santmarti\/wp-content\/uploads\/usu785\/2021\/03\/icona-gris.png\" alt=\"\" width=\"27\" height=\"31\" \/><\/td>\n<td style=\"width: 120.8px; height: 47px;\">Centres Concertats<\/td>\n<\/tr>\n<tr style=\"height: 46px;\">\n<td style=\"width: 52.8px; height: 46px;\"><img loading=\"lazy\" decoding=\"async\" class=\" wp-image-5573 aligncenter\" src=\"https:\/\/serveiseducatius.xtec.cat\/santmarti\/wp-content\/uploads\/usu785\/2021\/03\/icona-lila.png\" alt=\"\" width=\"33\" height=\"26\" \/><\/td>\n<td style=\"width: 120.8px; height: 46px;\">Formaci\u00f3 d&#8217;adults<\/td>\n<\/tr>\n<tr style=\"height: 45px;\">\n<td style=\"width: 52.8px; height: 45px;\"><img loading=\"lazy\" decoding=\"async\" class=\"size-full wp-image-6211 aligncenter\" src=\"https:\/\/serveiseducatius.xtec.cat\/santmarti\/wp-content\/uploads\/usu785\/2021\/04\/CENTRE-CIVIC.png\" alt=\"\" width=\"30\" height=\"29\" \/><\/td>\n<td style=\"width: 120.8px; height: 45px;\">Centres C\u00edvics i Culturals<\/td>\n<\/tr>\n<tr style=\"height: 43px;\">\n<td style=\"width: 52.8px; height: 43px;\"><img loading=\"lazy\" decoding=\"async\" class=\"size-full wp-image-6213 aligncenter\" src=\"https:\/\/serveiseducatius.xtec.cat\/santmarti\/wp-content\/uploads\/usu785\/2021\/04\/museu.png\" alt=\"\" width=\"27\" height=\"27\" \/><\/td>\n<td style=\"width: 120.8px; height: 43px;\">Museus i exposicions<\/td>\n<\/tr>\n<tr style=\"height: 45px;\">\n<td style=\"width: 52.8px; height: 45px;\"><img loading=\"lazy\" decoding=\"async\" class=\" wp-image-6212 aligncenter\" src=\"https:\/\/serveiseducatius.xtec.cat\/santmarti\/wp-content\/uploads\/usu785\/2021\/04\/casal-barri.png\" alt=\"\" width=\"24\" height=\"31\" \/><\/td>\n<td style=\"width: 120.8px; height: 45px;\">\u00a0Casals de Barri<\/td>\n<\/tr>\n<\/tbody>\n<\/table>\n<\/td>\n<td style=\"width: 596.8px;\"><iframe loading=\"lazy\" src=\"https:\/\/www.google.com\/maps\/d\/u\/1\/embed?mid=1OyRt2i62MlUP1Hnn0yUk9vLoRWgZl8Lp\" width=\"640\" height=\"480\"><\/iframe><\/td>\n<\/tr>\n<\/tbody>\n<\/table>\n","protected":false},"excerpt":{"rendered":"<p>Al districte de Sant Mart\u00ed hi ha 19\u00a0escoles p\u00fabliques d&#8217;educaci\u00f3 infantil 0-3, 31 centres p\u00fablics d\u2019educaci\u00f3 infantil i prim\u00e0ria, 13\u00a0centres p\u00fablics d\u2019educaci\u00f3 secund\u00e0ria, batxillerat i formaci\u00f3 professional. Escoles Bressol Municipals Escoles Bressol privades Escola P\u00fablica Infantil i Prim\u00e0ria INS P\u00fablics de Secund\u00e0ria Centres Concertats Formaci\u00f3 d&#8217;adults Centres C\u00edvics i Culturals Museus i exposicions \u00a0Casals de [&hellip;]<\/p>\n","protected":false},"author":1,"featured_media":0,"parent":0,"menu_order":10,"comment_status":"closed","ping_status":"closed","template":"page-templates\/side-menu.php","meta":{"_bbp_topic_count":0,"_bbp_reply_count":0,"_bbp_total_topic_count":0,"_bbp_total_reply_count":0,"_bbp_voice_count":0,"_bbp_anonymous_reply_count":0,"_bbp_topic_count_hidden":0,"_bbp_reply_count_hidden":0,"_bbp_forum_subforum_count":0,"site-sidebar-layout":"default","site-content-layout":"","ast-site-content-layout":"","site-content-style":"default","site-sidebar-style":"default","ast-global-header-display":"","ast-banner-title-visibility":"","ast-main-header-display":"","ast-hfb-above-header-display":"","ast-hfb-below-header-display":"","ast-hfb-mobile-header-display":"","site-post-title":"","ast-breadcrumbs-content":"","ast-featured-img":"","footer-sml-layout":"","theme-transparent-header-meta":"","adv-header-id-meta":"","stick-header-meta":"","header-above-stick-meta":"","header-main-stick-meta":"","header-below-stick-meta":"","astra-migrate-meta-layouts":"default","ast-page-background-enabled":"default","ast-page-background-meta":{"desktop":{"background-color":"var(--ast-global-color-4)","background-image":"","background-repeat":"repeat","background-position":"center center","background-size":"auto","background-attachment":"scroll","background-type":"","background-media":"","overlay-type":"","overlay-color":"","overlay-opacity":"","overlay-gradient":""},"tablet":{"background-color":"","background-image":"","background-repeat":"repeat","background-position":"center center","background-size":"auto","background-attachment":"scroll","background-type":"","background-media":"","overlay-type":"","overlay-color":"","overlay-opacity":"","overlay-gradient":""},"mobile":{"background-color":"","background-image":"","background-repeat":"repeat","background-position":"center center","background-size":"auto","background-attachment":"scroll","background-type":"","background-media":"","overlay-type":"","overlay-color":"","overlay-opacity":"","overlay-gradient":""}},"ast-content-background-meta":{"desktop":{"background-color":"var(--ast-global-color-5)","background-image":"","background-repeat":"repeat","background-position":"center center","background-size":"auto","background-attachment":"scroll","background-type":"","background-media":"","overlay-type":"","overlay-color":"","overlay-opacity":"","overlay-gradient":""},"tablet":{"background-color":"var(--ast-global-color-5)","background-image":"","background-repeat":"repeat","background-position":"center center","background-size":"auto","background-attachment":"scroll","background-type":"","background-media":"","overlay-type":"","overlay-color":"","overlay-opacity":"","overlay-gradient":""},"mobile":{"background-color":"var(--ast-global-color-5)","background-image":"","background-repeat":"repeat","background-position":"center center","background-size":"auto","background-attachment":"scroll","background-type":"","background-media":"","overlay-type":"","overlay-color":"","overlay-opacity":"","overlay-gradient":""}},"footnotes":""},"class_list":["post-338","page","type-page","status-publish","hentry"],"post_mailing_queue_ids":[],"_links":{"self":[{"href":"https:\/\/serveiseducatius.xtec.cat\/santmarti\/wp-json\/wp\/v2\/pages\/338","targetHints":{"allow":["GET"]}}],"collection":[{"href":"https:\/\/serveiseducatius.xtec.cat\/santmarti\/wp-json\/wp\/v2\/pages"}],"about":[{"href":"https:\/\/serveiseducatius.xtec.cat\/santmarti\/wp-json\/wp\/v2\/types\/page"}],"author":[{"embeddable":true,"href":"https:\/\/serveiseducatius.xtec.cat\/santmarti\/wp-json\/wp\/v2\/users\/1"}],"replies":[{"embeddable":true,"href":"https:\/\/serveiseducatius.xtec.cat\/santmarti\/wp-json\/wp\/v2\/comments?post=338"}],"version-history":[{"count":2,"href":"https:\/\/serveiseducatius.xtec.cat\/santmarti\/wp-json\/wp\/v2\/pages\/338\/revisions"}],"predecessor-version":[{"id":6214,"href":"https:\/\/serveiseducatius.xtec.cat\/santmarti\/wp-json\/wp\/v2\/pages\/338\/revisions\/6214"}],"wp:attachment":[{"href":"https:\/\/serveiseducatius.xtec.cat\/santmarti\/wp-json\/wp\/v2\/media?parent=338"}],"curies":[{"name":"wp","href":"https:\/\/api.w.org\/{rel}","templated":true}]}}