{"id":2842,"date":"2018-07-26T17:46:03","date_gmt":"2018-07-26T15:46:03","guid":{"rendered":"http:\/\/serveiseducatius.xtec.cat\/santmarti\/?page_id=2842"},"modified":"2021-04-03T17:58:18","modified_gmt":"2021-04-03T15:58:18","slug":"sess-7-2011-2012","status":"publish","type":"page","link":"https:\/\/serveiseducatius.xtec.cat\/santmarti\/seminariee\/sess-7-2011-2012\/","title":{"rendered":"sess-7-2011-2012"},"content":{"rendered":"<h2 id=\"toc0\">7a Trobada<\/h2>\n<p>divendres 08\/06\/2012<\/p>\n<hr \/>\n<ul>\n<li><strong>&#8220;TAC i NEE en la lectura i l&#8217;escriptura.&#8221; <\/strong><\/li>\n<\/ul>\n<p>Montse Ardid i Ambrosio Gassol. EAP Sant Mart\u00ed.<\/p>\n<hr \/>\n<p><strong>Recull d&#8217;activitats interactives de suport a l&#8217;aprenentatge de la lectoescriptura.<\/strong><\/p>\n<p><a href=\"https:\/\/serveiseducatius.xtec.cat\/santmarti\/seminariee\/seminariee-2010-2011\/sess-7-2011-2012\/sess-7-2011-2012-0\"><img loading=\"lazy\" decoding=\"async\" class=\"alignnone\" src=\"https:\/\/serveiseducatius.xtec.cat\/santmarti\/wp-content\/uploads\/usu785\/2021\/04\/wiki-lectura.jpg\" alt=\"\" width=\"500\" height=\"279\" \/><\/a><\/p>\n<p><strong><a class=\"wiki_link\" href=\"https:\/\/serveiseducatius.xtec.cat\/santmarti\/seminariee\/seminariee-2010-2011\/sess-7-2011-2012\/sess-7-2011-2012-0\" target=\"_blank\" rel=\"noopener noreferrer\">SEE_SANT_MARTI: ACTIVITATS<\/a><\/strong><br \/>\nSelecci\u00f3 d&#8217;activitats de diverses proced\u00e8ncies, totes a internet, classificades segons els aspectes a treballar que hem vist en aquest seminari.<\/p>\n<hr \/>\n<p id=\"toc1\"><a name=\"x7a Trobada-Programa Paraules - Bernat Orellana\"><\/a>Programa Paraules &#8211; Bernat Orellana<\/p>\n<p><em><a class=\"wiki_link_ext\" href=\"http:\/\/sites.google.com\/site\/orellanados\/ortograficas\" target=\"_blank\" rel=\"nofollow noopener noreferrer\">http:\/\/sites.google.com\/site\/orellanados\/ortograficas<\/a><\/em><\/p>\n<p>Paraules segueix la idea de servir com a eina per a refor\u00e7ar la ortografia. Per a fer-ho permet elegir una dificultat ortogr\u00e0fica en concret, entre les m\u00faltiples que inclou el programa, i es generen autom\u00e0ticament buits en el text, corresponents a la dificultat escollida. Tamb\u00e9 permet refor\u00e7ar l\u2019escriptura de les paraules que marquem com a paraules claus del text. En tots els casos \u00e9s un sistema que no admet l\u2019escriptura d\u2019errors, nom\u00e9s s\u2019introdueixen les paraules o les lletres correctes, no tenint cap reacci\u00f3 si s\u2019escriu un car\u00e0cter incorrecte.<br \/>\nEn el mateix sentit, ens pot permetre treballar el mateix text amb diferents alumnes i cadascun treballant una dificultat ortogr\u00e0fica diferent.<\/p>\n<p><img loading=\"lazy\" decoding=\"async\" class=\"alignnone size-large\" src=\"https:\/\/serveiseducatius.xtec.cat\/santmarti\/wp-content\/uploads\/usu785\/2021\/04\/paraules-pral.png\" width=\"774\" height=\"414\" \/><br \/>\nAquest programa funciona amb sistema operatiu windows i cal una resoluci\u00f3 de pantalla de 1280&#215;960 per poder veure en pantalla completament la finestra principal del programa. A resolucions m\u00e9s baixes, la finestra no s\u2019adapta i queden parts fora de la visi\u00f3 de l\u2019usuari. De la mateixa manera, si dimensionem la finestra manualment, tampoc s\u2019adapta per a poder veure tots els aspectes de la finestra.<\/p>\n<p>Obrim el programa (cal estar connectat a internet per a que funcioni) i accedim a la finestra principal. De les icones superiors escollim la que ens d\u00f3na acc\u00e9s a l\u2019Editor del programa (finestra on preparem i guardem el text)<\/p>\n<table class=\"captionBox\">\n<tbody>\n<tr>\n<td class=\"captionedImage\"><img loading=\"lazy\" decoding=\"async\" class=\"size-large aligncenter\" src=\"https:\/\/serveiseducatius.xtec.cat\/santmarti\/wp-content\/uploads\/usu785\/2021\/04\/paraules-editor-icona.png\" width=\"42\" height=\"34\" \/><\/td>\n<\/tr>\n<tr>\n<td class=\"imageCaption\">paraules-editor-icona.png<\/td>\n<\/tr>\n<\/tbody>\n<\/table>\n<p>A l\u2019Editor ens trobem amb una finestra dividida en dos. La de l\u2019esquerra ens mostra el cercador Google, amb el que podem buscar a internet el text a copiar que ens interessi. Si apareixen errors en connectar mitjan\u00e7ant el navegador incorporat en el programa Paraules, podem enganxar text copiat des de qualsevol navegador web o des d\u2019un text que tingu\u00e9ssim preparat en un processador de text.<\/p>\n<table class=\"captionBox\">\n<tbody>\n<tr>\n<td class=\"captionedImage\"><img loading=\"lazy\" decoding=\"async\" class=\"alignnone size-large\" src=\"https:\/\/serveiseducatius.xtec.cat\/santmarti\/wp-content\/uploads\/usu785\/2021\/04\/paraules-editor.png\" width=\"577\" height=\"392\" \/><\/td>\n<\/tr>\n<tr>\n<td class=\"imageCaption\">paraules-editor.png<\/td>\n<\/tr>\n<\/tbody>\n<\/table>\n<p>Quan haguem copiat el text en la part dreta inferior de la finestra de l\u2019Editor, marcarem les paraules claus que vulguem fent doble clic sobre cadascuna d\u2019elles.<br \/>\nUna vegada haguem seleccionats les paraules claus, posem nom i Guardem el text (usant la icona del disquet). El programa mostra la carpeta \u201cortografia\u201d que pr\u00e8viament ha creat dins de la carpeta \u201cEls meus documents\u201d.<\/p>\n<table class=\"captionBox\">\n<tbody>\n<tr>\n<td class=\"captionedImage\"><img loading=\"lazy\" decoding=\"async\" class=\"alignnone size-large\" src=\"https:\/\/serveiseducatius.xtec.cat\/santmarti\/wp-content\/uploads\/usu785\/2021\/04\/paraules-carpeta.png\" width=\"563\" height=\"366\" \/><\/td>\n<\/tr>\n<tr>\n<td class=\"imageCaption\">paraules-carpeta.png<\/td>\n<\/tr>\n<\/tbody>\n<\/table>\n<p>Tancarem la finestra de l\u2019Editor i ens trobarem a la pantalla principal.<\/p>\n<table class=\"captionBox\">\n<tbody>\n<tr>\n<td class=\"captionedImage\"><img loading=\"lazy\" decoding=\"async\" class=\"size-large aligncenter\" src=\"https:\/\/serveiseducatius.xtec.cat\/santmarti\/wp-content\/uploads\/usu785\/2021\/04\/paraules-obrir-icona.png\" width=\"51\" height=\"42\" \/><\/td>\n<\/tr>\n<tr>\n<td class=\"imageCaption\">paraules-obrir-icona.png<\/td>\n<\/tr>\n<\/tbody>\n<\/table>\n<p>Usant la icona corresponent obrirem el text dins de la carpeta ortografia. Per fer-ho escollim qualsevol dels fitxers sense extensi\u00f3 al seu nom. El text ens apareix a la pantalla amb els buits corresponents a les paraules claus. Tenim, llavors, diferents possibilitats.<\/p>\n<table class=\"wiki_table\">\n<tbody>\n<tr>\n<td>\n<table class=\"captionBox\">\n<tbody>\n<tr>\n<td class=\"captionedImage\"><img loading=\"lazy\" decoding=\"async\" class=\"size-large aligncenter\" src=\"https:\/\/serveiseducatius.xtec.cat\/santmarti\/wp-content\/uploads\/usu785\/2021\/04\/paraules-AmbSenseBuits-icona.png\" width=\"35\" height=\"86\" \/><\/td>\n<\/tr>\n<tr>\n<td class=\"imageCaption\">paraules-AmbSenseBuits-icona.png<\/td>\n<\/tr>\n<\/tbody>\n<\/table>\n<\/td>\n<td>Alternar les vistes entre Veure el text sencer o veure el text amb els buits a emplenar<\/td>\n<\/tr>\n<tr>\n<td>\n<table class=\"captionBox\">\n<tbody>\n<tr>\n<td class=\"captionedImage\"><img loading=\"lazy\" decoding=\"async\" class=\"size-large aligncenter\" src=\"https:\/\/serveiseducatius.xtec.cat\/santmarti\/wp-content\/uploads\/usu785\/2021\/04\/paraules-veurePclau-icona.png\" width=\"89\" height=\"40\" \/><\/td>\n<\/tr>\n<tr>\n<td class=\"imageCaption\">paraules-veurePclau-icona.png<\/td>\n<\/tr>\n<\/tbody>\n<\/table>\n<\/td>\n<td>Veure o Amagar la llista de les paraules clau del text<\/td>\n<\/tr>\n<tr>\n<td>\n<table class=\"captionBox\">\n<tbody>\n<tr>\n<td class=\"captionedImage\"><img loading=\"lazy\" decoding=\"async\" class=\"alignnone size-large\" src=\"https:\/\/serveiseducatius.xtec.cat\/santmarti\/wp-content\/uploads\/usu785\/2021\/04\/paraules-colorsTxt-icona.png\" width=\"248\" height=\"26\" \/><\/td>\n<\/tr>\n<tr>\n<td class=\"imageCaption\">paraules-colorsTxt-icona.png<\/td>\n<\/tr>\n<\/tbody>\n<\/table>\n<\/td>\n<td>Clicant als colors d\u2019aquesta icona canviarem el color del text<\/td>\n<\/tr>\n<tr>\n<td>\n<table class=\"captionBox\">\n<tbody>\n<tr>\n<td class=\"captionedImage\"><img loading=\"lazy\" decoding=\"async\" class=\"alignnone size-large\" src=\"https:\/\/serveiseducatius.xtec.cat\/santmarti\/wp-content\/uploads\/usu785\/2021\/04\/paraules-dificultOrtogra.png\" width=\"209\" height=\"295\" \/><\/td>\n<\/tr>\n<tr>\n<td class=\"imageCaption\">paraules-dificultOrtogra.png<\/td>\n<\/tr>\n<\/tbody>\n<\/table>\n<\/td>\n<td>Escollir la dificultat ortogr\u00e0fica a treballar.<\/p>\n<p>Nom\u00e9s cal fer clic a sobre de la dificultat que volem i immediatament canvien els espais a omplir en el text.<\/p>\n<p>Per tornar a tenir els buits de les paraules claus sempre podem tornar a obrir el text una altra vegada<\/td>\n<\/tr>\n<tr>\n<td>\n<table class=\"captionBox\">\n<tbody>\n<tr>\n<td class=\"captionedImage\"><img loading=\"lazy\" decoding=\"async\" class=\"size-large aligncenter\" src=\"https:\/\/serveiseducatius.xtec.cat\/santmarti\/wp-content\/uploads\/usu785\/2021\/04\/paraules-escriureParaulesClau.png\" width=\"47\" height=\"40\" \/><\/td>\n<\/tr>\n<tr>\n<td class=\"imageCaption\">paraules-escriureParaulesClau.png<\/td>\n<\/tr>\n<\/tbody>\n<\/table>\n<\/td>\n<td>Aquesta icona ens trasllada a una finestra on apareixen les paraules claus i l\u2019alumne les pot anar escrivint correctament. S\u2019acompanya d\u2019un mesurador del temps i d\u2019estimaci\u00f3 de velocitat d\u2019escriptura en escriure totes les paraules.<\/p>\n<table class=\"captionBox\">\n<tbody>\n<tr>\n<td class=\"captionedImage\"><img loading=\"lazy\" decoding=\"async\" class=\"alignnone size-large\" src=\"https:\/\/serveiseducatius.xtec.cat\/santmarti\/wp-content\/uploads\/usu785\/2021\/04\/paraules-RepassarEscriptura2.png\" width=\"304\" height=\"389\" \/><\/td>\n<\/tr>\n<tr>\n<td class=\"imageCaption\">paraules-RepassarEscriptura2.png<\/td>\n<\/tr>\n<\/tbody>\n<\/table>\n<\/td>\n<\/tr>\n<tr>\n<td>\n<table class=\"captionBox\">\n<tbody>\n<tr>\n<td class=\"captionedImage\"><img loading=\"lazy\" decoding=\"async\" class=\"alignnone size-large\" src=\"https:\/\/serveiseducatius.xtec.cat\/santmarti\/wp-content\/uploads\/usu785\/2021\/04\/paraules-word-icona.png\" width=\"46\" height=\"41\" \/><\/td>\n<\/tr>\n<tr>\n<td class=\"imageCaption\">paraules-word-icona.png<\/td>\n<\/tr>\n<\/tbody>\n<\/table>\n<\/td>\n<td>En qualsevol moment podem exportar a Word. Aquesta opci\u00f3 pot no funcionar autom\u00e0ticament i apar\u00e8ixer un missatge d\u2019error.<\/td>\n<\/tr>\n<\/tbody>\n<\/table>\n<p>Si passa aix\u00f2, com el programa Word s\u00ed que s\u2019haur\u00e0 obert, escollirem Arxiu | Obrir i cercarem la carpeta Els meus documents\\ortografia i a dins el fitxer <strong>temporal.txt<\/strong>, que sempre tindr\u00e0 el contingut de la \u00faltima exportaci\u00f3 feta.<\/p>\n<table class=\"captionBox\">\n<tbody>\n<tr>\n<td class=\"captionedImage\"><img loading=\"lazy\" decoding=\"async\" class=\"alignnone size-large\" src=\"https:\/\/serveiseducatius.xtec.cat\/santmarti\/wp-content\/uploads\/usu785\/2021\/04\/paraules-word.png\" width=\"504\" height=\"329\" \/><\/td>\n<\/tr>\n<tr>\n<td class=\"imageCaption\">paraules-word.png<\/td>\n<\/tr>\n<\/tbody>\n<\/table>\n<p>Guardem el fitxer amb un nom adequat (ex: Guineu-pr-cl-JosepAmat.txt) a la carpeta que preferim.<\/p>\n<hr \/>\n<p>Valoraci\u00f3 del seminari.<\/p>\n<hr \/>\n<p><strong>MATERIALS, ENLLA\u00c7OS I DOCUMENTS<\/strong><\/p>\n<p>Enlla\u00e7 a la sessi\u00f3 7 del seminari de NEE del curs 2010-2011 &#8221; EINES TIC i NECESSITATS DE LECTOESCRIPTURA&#8221; <em><a class=\"wiki_link\" href=\"https:\/\/serveiseducatius.xtec.cat\/santmarti\/seminariee\/seminariee-2010-2011\/sess-7-2010-2011\" target=\"_blank\" rel=\"noopener noreferrer\">7a_Trobada-2010-2011<\/a><\/em><\/p>\n<p><!--El rac\u00f3 de les paraules <em><a class=\"wiki_link_ext\" href=\"http:\/\/rafalvell-equipdesuport.blogspot.com.es\/\" target=\"_blank\" rel=\"nofollow noopener noreferrer\">http:\/\/rafalvell-equipdesuport.blogspot.com.es\/<\/a><\/em>--><\/p>\n<p>\u00bfC\u00f3mo leemos? <em><a class=\"wiki_link_ext\" href=\"http:\/\/www.aeg.es\/lectura\/index_03.html\" target=\"_blank\" rel=\"nofollow noopener noreferrer\">http:\/\/www.aeg.es\/lectura\/index_03.html<\/a><\/em><\/p>\n<p>Orientaci\u00f3n Andujar &#8211; Apartat de lectoescriptura <em><a class=\"wiki_link_ext\" href=\"http:\/\/orientacionandujar.wordpress.com\/lectoescritura\/\" target=\"_blank\" rel=\"nofollow noopener noreferrer\">http:\/\/orientacionandujar.wordpress.com\/lectoescritura\/<\/a><\/em><\/p>\n<p>Portal aragon\u00e9s de la comunicaci\u00f3n aumentativa y alternativa &#8211; <em><a class=\"wiki_link_ext\" href=\"https:\/\/arasaac.org\/\" target=\"_blank\" rel=\"nofollow noopener noreferrer\">ARASAAC<\/a><\/em><\/p>\n<p>Calam\u00e9o &#8211; Per publicar documents a la web en forma de llibre <em><a class=\"wiki_link_ext\" href=\"http:\/\/es.calameo.com\/\" target=\"_blank\" rel=\"nofollow noopener noreferrer\"> http:\/\/es.calameo.com\/<\/a><\/em><\/p>\n<p>La Lluna de Saturn &#8211; aventura en v\u00eddeo interactiu elaborat en col\u00b7laboraci\u00f3 entre el Programa de Mitjans Audiovisuals del Departament d\u2019Educaci\u00f3 i professionals dels CREDA, per treballar la comunicaci\u00f3 i l\u2019estructura de la frase <em><a class=\"wiki_link_ext\" href=\"http:\/\/www.xtec.cat\/dnee\/llunasat\/\" target=\"_blank\" rel=\"nofollow noopener noreferrer\">http:\/\/www.xtec.cat\/dnee\/llunasat\/<\/a><\/em>. <em>El material est\u00e0 fet amb Adobe Flash, per visualitzar-lo des del 2021 es pot usar GoogleChromePortable i accedir a l&#8217;adre\u00e7a seg\u00fcent: <a href=\"http:\/\/www.xtec.cat\/dnee\/llunasat\/flash\/index.htm\" rel=\"noopener noreferrer\" target=\"_blank\">La Lluna de Saturn<\/a> <\/p>\n<p>Biblioteca de contes &#8211; contes en diferents versions amb diferents graus d&#8217;accessibilitat <em><a class=\"wiki_link\" href=\"http:\/\/www.xtec.cat\/dnee\/satieee\/0607\/sessio4\/bibliocontes_ses.htm\" target=\"_blank\" rel=\"noopener noreferrer\">Biblioteca de contes<\/a><\/em><\/p>\n<p>Sebran &#8211; programa lliure en diferents idiomes amb activitats inicials de llengua i numeraci\u00f3 <em><a class=\"wiki_link_ext\" href=\"https:\/\/www.softcatala.org\/programes\/sebran\/\" target=\"_blank\" rel=\"nofollow noopener noreferrer\">https:\/\/www.softcatala.org\/programes\/sebran\/<\/a><\/em><\/p>\n<p>El rac\u00f3 de les paraules &#8211; blog sobre diversos aspectes de la llengua molt ben organitzats <em><a class=\"wiki_link_ext\" href=\"http:\/\/rafalvell-equipdesuport.blogspot.com.es\/2012\/05\/blog-original.html\" target=\"_blank\" rel=\"nofollow noopener noreferrer\">http:\/\/rafalvell-equipdesuport.blogspot.com.es\/2012\/05\/blog-original.html<\/a><\/em><\/p>\n","protected":false},"excerpt":{"rendered":"<p>7a Trobada divendres 08\/06\/2012 &#8220;TAC i NEE en la lectura i l&#8217;escriptura.&#8221; Montse Ardid i Ambrosio Gassol. EAP Sant Mart\u00ed. Recull d&#8217;activitats interactives de suport a l&#8217;aprenentatge de la lectoescriptura. SEE_SANT_MARTI: ACTIVITATS Selecci\u00f3 d&#8217;activitats de diverses proced\u00e8ncies, totes a internet, classificades segons els aspectes a treballar que hem vist en aquest seminari. Programa Paraules &#8211; [&hellip;]<\/p>\n","protected":false},"author":1,"featured_media":0,"parent":2436,"menu_order":0,"comment_status":"closed","ping_status":"closed","template":"","meta":{"_bbp_topic_count":0,"_bbp_reply_count":0,"_bbp_total_topic_count":0,"_bbp_total_reply_count":0,"_bbp_voice_count":0,"_bbp_anonymous_reply_count":0,"_bbp_topic_count_hidden":0,"_bbp_reply_count_hidden":0,"_bbp_forum_subforum_count":0,"site-sidebar-layout":"default","site-content-layout":"","ast-site-content-layout":"","site-content-style":"default","site-sidebar-style":"default","ast-global-header-display":"","ast-banner-title-visibility":"","ast-main-header-display":"","ast-hfb-above-header-display":"","ast-hfb-below-header-display":"","ast-hfb-mobile-header-display":"","site-post-title":"","ast-breadcrumbs-content":"","ast-featured-img":"","footer-sml-layout":"","theme-transparent-header-meta":"","adv-header-id-meta":"","stick-header-meta":"","header-above-stick-meta":"","header-main-stick-meta":"","header-below-stick-meta":"","astra-migrate-meta-layouts":"default","ast-page-background-enabled":"default","ast-page-background-meta":{"desktop":{"background-color":"var(--ast-global-color-4)","background-image":"","background-repeat":"repeat","background-position":"center center","background-size":"auto","background-attachment":"scroll","background-type":"","background-media":"","overlay-type":"","overlay-color":"","overlay-opacity":"","overlay-gradient":""},"tablet":{"background-color":"","background-image":"","background-repeat":"repeat","background-position":"center center","background-size":"auto","background-attachment":"scroll","background-type":"","background-media":"","overlay-type":"","overlay-color":"","overlay-opacity":"","overlay-gradient":""},"mobile":{"background-color":"","background-image":"","background-repeat":"repeat","background-position":"center center","background-size":"auto","background-attachment":"scroll","background-type":"","background-media":"","overlay-type":"","overlay-color":"","overlay-opacity":"","overlay-gradient":""}},"ast-content-background-meta":{"desktop":{"background-color":"var(--ast-global-color-5)","background-image":"","background-repeat":"repeat","background-position":"center center","background-size":"auto","background-attachment":"scroll","background-type":"","background-media":"","overlay-type":"","overlay-color":"","overlay-opacity":"","overlay-gradient":""},"tablet":{"background-color":"var(--ast-global-color-5)","background-image":"","background-repeat":"repeat","background-position":"center center","background-size":"auto","background-attachment":"scroll","background-type":"","background-media":"","overlay-type":"","overlay-color":"","overlay-opacity":"","overlay-gradient":""},"mobile":{"background-color":"var(--ast-global-color-5)","background-image":"","background-repeat":"repeat","background-position":"center center","background-size":"auto","background-attachment":"scroll","background-type":"","background-media":"","overlay-type":"","overlay-color":"","overlay-opacity":"","overlay-gradient":""}},"footnotes":""},"class_list":["post-2842","page","type-page","status-publish","hentry"],"post_mailing_queue_ids":[],"_links":{"self":[{"href":"https:\/\/serveiseducatius.xtec.cat\/santmarti\/wp-json\/wp\/v2\/pages\/2842","targetHints":{"allow":["GET"]}}],"collection":[{"href":"https:\/\/serveiseducatius.xtec.cat\/santmarti\/wp-json\/wp\/v2\/pages"}],"about":[{"href":"https:\/\/serveiseducatius.xtec.cat\/santmarti\/wp-json\/wp\/v2\/types\/page"}],"author":[{"embeddable":true,"href":"https:\/\/serveiseducatius.xtec.cat\/santmarti\/wp-json\/wp\/v2\/users\/1"}],"replies":[{"embeddable":true,"href":"https:\/\/serveiseducatius.xtec.cat\/santmarti\/wp-json\/wp\/v2\/comments?post=2842"}],"version-history":[{"count":4,"href":"https:\/\/serveiseducatius.xtec.cat\/santmarti\/wp-json\/wp\/v2\/pages\/2842\/revisions"}],"predecessor-version":[{"id":5880,"href":"https:\/\/serveiseducatius.xtec.cat\/santmarti\/wp-json\/wp\/v2\/pages\/2842\/revisions\/5880"}],"up":[{"embeddable":true,"href":"https:\/\/serveiseducatius.xtec.cat\/santmarti\/wp-json\/wp\/v2\/pages\/2436"}],"wp:attachment":[{"href":"https:\/\/serveiseducatius.xtec.cat\/santmarti\/wp-json\/wp\/v2\/media?parent=2842"}],"curies":[{"name":"wp","href":"https:\/\/api.w.org\/{rel}","templated":true}]}}