{"id":2295,"date":"2018-05-02T13:40:51","date_gmt":"2018-05-02T11:40:51","guid":{"rendered":"http:\/\/serveiseducatius.xtec.cat\/santmarti\/?page_id=2295"},"modified":"2018-05-03T14:33:22","modified_gmt":"2018-05-03T12:33:22","slug":"activitats-del-pfz-2017-18","status":"publish","type":"page","link":"https:\/\/serveiseducatius.xtec.cat\/santmarti\/formacio-esborranya\/pla-de-formacio-de-zona-pfz\/activitats-del-pfz-2017-18\/","title":{"rendered":"Activitats del PFZ 2017-18"},"content":{"rendered":"<p><strong>Activitats del PFZ de Sant Mart\u00ed 2017-18<\/strong>\u00a0\u00a0<a href=\"https:\/\/aplicacions.gestioeducativa.gencat.cat\/pls\/soloas\/pk_for_mod_ins.p_for_cons_activitats?p_header=&amp;p_crp=110&amp;p_any=2017-2018&amp;p_totes=N&amp;p_comarca=13&amp;p_totes=N&amp;p_excloure_crp_rec=T&amp;p_inici=1\"><img loading=\"lazy\" decoding=\"async\" class=\"alignnone wp-image-2263\" src=\"http:\/\/serveiseducatius.xtec.cat\/santmarti\/wp-content\/uploads\/usu785\/2018\/04\/lupa2-blau.png\" alt=\"\" width=\"38\" height=\"38\" \/><\/a><\/p>\n<table border=\"0\" cellspacing=\"0\">\n<tbody>\n<tr>\n<td><b>\u00a0\u00a0T\u00edtol<\/b><\/td>\n<td><b>\u00a0Professorat<\/b><\/td>\n<td><b>Descripci\u00f3\u00a0<\/b><\/td>\n<td><b>\u00a0Inscripci\u00f3<\/b><\/td>\n<\/tr>\n<tr>\n<td>\n<ul>\n<li>\u00a0Programaci\u00f3 i rob\u00f2tica aplicada a l&#8217;aula<\/li>\n<\/ul>\n<\/td>\n<td>Infantil + prim\u00e0ria + secund\u00e0ria<\/td>\n<td><a href=\"https:\/\/drive.google.com\/file\/d\/0B3ImA49JDWKpUURpVUctVkUzdUk\/view\"><img loading=\"lazy\" decoding=\"async\" class=\" wp-image-2260 aligncenter\" src=\"http:\/\/serveiseducatius.xtec.cat\/santmarti\/wp-content\/uploads\/usu785\/2018\/04\/docu-blau.png\" alt=\"\" width=\"36\" height=\"36\" \/><\/a><\/td>\n<td><a href=\"https:\/\/goo.gl\/rvmv7k\"><img loading=\"lazy\" decoding=\"async\" class=\"wp-image-2261 aligncenter\" src=\"http:\/\/serveiseducatius.xtec.cat\/santmarti\/wp-content\/uploads\/usu785\/2018\/04\/llapis-blau.png\" alt=\"\" width=\"38\" height=\"38\" \/><\/a><\/td>\n<\/tr>\n<tr>\n<td>\n<ul>\n<li>\u00a0Treball per projectes: aprenentatge contextualitzat<\/li>\n<\/ul>\n<\/td>\n<td>Infantil + prim\u00e0ria + secund\u00e0ria<\/td>\n<td><a href=\"https:\/\/drive.google.com\/file\/d\/1TB-G_nejMkY3QRcekc--eUn_vrhyEEtX\/view\"><img loading=\"lazy\" decoding=\"async\" class=\" wp-image-2260 aligncenter\" src=\"http:\/\/serveiseducatius.xtec.cat\/santmarti\/wp-content\/uploads\/usu785\/2018\/04\/docu-blau.png\" alt=\"\" width=\"36\" height=\"36\" \/><\/a><\/td>\n<td><a href=\"https:\/\/goo.gl\/n2YKTq\"><img loading=\"lazy\" decoding=\"async\" class=\"wp-image-2261 aligncenter\" src=\"http:\/\/serveiseducatius.xtec.cat\/santmarti\/wp-content\/uploads\/usu785\/2018\/04\/llapis-blau.png\" alt=\"\" width=\"38\" height=\"38\" \/><\/a><\/td>\n<\/tr>\n<tr>\n<td>\n<ul>\n<li>\u00a0Avaluar per aprendre<\/li>\n<\/ul>\n<\/td>\n<td>Infantil + prim\u00e0ria + secund\u00e0ria<\/td>\n<td><a href=\"https:\/\/drive.google.com\/file\/d\/0B3ImA49JDWKpLV9Ra3FieHlvenc\/view\"><img loading=\"lazy\" decoding=\"async\" class=\" wp-image-2260 aligncenter\" src=\"http:\/\/serveiseducatius.xtec.cat\/santmarti\/wp-content\/uploads\/usu785\/2018\/04\/docu-blau.png\" alt=\"\" width=\"36\" height=\"36\" \/><\/a><\/td>\n<td><a href=\"https:\/\/goo.gl\/oSBMZW\"><img loading=\"lazy\" decoding=\"async\" class=\"wp-image-2261 aligncenter\" src=\"http:\/\/serveiseducatius.xtec.cat\/santmarti\/wp-content\/uploads\/usu785\/2018\/04\/llapis-blau.png\" alt=\"\" width=\"38\" height=\"38\" \/><\/a><\/td>\n<\/tr>\n<tr>\n<td>\n<ul>\n<li>\u00a0Com llegir un \u00e0lbum il\u00b7lustrat<\/li>\n<\/ul>\n<\/td>\n<td>Infantil + prim\u00e0ria<\/td>\n<td><a href=\"https:\/\/drive.google.com\/file\/d\/0B3ImA49JDWKpVTE3b0lZYzViNW8\/view\"><img loading=\"lazy\" decoding=\"async\" class=\" wp-image-2260 aligncenter\" src=\"http:\/\/serveiseducatius.xtec.cat\/santmarti\/wp-content\/uploads\/usu785\/2018\/04\/docu-blau.png\" alt=\"\" width=\"36\" height=\"36\" \/><\/a><\/td>\n<td><a href=\"https:\/\/goo.gl\/Hunv3Z\"><img loading=\"lazy\" decoding=\"async\" class=\"wp-image-2261 aligncenter\" src=\"http:\/\/serveiseducatius.xtec.cat\/santmarti\/wp-content\/uploads\/usu785\/2018\/04\/llapis-blau.png\" alt=\"\" width=\"38\" height=\"38\" \/><\/a><\/td>\n<\/tr>\n<\/tbody>\n<\/table>\n<p><strong>Calendari i documentaci\u00f3 2017-18<\/strong> \u00a0<img loading=\"lazy\" decoding=\"async\" class=\"alignnone wp-image-2260\" src=\"http:\/\/serveiseducatius.xtec.cat\/santmarti\/wp-content\/uploads\/usu785\/2018\/04\/docu-blau.png\" alt=\"\" width=\"38\" height=\"38\" \/><\/p>\n<table class=\"table\">\n<tbody>\n<tr>\n<td><b>Proc\u00e9s<\/b><\/td>\n<td><b>Inici<\/b><\/td>\n<td><b>Fi<\/b><\/td>\n<td><b>Documentaci\u00f3<\/b><\/td>\n<\/tr>\n<tr>\n<td>Detecci\u00f3 de necessitats<\/td>\n<td>02-05-17<\/td>\n<td>22-05-17<\/td>\n<td>Formulari formaci\u00f3 en centre<\/p>\n<p>Formulari formaci\u00f3 per a centres<\/td>\n<\/tr>\n<tr>\n<td>Comissi\u00f3 PFZ de Sant Mart\u00ed:\u00a0Valoraci\u00f3 i aprovaci\u00f3\u00a0de les demandes<\/td>\n<td>29-05-17<\/td>\n<td><\/td>\n<td><\/td>\n<\/tr>\n<tr>\n<td>Publicaci\u00f3\u00a0de les activitats aprovades<\/td>\n<td>15-07-17<\/td>\n<td><\/td>\n<td><\/td>\n<\/tr>\n<tr>\n<td>Inscripci\u00f3\u00a0del professorat a les activitats<\/td>\n<td>12-09-17<\/td>\n<td>26-09-17<\/td>\n<td><\/td>\n<\/tr>\n<\/tbody>\n<\/table>\n<p><strong>Inscripcions 2017-18<\/strong><\/p>\n<table class=\"table\">\n<tbody>\n<tr>\n<td><strong>Per\u00edodes d&#8217;inscripci\u00f3<\/strong><\/td>\n<td><strong>Sol\u00b7licitud de pla\u00e7a<\/strong><\/td>\n<td><strong>Consulta d\u2019adjudicacions<\/strong><\/td>\n<td><strong>Inici de les activitats<\/strong><\/td>\n<\/tr>\n<tr>\n<td>Primer torn<\/td>\n<td>del 12 al 26 de setembre<\/td>\n<td>9 d\u2019octubre<\/td>\n<td>a partir del 15 d&#8217;octubre<\/td>\n<\/tr>\n<tr>\n<td>Segon torn<\/td>\n<td>del 9\u00a0al 19 de gener<\/td>\n<td>30\u00a0de gener<\/td>\n<td>a partir de l&#8217;1 de febrer<\/td>\n<\/tr>\n<tr>\n<td>Formaci\u00f3 d&#8217;estiu<\/td>\n<td>del 15 al 31\u00a0de maig<\/td>\n<td>20 de juny<\/td>\n<td>a partir de l&#8217;1 de juliol<\/td>\n<\/tr>\n<\/tbody>\n<\/table>\n<h5><\/h5>\n","protected":false},"excerpt":{"rendered":"<p>Activitats del PFZ de Sant Mart\u00ed 2017-18\u00a0\u00a0 \u00a0\u00a0T\u00edtol \u00a0Professorat Descripci\u00f3\u00a0 \u00a0Inscripci\u00f3 \u00a0Programaci\u00f3 i rob\u00f2tica aplicada a l&#8217;aula Infantil + prim\u00e0ria + secund\u00e0ria \u00a0Treball per projectes: aprenentatge contextualitzat Infantil + prim\u00e0ria + secund\u00e0ria \u00a0Avaluar per aprendre Infantil + prim\u00e0ria + secund\u00e0ria \u00a0Com llegir un \u00e0lbum il\u00b7lustrat Infantil + prim\u00e0ria Calendari i documentaci\u00f3 2017-18 \u00a0 Proc\u00e9s Inici [&hellip;]<\/p>\n","protected":false},"author":1,"featured_media":0,"parent":414,"menu_order":0,"comment_status":"closed","ping_status":"closed","template":"","meta":{"_bbp_topic_count":0,"_bbp_reply_count":0,"_bbp_total_topic_count":0,"_bbp_total_reply_count":0,"_bbp_voice_count":0,"_bbp_anonymous_reply_count":0,"_bbp_topic_count_hidden":0,"_bbp_reply_count_hidden":0,"_bbp_forum_subforum_count":0,"site-sidebar-layout":"default","site-content-layout":"","ast-site-content-layout":"","site-content-style":"default","site-sidebar-style":"default","ast-global-header-display":"","ast-banner-title-visibility":"","ast-main-header-display":"","ast-hfb-above-header-display":"","ast-hfb-below-header-display":"","ast-hfb-mobile-header-display":"","site-post-title":"","ast-breadcrumbs-content":"","ast-featured-img":"","footer-sml-layout":"","theme-transparent-header-meta":"","adv-header-id-meta":"","stick-header-meta":"","header-above-stick-meta":"","header-main-stick-meta":"","header-below-stick-meta":"","astra-migrate-meta-layouts":"default","ast-page-background-enabled":"default","ast-page-background-meta":{"desktop":{"background-color":"var(--ast-global-color-4)","background-image":"","background-repeat":"repeat","background-position":"center center","background-size":"auto","background-attachment":"scroll","background-type":"","background-media":"","overlay-type":"","overlay-color":"","overlay-opacity":"","overlay-gradient":""},"tablet":{"background-color":"","background-image":"","background-repeat":"repeat","background-position":"center center","background-size":"auto","background-attachment":"scroll","background-type":"","background-media":"","overlay-type":"","overlay-color":"","overlay-opacity":"","overlay-gradient":""},"mobile":{"background-color":"","background-image":"","background-repeat":"repeat","background-position":"center center","background-size":"auto","background-attachment":"scroll","background-type":"","background-media":"","overlay-type":"","overlay-color":"","overlay-opacity":"","overlay-gradient":""}},"ast-content-background-meta":{"desktop":{"background-color":"var(--ast-global-color-5)","background-image":"","background-repeat":"repeat","background-position":"center center","background-size":"auto","background-attachment":"scroll","background-type":"","background-media":"","overlay-type":"","overlay-color":"","overlay-opacity":"","overlay-gradient":""},"tablet":{"background-color":"var(--ast-global-color-5)","background-image":"","background-repeat":"repeat","background-position":"center center","background-size":"auto","background-attachment":"scroll","background-type":"","background-media":"","overlay-type":"","overlay-color":"","overlay-opacity":"","overlay-gradient":""},"mobile":{"background-color":"var(--ast-global-color-5)","background-image":"","background-repeat":"repeat","background-position":"center center","background-size":"auto","background-attachment":"scroll","background-type":"","background-media":"","overlay-type":"","overlay-color":"","overlay-opacity":"","overlay-gradient":""}},"footnotes":""},"class_list":["post-2295","page","type-page","status-publish","hentry"],"post_mailing_queue_ids":[],"_links":{"self":[{"href":"https:\/\/serveiseducatius.xtec.cat\/santmarti\/wp-json\/wp\/v2\/pages\/2295","targetHints":{"allow":["GET"]}}],"collection":[{"href":"https:\/\/serveiseducatius.xtec.cat\/santmarti\/wp-json\/wp\/v2\/pages"}],"about":[{"href":"https:\/\/serveiseducatius.xtec.cat\/santmarti\/wp-json\/wp\/v2\/types\/page"}],"author":[{"embeddable":true,"href":"https:\/\/serveiseducatius.xtec.cat\/santmarti\/wp-json\/wp\/v2\/users\/1"}],"replies":[{"embeddable":true,"href":"https:\/\/serveiseducatius.xtec.cat\/santmarti\/wp-json\/wp\/v2\/comments?post=2295"}],"version-history":[{"count":3,"href":"https:\/\/serveiseducatius.xtec.cat\/santmarti\/wp-json\/wp\/v2\/pages\/2295\/revisions"}],"predecessor-version":[{"id":2301,"href":"https:\/\/serveiseducatius.xtec.cat\/santmarti\/wp-json\/wp\/v2\/pages\/2295\/revisions\/2301"}],"up":[{"embeddable":true,"href":"https:\/\/serveiseducatius.xtec.cat\/santmarti\/wp-json\/wp\/v2\/pages\/414"}],"wp:attachment":[{"href":"https:\/\/serveiseducatius.xtec.cat\/santmarti\/wp-json\/wp\/v2\/media?parent=2295"}],"curies":[{"name":"wp","href":"https:\/\/api.w.org\/{rel}","templated":true}]}}