{"id":2007,"date":"2018-01-31T08:53:11","date_gmt":"2018-01-31T07:53:11","guid":{"rendered":"http:\/\/serveiseducatius.xtec.cat\/santmarti\/?page_id=2007"},"modified":"2018-02-01T13:19:08","modified_gmt":"2018-02-01T12:19:08","slug":"museus","status":"publish","type":"page","link":"https:\/\/serveiseducatius.xtec.cat\/santmarti\/centres-educatius\/institucions-i-entitats\/museus\/","title":{"rendered":"Museus"},"content":{"rendered":"<table class=\" alignleft\" style=\"height: 150px; width: 800px; border-color: 0;\">\n<tbody>\n<tr style=\"height: 115px;\">\n<td><strong><a href=\"http:\/\/ajuntament.barcelona.cat\/santmarti\/ca\/detall\/museu-del-disseny-de-barcelona_99400218118.html\"><strong>Museu\u00a0del Disseny de Barcelona<\/strong><\/a><\/strong><\/p>\n<p>Pl. Gl\u00f2ries Catalanes 37 (Sant Mart\u00ed)<\/p>\n<p>932566800<\/p>\n<p><a href=\"http:\/\/www.museudeldisseny.cat\/\">www.museudeldisseny.cat<\/a><\/td>\n<td style=\"width: 235px; height: 115px; text-align: center;\"><a href=\"http:\/\/serveiseducatius.xtec.cat\/santmarti\/wp-content\/uploads\/usu785\/2018\/01\/Museu-del-Disseny.jpg\"><img loading=\"lazy\" decoding=\"async\" class=\"alignnone size-full wp-image-2026\" src=\"http:\/\/serveiseducatius.xtec.cat\/santmarti\/wp-content\/uploads\/usu785\/2018\/01\/Museu-del-Disseny.jpg\" alt=\"\" width=\"267\" height=\"178\" \/><\/a><\/td>\n<\/tr>\n<tr style=\"height: 31px;\">\n<td style=\"width: 557px;\">\n<h6><a href=\"http:\/\/ajuntament.barcelona.cat\/santmarti\/ca\/detall\/museu-de-ciencies-naturals-de-barcelona-museu-blau_99400090058.html\"><strong>Museu\u00a0de Ci\u00e8ncies Naturals de Barcelona &#8211;\u00a0Museu\u00a0Blau<\/strong><\/a><\/h6>\n<p><strong><br \/>\n<\/strong>Pl. Leonardo Da Vinci 4 (Sant Mart\u00ed)<\/p>\n<p>932566002<\/p>\n<p><a href=\"http:\/\/museuciencies.cat\/visitans\/museu-blau\/\">museuciencies.cat\/visitans\/museu-blau\/<\/a><\/td>\n<td style=\"width: 235px; height: 31px; text-align: center;\">\u00a0<a href=\"http:\/\/serveiseducatius.xtec.cat\/santmarti\/wp-content\/uploads\/usu785\/2018\/01\/Museu-Blau.jpg\"><img loading=\"lazy\" decoding=\"async\" class=\"alignnone size-full wp-image-2025\" src=\"http:\/\/serveiseducatius.xtec.cat\/santmarti\/wp-content\/uploads\/usu785\/2018\/01\/Museu-Blau.jpg\" alt=\"\" width=\"248\" height=\"178\" \/><\/a><\/td>\n<\/tr>\n<tr style=\"height: 31px;\">\n<td style=\"width: 557px;\"><strong><a href=\"http:\/\/ajuntament.barcelona.cat\/santmarti\/ca\/detall\/museu-d-historia-de-barcelona-oliva-artes_99400385882.html\">Museu\u00a0d&#8217;Hist\u00f2ria de Barcelona-Oliva Art\u00e9s<\/a><\/strong><\/p>\n<p>C. Espronceda 142 (Sant Mart\u00ed)<\/p>\n<p>932562100<\/p>\n<p><a href=\"http:\/\/museuhistoria.bcn.cat\/\">museuhistoria.bcn.cat<\/a><\/td>\n<td style=\"width: 235px; height: 31px; text-align: center;\"><img loading=\"lazy\" decoding=\"async\" class=\"\" src=\"https:\/\/www.barcelonaart.net\/imagenes_centros\/VUIEhkRN_P1000786.JPG\" alt=\"Resultat d'imatges de Museu d'Hist\u00f2ria de Barcelona - Oliva Art\u00e9s Al Parc Central del Poblenou\" width=\"190\" height=\"191\" \/><\/td>\n<\/tr>\n<\/tbody>\n<\/table>\n<p><iframe loading=\"lazy\" style=\"border: 0;\" src=\"https:\/\/www.google.com\/maps\/embed?pb=!1m16!1m12!1m3!1d11969.417330349617!2d2.1986436765837807!3d41.40982635908886!2m3!1f0!2f0!3f0!3m2!1i1024!2i768!4f13.1!2m1!1smuseus+districte+sant+marti!5e0!3m2!1sca!2ses!4v1517394739064\" width=\"400\" height=\"300\" frameborder=\"0\" allowfullscreen=\"allowfullscreen\"><\/iframe><\/p>\n","protected":false},"excerpt":{"rendered":"<p>Museu\u00a0del Disseny de Barcelona Pl. Gl\u00f2ries Catalanes 37 (Sant Mart\u00ed) 932566800 www.museudeldisseny.cat Museu\u00a0de Ci\u00e8ncies Naturals de Barcelona &#8211;\u00a0Museu\u00a0Blau Pl. Leonardo Da Vinci 4 (Sant Mart\u00ed) 932566002 museuciencies.cat\/visitans\/museu-blau\/ \u00a0 Museu\u00a0d&#8217;Hist\u00f2ria de Barcelona-Oliva Art\u00e9s C. Espronceda 142 (Sant Mart\u00ed) 932562100 museuhistoria.bcn.cat<\/p>\n","protected":false},"author":1,"featured_media":0,"parent":343,"menu_order":0,"comment_status":"closed","ping_status":"closed","template":"page-templates\/side-menu.php","meta":{"_bbp_topic_count":0,"_bbp_reply_count":0,"_bbp_total_topic_count":0,"_bbp_total_reply_count":0,"_bbp_voice_count":0,"_bbp_anonymous_reply_count":0,"_bbp_topic_count_hidden":0,"_bbp_reply_count_hidden":0,"_bbp_forum_subforum_count":0,"site-sidebar-layout":"default","site-content-layout":"","ast-site-content-layout":"","site-content-style":"default","site-sidebar-style":"default","ast-global-header-display":"","ast-banner-title-visibility":"","ast-main-header-display":"","ast-hfb-above-header-display":"","ast-hfb-below-header-display":"","ast-hfb-mobile-header-display":"","site-post-title":"","ast-breadcrumbs-content":"","ast-featured-img":"","footer-sml-layout":"","theme-transparent-header-meta":"","adv-header-id-meta":"","stick-header-meta":"","header-above-stick-meta":"","header-main-stick-meta":"","header-below-stick-meta":"","astra-migrate-meta-layouts":"default","ast-page-background-enabled":"default","ast-page-background-meta":{"desktop":{"background-color":"var(--ast-global-color-4)","background-image":"","background-repeat":"repeat","background-position":"center center","background-size":"auto","background-attachment":"scroll","background-type":"","background-media":"","overlay-type":"","overlay-color":"","overlay-opacity":"","overlay-gradient":""},"tablet":{"background-color":"","background-image":"","background-repeat":"repeat","background-position":"center center","background-size":"auto","background-attachment":"scroll","background-type":"","background-media":"","overlay-type":"","overlay-color":"","overlay-opacity":"","overlay-gradient":""},"mobile":{"background-color":"","background-image":"","background-repeat":"repeat","background-position":"center center","background-size":"auto","background-attachment":"scroll","background-type":"","background-media":"","overlay-type":"","overlay-color":"","overlay-opacity":"","overlay-gradient":""}},"ast-content-background-meta":{"desktop":{"background-color":"var(--ast-global-color-5)","background-image":"","background-repeat":"repeat","background-position":"center center","background-size":"auto","background-attachment":"scroll","background-type":"","background-media":"","overlay-type":"","overlay-color":"","overlay-opacity":"","overlay-gradient":""},"tablet":{"background-color":"var(--ast-global-color-5)","background-image":"","background-repeat":"repeat","background-position":"center center","background-size":"auto","background-attachment":"scroll","background-type":"","background-media":"","overlay-type":"","overlay-color":"","overlay-opacity":"","overlay-gradient":""},"mobile":{"background-color":"var(--ast-global-color-5)","background-image":"","background-repeat":"repeat","background-position":"center center","background-size":"auto","background-attachment":"scroll","background-type":"","background-media":"","overlay-type":"","overlay-color":"","overlay-opacity":"","overlay-gradient":""}},"footnotes":""},"class_list":["post-2007","page","type-page","status-publish","hentry"],"post_mailing_queue_ids":[],"_links":{"self":[{"href":"https:\/\/serveiseducatius.xtec.cat\/santmarti\/wp-json\/wp\/v2\/pages\/2007","targetHints":{"allow":["GET"]}}],"collection":[{"href":"https:\/\/serveiseducatius.xtec.cat\/santmarti\/wp-json\/wp\/v2\/pages"}],"about":[{"href":"https:\/\/serveiseducatius.xtec.cat\/santmarti\/wp-json\/wp\/v2\/types\/page"}],"author":[{"embeddable":true,"href":"https:\/\/serveiseducatius.xtec.cat\/santmarti\/wp-json\/wp\/v2\/users\/1"}],"replies":[{"embeddable":true,"href":"https:\/\/serveiseducatius.xtec.cat\/santmarti\/wp-json\/wp\/v2\/comments?post=2007"}],"version-history":[{"count":4,"href":"https:\/\/serveiseducatius.xtec.cat\/santmarti\/wp-json\/wp\/v2\/pages\/2007\/revisions"}],"predecessor-version":[{"id":2093,"href":"https:\/\/serveiseducatius.xtec.cat\/santmarti\/wp-json\/wp\/v2\/pages\/2007\/revisions\/2093"}],"up":[{"embeddable":true,"href":"https:\/\/serveiseducatius.xtec.cat\/santmarti\/wp-json\/wp\/v2\/pages\/343"}],"wp:attachment":[{"href":"https:\/\/serveiseducatius.xtec.cat\/santmarti\/wp-json\/wp\/v2\/media?parent=2007"}],"curies":[{"name":"wp","href":"https:\/\/api.w.org\/{rel}","templated":true}]}}