{"id":1983,"date":"2018-01-30T11:56:58","date_gmt":"2018-01-30T10:56:58","guid":{"rendered":"http:\/\/serveiseducatius.xtec.cat\/santmarti\/?page_id=1983"},"modified":"2018-02-01T12:33:02","modified_gmt":"2018-02-01T11:33:02","slug":"biblioteques","status":"publish","type":"page","link":"https:\/\/serveiseducatius.xtec.cat\/santmarti\/centres-educatius\/institucions-i-entitats\/biblioteques\/","title":{"rendered":"Biblioteques"},"content":{"rendered":"<table class=\" alignleft\" style=\"height: 150px; width: 800px; border-color: 0;\">\n<tbody>\n<tr style=\"height: 115px;\">\n<td style=\"width: 557px;\"><a href=\"http:\/\/ajuntament.barcelona.cat\/santmarti\/ca\/detall\/biblioteca-ramon-d-alos-moner_92086001838.html\"><strong>Biblioteca<\/strong>\u00a0<strong>Ramon d&#8217;Al\u00f2s &#8211; Moner<\/strong><\/a><\/p>\n<p>Rbla Prim 87 (Sant Mart\u00ed)<\/p>\n<p>932564929<\/p>\n<p><a href=\"http:\/\/www.barcelona.cat\/bibramondalos\">www.barcelona.cat\/bibramondalos<\/a><\/p>\n<p>&nbsp;<\/td>\n<td style=\"width: 235px; height: 115px; text-align: center;\"><a href=\"http:\/\/serveiseducatius.xtec.cat\/santmarti\/wp-content\/uploads\/usu785\/2018\/01\/13.jpg\"><img loading=\"lazy\" decoding=\"async\" class=\"alignnone size-full wp-image-1986\" src=\"http:\/\/serveiseducatius.xtec.cat\/santmarti\/wp-content\/uploads\/usu785\/2018\/01\/13.jpg\" alt=\"\" width=\"372\" height=\"250\" srcset=\"https:\/\/serveiseducatius.xtec.cat\/santmarti\/wp-content\/uploads\/usu785\/2018\/01\/13.jpg 372w, https:\/\/serveiseducatius.xtec.cat\/santmarti\/wp-content\/uploads\/usu785\/2018\/01\/13-300x202.jpg 300w\" sizes=\"auto, (max-width: 372px) 100vw, 372px\" \/><\/a><\/td>\n<\/tr>\n<tr style=\"height: 31px;\">\n<td style=\"width: 557px;\"><strong><a href=\"http:\/\/ajuntament.barcelona.cat\/santmarti\/ca\/detall\/biblioteca-camp-de-l-arpa-caterina-albert_99400299968.html\"> <strong>Biblioteca Camp de l&#8217;Arpa-Caterina Albert<\/strong><\/a><\/strong><\/p>\n<p>C. Ind\u00fastria 295 (Sant Mart\u00ed)<\/p>\n<p>934508646<\/p>\n<p><a href=\"http:\/\/www.barcelona.cat\/bibcampdelarpa\">www.barcelona.cat\/bibcampdelarpa<\/a><\/td>\n<td style=\"width: 235px; height: 31px; text-align: center;\"><a href=\"http:\/\/serveiseducatius.xtec.cat\/santmarti\/wp-content\/uploads\/usu785\/2015\/11\/11.png\"><img loading=\"lazy\" decoding=\"async\" class=\"alignnone wp-image-1980\" src=\"http:\/\/serveiseducatius.xtec.cat\/santmarti\/wp-content\/uploads\/usu785\/2015\/11\/11.png\" alt=\"\" width=\"225\" height=\"202\" \/><\/a><\/td>\n<\/tr>\n<tr style=\"height: 31px;\">\n<td style=\"width: 557px;\"><a href=\"http:\/\/ajuntament.barcelona.cat\/santmarti\/ca\/detall\/biblioteca-sant-marti-de-provencals_99021112717.html\"><strong>Biblioteca\u00a0Sant Mart\u00ed de Proven\u00e7als<\/strong><\/a><\/p>\n<p>C Selva de Mar 215 (Sant Mart\u00ed)<\/p>\n<p>932565775<\/p>\n<p><a href=\"http:\/\/www.barcelona.cat\/bibsantmarti\">www.barcelona.cat\/bibsantmarti<\/a><\/p>\n<p>&nbsp;<\/td>\n<td style=\"width: 235px; height: 31px; text-align: center;\"><a href=\"http:\/\/serveiseducatius.xtec.cat\/santmarti\/wp-content\/uploads\/usu785\/2018\/01\/12.jpg\"><img loading=\"lazy\" decoding=\"async\" class=\"alignnone size-full wp-image-1985\" src=\"http:\/\/serveiseducatius.xtec.cat\/santmarti\/wp-content\/uploads\/usu785\/2018\/01\/12.jpg\" alt=\"\" width=\"300\" height=\"203\" \/><\/a><\/td>\n<\/tr>\n<tr style=\"height: 31px;\">\n<td style=\"width: 557px;\"><strong><a href=\"http:\/\/ajuntament.barcelona.cat\/santmarti\/ca\/detall\/biblioteca-poblenou-manuel-arranz_99400224356.html\"> <strong>Biblioteca Poblenou-Manuel Arranz<\/strong><\/a><\/strong><\/p>\n<p>C. Joncar 35 (Sant Mart\u00ed)<\/p>\n<p>934856622<\/p>\n<p><a href=\"http:\/\/www.barcelona.cat\/bibpoblenou\">www.barcelona.cat\/bibpoblenou<\/a><\/td>\n<td style=\"width: 235px; height: 31px; text-align: center;\">\u00a0<a href=\"http:\/\/serveiseducatius.xtec.cat\/santmarti\/wp-content\/uploads\/usu785\/2015\/11\/4.jpg\"><img loading=\"lazy\" decoding=\"async\" class=\"alignnone wp-image-1972\" src=\"http:\/\/serveiseducatius.xtec.cat\/santmarti\/wp-content\/uploads\/usu785\/2015\/11\/4.jpg\" alt=\"\" width=\"229\" height=\"152\" \/><\/a><\/td>\n<\/tr>\n<tr style=\"height: 31px;\">\n<td style=\"width: 557px;\"><strong><a href=\"http:\/\/ajuntament.barcelona.cat\/santmarti\/ca\/detall\/biblioteca-el-clot-josep-benet_99400329623.html\"><strong>Biblioteca El Clot &#8211; Josep Benet<\/strong><\/a><\/strong><\/p>\n<p>Pl. Gl\u00f2ries Catalanes 37 (Sant Mart\u00ed)<\/p>\n<p>933095199<\/p>\n<p><a href=\"http:\/\/www.barcelona.cat\/bibelclot\">www.barcelona.cat\/bibelclot<\/a><\/td>\n<td style=\"width: 235px; height: 31px; text-align: center;\">\u00a0<a href=\"http:\/\/serveiseducatius.xtec.cat\/santmarti\/wp-content\/uploads\/usu785\/2015\/11\/7.jpg\"><img loading=\"lazy\" decoding=\"async\" class=\"alignnone wp-image-1975\" src=\"http:\/\/serveiseducatius.xtec.cat\/santmarti\/wp-content\/uploads\/usu785\/2015\/11\/7.jpg\" alt=\"\" width=\"222\" height=\"148\" \/><\/a><\/td>\n<\/tr>\n<tr style=\"height: 31px;\">\n<td style=\"width: 557px;\"><strong><a href=\"http:\/\/ajuntament.barcelona.cat\/santmarti\/ca\/detall\/biblioteca-xavier-benguerel_92086031155.html\"><strong>Biblioteca Xavier Benguerel<\/strong><\/a><\/strong><\/p>\n<p>Av. Bogatell 17 (Sant Mart\u00ed)<\/p>\n<p>932251864<\/p>\n<p><a href=\"http:\/\/www.barcelona.cat\/bibxavierbenguerel\">www.barcelona.cat\/bibxavierbenguerel<\/a><\/td>\n<td style=\"width: 235px; height: 31px; text-align: center;\">\u00a0<a href=\"http:\/\/serveiseducatius.xtec.cat\/santmarti\/wp-content\/uploads\/usu785\/2015\/11\/8.jpg\"><img loading=\"lazy\" decoding=\"async\" class=\"alignnone wp-image-1976\" src=\"http:\/\/serveiseducatius.xtec.cat\/santmarti\/wp-content\/uploads\/usu785\/2015\/11\/8.jpg\" alt=\"\" width=\"226\" height=\"150\" \/><\/a><\/td>\n<\/tr>\n<\/tbody>\n<\/table>\n<p>&nbsp;<\/p>\n<p><iframe loading=\"lazy\" style=\"border: 0;\" src=\"https:\/\/www.google.com\/maps\/embed?pb=!1m16!1m12!1m3!1d14233.7851951625!2d2.200021920964881!3d41.41133733276555!2m3!1f0!2f0!3f0!3m2!1i1024!2i768!4f13.1!2m1!1sbiblioteques+districte+sant+mart%C3%AD!5e0!3m2!1sca!2ses!4v1517312248427\" width=\"400\" height=\"300\" frameborder=\"0\" allowfullscreen=\"allowfullscreen\"><\/iframe><\/p>\n","protected":false},"excerpt":{"rendered":"<p>Biblioteca\u00a0Ramon d&#8217;Al\u00f2s &#8211; Moner Rbla Prim 87 (Sant Mart\u00ed) 932564929 www.barcelona.cat\/bibramondalos &nbsp; Biblioteca Camp de l&#8217;Arpa-Caterina Albert C. Ind\u00fastria 295 (Sant Mart\u00ed) 934508646 www.barcelona.cat\/bibcampdelarpa Biblioteca\u00a0Sant Mart\u00ed de Proven\u00e7als C Selva de Mar 215 (Sant Mart\u00ed) 932565775 www.barcelona.cat\/bibsantmarti &nbsp; Biblioteca Poblenou-Manuel Arranz C. Joncar 35 (Sant Mart\u00ed) 934856622 www.barcelona.cat\/bibpoblenou \u00a0 Biblioteca El Clot &#8211; Josep Benet [&hellip;]<\/p>\n","protected":false},"author":1,"featured_media":0,"parent":343,"menu_order":0,"comment_status":"closed","ping_status":"closed","template":"page-templates\/side-menu.php","meta":{"_bbp_topic_count":0,"_bbp_reply_count":0,"_bbp_total_topic_count":0,"_bbp_total_reply_count":0,"_bbp_voice_count":0,"_bbp_anonymous_reply_count":0,"_bbp_topic_count_hidden":0,"_bbp_reply_count_hidden":0,"_bbp_forum_subforum_count":0,"site-sidebar-layout":"default","site-content-layout":"","ast-site-content-layout":"","site-content-style":"default","site-sidebar-style":"default","ast-global-header-display":"","ast-banner-title-visibility":"","ast-main-header-display":"","ast-hfb-above-header-display":"","ast-hfb-below-header-display":"","ast-hfb-mobile-header-display":"","site-post-title":"","ast-breadcrumbs-content":"","ast-featured-img":"","footer-sml-layout":"","theme-transparent-header-meta":"","adv-header-id-meta":"","stick-header-meta":"","header-above-stick-meta":"","header-main-stick-meta":"","header-below-stick-meta":"","astra-migrate-meta-layouts":"default","ast-page-background-enabled":"default","ast-page-background-meta":{"desktop":{"background-color":"var(--ast-global-color-4)","background-image":"","background-repeat":"repeat","background-position":"center center","background-size":"auto","background-attachment":"scroll","background-type":"","background-media":"","overlay-type":"","overlay-color":"","overlay-opacity":"","overlay-gradient":""},"tablet":{"background-color":"","background-image":"","background-repeat":"repeat","background-position":"center center","background-size":"auto","background-attachment":"scroll","background-type":"","background-media":"","overlay-type":"","overlay-color":"","overlay-opacity":"","overlay-gradient":""},"mobile":{"background-color":"","background-image":"","background-repeat":"repeat","background-position":"center center","background-size":"auto","background-attachment":"scroll","background-type":"","background-media":"","overlay-type":"","overlay-color":"","overlay-opacity":"","overlay-gradient":""}},"ast-content-background-meta":{"desktop":{"background-color":"var(--ast-global-color-5)","background-image":"","background-repeat":"repeat","background-position":"center center","background-size":"auto","background-attachment":"scroll","background-type":"","background-media":"","overlay-type":"","overlay-color":"","overlay-opacity":"","overlay-gradient":""},"tablet":{"background-color":"var(--ast-global-color-5)","background-image":"","background-repeat":"repeat","background-position":"center center","background-size":"auto","background-attachment":"scroll","background-type":"","background-media":"","overlay-type":"","overlay-color":"","overlay-opacity":"","overlay-gradient":""},"mobile":{"background-color":"var(--ast-global-color-5)","background-image":"","background-repeat":"repeat","background-position":"center center","background-size":"auto","background-attachment":"scroll","background-type":"","background-media":"","overlay-type":"","overlay-color":"","overlay-opacity":"","overlay-gradient":""}},"footnotes":""},"class_list":["post-1983","page","type-page","status-publish","hentry"],"post_mailing_queue_ids":[],"_links":{"self":[{"href":"https:\/\/serveiseducatius.xtec.cat\/santmarti\/wp-json\/wp\/v2\/pages\/1983","targetHints":{"allow":["GET"]}}],"collection":[{"href":"https:\/\/serveiseducatius.xtec.cat\/santmarti\/wp-json\/wp\/v2\/pages"}],"about":[{"href":"https:\/\/serveiseducatius.xtec.cat\/santmarti\/wp-json\/wp\/v2\/types\/page"}],"author":[{"embeddable":true,"href":"https:\/\/serveiseducatius.xtec.cat\/santmarti\/wp-json\/wp\/v2\/users\/1"}],"replies":[{"embeddable":true,"href":"https:\/\/serveiseducatius.xtec.cat\/santmarti\/wp-json\/wp\/v2\/comments?post=1983"}],"version-history":[{"count":3,"href":"https:\/\/serveiseducatius.xtec.cat\/santmarti\/wp-json\/wp\/v2\/pages\/1983\/revisions"}],"predecessor-version":[{"id":2075,"href":"https:\/\/serveiseducatius.xtec.cat\/santmarti\/wp-json\/wp\/v2\/pages\/1983\/revisions\/2075"}],"up":[{"embeddable":true,"href":"https:\/\/serveiseducatius.xtec.cat\/santmarti\/wp-json\/wp\/v2\/pages\/343"}],"wp:attachment":[{"href":"https:\/\/serveiseducatius.xtec.cat\/santmarti\/wp-json\/wp\/v2\/media?parent=1983"}],"curies":[{"name":"wp","href":"https:\/\/api.w.org\/{rel}","templated":true}]}}