{"id":1888,"date":"2020-01-22T11:56:30","date_gmt":"2020-01-22T10:56:30","guid":{"rendered":"http:\/\/serveiseducatius.xtec.cat\/santmarti\/?page_id=1888"},"modified":"2020-01-22T15:48:08","modified_gmt":"2020-01-22T14:48:08","slug":"mostra-de-recerca-de-batxillerat-districte-sant-marti","status":"publish","type":"page","link":"https:\/\/serveiseducatius.xtec.cat\/santmarti\/mostra-de-recerca-de-batxillerat-districte-sant-marti\/","title":{"rendered":"Mostra de Recerca de Batxillerat. Districte Sant Mart\u00ed"},"content":{"rendered":"<p><a href=\"https:\/\/serveiseducatius.xtec.cat\/santmarti\/wp-content\/uploads\/usu785\/2020\/01\/banner-logo.jpg\"><img loading=\"lazy\" decoding=\"async\" class=\"size-full wp-image-4480 alignright\" src=\"https:\/\/serveiseducatius.xtec.cat\/santmarti\/wp-content\/uploads\/usu785\/2020\/01\/banner-logo.jpg\" alt=\"\" width=\"187\" height=\"162\" \/><\/a><\/p>\n<p>&nbsp;<\/p>\n<hr \/>\n<p>La <strong>Mostra de Recerca<\/strong> del Districte de Sant Mart\u00ed tindr\u00e0 lloc els dies <strong>11 i 18 de mar\u00e7<\/strong> del 2020 a l&#8217;<strong>Auditori Sant Mart\u00ed<\/strong>.<\/p>\n<p>A continuaci\u00f3, especifiquem tota la documentaci\u00f3 necess\u00e0ria per participar-hi. Recordeu que cada centre docent pot presentar\u00a0un <strong>m\u00e0xim de 2 treballs<\/strong>.<\/p>\n<p><span style=\"text-decoration: underline;\">Documentaci\u00f3 necess\u00e0ria: <\/span><\/p>\n<p><a href=\"https:\/\/serveiseducatius.xtec.cat\/santmarti\/wp-content\/uploads\/usu785\/2020\/01\/icono-form.png\"><img loading=\"lazy\" decoding=\"async\" class=\"alignleft wp-image-4481\" src=\"https:\/\/serveiseducatius.xtec.cat\/santmarti\/wp-content\/uploads\/usu785\/2020\/01\/icono-form.png\" alt=\"\" width=\"28\" height=\"28\" srcset=\"https:\/\/serveiseducatius.xtec.cat\/santmarti\/wp-content\/uploads\/usu785\/2020\/01\/icono-form.png 300w, https:\/\/serveiseducatius.xtec.cat\/santmarti\/wp-content\/uploads\/usu785\/2020\/01\/icono-form-150x150.png 150w\" sizes=\"auto, (max-width: 28px) 100vw, 28px\" \/><\/a><a href=\"https:\/\/docs.google.com\/forms\/d\/1kK5n8Rz37GIc6At-2XLSoZNVcFi9iLxS_1ZM1WCBTk8\/viewform?edit_requested=true\">Omplir el formulari de participaci\u00f3<\/a><\/p>\n<p><a href=\"https:\/\/serveiseducatius.xtec.cat\/santmarti\/wp-content\/uploads\/usu785\/2020\/01\/icono-pdf.png\"><img loading=\"lazy\" decoding=\"async\" class=\"alignleft wp-image-4482\" src=\"https:\/\/serveiseducatius.xtec.cat\/santmarti\/wp-content\/uploads\/usu785\/2020\/01\/icono-pdf.png\" alt=\"\" width=\"26\" height=\"26\" srcset=\"https:\/\/serveiseducatius.xtec.cat\/santmarti\/wp-content\/uploads\/usu785\/2020\/01\/icono-pdf.png 256w, https:\/\/serveiseducatius.xtec.cat\/santmarti\/wp-content\/uploads\/usu785\/2020\/01\/icono-pdf-150x150.png 150w\" sizes=\"auto, (max-width: 26px) 100vw, 26px\" \/><\/a><a href=\"https:\/\/drive.google.com\/file\/d\/1LzyE541LOC1DgVr1YmoMoR6ALn_eGEj_\/view?usp=sharing\">Bases de participaci\u00f3<\/a><\/p>\n<p><strong>3 de febrer 2020. Data m\u00e0xima de lliurament dels seg\u00fcents documents <span style=\"font-family: inherit; font-size: 1em;\">(mostraderecercasantmarti@gmail.com)<\/span><\/strong><\/p>\n<ul>\n<li>El <a href=\"https:\/\/docs.google.com\/document\/d\/1nxzLlhAGZkho5RZVYpZIhDBSlrvokKPijodhls6W3PY\/edit?usp=sharing\"><strong>model de fitxa<\/strong><\/a> unificat que fan servir totes les mostres de districte<\/li>\n<li><a href=\"https:\/\/drive.google.com\/file\/d\/1IOmJWMAkYkp7OfZ49aNTgO2lptMIiM8K\/view?usp=sharing\"><strong>L\u2019autoritzaci\u00f3<\/strong><\/a> per la publicaci\u00f3 dels treballs guanyadors a la web i al llibre digital del Congr\u00e9s de Treballs de Recerca .<\/li>\n<li><strong>2 o 3 imatges<\/strong> que il\u00b7lustrin els treballs (de qualitat perqu\u00e8 han de servir pel cartell, llibre digital i la participaci\u00f3 a la Mostra si fossin seleccionats).<\/li>\n<li>El <strong>treball de recerca en format pdf<\/strong> en un \u00fanic fitxer.<\/li>\n<\/ul>\n<p><strong>14 de febrer 2020. Data m\u00e0xima de lliurament dels seg\u00fcents documents:<\/strong><\/p>\n<ul>\n<li><strong>Presentaci\u00f3 en format digital<\/strong> que es vol fer servir per l\u2019exposici\u00f3 (d\u2019entre 8 i 10 minuts)<\/li>\n<li>El treball de recerca en format paper sempre i quan aquest format es consideri necessari per les caracter\u00edstiques del treball. (Presencialment a la seu del CRP Sant Mart\u00ed, Gran Via de les Corts Catalanes 924, baixos).<\/li>\n<li>Un <strong>v\u00eddeo Pitch<\/strong> amb una durada de 40 segons a 1 minut<\/li>\n<\/ul>\n<p style=\"font-weight: 400;\">De tots els treballs presentats al Congr\u00e9s,\u00a0<strong>el Jurat de Sant Mart\u00ed triar\u00e0 els 3 treballs del districte que passaran a la fase de ciutat<\/strong>.<\/p>\n<p>Esperem que sigui del vostre inter\u00e8s i poder comptar en aquest Congr\u00e9s i a la 12a Mostra de recerca Jove de Barcelona amb la participaci\u00f3 de tots els centres de batxillerat de Sant Mart\u00ed. Donat a import\u00e0ncia i rellev\u00e0ncia que t\u00e9 el treball de recerca per a la formaci\u00f3 cient\u00edfica i metodol\u00f2gica de l\u2019alumnat.<\/p>\n","protected":false},"excerpt":{"rendered":"<p>&nbsp; La Mostra de Recerca del Districte de Sant Mart\u00ed tindr\u00e0 lloc els dies 11 i 18 de mar\u00e7 del 2020 a l&#8217;Auditori Sant Mart\u00ed. A continuaci\u00f3, especifiquem tota la documentaci\u00f3 necess\u00e0ria per participar-hi. Recordeu que cada centre docent pot presentar\u00a0un m\u00e0xim de 2 treballs. Documentaci\u00f3 necess\u00e0ria: Omplir el formulari de participaci\u00f3 Bases de participaci\u00f3 [&hellip;]<\/p>\n","protected":false},"author":1,"featured_media":0,"parent":0,"menu_order":0,"comment_status":"closed","ping_status":"closed","template":"","meta":{"_bbp_topic_count":0,"_bbp_reply_count":0,"_bbp_total_topic_count":0,"_bbp_total_reply_count":0,"_bbp_voice_count":0,"_bbp_anonymous_reply_count":0,"_bbp_topic_count_hidden":0,"_bbp_reply_count_hidden":0,"_bbp_forum_subforum_count":0,"site-sidebar-layout":"default","site-content-layout":"","ast-site-content-layout":"","site-content-style":"default","site-sidebar-style":"default","ast-global-header-display":"","ast-banner-title-visibility":"","ast-main-header-display":"","ast-hfb-above-header-display":"","ast-hfb-below-header-display":"","ast-hfb-mobile-header-display":"","site-post-title":"","ast-breadcrumbs-content":"","ast-featured-img":"","footer-sml-layout":"","theme-transparent-header-meta":"","adv-header-id-meta":"","stick-header-meta":"","header-above-stick-meta":"","header-main-stick-meta":"","header-below-stick-meta":"","astra-migrate-meta-layouts":"default","ast-page-background-enabled":"default","ast-page-background-meta":{"desktop":{"background-color":"var(--ast-global-color-4)","background-image":"","background-repeat":"repeat","background-position":"center center","background-size":"auto","background-attachment":"scroll","background-type":"","background-media":"","overlay-type":"","overlay-color":"","overlay-opacity":"","overlay-gradient":""},"tablet":{"background-color":"","background-image":"","background-repeat":"repeat","background-position":"center center","background-size":"auto","background-attachment":"scroll","background-type":"","background-media":"","overlay-type":"","overlay-color":"","overlay-opacity":"","overlay-gradient":""},"mobile":{"background-color":"","background-image":"","background-repeat":"repeat","background-position":"center center","background-size":"auto","background-attachment":"scroll","background-type":"","background-media":"","overlay-type":"","overlay-color":"","overlay-opacity":"","overlay-gradient":""}},"ast-content-background-meta":{"desktop":{"background-color":"var(--ast-global-color-5)","background-image":"","background-repeat":"repeat","background-position":"center center","background-size":"auto","background-attachment":"scroll","background-type":"","background-media":"","overlay-type":"","overlay-color":"","overlay-opacity":"","overlay-gradient":""},"tablet":{"background-color":"var(--ast-global-color-5)","background-image":"","background-repeat":"repeat","background-position":"center center","background-size":"auto","background-attachment":"scroll","background-type":"","background-media":"","overlay-type":"","overlay-color":"","overlay-opacity":"","overlay-gradient":""},"mobile":{"background-color":"var(--ast-global-color-5)","background-image":"","background-repeat":"repeat","background-position":"center center","background-size":"auto","background-attachment":"scroll","background-type":"","background-media":"","overlay-type":"","overlay-color":"","overlay-opacity":"","overlay-gradient":""}},"footnotes":""},"class_list":["post-1888","page","type-page","status-publish","hentry"],"post_mailing_queue_ids":[],"_links":{"self":[{"href":"https:\/\/serveiseducatius.xtec.cat\/santmarti\/wp-json\/wp\/v2\/pages\/1888","targetHints":{"allow":["GET"]}}],"collection":[{"href":"https:\/\/serveiseducatius.xtec.cat\/santmarti\/wp-json\/wp\/v2\/pages"}],"about":[{"href":"https:\/\/serveiseducatius.xtec.cat\/santmarti\/wp-json\/wp\/v2\/types\/page"}],"author":[{"embeddable":true,"href":"https:\/\/serveiseducatius.xtec.cat\/santmarti\/wp-json\/wp\/v2\/users\/1"}],"replies":[{"embeddable":true,"href":"https:\/\/serveiseducatius.xtec.cat\/santmarti\/wp-json\/wp\/v2\/comments?post=1888"}],"version-history":[{"count":3,"href":"https:\/\/serveiseducatius.xtec.cat\/santmarti\/wp-json\/wp\/v2\/pages\/1888\/revisions"}],"predecessor-version":[{"id":4483,"href":"https:\/\/serveiseducatius.xtec.cat\/santmarti\/wp-json\/wp\/v2\/pages\/1888\/revisions\/4483"}],"wp:attachment":[{"href":"https:\/\/serveiseducatius.xtec.cat\/santmarti\/wp-json\/wp\/v2\/media?parent=1888"}],"curies":[{"name":"wp","href":"https:\/\/api.w.org\/{rel}","templated":true}]}}