{"id":1778,"date":"2018-01-08T13:35:05","date_gmt":"2018-01-08T12:35:05","guid":{"rendered":"http:\/\/serveiseducatius.xtec.cat\/santmarti\/?page_id=1778"},"modified":"2019-02-14T17:58:03","modified_gmt":"2019-02-14T16:58:03","slug":"proves-de-4t-deso","status":"publish","type":"page","link":"https:\/\/serveiseducatius.xtec.cat\/santmarti\/proves-de-4t-deso\/","title":{"rendered":"Proves de 4t d&#8217;ESO 2018-19"},"content":{"rendered":"<div>\u00a0<a href=\"http:\/\/serveiseducatius.xtec.cat\/santmarti\/wp-content\/uploads\/usu785\/2017\/12\/4ESO.jpg\"><img loading=\"lazy\" decoding=\"async\" class=\"wp-image-1747 aligncenter\" src=\"http:\/\/serveiseducatius.xtec.cat\/santmarti\/wp-content\/uploads\/usu785\/2017\/12\/4ESO.jpg\" alt=\"\" width=\"698\" height=\"192\" srcset=\"https:\/\/serveiseducatius.xtec.cat\/santmarti\/wp-content\/uploads\/usu785\/2017\/12\/4ESO.jpg 400w, https:\/\/serveiseducatius.xtec.cat\/santmarti\/wp-content\/uploads\/usu785\/2017\/12\/4ESO-300x83.jpg 300w\" sizes=\"auto, (max-width: 698px) 100vw, 698px\" \/><\/a><\/div>\n<div><\/div>\n<div><\/div>\n<div><\/div>\n<div><\/div>\n<div><\/div>\n<div><\/div>\n<div><\/div>\n<div>\n<hr \/>\n<\/div>\n<div><\/div>\n<div>La prova s&#8217;aplicar\u00e0 el dimarts dia <strong>12\u00a0de febrer<\/strong>\u00a0i el dimecres dia <strong>13\u00a0de febrer\u00a0<\/strong>de 2019.<\/div>\n<div><\/div>\n<div><\/div>\n<div><span style=\"text-decoration: underline;\"><strong>Documents\u00a0<\/strong><\/span><\/div>\n<div><\/div>\n<div>\n<ul>\n<li><a href=\"https:\/\/drive.google.com\/open?id=1gpcXzOIZrS2DHnoactCH9MIMz_HYchdm\" target=\"_blank\" rel=\"noopener noreferrer\">Guia d&#8217;aplicaci\u00f3 de la prova<\/a><\/li>\n<li><a href=\"https:\/\/drive.google.com\/file\/d\/1Na1HQiCCiRxb33fzQ45mB74NEp1eH3oi\/view?usp=sharing\">Manual d&#8217;usuari de l&#8217;aplicaci\u00f3 inform\u00e0tica\u00a0per als centres<\/a><\/li>\n<li><a href=\"https:\/\/drive.google.com\/file\/d\/1Zp4SrjrGB1MhtIeENJviEENvmLqlX4Gb\/view?usp=sharing\" target=\"_blank\" rel=\"noopener noreferrer\">L\u00ednia del temps<\/a><\/li>\n<li><a href=\"https:\/\/drive.google.com\/file\/d\/1tNTCsmM0OZrQBvznDTaM1XoaejXgPONl\/view?usp=sharing\">Pautes per aplicadors<\/a><\/li>\n<li><a href=\"http:\/\/csda.gencat.cat\/ca\/arees_d_actuacio\/avaluacions-consell\/avaluacio-quart-eso\/2019\/\" target=\"_blank\" rel=\"nofollow noopener noreferrer\">Informaci\u00f3 del Departament d&#8217;Ensenyament<\/a><\/li>\n<li><a href=\"https:\/\/drive.google.com\/file\/d\/1S2Xhn9Kk9kbZ9p-_GD2LsbbfLlYUpOk7\/view?usp=sharing\">Presentaci\u00f3 avaluaci\u00f3 4t d&#8217;ESO 1<\/a><\/li>\n<li><a href=\"https:\/\/drive.google.com\/file\/d\/1EN9tZR8iiw7CotAQi1Y9dpOm-oMqWBY_\/view?usp=sharing\">Presentaci\u00f3 avaluaci\u00f3 4t d&#8217;ESO 2<\/a><\/li>\n<\/ul>\n<p><strong style=\"font-family: inherit; font-size: 1em;\">Documents a utilitzar durant les proves:<\/strong><\/p>\n<\/div>\n<p><a href=\"https:\/\/drive.google.com\/open?id=1TjqVp2iDGMAH-PdR2_4Ix3_rp5P8EwJS\">Manual per als centres:\u00a0Abs\u00e8ncies i Codis contingents<\/a><\/p>\n<p><a href=\"https:\/\/drive.google.com\/file\/d\/1we6YkUHW3pKviMfBbY2Z16V2BuisIBGP\/view?usp=sharing\">Acta d&#8217;aplicaci\u00f3 de la prova (Word)<\/a><\/p>\n<p><a href=\"https:\/\/drive.google.com\/file\/d\/11mWv3HqO-yTxmtjE5QQbfDAFeYTSHrXg\/view?usp=sharing\">Acta d&#8217;aplicaci\u00f3 de la prova\u00a0 (pdf)\u00a0<\/a><\/p>\n<p><a href=\"https:\/\/drive.google.com\/open?id=16SUnNOC_7tIbZ9rtokMvU0dAzLNDX0vS\">\u00c0udio de la prova de llengua estrangera angl\u00e8s<\/a><\/p>\n<p><a href=\"https:\/\/drive.google.com\/open?id=1pwxzOTywajbfFwQVSyob2Di0a275g1Al\">\u00c0udio de la prova de llengua estrangera franc\u00e8s<\/a><\/p>\n<p><a href=\"https:\/\/drive.google.com\/open?id=1D3TnytVurkENPyivTTNAtvHToWHkohLa\">\u00c0udio de la prova de llengua estrangera alemany<\/a><\/p>\n<p><a href=\"https:\/\/drive.google.com\/open?id=1aYBYG4YUd2bNFRMWyQcb1ZlMKrX7rS_n\">Tractament de les incid\u00e8ncies d&#8217;alumnes que no han fet la prova de 4t d&#8217;ESO<\/a><\/p>\n<p><strong>Proves del dia 13 de febrer<\/strong><\/p>\n<p><a href=\"https:\/\/drive.google.com\/file\/d\/1udZuqAsORCYbKx5UafVVOkXfLN7RPnXv\/view?usp=sharing\">Prova de llengua estrangera angl\u00e8s<\/a><\/p>\n<p><a href=\"https:\/\/drive.google.com\/file\/d\/1q95QhPBM7D8MmyrGgb7Gmo5u19WKK86G\/view?usp=sharing\">Prova de llengua estrangera franc\u00e8s<\/a><\/p>\n<p><a href=\"https:\/\/drive.google.com\/open?id=1F_YmM3RbmLQooKtkcZMuJFH3BefcZkJS\">Prova cientificotecnol\u00f2gica<\/a><\/p>\n<p><strong>Proves del dia 14<\/strong> de<strong> febrer<\/strong><\/p>\n<p><a href=\"https:\/\/drive.google.com\/open?id=1AAnHpRGdwJueOobUImbg-fvYmL3RPWKO\">Prova de llengua catalana<\/a><\/p>\n<p><a href=\"https:\/\/drive.google.com\/open?id=1IHyXxHxfbDDto0nsEmEI5mOwxkMdbB7y\">Prova de matem\u00e0tiques<\/a><\/p>\n<p><a href=\"https:\/\/drive.google.com\/open?id=1wEQ_qB7cwNOEchkldKlCftkb-NmOSXQC\">Prova de llengua castellana<\/a><\/p>\n<h5>Criteris de correcci\u00f3 externa de les proves<\/h5>\n<ul>\n<li><a href=\"https:\/\/drive.google.com\/open?id=18cTFs7tB-XnGQGZVVGt15wuSYI3RVnxI\">Manual d&#8217;usuari per als correctors<\/a><\/li>\n<li><a href=\"https:\/\/drive.google.com\/open?id=1Zzqt8aIEzEu6rGmPUoOaKSOp8dT2L1tr\">Criteris de correcci\u00f3: llengua catalana, llengua castellana<\/a><\/li>\n<li><a href=\"https:\/\/drive.google.com\/open?id=1otD-7EU_IPWsix_xO_6QoRxADfVYTR0n\">Criteris de correcci\u00f3: matem\u00e0tiques<\/a><\/li>\n<li><a href=\"https:\/\/drive.google.com\/open?id=1b7Nk71fVCTWQFoYJuPBJC2-nbJyCw5BF\">Criteris de correcci\u00f3: compet\u00e8ncia cientificotecnol\u00f2gica<\/a><\/li>\n<li><a href=\"https:\/\/drive.google.com\/open?id=1Uj8oi1Ia_yyZ2k5QgPLOSKrWtG4G_ZrY\">Criteris de correcci\u00f3: llengua anglesa<\/a><\/li>\n<li><a href=\"https:\/\/drive.google.com\/open?id=1P6eHZk0yxKDm1br-463PrcIH5vOpRBGR\">Criteris de correcci\u00f3: llengua francesa<\/a><\/li>\n<\/ul>\n<p>&nbsp;<\/p>\n","protected":false},"excerpt":{"rendered":"<p>\u00a0 La prova s&#8217;aplicar\u00e0 el dimarts dia 12\u00a0de febrer\u00a0i el dimecres dia 13\u00a0de febrer\u00a0de 2019. Documents\u00a0 Guia d&#8217;aplicaci\u00f3 de la prova Manual d&#8217;usuari de l&#8217;aplicaci\u00f3 inform\u00e0tica\u00a0per als centres L\u00ednia del temps Pautes per aplicadors Informaci\u00f3 del Departament d&#8217;Ensenyament Presentaci\u00f3 avaluaci\u00f3 4t d&#8217;ESO 1 Presentaci\u00f3 avaluaci\u00f3 4t d&#8217;ESO 2 Documents a utilitzar durant les proves: Manual [&hellip;]<\/p>\n","protected":false},"author":1,"featured_media":0,"parent":0,"menu_order":0,"comment_status":"closed","ping_status":"closed","template":"","meta":{"_bbp_topic_count":0,"_bbp_reply_count":0,"_bbp_total_topic_count":0,"_bbp_total_reply_count":0,"_bbp_voice_count":0,"_bbp_anonymous_reply_count":0,"_bbp_topic_count_hidden":0,"_bbp_reply_count_hidden":0,"_bbp_forum_subforum_count":0,"site-sidebar-layout":"default","site-content-layout":"","ast-site-content-layout":"","site-content-style":"default","site-sidebar-style":"default","ast-global-header-display":"","ast-banner-title-visibility":"","ast-main-header-display":"","ast-hfb-above-header-display":"","ast-hfb-below-header-display":"","ast-hfb-mobile-header-display":"","site-post-title":"","ast-breadcrumbs-content":"","ast-featured-img":"","footer-sml-layout":"","theme-transparent-header-meta":"","adv-header-id-meta":"","stick-header-meta":"","header-above-stick-meta":"","header-main-stick-meta":"","header-below-stick-meta":"","astra-migrate-meta-layouts":"default","ast-page-background-enabled":"default","ast-page-background-meta":{"desktop":{"background-color":"var(--ast-global-color-4)","background-image":"","background-repeat":"repeat","background-position":"center center","background-size":"auto","background-attachment":"scroll","background-type":"","background-media":"","overlay-type":"","overlay-color":"","overlay-opacity":"","overlay-gradient":""},"tablet":{"background-color":"","background-image":"","background-repeat":"repeat","background-position":"center center","background-size":"auto","background-attachment":"scroll","background-type":"","background-media":"","overlay-type":"","overlay-color":"","overlay-opacity":"","overlay-gradient":""},"mobile":{"background-color":"","background-image":"","background-repeat":"repeat","background-position":"center center","background-size":"auto","background-attachment":"scroll","background-type":"","background-media":"","overlay-type":"","overlay-color":"","overlay-opacity":"","overlay-gradient":""}},"ast-content-background-meta":{"desktop":{"background-color":"var(--ast-global-color-5)","background-image":"","background-repeat":"repeat","background-position":"center center","background-size":"auto","background-attachment":"scroll","background-type":"","background-media":"","overlay-type":"","overlay-color":"","overlay-opacity":"","overlay-gradient":""},"tablet":{"background-color":"var(--ast-global-color-5)","background-image":"","background-repeat":"repeat","background-position":"center center","background-size":"auto","background-attachment":"scroll","background-type":"","background-media":"","overlay-type":"","overlay-color":"","overlay-opacity":"","overlay-gradient":""},"mobile":{"background-color":"var(--ast-global-color-5)","background-image":"","background-repeat":"repeat","background-position":"center center","background-size":"auto","background-attachment":"scroll","background-type":"","background-media":"","overlay-type":"","overlay-color":"","overlay-opacity":"","overlay-gradient":""}},"footnotes":""},"class_list":["post-1778","page","type-page","status-publish","hentry"],"post_mailing_queue_ids":[],"_links":{"self":[{"href":"https:\/\/serveiseducatius.xtec.cat\/santmarti\/wp-json\/wp\/v2\/pages\/1778","targetHints":{"allow":["GET"]}}],"collection":[{"href":"https:\/\/serveiseducatius.xtec.cat\/santmarti\/wp-json\/wp\/v2\/pages"}],"about":[{"href":"https:\/\/serveiseducatius.xtec.cat\/santmarti\/wp-json\/wp\/v2\/types\/page"}],"author":[{"embeddable":true,"href":"https:\/\/serveiseducatius.xtec.cat\/santmarti\/wp-json\/wp\/v2\/users\/1"}],"replies":[{"embeddable":true,"href":"https:\/\/serveiseducatius.xtec.cat\/santmarti\/wp-json\/wp\/v2\/comments?post=1778"}],"version-history":[{"count":5,"href":"https:\/\/serveiseducatius.xtec.cat\/santmarti\/wp-json\/wp\/v2\/pages\/1778\/revisions"}],"predecessor-version":[{"id":3698,"href":"https:\/\/serveiseducatius.xtec.cat\/santmarti\/wp-json\/wp\/v2\/pages\/1778\/revisions\/3698"}],"wp:attachment":[{"href":"https:\/\/serveiseducatius.xtec.cat\/santmarti\/wp-json\/wp\/v2\/media?parent=1778"}],"curies":[{"name":"wp","href":"https:\/\/api.w.org\/{rel}","templated":true}]}}