{"id":1375,"date":"2016-03-17T16:47:04","date_gmt":"2016-03-17T15:47:04","guid":{"rendered":"http:\/\/serveiseducatius.xtec.cat\/santmarti\/?page_id=1375"},"modified":"2020-04-21T19:04:05","modified_gmt":"2020-04-21T17:04:05","slug":"activitats-adrecades-al-professorat","status":"publish","type":"page","link":"https:\/\/serveiseducatius.xtec.cat\/santmarti\/activitats-adrecades-al-professorat\/","title":{"rendered":"Activitats per al professorat"},"content":{"rendered":"<h2><strong>Curs 2019-2020<\/strong><\/h2>\n<p>\u200b<span style=\"font-size: 1.6875em; font-weight: bold;\">2n trimestre<\/span><\/p>\n<table style=\"width: 831px; height: 391px;\">\n<tbody>\n<tr style=\"height: 178px;\">\n<td style=\"width: 409px; height: 178px;\"><a href=\"https:\/\/serveiseducatius.xtec.cat\/santmarti\/wp-content\/uploads\/usu785\/2020\/01\/digits-4014181_1920.jpg\"><img loading=\"lazy\" decoding=\"async\" class=\"wp-image-4501 aligncenter\" src=\"https:\/\/serveiseducatius.xtec.cat\/santmarti\/wp-content\/uploads\/usu785\/2020\/01\/digits-4014181_1920.jpg\" alt=\"\" width=\"266\" height=\"177\" srcset=\"https:\/\/serveiseducatius.xtec.cat\/santmarti\/wp-content\/uploads\/usu785\/2020\/01\/digits-4014181_1920.jpg 1920w, https:\/\/serveiseducatius.xtec.cat\/santmarti\/wp-content\/uploads\/usu785\/2020\/01\/digits-4014181_1920-300x200.jpg 300w, https:\/\/serveiseducatius.xtec.cat\/santmarti\/wp-content\/uploads\/usu785\/2020\/01\/digits-4014181_1920-768x512.jpg 768w, https:\/\/serveiseducatius.xtec.cat\/santmarti\/wp-content\/uploads\/usu785\/2020\/01\/digits-4014181_1920-1024x683.jpg 1024w\" sizes=\"auto, (max-width: 266px) 100vw, 266px\" \/><\/a><\/td>\n<td style=\"width: 414px; height: 178px;\"><a href=\"https:\/\/serveiseducatius.xtec.cat\/santmarti\/wp-content\/uploads\/usu785\/2020\/01\/toys-3200971_1920.jpg\"><img loading=\"lazy\" decoding=\"async\" class=\"wp-image-4503 aligncenter\" src=\"https:\/\/serveiseducatius.xtec.cat\/santmarti\/wp-content\/uploads\/usu785\/2020\/01\/toys-3200971_1920.jpg\" alt=\"\" width=\"290\" height=\"169\" srcset=\"https:\/\/serveiseducatius.xtec.cat\/santmarti\/wp-content\/uploads\/usu785\/2020\/01\/toys-3200971_1920.jpg 1920w, https:\/\/serveiseducatius.xtec.cat\/santmarti\/wp-content\/uploads\/usu785\/2020\/01\/toys-3200971_1920-300x175.jpg 300w, https:\/\/serveiseducatius.xtec.cat\/santmarti\/wp-content\/uploads\/usu785\/2020\/01\/toys-3200971_1920-768x447.jpg 768w, https:\/\/serveiseducatius.xtec.cat\/santmarti\/wp-content\/uploads\/usu785\/2020\/01\/toys-3200971_1920-1024x596.jpg 1024w\" sizes=\"auto, (max-width: 290px) 100vw, 290px\" \/><\/a><\/td>\n<\/tr>\n<tr style=\"height: 213px;\">\n<td style=\"width: 409px; height: 213px;\">\n<p class=\"04xlpa\"><strong><span style=\"color: black;\">Presentaci\u00f3 de la maleta: c\u00e0lcul, estad\u00edstica i probabilitat<\/span><\/strong><\/p>\n<p style=\"text-align: center;\">18 de febrer al CRP de Sant Mart\u00ed<\/p>\n<p style=\"text-align: center;\"><a href=\"https:\/\/drive.google.com\/file\/d\/1lD9e_nnfVB75Ppm5cXcEKxvh3exCjX0N\/view?usp=sharing\">Cartell de difusi\u00f3<\/a><\/p>\n<p style=\"text-align: center;\"><a href=\"https:\/\/docs.google.com\/forms\/d\/e\/1FAIpQLSeF541gVVCbqa0_c-3F3Kgg488fjjOL36NDjNVfnbtsNPNPAA\/viewform\">Formulari d&#8217;Inscripci\u00f3<\/a><\/p>\n<p style=\"text-align: center;\">Materials de la sessi\u00f3<\/p>\n<\/td>\n<td style=\"width: 414px; height: 213px;\">\n<p style=\"text-align: center;\"><strong>Ensenyar a escriure: \u00a0mites, dubtes i respostes<\/strong><\/p>\n<p style=\"text-align: center;\">3 de mar\u00e7 al CRP de Sant Mart\u00ed<\/p>\n<p style=\"text-align: center;\"><a href=\"https:\/\/drive.google.com\/file\/d\/1bywOGFRWoxYi3eCphKKXgV0b42vQqOXS\/view?usp=sharing\">Cartell de difusi\u00f3<\/a><\/p>\n<p style=\"text-align: center;\"><a href=\"https:\/\/docs.google.com\/forms\/d\/e\/1FAIpQLSfuvwhbSPJfgiFM9dl_T24wO2ruop_KKx_yFIUeD-9nDoQPOg\/viewform\">Formulari d&#8217;Inscripci\u00f3<\/a><\/p>\n<p style=\"text-align: center;\"><a href=\"https:\/\/drive.google.com\/open?id=149cNT8xpWzJDPmFpLxl_mHEg2a7IDiJG\">Materials de la sessi\u00f3<\/a><\/p>\n<\/td>\n<\/tr>\n<\/tbody>\n<\/table>\n<p>&nbsp;<\/p>\n<h2><strong>Curs 2018-2019<\/strong><\/h2>\n<p><span style=\"font-size: 1.6875em; font-weight: bold;\">3r trimestre<\/span><\/p>\n<table style=\"border-collapse: collapse; width: 61.4233%; height: 398px;\" border=\"0\">\n<tbody>\n<tr style=\"height: 33px;\">\n<td style=\"height: 33px; border-color: #ffffff; width: 25%; text-align: center;\"><a href=\"https:\/\/serveiseducatius.xtec.cat\/santmarti\/wp-content\/uploads\/usu785\/2019\/04\/neuroeducacio.jpg\"><img loading=\"lazy\" decoding=\"async\" class=\" wp-image-3796 aligncenter\" src=\"https:\/\/serveiseducatius.xtec.cat\/santmarti\/wp-content\/uploads\/usu785\/2019\/04\/neuroeducacio.jpg\" alt=\"\" width=\"249\" height=\"156\" \/><\/a><\/td>\n<td style=\"width: 23.8309%; height: 33px; border-color: #ffffff;\"><\/td>\n<\/tr>\n<tr style=\"height: 243px;\">\n<td style=\"height: 243px; border-color: #ffffff; width: 25%; text-align: center;\"><strong>Taller pr\u00e0ctic: Neuroeducaci\u00f3<\/strong><\/p>\n<p>15 de maig al CRP de Sant Mart\u00ed<\/p>\n<p><a href=\"https:\/\/drive.google.com\/file\/d\/1P4AdBQS39-vGcH2dd7smyJggXVZxn6kZ\/view?usp=sharing\">Cartell de difusi\u00f3<\/a><\/p>\n<p><a href=\"https:\/\/docs.google.com\/forms\/d\/e\/1FAIpQLSfNsLcaUm-jLkHH-tdnmBcnqyCoxHLCkxOF1rpQ-Nhuocl4Zg\/viewform\">Formulari d&#8217;Inscripci\u00f3<\/a><\/p>\n<p><a href=\"https:\/\/drive.google.com\/file\/d\/1o2BeyTzb_jPD4lCXdIxo5bUnLQzW1Mv8\/view?usp=sharing\">Materials de la sessi\u00f3<\/a><\/td>\n<td style=\"width: 23.8309%; height: 243px; border-color: #ffffff;\"><\/td>\n<\/tr>\n<\/tbody>\n<\/table>\n<p><span style=\"font-size: 1.6875em; font-weight: bold;\">2n trimestre<\/span><\/p>\n<table style=\"border-collapse: collapse; width: 61.4233%; height: 398px;\" border=\"0\">\n<tbody>\n<tr style=\"height: 33px;\">\n<td style=\"height: 33px; border-color: #ffffff; width: 25%; text-align: center;\"><a href=\"https:\/\/serveiseducatius.xtec.cat\/santmarti\/wp-content\/uploads\/usu785\/2019\/01\/mates-web.jpg\"><img loading=\"lazy\" decoding=\"async\" class=\" wp-image-3616 aligncenter\" src=\"https:\/\/serveiseducatius.xtec.cat\/santmarti\/wp-content\/uploads\/usu785\/2019\/01\/mates-web.jpg\" alt=\"\" width=\"293\" height=\"165\" \/><\/a><\/td>\n<td style=\"width: 23.8309%; height: 33px; border-color: #ffffff;\">\u00a0<img loading=\"lazy\" decoding=\"async\" class=\" wp-image-3615 aligncenter\" style=\"font-size: 16px;\" src=\"https:\/\/serveiseducatius.xtec.cat\/santmarti\/wp-content\/uploads\/usu785\/2019\/01\/Art-web.jpg\" alt=\"\" width=\"237\" height=\"165\" \/><\/td>\n<\/tr>\n<tr style=\"height: 243px;\">\n<td style=\"height: 243px; border-color: #ffffff; width: 25%; text-align: center;\"><strong>Taller pr\u00e0ctic: Les matem\u00e0tiques en la rob\u00f2tica<\/strong><\/p>\n<p>29 de gener al CRP de Sant Mart\u00ed<\/p>\n<p><a href=\"https:\/\/drive.google.com\/file\/d\/19ycAgqIilx8XnbSQIySSbBJOJbfNUbYc\/view?usp=sharing\">Cartell de difusi\u00f3<\/a><\/p>\n<p><a href=\"https:\/\/docs.google.com\/forms\/d\/1xllF9nD1tPAiihH3fjHEBrao1dHvGckm4L83tdPDdrQ\/viewform?edit_requested=true\">Formulari d&#8217;Inscripci\u00f3\u00a0<\/a><\/p>\n<p><a href=\"https:\/\/drive.google.com\/file\/d\/0B9MF0BzL7fpxdV8yakRTV2xzRzBhYUVhMDhUUlJmQ09fay1r\/view?usp=sharing\">Materials de la sessi\u00f3<\/a><\/td>\n<td style=\"width: 23.8309%; height: 243px; border-color: #ffffff;\">\n<p style=\"text-align: center;\"><strong>Perqu\u00e8 l&#8217;art als projectes?<\/strong><\/p>\n<p style=\"text-align: center;\">27 de febrer i 6 de mar\u00e7 al CRP de Sant Mart\u00ed<\/p>\n<p style=\"text-align: center;\"><a href=\"https:\/\/drive.google.com\/file\/d\/1h-WhONbO8pYi4SsvvTsLcso1Jy6b3GPK\/view?usp=sharing\">Cartell de difusi\u00f3<\/a><\/p>\n<p style=\"text-align: center;\"><a href=\"https:\/\/docs.google.com\/forms\/d\/15XtaEz9u_4De3QAXFeFS5VQPrpTE1Dav9uozfVNtzzo\/viewform?edit_requested=true\">Formulari d&#8217;Inscripci\u00f3\u00a0<\/a><\/p>\n<p style=\"text-align: center;\"><a href=\"https:\/\/drive.google.com\/drive\/folders\/12gxTHHq-y2UMgRmcINaWLIqt2m6yB2U_?usp=sharing\">Materials de les sessions<\/a><\/p>\n<\/td>\n<\/tr>\n<\/tbody>\n<\/table>\n<h3>\u00a01r trimestre<\/h3>\n<table style=\"border-collapse: collapse; width: 61.3507%; height: 388px;\" border=\"0\">\n<tbody>\n<tr style=\"height: 33px;\">\n<td style=\"height: 33px; border-color: #ffffff; width: 25%; text-align: center;\"><a href=\"https:\/\/serveiseducatius.xtec.cat\/santmarti\/wp-content\/uploads\/usu785\/2018\/12\/RA-1.jpg\"><img loading=\"lazy\" decoding=\"async\" class=\"size-full wp-image-3577 aligncenter\" src=\"https:\/\/serveiseducatius.xtec.cat\/santmarti\/wp-content\/uploads\/usu785\/2018\/12\/RA-1.jpg\" alt=\"\" width=\"250\" height=\"164\" \/><\/a><\/td>\n<td style=\"width: 23.8309%; height: 33px; border-color: #ffffff;\"><a href=\"https:\/\/serveiseducatius.xtec.cat\/santmarti\/wp-content\/uploads\/usu785\/2018\/12\/Contes-audiovisuals-1.jpg\"><img loading=\"lazy\" decoding=\"async\" class=\"size-full wp-image-3576 aligncenter\" src=\"https:\/\/serveiseducatius.xtec.cat\/santmarti\/wp-content\/uploads\/usu785\/2018\/12\/Contes-audiovisuals-1.jpg\" alt=\"\" width=\"250\" height=\"163\" \/><\/a><\/td>\n<\/tr>\n<tr style=\"height: 243px;\">\n<td style=\"height: 243px; border-color: #ffffff; width: 25%; text-align: center;\"><strong>Taller pr\u00e0ctic de Realitat Augmentada<\/strong><\/p>\n<p>5 de novembre al CRP de Sant Mart\u00ed<\/p>\n<p><a href=\"https:\/\/drive.google.com\/file\/d\/1PjT6jfnZip755WmK_Hxm5r2GAnTLIazx\/view?usp=sharing\">Cartell de difusi\u00f3<\/a><\/p>\n<p>Inscripci\u00f3 tancada<\/p>\n<p><a href=\"https:\/\/drive.google.com\/file\/d\/1MF2WitjedNGzyfpZ3L5DEcphR-6c6cpt\/view?usp=sharing\">Materials de la sessi\u00f3<\/a><\/td>\n<td style=\"width: 23.8309%; height: 243px; border-color: #ffffff;\">\n<p style=\"text-align: center;\"><strong>Tablets. Fem contes audiovisuals<\/strong><\/p>\n<p style=\"text-align: center;\">27 de novembre al CRP de Sant Mart\u00ed<\/p>\n<p style=\"text-align: center;\"><a href=\"https:\/\/drive.google.com\/file\/d\/11UazyO8FqhOeckLEkAKH4Y1g7t8d-fNq\/view?usp=sharing\">Cartell de difusi\u00f3<\/a><\/p>\n<p style=\"text-align: center;\">Inscripci\u00f3 tancada<\/p>\n<p style=\"text-align: center;\"><a href=\"https:\/\/sites.google.com\/site\/contesaudiovisualscrpsantmarti\/home\">Materials de la sessi\u00f3<\/a><\/p>\n<\/td>\n<\/tr>\n<\/tbody>\n<\/table>\n<p>&nbsp;<\/p>\n<p>&nbsp;<\/p>\n","protected":false},"excerpt":{"rendered":"<p>Curs 2019-2020 \u200b2n trimestre Presentaci\u00f3 de la maleta: c\u00e0lcul, estad\u00edstica i probabilitat 18 de febrer al CRP de Sant Mart\u00ed Cartell de difusi\u00f3 Formulari d&#8217;Inscripci\u00f3 Materials de la sessi\u00f3 Ensenyar a escriure: \u00a0mites, dubtes i respostes 3 de mar\u00e7 al CRP de Sant Mart\u00ed Cartell de difusi\u00f3 Formulari d&#8217;Inscripci\u00f3 Materials de la sessi\u00f3 &nbsp; Curs [&hellip;]<\/p>\n","protected":false},"author":1,"featured_media":0,"parent":0,"menu_order":0,"comment_status":"closed","ping_status":"closed","template":"","meta":{"_bbp_topic_count":0,"_bbp_reply_count":0,"_bbp_total_topic_count":0,"_bbp_total_reply_count":0,"_bbp_voice_count":0,"_bbp_anonymous_reply_count":0,"_bbp_topic_count_hidden":0,"_bbp_reply_count_hidden":0,"_bbp_forum_subforum_count":0,"site-sidebar-layout":"default","site-content-layout":"","ast-site-content-layout":"","site-content-style":"default","site-sidebar-style":"default","ast-global-header-display":"","ast-banner-title-visibility":"","ast-main-header-display":"","ast-hfb-above-header-display":"","ast-hfb-below-header-display":"","ast-hfb-mobile-header-display":"","site-post-title":"","ast-breadcrumbs-content":"","ast-featured-img":"","footer-sml-layout":"","theme-transparent-header-meta":"","adv-header-id-meta":"","stick-header-meta":"","header-above-stick-meta":"","header-main-stick-meta":"","header-below-stick-meta":"","astra-migrate-meta-layouts":"default","ast-page-background-enabled":"default","ast-page-background-meta":{"desktop":{"background-color":"var(--ast-global-color-4)","background-image":"","background-repeat":"repeat","background-position":"center center","background-size":"auto","background-attachment":"scroll","background-type":"","background-media":"","overlay-type":"","overlay-color":"","overlay-opacity":"","overlay-gradient":""},"tablet":{"background-color":"","background-image":"","background-repeat":"repeat","background-position":"center center","background-size":"auto","background-attachment":"scroll","background-type":"","background-media":"","overlay-type":"","overlay-color":"","overlay-opacity":"","overlay-gradient":""},"mobile":{"background-color":"","background-image":"","background-repeat":"repeat","background-position":"center center","background-size":"auto","background-attachment":"scroll","background-type":"","background-media":"","overlay-type":"","overlay-color":"","overlay-opacity":"","overlay-gradient":""}},"ast-content-background-meta":{"desktop":{"background-color":"var(--ast-global-color-5)","background-image":"","background-repeat":"repeat","background-position":"center center","background-size":"auto","background-attachment":"scroll","background-type":"","background-media":"","overlay-type":"","overlay-color":"","overlay-opacity":"","overlay-gradient":""},"tablet":{"background-color":"var(--ast-global-color-5)","background-image":"","background-repeat":"repeat","background-position":"center center","background-size":"auto","background-attachment":"scroll","background-type":"","background-media":"","overlay-type":"","overlay-color":"","overlay-opacity":"","overlay-gradient":""},"mobile":{"background-color":"var(--ast-global-color-5)","background-image":"","background-repeat":"repeat","background-position":"center center","background-size":"auto","background-attachment":"scroll","background-type":"","background-media":"","overlay-type":"","overlay-color":"","overlay-opacity":"","overlay-gradient":""}},"footnotes":""},"class_list":["post-1375","page","type-page","status-publish","hentry"],"post_mailing_queue_ids":[],"_links":{"self":[{"href":"https:\/\/serveiseducatius.xtec.cat\/santmarti\/wp-json\/wp\/v2\/pages\/1375","targetHints":{"allow":["GET"]}}],"collection":[{"href":"https:\/\/serveiseducatius.xtec.cat\/santmarti\/wp-json\/wp\/v2\/pages"}],"about":[{"href":"https:\/\/serveiseducatius.xtec.cat\/santmarti\/wp-json\/wp\/v2\/types\/page"}],"author":[{"embeddable":true,"href":"https:\/\/serveiseducatius.xtec.cat\/santmarti\/wp-json\/wp\/v2\/users\/1"}],"replies":[{"embeddable":true,"href":"https:\/\/serveiseducatius.xtec.cat\/santmarti\/wp-json\/wp\/v2\/comments?post=1375"}],"version-history":[{"count":4,"href":"https:\/\/serveiseducatius.xtec.cat\/santmarti\/wp-json\/wp\/v2\/pages\/1375\/revisions"}],"predecessor-version":[{"id":4611,"href":"https:\/\/serveiseducatius.xtec.cat\/santmarti\/wp-json\/wp\/v2\/pages\/1375\/revisions\/4611"}],"wp:attachment":[{"href":"https:\/\/serveiseducatius.xtec.cat\/santmarti\/wp-json\/wp\/v2\/media?parent=1375"}],"curies":[{"name":"wp","href":"https:\/\/api.w.org\/{rel}","templated":true}]}}