{"id":11757,"date":"2025-01-29T12:51:59","date_gmt":"2025-01-29T11:51:59","guid":{"rendered":"https:\/\/serveiseducatius.xtec.cat\/santmarti\/?page_id=11757"},"modified":"2025-05-07T13:54:04","modified_gmt":"2025-05-07T11:54:04","slug":"competencies-basiques-de-4t-deso-curs-2024-2025","status":"publish","type":"page","link":"https:\/\/serveiseducatius.xtec.cat\/santmarti\/competencies-basiques-de-4t-deso-curs-2024-2025\/","title":{"rendered":"Compet\u00e8ncies B\u00e0siques de 4t d&#8217;ESO. Curs 2024-2025"},"content":{"rendered":"\n<figure class=\"wp-block-image aligncenter size-full is-resized\"><a href=\"https:\/\/serveiseducatius.xtec.cat\/santmarti\/wp-content\/uploads\/usu785\/2025\/01\/CB_2024_ESO-300x83-1.jpg\"><img loading=\"lazy\" decoding=\"async\" width=\"300\" height=\"83\" src=\"https:\/\/serveiseducatius.xtec.cat\/santmarti\/wp-content\/uploads\/usu785\/2025\/01\/CB_2024_ESO-300x83-1.jpg\" alt=\"\" class=\"wp-image-11758\" style=\"width:380px;height:auto\"\/><\/a><\/figure>\n\n\n\n<hr class=\"wp-block-separator has-alpha-channel-opacity\"\/>\n\n\n\n<p class=\"has-text-align-center\">Les proves s\u2019aplicaran els dies <strong>10<\/strong> i<strong> 11 d&#8217;abril<\/strong> de 2025<\/p>\n\n\n\n<p>&nbsp;<strong>DATES CLAU<\/strong>&nbsp;de l&#8217;avaluaci\u00f3&nbsp;de 4t d&#8217;ESO.<\/p>\n\n\n\n<ul class=\"wp-block-list\">\n<li><strong>10-11 abril 2025<\/strong>: Aplicaci\u00f3 de les proves.<\/li>\n\n\n\n<li><strong>11 abril o 22 abril 2025<\/strong>: Els centres portaran els sobres dels fulls de respostes a la seu de la comissi\u00f3.(Cada comissi\u00f3 ha d\u2019informar els seus centres del dia exacte que han de portar-los: si l\u201911 o el 22 d\u2019abril.)<\/li>\n\n\n\n<li><strong>23 abril 2025<\/strong>: La comissi\u00f3 portar\u00e0 les bosses opaques amb els sobres dels centres als serveis territorials.<\/li>\n\n\n\n<li><strong>28 abril-9 maig 2025<\/strong>: Correctors\/es, acc\u00e9s per a la comprovaci\u00f3 de dades.<\/li>\n\n\n\n<li><strong>12-23 maig 2025<\/strong>: Correctors\/es, correcci\u00f3 de proves.<\/li>\n\n\n\n<li><strong>9-13 juny 2025<\/strong>: Correctors\/es, confirmaci\u00f3 d&#8217;enc\u00e0rrec.<\/li>\n<\/ul>\n\n\n\n<p><img loading=\"lazy\" decoding=\"async\" width=\"50\" height=\"28\" class=\"wp-image-11839\" style=\"width: 50px;\" src=\"https:\/\/serveiseducatius.xtec.cat\/santmarti\/wp-content\/uploads\/usu785\/2025\/03\/presentacio-icon.png\" alt=\"\" srcset=\"https:\/\/serveiseducatius.xtec.cat\/santmarti\/wp-content\/uploads\/usu785\/2025\/03\/presentacio-icon.png 352w, https:\/\/serveiseducatius.xtec.cat\/santmarti\/wp-content\/uploads\/usu785\/2025\/03\/presentacio-icon-300x170.png 300w\" sizes=\"auto, (max-width: 50px) 100vw, 50px\" \/> Presentaci\u00f3 en l\u00ednia amb un resum de les instruccions per a l&#8217;aplicaci\u00f3 de les proves de final d&#8217;etapa: <a href=\"http:\/\/consaval.cat\/aplicadors\" target=\"_blank\" rel=\"noreferrer noopener\">http:\/\/consaval.cat\/aplicadors<\/a><\/p>\n\n\n\n<p><img loading=\"lazy\" decoding=\"async\" width=\"35\" height=\"38\" class=\"wp-image-11852\" style=\"width: 35px;\" src=\"https:\/\/serveiseducatius.xtec.cat\/santmarti\/wp-content\/uploads\/usu785\/2025\/03\/signa-icon.png\" alt=\"\"> Model d&#8217;acta d&#8217;aplicaci\u00f3 de les proves: <\/p>\n\n\n\n<div class=\"wp-block-file aligncenter\"><a id=\"wp-block-file--media-07ed1031-5346-46e9-8415-919e839f306d\" href=\"https:\/\/serveiseducatius.xtec.cat\/santmarti\/wp-content\/uploads\/usu785\/2025\/03\/Annex-II_Acta_aplicacio_proves_BCN10-1.docx\">Annex-II_Acta_aplicacio_proves_BCN10-1<\/a><a href=\"https:\/\/serveiseducatius.xtec.cat\/santmarti\/wp-content\/uploads\/usu785\/2025\/03\/Annex-II_Acta_aplicacio_proves_BCN10-1.docx\" class=\"wp-block-file__button wp-element-button\" download aria-describedby=\"wp-block-file--media-07ed1031-5346-46e9-8415-919e839f306d\">Baixa<\/a><\/div>\n\n\n\n<p><\/p>\n\n\n\n<p><img loading=\"lazy\" decoding=\"async\" width=\"50\" height=\"28\" class=\"wp-image-11839\" style=\"width: 50px;\" src=\"https:\/\/serveiseducatius.xtec.cat\/santmarti\/wp-content\/uploads\/usu785\/2025\/03\/presentacio-icon.png\" alt=\"\" srcset=\"https:\/\/serveiseducatius.xtec.cat\/santmarti\/wp-content\/uploads\/usu785\/2025\/03\/presentacio-icon.png 352w, https:\/\/serveiseducatius.xtec.cat\/santmarti\/wp-content\/uploads\/usu785\/2025\/03\/presentacio-icon-300x170.png 300w\" sizes=\"auto, (max-width: 50px) 100vw, 50px\" \/> Presentaci\u00f3 en l\u00ednia amb un resum de les instruccions per a la correcci\u00f3 de les proves de final d\u2019etapa:\u00a0<a href=\"http:\/\/consaval.cat\/correctorsA4S\/\">http:\/\/consaval.cat\/correctorsA4S\/<\/a><\/p>\n\n\n\n<p><img loading=\"lazy\" decoding=\"async\" width=\"35\" height=\"35\" class=\"wp-image-11840\" style=\"width: 35px;\" src=\"https:\/\/serveiseducatius.xtec.cat\/santmarti\/wp-content\/uploads\/usu785\/2025\/03\/icona-info.png\" alt=\"\" srcset=\"https:\/\/serveiseducatius.xtec.cat\/santmarti\/wp-content\/uploads\/usu785\/2025\/03\/icona-info.png 225w, https:\/\/serveiseducatius.xtec.cat\/santmarti\/wp-content\/uploads\/usu785\/2025\/03\/icona-info-150x150.png 150w\" sizes=\"auto, (max-width: 35px) 100vw, 35px\" \/>   Tota la informaci\u00f3 al Consell Superior d&#8217;Avaluaci\u00f3 del Sistema Educatiu: <a href=\"http:\/\/csda.gencat.cat\/ca\/arees-actuacio\/avaluacions-consell\/avaluacio-quart-eso\/2025\/\">http:\/\/csda.gencat.cat\/ca\/arees-actuacio\/avaluacions-consell\/avaluacio-quart-eso\/2025\/<\/a><\/p>\n\n\n\n<hr class=\"wp-block-separator has-alpha-channel-opacity\"\/>\n\n\n\n<div data-wp-interactive=\"core\/file\" class=\"wp-block-file\"><object data-wp-bind--hidden=\"!state.hasPdfPreview\" hidden class=\"wp-block-file__embed\" data=\"https:\/\/serveiseducatius.xtec.cat\/santmarti\/wp-content\/uploads\/usu785\/2025\/05\/a4s.2025.manualcorrector.pdf\" type=\"application\/pdf\" style=\"width:100%;height:600px\" aria-label=\"Incrustaci\u00f3 del fitxer a4s.2025.manualcorrector.\"><\/object><a id=\"wp-block-file--media-950b6b8f-84d8-4545-990b-00e45bbda9ce\" href=\"https:\/\/serveiseducatius.xtec.cat\/santmarti\/wp-content\/uploads\/usu785\/2025\/05\/a4s.2025.manualcorrector.pdf\">a4s.2025.manualcorrector<\/a><a href=\"https:\/\/serveiseducatius.xtec.cat\/santmarti\/wp-content\/uploads\/usu785\/2025\/05\/a4s.2025.manualcorrector.pdf\" class=\"wp-block-file__button wp-element-button\" download aria-describedby=\"wp-block-file--media-950b6b8f-84d8-4545-990b-00e45bbda9ce\">Baixa<\/a><\/div>\n\n\n\n<div data-wp-interactive=\"core\/file\" class=\"wp-block-file\"><object data-wp-bind--hidden=\"!state.hasPdfPreview\" hidden class=\"wp-block-file__embed\" data=\"https:\/\/serveiseducatius.xtec.cat\/santmarti\/wp-content\/uploads\/usu785\/2025\/03\/GuiaA4S_2024_2025.V4.2.pdf\" type=\"application\/pdf\" style=\"width:100%;height:600px\" aria-label=\"Incrustaci\u00f3 del fitxer GuiaA4S_2024_2025.V4.2.\"><\/object><a id=\"wp-block-file--media-8b688772-0fdd-4d36-8d45-c148d7c5db42\" href=\"https:\/\/serveiseducatius.xtec.cat\/santmarti\/wp-content\/uploads\/usu785\/2025\/03\/GuiaA4S_2024_2025.V4.2.pdf\">GuiaA4S_2024_2025.V4.2<\/a><a href=\"https:\/\/serveiseducatius.xtec.cat\/santmarti\/wp-content\/uploads\/usu785\/2025\/03\/GuiaA4S_2024_2025.V4.2.pdf\" class=\"wp-block-file__button wp-element-button\" download aria-describedby=\"wp-block-file--media-8b688772-0fdd-4d36-8d45-c148d7c5db42\">Baixa<\/a><\/div>\n\n\n\n<div data-wp-interactive=\"core\/file\" class=\"wp-block-file\"><object data-wp-bind--hidden=\"!state.hasPdfPreview\" hidden class=\"wp-block-file__embed\" data=\"https:\/\/serveiseducatius.xtec.cat\/santmarti\/wp-content\/uploads\/usu785\/2025\/01\/Resolucio-convocatoria-A4S.pdf\" type=\"application\/pdf\" style=\"width:100%;height:600px\" aria-label=\"Incrustaci\u00f3 del fitxer Resolucio-convocatoria-A4S.\"><\/object><a id=\"wp-block-file--media-cc956900-852b-4d92-8b7a-58b8df6aca2a\" href=\"https:\/\/serveiseducatius.xtec.cat\/santmarti\/wp-content\/uploads\/usu785\/2025\/01\/Resolucio-convocatoria-A4S.pdf\">Resolucio-convocatoria-A4S<\/a><a href=\"https:\/\/serveiseducatius.xtec.cat\/santmarti\/wp-content\/uploads\/usu785\/2025\/01\/Resolucio-convocatoria-A4S.pdf\" class=\"wp-block-file__button wp-element-button\" download aria-describedby=\"wp-block-file--media-cc956900-852b-4d92-8b7a-58b8df6aca2a\">Baixa<\/a><\/div>\n","protected":false},"excerpt":{"rendered":"<p>Les proves s\u2019aplicaran els dies 10 i 11 d&#8217;abril de 2025 &nbsp;DATES CLAU&nbsp;de l&#8217;avaluaci\u00f3&nbsp;de 4t d&#8217;ESO. Presentaci\u00f3 en l\u00ednia amb un resum de les instruccions per a l&#8217;aplicaci\u00f3 de les proves de final d&#8217;etapa: http:\/\/consaval.cat\/aplicadors Model d&#8217;acta d&#8217;aplicaci\u00f3 de les proves: Presentaci\u00f3 en l\u00ednia amb un resum de les instruccions per a la correcci\u00f3 de [&hellip;]<\/p>\n","protected":false},"author":1,"featured_media":0,"parent":0,"menu_order":0,"comment_status":"closed","ping_status":"close","template":"","meta":{"_bbp_topic_count":0,"_bbp_reply_count":0,"_bbp_total_topic_count":0,"_bbp_total_reply_count":0,"_bbp_voice_count":0,"_bbp_anonymous_reply_count":0,"_bbp_topic_count_hidden":0,"_bbp_reply_count_hidden":0,"_bbp_forum_subforum_count":0,"site-sidebar-layout":"default","site-content-layout":"","ast-site-content-layout":"","site-content-style":"default","site-sidebar-style":"default","ast-global-header-display":"","ast-banner-title-visibility":"","ast-main-header-display":"","ast-hfb-above-header-display":"","ast-hfb-below-header-display":"","ast-hfb-mobile-header-display":"","site-post-title":"","ast-breadcrumbs-content":"","ast-featured-img":"","footer-sml-layout":"","theme-transparent-header-meta":"","adv-header-id-meta":"","stick-header-meta":"","header-above-stick-meta":"","header-main-stick-meta":"","header-below-stick-meta":"","astra-migrate-meta-layouts":"default","ast-page-background-enabled":"default","ast-page-background-meta":{"desktop":{"background-color":"var(--ast-global-color-4)","background-image":"","background-repeat":"repeat","background-position":"center center","background-size":"auto","background-attachment":"scroll","background-type":"","background-media":"","overlay-type":"","overlay-color":"","overlay-opacity":"","overlay-gradient":""},"tablet":{"background-color":"","background-image":"","background-repeat":"repeat","background-position":"center center","background-size":"auto","background-attachment":"scroll","background-type":"","background-media":"","overlay-type":"","overlay-color":"","overlay-opacity":"","overlay-gradient":""},"mobile":{"background-color":"","background-image":"","background-repeat":"repeat","background-position":"center center","background-size":"auto","background-attachment":"scroll","background-type":"","background-media":"","overlay-type":"","overlay-color":"","overlay-opacity":"","overlay-gradient":""}},"ast-content-background-meta":{"desktop":{"background-color":"var(--ast-global-color-5)","background-image":"","background-repeat":"repeat","background-position":"center center","background-size":"auto","background-attachment":"scroll","background-type":"","background-media":"","overlay-type":"","overlay-color":"","overlay-opacity":"","overlay-gradient":""},"tablet":{"background-color":"var(--ast-global-color-5)","background-image":"","background-repeat":"repeat","background-position":"center center","background-size":"auto","background-attachment":"scroll","background-type":"","background-media":"","overlay-type":"","overlay-color":"","overlay-opacity":"","overlay-gradient":""},"mobile":{"background-color":"var(--ast-global-color-5)","background-image":"","background-repeat":"repeat","background-position":"center center","background-size":"auto","background-attachment":"scroll","background-type":"","background-media":"","overlay-type":"","overlay-color":"","overlay-opacity":"","overlay-gradient":""}},"footnotes":""},"class_list":["post-11757","page","type-page","status-publish","hentry"],"post_mailing_queue_ids":[],"_links":{"self":[{"href":"https:\/\/serveiseducatius.xtec.cat\/santmarti\/wp-json\/wp\/v2\/pages\/11757","targetHints":{"allow":["GET"]}}],"collection":[{"href":"https:\/\/serveiseducatius.xtec.cat\/santmarti\/wp-json\/wp\/v2\/pages"}],"about":[{"href":"https:\/\/serveiseducatius.xtec.cat\/santmarti\/wp-json\/wp\/v2\/types\/page"}],"author":[{"embeddable":true,"href":"https:\/\/serveiseducatius.xtec.cat\/santmarti\/wp-json\/wp\/v2\/users\/1"}],"replies":[{"embeddable":true,"href":"https:\/\/serveiseducatius.xtec.cat\/santmarti\/wp-json\/wp\/v2\/comments?post=11757"}],"version-history":[{"count":6,"href":"https:\/\/serveiseducatius.xtec.cat\/santmarti\/wp-json\/wp\/v2\/pages\/11757\/revisions"}],"predecessor-version":[{"id":11979,"href":"https:\/\/serveiseducatius.xtec.cat\/santmarti\/wp-json\/wp\/v2\/pages\/11757\/revisions\/11979"}],"wp:attachment":[{"href":"https:\/\/serveiseducatius.xtec.cat\/santmarti\/wp-json\/wp\/v2\/media?parent=11757"}],"curies":[{"name":"wp","href":"https:\/\/api.w.org\/{rel}","templated":true}]}}