{"id":906,"date":"2015-11-29T17:08:01","date_gmt":"2015-11-29T16:08:01","guid":{"rendered":"http:\/\/serveiseducatius.xtec.cat\/santandreu\/?page_id=906"},"modified":"2023-11-09T09:10:55","modified_gmt":"2023-11-09T08:10:55","slug":"recursos","status":"publish","type":"page","link":"https:\/\/serveiseducatius.xtec.cat\/santandreu\/recursos\/","title":{"rendered":"Recursos"},"content":{"rendered":"<p>&nbsp;<\/p>\n<table style=\"border-collapse: collapse; width: 97.8345%; height: 219px;\">\n<tbody>\n<tr style=\"height: 187px;\">\n<td style=\"width: 22.429%; text-align: center; height: 187px;\"><a href=\"https:\/\/serveiseducatius.xtec.cat\/santandreu\/categoria\/recursos\/maletes\/\" target=\"_blank\" rel=\"noopener\"><img loading=\"lazy\" decoding=\"async\" class=\"alignnone wp-image-8440 size-thumbnail\" title=\"Bibilomaletes\" src=\"https:\/\/serveiseducatius.xtec.cat\/santandreu\/wp-content\/uploads\/usu1121\/2019\/05\/1000x600px_llibres-150x150.jpg\" alt=\"\" width=\"150\" height=\"150\" \/><\/a><\/td>\n<td style=\"width: 25.1353%; text-align: center; height: 187px;\"><a href=\"https:\/\/sites.google.com\/xtec.cat\/recursos-\/arts\" target=\"_blank\" rel=\"noopener\"><img loading=\"lazy\" decoding=\"async\" class=\"alignnone wp-image-10548 size-thumbnail\" style=\"font-weight: bold; font-family: inherit; font-size: 1em;\" src=\"https:\/\/serveiseducatius.xtec.cat\/santandreu\/wp-content\/uploads\/usu1121\/2019\/11\/Caixa_objectes_gran_900-150x150.jpg\" alt=\"\" width=\"150\" height=\"150\" \/><\/a><\/td>\n<td style=\"width: 25.5413%; text-align: center; height: 187px;\"><a href=\"https:\/\/sites.google.com\/xtec.cat\/recursos-\/rob%C3%B2tica-educativa\" target=\"_blank\" rel=\"noopener\"><img loading=\"lazy\" decoding=\"async\" class=\"alignnone wp-image-10549 size-thumbnail\" style=\"font-weight: bold; font-family: inherit; font-size: 1em;\" src=\"https:\/\/serveiseducatius.xtec.cat\/santandreu\/wp-content\/uploads\/usu1121\/2019\/11\/618VhB2JqfL._SL1500_-150x150.jpg\" alt=\"\" width=\"150\" height=\"150\" \/><\/a><\/td>\n<\/tr>\n<tr style=\"height: 32px;\">\n<td style=\"width: 22.429%; text-align: center; height: 32px;\">BIBLIOMALETES I <a href=\"https:\/\/sites.google.com\/xtec.cat\/recursos-\/caixes\">CAIXES<\/a><\/p>\n<p>Sol\u00b7liciteu les maletes a la Biblioteca Ignasi Igl\u00e9sias-Can Fabra, per tel\u00e8fon (93 360 05 50) o per correu electr\u00f2nic:\u00a0<a href=\"mailto:b.barcelona.ii@diba.cat\" target=\"_blank\" rel=\"noopener\">b.barcelona.ii@diba.cat<\/a><\/td>\n<td style=\"width: 25.1353%; text-align: center; height: 32px;\">ART<\/p>\n<p><a href=\"https:\/\/sites.google.com\/xtec.cat\/recursos-\/arts\">P\u00e0gina de reserves<\/a><\/td>\n<td style=\"width: 25.5413%; text-align: center; height: 32px;\">TECNOLOGIA<\/p>\n<p><a href=\"https:\/\/sites.google.com\/xtec.cat\/recursos-\/rob%C3%B2tica-educativa\">P\u00e0gina de reserves<\/a><\/td>\n<\/tr>\n<\/tbody>\n<\/table>\n<p>&nbsp;<\/p>\n","protected":false},"excerpt":{"rendered":"<p>&nbsp; BIBLIOMALETES I CAIXES Sol\u00b7liciteu les maletes a la Biblioteca Ignasi Igl\u00e9sias-Can Fabra, per tel\u00e8fon (93 360 05 50) o per correu electr\u00f2nic:\u00a0b.barcelona.ii@diba.cat ART P\u00e0gina de reserves TECNOLOGIA P\u00e0gina de reserves &nbsp;<\/p>\n","protected":false},"author":1,"featured_media":0,"parent":0,"menu_order":0,"comment_status":"closed","ping_status":"closed","template":"","meta":{"_bbp_topic_count":0,"_bbp_reply_count":0,"_bbp_total_topic_count":0,"_bbp_total_reply_count":0,"_bbp_voice_count":0,"_bbp_anonymous_reply_count":0,"_bbp_topic_count_hidden":0,"_bbp_reply_count_hidden":0,"_bbp_forum_subforum_count":0,"site-sidebar-layout":"default","site-content-layout":"","ast-site-content-layout":"","site-content-style":"default","site-sidebar-style":"default","ast-global-header-display":"","ast-banner-title-visibility":"","ast-main-header-display":"","ast-hfb-above-header-display":"","ast-hfb-below-header-display":"","ast-hfb-mobile-header-display":"","site-post-title":"","ast-breadcrumbs-content":"","ast-featured-img":"","footer-sml-layout":"","theme-transparent-header-meta":"","adv-header-id-meta":"","stick-header-meta":"","header-above-stick-meta":"","header-main-stick-meta":"","header-below-stick-meta":"","astra-migrate-meta-layouts":"default","ast-page-background-enabled":"default","ast-page-background-meta":{"desktop":{"background-color":"var(--ast-global-color-4)","background-image":"","background-repeat":"repeat","background-position":"center center","background-size":"auto","background-attachment":"scroll","background-type":"","background-media":"","overlay-type":"","overlay-color":"","overlay-opacity":"","overlay-gradient":""},"tablet":{"background-color":"","background-image":"","background-repeat":"repeat","background-position":"center center","background-size":"auto","background-attachment":"scroll","background-type":"","background-media":"","overlay-type":"","overlay-color":"","overlay-opacity":"","overlay-gradient":""},"mobile":{"background-color":"","background-image":"","background-repeat":"repeat","background-position":"center center","background-size":"auto","background-attachment":"scroll","background-type":"","background-media":"","overlay-type":"","overlay-color":"","overlay-opacity":"","overlay-gradient":""}},"ast-content-background-meta":{"desktop":{"background-color":"var(--ast-global-color-5)","background-image":"","background-repeat":"repeat","background-position":"center center","background-size":"auto","background-attachment":"scroll","background-type":"","background-media":"","overlay-type":"","overlay-color":"","overlay-opacity":"","overlay-gradient":""},"tablet":{"background-color":"var(--ast-global-color-5)","background-image":"","background-repeat":"repeat","background-position":"center center","background-size":"auto","background-attachment":"scroll","background-type":"","background-media":"","overlay-type":"","overlay-color":"","overlay-opacity":"","overlay-gradient":""},"mobile":{"background-color":"var(--ast-global-color-5)","background-image":"","background-repeat":"repeat","background-position":"center center","background-size":"auto","background-attachment":"scroll","background-type":"","background-media":"","overlay-type":"","overlay-color":"","overlay-opacity":"","overlay-gradient":""}},"footnotes":""},"class_list":["post-906","page","type-page","status-publish","hentry"],"post_mailing_queue_ids":[],"_links":{"self":[{"href":"https:\/\/serveiseducatius.xtec.cat\/santandreu\/wp-json\/wp\/v2\/pages\/906","targetHints":{"allow":["GET"]}}],"collection":[{"href":"https:\/\/serveiseducatius.xtec.cat\/santandreu\/wp-json\/wp\/v2\/pages"}],"about":[{"href":"https:\/\/serveiseducatius.xtec.cat\/santandreu\/wp-json\/wp\/v2\/types\/page"}],"author":[{"embeddable":true,"href":"https:\/\/serveiseducatius.xtec.cat\/santandreu\/wp-json\/wp\/v2\/users\/1"}],"replies":[{"embeddable":true,"href":"https:\/\/serveiseducatius.xtec.cat\/santandreu\/wp-json\/wp\/v2\/comments?post=906"}],"version-history":[{"count":5,"href":"https:\/\/serveiseducatius.xtec.cat\/santandreu\/wp-json\/wp\/v2\/pages\/906\/revisions"}],"predecessor-version":[{"id":11554,"href":"https:\/\/serveiseducatius.xtec.cat\/santandreu\/wp-json\/wp\/v2\/pages\/906\/revisions\/11554"}],"wp:attachment":[{"href":"https:\/\/serveiseducatius.xtec.cat\/santandreu\/wp-json\/wp\/v2\/media?parent=906"}],"curies":[{"name":"wp","href":"https:\/\/api.w.org\/{rel}","templated":true}]}}