{"id":8236,"date":"2019-05-27T15:49:47","date_gmt":"2019-05-27T13:49:47","guid":{"rendered":"http:\/\/serveiseducatius.xtec.cat\/santandreu\/?page_id=8236"},"modified":"2024-11-13T09:58:27","modified_gmt":"2024-11-13T08:58:27","slug":"crp-2","status":"publish","type":"page","link":"https:\/\/serveiseducatius.xtec.cat\/santandreu\/crp-2\/","title":{"rendered":"CRP\/CRAB"},"content":{"rendered":"<p>El Centre de Recursos Pedag\u00f2gics de Sant Andreu d\u00f3na <strong>suport a l\u2019activitat pedag\u00f2gica dels centres<\/strong> i a la tasca docent de mestres i professorat, especialment, en temes de formaci\u00f3 permanent, de recursos pedag\u00f2gics i de dinamitzaci\u00f3 de projectes de centre i de la zona. Una de les l\u00ednies estrat\u00e8giques del centre \u00e9s consolidar, potenciar i donar suport als processos educatius i treballs de la zona mitjan\u00e7ant el <strong>treball de les xarxes <\/strong>i la<strong> dinamitzaci\u00f3 <\/strong>dels<strong> processos d\u2019innovaci\u00f3<\/strong> i millora dels centres educatius del districte.<\/p>\n<ul>\n<li>Promoure i donar suport al <a href=\"http:\/\/serveiseducatius.xtec.cat\/santandreu\/comunitat\/xarxes\/\"><strong>treball en xarxa<\/strong><\/a> de la zona<\/li>\n<li>Promoure i donar suport i <a href=\"http:\/\/serveiseducatius.xtec.cat\/santandreu\/crp-2\/menu-lateral-1-crp\/\"><strong>acompanyament <\/strong>als<strong> projectes<\/strong><\/a> i als<a href=\"http:\/\/serveiseducatius.xtec.cat\/santandreu\/crp-crab\/programes\/eines-pel-canvi-2\/\"><strong> processos<\/strong> <strong>de millora<\/strong><\/a> de centre<\/li>\n<li>Promoure i desenvolupar el <a href=\"http:\/\/serveiseducatius.xtec.cat\/santandreu\/formacio\/la-formacio-interna-de-centre-fic\/\"><strong>pla de formaci\u00f3 de zona<\/strong><\/a> adequat a les necessitats del districte, a les l\u00ednies estrat\u00e8giques del Departament d\u2019Ensenyament i del Consorci d\u2019Educaci\u00f3<\/li>\n<li>Promoure i desenvolupar <a href=\"http:\/\/serveiseducatius.xtec.cat\/santandreu\/portada\/activitats-de-dinamitzacio\/\"><strong>activitats de dinamitzaci\u00f3 pr\u00f2pies de la zona<\/strong><\/a>, aix\u00ed com les vinculades a les l\u00ednies estrat\u00e8giques del Departament d\u2019Educaci\u00f3 i del Consorci d\u2019Educaci\u00f3<\/li>\n<li><strong>Coordinar-se<\/strong> amb la resta del <a href=\"http:\/\/serveiseducatius.xtec.cat\/santandreu\/el-servei-educatiu\/\"><strong>servei educatiu<\/strong><\/a> i els <strong>agents<\/strong><\/li>\n<\/ul>\n<p>El Centre de recursos pedag\u00f2gics de Sant Andreu est\u00e0 especialitzat en l&#8217;\u00e0mbit de les Arts la Cultura i el Patrimoni i \u00e9s tamb\u00e9, per tant, el <strong>Centre de Recursos Art\u00edstics de Barcelona<\/strong>\u00a0<strong>(CRAB)<\/strong>. El CRAB acompanya projectes i programes, i estableix vincles amb iniciatives d\u2019\u00e0mbit art\u00edstic per tal que esdevinguin un <strong>recurs per a tota la ciutat<\/strong>. Potencia un treball amb altres professionals de l\u2019<strong>\u00e0mbit de la cultura<\/strong>\u00a0i les\u00a0<strong>arts<\/strong>\u00a0a partir de la col\u00b7laboraci\u00f3 amb l<strong>\u2019Institut de Cultura de Barcelona (ICUB).<\/strong><\/p>\n","protected":false},"excerpt":{"rendered":"<p>El Centre de Recursos Pedag\u00f2gics de Sant Andreu d\u00f3na suport a l\u2019activitat pedag\u00f2gica dels centres i a la tasca docent de mestres i professorat, especialment, en temes de formaci\u00f3 permanent, de recursos pedag\u00f2gics i de dinamitzaci\u00f3 de projectes de centre i de la zona. Una de les l\u00ednies estrat\u00e8giques del centre \u00e9s consolidar, potenciar i [&hellip;]<\/p>\n","protected":false},"author":1,"featured_media":0,"parent":0,"menu_order":0,"comment_status":"closed","ping_status":"closed","template":"","meta":{"_bbp_topic_count":0,"_bbp_reply_count":0,"_bbp_total_topic_count":0,"_bbp_total_reply_count":0,"_bbp_voice_count":0,"_bbp_anonymous_reply_count":0,"_bbp_topic_count_hidden":0,"_bbp_reply_count_hidden":0,"_bbp_forum_subforum_count":0,"site-sidebar-layout":"default","site-content-layout":"","ast-site-content-layout":"","site-content-style":"default","site-sidebar-style":"default","ast-global-header-display":"","ast-banner-title-visibility":"","ast-main-header-display":"","ast-hfb-above-header-display":"","ast-hfb-below-header-display":"","ast-hfb-mobile-header-display":"","site-post-title":"","ast-breadcrumbs-content":"","ast-featured-img":"","footer-sml-layout":"","theme-transparent-header-meta":"","adv-header-id-meta":"","stick-header-meta":"","header-above-stick-meta":"","header-main-stick-meta":"","header-below-stick-meta":"","astra-migrate-meta-layouts":"default","ast-page-background-enabled":"default","ast-page-background-meta":{"desktop":{"background-color":"var(--ast-global-color-4)","background-image":"","background-repeat":"repeat","background-position":"center center","background-size":"auto","background-attachment":"scroll","background-type":"","background-media":"","overlay-type":"","overlay-color":"","overlay-opacity":"","overlay-gradient":""},"tablet":{"background-color":"","background-image":"","background-repeat":"repeat","background-position":"center center","background-size":"auto","background-attachment":"scroll","background-type":"","background-media":"","overlay-type":"","overlay-color":"","overlay-opacity":"","overlay-gradient":""},"mobile":{"background-color":"","background-image":"","background-repeat":"repeat","background-position":"center center","background-size":"auto","background-attachment":"scroll","background-type":"","background-media":"","overlay-type":"","overlay-color":"","overlay-opacity":"","overlay-gradient":""}},"ast-content-background-meta":{"desktop":{"background-color":"var(--ast-global-color-5)","background-image":"","background-repeat":"repeat","background-position":"center center","background-size":"auto","background-attachment":"scroll","background-type":"","background-media":"","overlay-type":"","overlay-color":"","overlay-opacity":"","overlay-gradient":""},"tablet":{"background-color":"var(--ast-global-color-5)","background-image":"","background-repeat":"repeat","background-position":"center center","background-size":"auto","background-attachment":"scroll","background-type":"","background-media":"","overlay-type":"","overlay-color":"","overlay-opacity":"","overlay-gradient":""},"mobile":{"background-color":"var(--ast-global-color-5)","background-image":"","background-repeat":"repeat","background-position":"center center","background-size":"auto","background-attachment":"scroll","background-type":"","background-media":"","overlay-type":"","overlay-color":"","overlay-opacity":"","overlay-gradient":""}},"footnotes":""},"class_list":["post-8236","page","type-page","status-publish","hentry"],"post_mailing_queue_ids":[],"_links":{"self":[{"href":"https:\/\/serveiseducatius.xtec.cat\/santandreu\/wp-json\/wp\/v2\/pages\/8236","targetHints":{"allow":["GET"]}}],"collection":[{"href":"https:\/\/serveiseducatius.xtec.cat\/santandreu\/wp-json\/wp\/v2\/pages"}],"about":[{"href":"https:\/\/serveiseducatius.xtec.cat\/santandreu\/wp-json\/wp\/v2\/types\/page"}],"author":[{"embeddable":true,"href":"https:\/\/serveiseducatius.xtec.cat\/santandreu\/wp-json\/wp\/v2\/users\/1"}],"replies":[{"embeddable":true,"href":"https:\/\/serveiseducatius.xtec.cat\/santandreu\/wp-json\/wp\/v2\/comments?post=8236"}],"version-history":[{"count":4,"href":"https:\/\/serveiseducatius.xtec.cat\/santandreu\/wp-json\/wp\/v2\/pages\/8236\/revisions"}],"predecessor-version":[{"id":11494,"href":"https:\/\/serveiseducatius.xtec.cat\/santandreu\/wp-json\/wp\/v2\/pages\/8236\/revisions\/11494"}],"wp:attachment":[{"href":"https:\/\/serveiseducatius.xtec.cat\/santandreu\/wp-json\/wp\/v2\/media?parent=8236"}],"curies":[{"name":"wp","href":"https:\/\/api.w.org\/{rel}","templated":true}]}}