{"id":8234,"date":"2019-05-27T15:48:57","date_gmt":"2019-05-27T13:48:57","guid":{"rendered":"http:\/\/serveiseducatius.xtec.cat\/santandreu\/?page_id=8234"},"modified":"2022-02-18T13:43:34","modified_gmt":"2022-02-18T12:43:34","slug":"menu-lateral-1-crp","status":"publish","type":"page","link":"https:\/\/serveiseducatius.xtec.cat\/santandreu\/crp-2\/menu-lateral-1-crp\/","title":{"rendered":"Programes i dinamitzaci\u00f3"},"content":{"rendered":"<p>Des del CRP Sant Andreu organitzazem tot un seguit de programes i projectes educatius adre\u00e7ats als centres de Sant Andreu amb l&#8217;objectiu de <strong>potenciar la dinamitzaci\u00f3 i enfortiment al districte<\/strong>.<\/p>\n<p><a href=\"https:\/\/serveiseducatius.xtec.cat\/santandreu\/wp-content\/uploads\/usu1121\/2019\/05\/1000x600px_cohet.jpg\"><img loading=\"lazy\" decoding=\"async\" class=\"alignleft wp-image-8287 size-medium\" src=\"https:\/\/serveiseducatius.xtec.cat\/santandreu\/wp-content\/uploads\/usu1121\/2019\/05\/1000x600px_cohet-300x180.jpg\" alt=\"\" width=\"300\" height=\"180\" srcset=\"https:\/\/serveiseducatius.xtec.cat\/santandreu\/wp-content\/uploads\/usu1121\/2019\/05\/1000x600px_cohet-300x180.jpg 300w, https:\/\/serveiseducatius.xtec.cat\/santandreu\/wp-content\/uploads\/usu1121\/2019\/05\/1000x600px_cohet-768x461.jpg 768w, https:\/\/serveiseducatius.xtec.cat\/santandreu\/wp-content\/uploads\/usu1121\/2019\/05\/1000x600px_cohet.jpg 1000w\" sizes=\"auto, (max-width: 300px) 100vw, 300px\" \/><\/a><\/p>\n<p><strong>Eines pel Canvi 2<\/strong>: programa per a la <strong>transformaci\u00f3 de centres<\/strong> vers a processos de <strong>millora i innovaci\u00f3 educativa.<\/strong> La missi\u00f3 del programa \u00e9s fer un acompanyament intensiu a centres educatius per generar la necess\u00e0ria cultura de centre i la creaci\u00f3 de les estructures de funcionament que permetin, en <strong>tres anys<\/strong>, dur a la pr\u00e0ctica processos radicals de transformaci\u00f3 i posteriors processos sostinguts de millora continua en el centre. El programa compta amb la col\u2022laboraci\u00f3 de l\u2019ICE de la UAB, l\u2019ICE de l\u2019UB i la Facultat de Ci\u00e8ncies de l\u2019Educaci\u00f3 de la Universitat Aut\u00f2noma de Barcelona.<\/p>\n<p><strong><a href=\"https:\/\/serveiseducatius.xtec.cat\/santandreu\/wp-content\/uploads\/usu1121\/2019\/05\/1000x600px_papiroflexia.jpg\"><img loading=\"lazy\" decoding=\"async\" class=\"wp-image-8306 size-medium alignleft\" src=\"https:\/\/serveiseducatius.xtec.cat\/santandreu\/wp-content\/uploads\/usu1121\/2019\/05\/1000x600px_papiroflexia-300x180.jpg\" alt=\"\" width=\"300\" height=\"180\" srcset=\"https:\/\/serveiseducatius.xtec.cat\/santandreu\/wp-content\/uploads\/usu1121\/2019\/05\/1000x600px_papiroflexia-300x180.jpg 300w, https:\/\/serveiseducatius.xtec.cat\/santandreu\/wp-content\/uploads\/usu1121\/2019\/05\/1000x600px_papiroflexia-768x461.jpg 768w, https:\/\/serveiseducatius.xtec.cat\/santandreu\/wp-content\/uploads\/usu1121\/2019\/05\/1000x600px_papiroflexia.jpg 1000w\" sizes=\"auto, (max-width: 300px) 100vw, 300px\" \/><\/a>Xarxes per al Canvi:<\/strong> programa que promou i facilita al centre educatiu la <strong>participaci\u00f3 en una xarxa de centres pr\u00f2xima territorialment<\/strong> per tal d\u2019<strong>afavorir i compartir la transformaci\u00f3 educativa<\/strong> dins el mateix centre i de forma sist\u00e8mica amb l\u2019entorn. \u00c9s un programa del Consorci d\u2019Educaci\u00f3 de Barcelona, amb la col\u00b7laboraci\u00f3 de Rosa Sensat, Escola Nova 21 i l\u2019ICE de la Universitat Aut\u00f2noma de Barcelona. <span style=\"color: #0000ff;\">Escola Nova 21 i l\u2019ICE de la Universitat Aut\u00f2noma de Barcelona.<\/span><\/p>\n<p style=\"text-align: left;\"><strong><a href=\"https:\/\/serveiseducatius.xtec.cat\/santandreu\/wp-content\/uploads\/usu1121\/2019\/05\/1000x600px_camera.jpg\"><img loading=\"lazy\" decoding=\"async\" class=\"alignleft wp-image-8307 size-medium\" src=\"https:\/\/serveiseducatius.xtec.cat\/santandreu\/wp-content\/uploads\/usu1121\/2019\/05\/1000x600px_camera-300x180.jpg\" alt=\"\" width=\"300\" height=\"180\" srcset=\"https:\/\/serveiseducatius.xtec.cat\/santandreu\/wp-content\/uploads\/usu1121\/2019\/05\/1000x600px_camera-300x180.jpg 300w, https:\/\/serveiseducatius.xtec.cat\/santandreu\/wp-content\/uploads\/usu1121\/2019\/05\/1000x600px_camera-768x461.jpg 768w, https:\/\/serveiseducatius.xtec.cat\/santandreu\/wp-content\/uploads\/usu1121\/2019\/05\/1000x600px_camera.jpg 1000w\" sizes=\"auto, (max-width: 300px) 100vw, 300px\" \/><\/a>Mostra Produccions audiovisuals Sant Andreu:<\/strong> activitat de <strong>dinamitzaci\u00f3 educativa i enfortiment dels vincles del teixit d\u2019escoles de prim\u00e0ria<\/strong> envers el territori. Desplega un programa de tallers de creaci\u00f3 audiovisual participativa adre\u00e7at a cicle superior (5\u00e8 o 6\u00e8), el qual es desenvolupa de forma col\u2022laborativa entre el professorat i l\u2019alumnat implicats i un equip d\u2019educomunicaci\u00f3 especialitzat.<\/p>\n<p>&nbsp;<\/p>\n<p><strong><a href=\"https:\/\/serveiseducatius.xtec.cat\/santandreu\/wp-content\/uploads\/usu1121\/2019\/05\/1000x600px_ciencia.jpg\"><img loading=\"lazy\" decoding=\"async\" class=\"alignleft wp-image-8335 size-medium\" src=\"https:\/\/serveiseducatius.xtec.cat\/santandreu\/wp-content\/uploads\/usu1121\/2019\/05\/1000x600px_ciencia-300x180.jpg\" alt=\"\" width=\"300\" height=\"180\" srcset=\"https:\/\/serveiseducatius.xtec.cat\/santandreu\/wp-content\/uploads\/usu1121\/2019\/05\/1000x600px_ciencia-300x180.jpg 300w, https:\/\/serveiseducatius.xtec.cat\/santandreu\/wp-content\/uploads\/usu1121\/2019\/05\/1000x600px_ciencia-768x461.jpg 768w, https:\/\/serveiseducatius.xtec.cat\/santandreu\/wp-content\/uploads\/usu1121\/2019\/05\/1000x600px_ciencia.jpg 1000w\" sizes=\"auto, (max-width: 300px) 100vw, 300px\" \/><\/a>Congr\u00e9s de Ci\u00e8ncia:<\/strong> projecte que despr\u00e9s de portar a terme un <strong>treball d\u2019indagaci\u00f3 i formaci\u00f3 per part del professorat,<\/strong> finalitza amb la presentaci\u00f3 d\u2019una <strong>experi\u00e8ncia de recerca per part de l\u2019alumnat<\/strong>. Cada centre ser\u00e0 representat per un petit grup d\u2019alumnes que <strong>exposaran la seva pon\u00e8ncia<\/strong> acompanyada d\u2019un suport audiovisual. Aquest esdeveniment es realitza al mes de maig.<\/p>\n<p><strong>Impuls a la Recerca Jove: <\/strong>El certamen <em><strong>Impuls a la Recerca Jove de Sant Andreu 2019<\/strong><\/em> t\u00e9 l\u2019objectiu d\u2019incentivar i difondre la recerca que s\u2019est\u00e0 duent a terme en els centres educatius a trav\u00e9s del treball de recerca al batxillerat. Amb la voluntat de recon\u00e8ixer l\u2019esfor\u00e7 i el proc\u00e9s d\u2019investigaci\u00f3 que fa l\u2019alumnat de 2n de batxillerat i el professorat que els tutoritza. <span style=\"color: #0000ff;\">M\u00e9s informaci\u00f3.<\/span><\/p>\n<p><strong><a href=\"https:\/\/serveiseducatius.xtec.cat\/santandreu\/wp-content\/uploads\/usu1121\/2019\/05\/1000x600px_llibre.jpg\"><img loading=\"lazy\" decoding=\"async\" class=\"alignleft wp-image-8337 size-medium\" src=\"https:\/\/serveiseducatius.xtec.cat\/santandreu\/wp-content\/uploads\/usu1121\/2019\/05\/1000x600px_llibre-300x180.jpg\" alt=\"\" width=\"300\" height=\"180\" srcset=\"https:\/\/serveiseducatius.xtec.cat\/santandreu\/wp-content\/uploads\/usu1121\/2019\/05\/1000x600px_llibre-300x180.jpg 300w, https:\/\/serveiseducatius.xtec.cat\/santandreu\/wp-content\/uploads\/usu1121\/2019\/05\/1000x600px_llibre-768x461.jpg 768w, https:\/\/serveiseducatius.xtec.cat\/santandreu\/wp-content\/uploads\/usu1121\/2019\/05\/1000x600px_llibre.jpg 1000w\" sizes=\"auto, (max-width: 300px) 100vw, 300px\" \/><\/a>Jocs Florals: <\/strong>programa adre\u00e7at a l\u2019alumnat dels centres educatius de prim\u00e0ria, secund\u00e0ria (ESO i postobligat\u00f2ria), educaci\u00f3 especial i l\u2019alumnat de GESO dels centres de formaci\u00f3 d\u2019adults del Districte de Sant Andreu. <span style=\"color: #0000ff;\">adre\u00e7at a l\u2019alumnat dels centres educatius de prim\u00e0ria, secund adre\u00e7at a l\u2019alumnat dels centres educatius de prim\u00e0ria, secund<\/span><\/p>\n<ul>\n<li><strong>En Resid\u00e8ncia. Creadors als instituts de Barcelona:<\/strong> xxx<\/li>\n<li><strong>Espais C. Espais de Creaci\u00f3 art\u00edstica a les escoles de prim\u00e0ria:<\/strong> programa promogut pel Consorci d\u2019Educaci\u00f3 de Barcelona, l\u2019Institut de Cultura de Barcelona i la Universitat Aut\u00f2noma de Barcelona. El programa, que est\u00e0 dirigit a les escoles p\u00fabliques de prim\u00e0ria de Barcelona, es basa en l\u2019<strong>acollida d\u2019artistes novells dins de l\u2019escola<\/strong>. Els centres cedeixen un taller a joves creadors perqu\u00e8 durant tot un any desenvolupin els seus projectes a canvi que obrin les portes 6 hores a la setmana perqu\u00e8 grups d\u2019infants, de manera lliure, puguin anar a desenvolupar els seus projectes compartint el taller amb l\u2019artista. El projecte es basa fonamentalment en la cooperaci\u00f3 i el mutualisme entre institucions i persones, i esdev\u00e9 aix\u00ed molt sostenible. L\u2019artista novell n\u2019obt\u00e9 un taller i l\u2019escola, un nou espai de creaci\u00f3 actiu que cada centre articula de mutu acord amb l\u2019artista, i s\u2019involucra, des de l\u2019inici, de manera directa els infants.<\/li>\n<li><strong>Patrimonia&#8217;m:\u00a0<\/strong>Projecte educatiu del<strong> MUHBA<\/strong> adre\u00e7at a l\u2019<strong>alumnat del cicle superior de prim\u00e0ria<\/strong> i el <strong>primer cicle d\u2019ESO<\/strong> que t\u00e9 com a objectiu principal la cooperaci\u00f3 entre els centres educatius de Barcelona i el museu. Cada centre educatiu treballa un espai de la ciutat i analitza el valor patrimonial i hist\u00f2ric, i conjuntament es dissenyen activitats lligades a l\u2019element escollit. Aquestes activitats s\u2019inclouen en la programaci\u00f3 educativa del centre i es duen a terme en diferents espais. Amb el convenciment que els museus i les escoles comparteixen un mateix repte educatiu, Patrimonia\u2019m facilita el coneixement de la ciutat, genera consci\u00e8ncia ciutadana i propicia la comprensi\u00f3 de les relacions entre el passat, el present i el futur. Aquest any el projecte Patrimonia\u2019m incorpora un nou espai com a focus d\u2019estudi, el monestir de Pedralbes. En el seg\u00fcent <a href=\"http:\/\/museuhistoria.bcn.cat\/ca\/taxonomy\/term\/228\" target=\"_blank\" rel=\"noopener noreferrer\">enlla\u00e7 <\/a>trobareu m\u00e9s informaci\u00f3 sobre aquest projecte educatiu.<\/li>\n<li><strong><a href=\"https:\/\/serveiseducatius.xtec.cat\/santandreu\/wp-content\/uploads\/usu1121\/2019\/05\/1000x600px_sostenibilitat.jpg\"><img loading=\"lazy\" decoding=\"async\" class=\"alignleft wp-image-8339 size-medium\" src=\"https:\/\/serveiseducatius.xtec.cat\/santandreu\/wp-content\/uploads\/usu1121\/2019\/05\/1000x600px_sostenibilitat-300x180.jpg\" alt=\"\" width=\"300\" height=\"180\" srcset=\"https:\/\/serveiseducatius.xtec.cat\/santandreu\/wp-content\/uploads\/usu1121\/2019\/05\/1000x600px_sostenibilitat-300x180.jpg 300w, https:\/\/serveiseducatius.xtec.cat\/santandreu\/wp-content\/uploads\/usu1121\/2019\/05\/1000x600px_sostenibilitat-768x461.jpg 768w, https:\/\/serveiseducatius.xtec.cat\/santandreu\/wp-content\/uploads\/usu1121\/2019\/05\/1000x600px_sostenibilitat.jpg 1000w\" sizes=\"auto, (max-width: 300px) 100vw, 300px\" \/><\/a>Agenda 21 Escolar:<\/strong> programa pensat per facilitar la implicaci\u00f3 dels centres educatius en l\u2019ambici\u00f3s projecte planetari d\u2019imaginar i construir un m\u00f3n millor i m\u00e9s sostenible, comen\u00e7ant per la intervenci\u00f3 en l\u2019entorn m\u00e9s immediat. L\u2019Agenda 21 del vostre centre ser\u00e0 el que vosaltres vulgueu. Vosaltres decidiu quins col\u2022lectius hi participaran, quins aspectes analitzareu, en quin ordre ho fareu, i el nombre i dimensi\u00f3 dels compromisos que adquiriu. Aix\u00f2 si, tindr\u00e0 en com\u00fa amb totes les altres el fet de ser un proc\u00e9s participatiu, de revisi\u00f3 dels plantejaments i pr\u00e0ctiques educatives i de comprom\u00eds en accions de millora en relaci\u00f3 a l\u2019ambient i la sostenibilitat.<\/li>\n<li><strong>Junts\/es. Intercanvi de contes i can\u00e7ons: <\/strong>projecte d&#8217;intercanvi i cooperaci\u00f3 entre escoles de Barcelona i diferents parts del m\u00f3n promogut per la fundaci\u00f3 Adsis conjuntament amb l\u2019AMPA d\u2019alguna escola, aquesta vegada per l\u2019AMPA de l\u2019escola Drassanes. Aquest treball es pot realitzar gr\u00e0cies al suport de Cooperaci\u00f3 internacional Solidaritat i Pau de L\u2019Ajuntament de Barcelona i el treball de diferents ONGs. Escoles de diferents indrets del m\u00f3n comparteixen cada any elements de la seva cultura. El primer any intercanvien contes i el segon can\u00e7ons populars. El projecte pret\u00e9n apropar dos mons llunyans, per\u00f2 cada vegada m\u00e9s propers a les nostres aules, a partir de la seva cultura popular.<br \/>\nFruit d&#8217;aquest treball cooperatiu cada curs s&#8217;editar\u00e0 un llibre amb els contes o les can\u00e7ons il\u00b7lustrades i un CD on es podran sentir les diferents versions realitzades en les diferents llengu\u0308es de cada intercanvi: \u00e0rab, amazic, catal\u00e0, castell\u00e0, franc\u00e8s, mandinga, qu\u00edtxua, roman\u00e8s, w\u00f2lof, xin\u00e8s, urd\u00fa i indi.<\/li>\n<\/ul>\n<h5><a href=\"https:\/\/www.edubcn.cat\/ca\/suport_educatiu_recursos\/convocatoria_programes\">Convocat\u00f2ria Unificada de Programes (CUP)<\/a><\/h5>\n<p>La convocat\u00f2ria unificada de programes vol harmonitzar tota l\u2019oferta de programes educatius que impacten en els centres, unificar calendaris i garantir la qualitat de la proposta metodol\u00f2gica, la transpar\u00e8ncia en els criteris d\u2019assignaci\u00f3 i la coher\u00e8ncia amb el projecte educatiu de centre. L\u2019oferta de la convocat\u00f2ria s\u2019ha organitzat en 9 \u00e0mbits, segons la tem\u00e0tica o eix principal del programa:. <a href=\"https:\/\/www.edubcn.cat\/ca\/suport_educatiu_recursos\/convocatoria_programes\">M\u00e9s informaci\u00f3 al web de la CUP<\/a>.<\/p>\n<p><a href=\"https:\/\/serveiseducatius.xtec.cat\/santandreu\/wp-content\/uploads\/usu1121\/2019\/05\/Captura-de-pantalla-2019-05-28-a-les-11.48.59.png\"><img loading=\"lazy\" decoding=\"async\" class=\"alignnone size-large wp-image-8310\" src=\"https:\/\/serveiseducatius.xtec.cat\/santandreu\/wp-content\/uploads\/usu1121\/2019\/05\/Captura-de-pantalla-2019-05-28-a-les-11.48.59-1024x279.png\" alt=\"\" width=\"1024\" height=\"279\" srcset=\"https:\/\/serveiseducatius.xtec.cat\/santandreu\/wp-content\/uploads\/usu1121\/2019\/05\/Captura-de-pantalla-2019-05-28-a-les-11.48.59-1024x279.png 1024w, https:\/\/serveiseducatius.xtec.cat\/santandreu\/wp-content\/uploads\/usu1121\/2019\/05\/Captura-de-pantalla-2019-05-28-a-les-11.48.59-300x82.png 300w, https:\/\/serveiseducatius.xtec.cat\/santandreu\/wp-content\/uploads\/usu1121\/2019\/05\/Captura-de-pantalla-2019-05-28-a-les-11.48.59-768x209.png 768w, https:\/\/serveiseducatius.xtec.cat\/santandreu\/wp-content\/uploads\/usu1121\/2019\/05\/Captura-de-pantalla-2019-05-28-a-les-11.48.59.png 1484w\" sizes=\"auto, (max-width: 1024px) 100vw, 1024px\" \/><\/a><\/p>\n","protected":false},"excerpt":{"rendered":"<p>Des del CRP Sant Andreu organitzazem tot un seguit de programes i projectes educatius adre\u00e7ats als centres de Sant Andreu amb l&#8217;objectiu de potenciar la dinamitzaci\u00f3 i enfortiment al districte. Eines pel Canvi 2: programa per a la transformaci\u00f3 de centres vers a processos de millora i innovaci\u00f3 educativa. La missi\u00f3 del programa \u00e9s fer [&hellip;]<\/p>\n","protected":false},"author":1,"featured_media":0,"parent":8236,"menu_order":0,"comment_status":"closed","ping_status":"closed","template":"page-templates\/side-menu.php","meta":{"_bbp_topic_count":0,"_bbp_reply_count":0,"_bbp_total_topic_count":0,"_bbp_total_reply_count":0,"_bbp_voice_count":0,"_bbp_anonymous_reply_count":0,"_bbp_topic_count_hidden":0,"_bbp_reply_count_hidden":0,"_bbp_forum_subforum_count":0,"site-sidebar-layout":"default","site-content-layout":"","ast-site-content-layout":"","site-content-style":"default","site-sidebar-style":"default","ast-global-header-display":"","ast-banner-title-visibility":"","ast-main-header-display":"","ast-hfb-above-header-display":"","ast-hfb-below-header-display":"","ast-hfb-mobile-header-display":"","site-post-title":"","ast-breadcrumbs-content":"","ast-featured-img":"","footer-sml-layout":"","theme-transparent-header-meta":"","adv-header-id-meta":"","stick-header-meta":"","header-above-stick-meta":"","header-main-stick-meta":"","header-below-stick-meta":"","astra-migrate-meta-layouts":"default","ast-page-background-enabled":"default","ast-page-background-meta":{"desktop":{"background-color":"var(--ast-global-color-4)","background-image":"","background-repeat":"repeat","background-position":"center center","background-size":"auto","background-attachment":"scroll","background-type":"","background-media":"","overlay-type":"","overlay-color":"","overlay-opacity":"","overlay-gradient":""},"tablet":{"background-color":"","background-image":"","background-repeat":"repeat","background-position":"center center","background-size":"auto","background-attachment":"scroll","background-type":"","background-media":"","overlay-type":"","overlay-color":"","overlay-opacity":"","overlay-gradient":""},"mobile":{"background-color":"","background-image":"","background-repeat":"repeat","background-position":"center center","background-size":"auto","background-attachment":"scroll","background-type":"","background-media":"","overlay-type":"","overlay-color":"","overlay-opacity":"","overlay-gradient":""}},"ast-content-background-meta":{"desktop":{"background-color":"var(--ast-global-color-5)","background-image":"","background-repeat":"repeat","background-position":"center center","background-size":"auto","background-attachment":"scroll","background-type":"","background-media":"","overlay-type":"","overlay-color":"","overlay-opacity":"","overlay-gradient":""},"tablet":{"background-color":"var(--ast-global-color-5)","background-image":"","background-repeat":"repeat","background-position":"center center","background-size":"auto","background-attachment":"scroll","background-type":"","background-media":"","overlay-type":"","overlay-color":"","overlay-opacity":"","overlay-gradient":""},"mobile":{"background-color":"var(--ast-global-color-5)","background-image":"","background-repeat":"repeat","background-position":"center center","background-size":"auto","background-attachment":"scroll","background-type":"","background-media":"","overlay-type":"","overlay-color":"","overlay-opacity":"","overlay-gradient":""}},"footnotes":""},"class_list":["post-8234","page","type-page","status-publish","hentry"],"post_mailing_queue_ids":[],"_links":{"self":[{"href":"https:\/\/serveiseducatius.xtec.cat\/santandreu\/wp-json\/wp\/v2\/pages\/8234","targetHints":{"allow":["GET"]}}],"collection":[{"href":"https:\/\/serveiseducatius.xtec.cat\/santandreu\/wp-json\/wp\/v2\/pages"}],"about":[{"href":"https:\/\/serveiseducatius.xtec.cat\/santandreu\/wp-json\/wp\/v2\/types\/page"}],"author":[{"embeddable":true,"href":"https:\/\/serveiseducatius.xtec.cat\/santandreu\/wp-json\/wp\/v2\/users\/1"}],"replies":[{"embeddable":true,"href":"https:\/\/serveiseducatius.xtec.cat\/santandreu\/wp-json\/wp\/v2\/comments?post=8234"}],"version-history":[{"count":3,"href":"https:\/\/serveiseducatius.xtec.cat\/santandreu\/wp-json\/wp\/v2\/pages\/8234\/revisions"}],"predecessor-version":[{"id":10343,"href":"https:\/\/serveiseducatius.xtec.cat\/santandreu\/wp-json\/wp\/v2\/pages\/8234\/revisions\/10343"}],"up":[{"embeddable":true,"href":"https:\/\/serveiseducatius.xtec.cat\/santandreu\/wp-json\/wp\/v2\/pages\/8236"}],"wp:attachment":[{"href":"https:\/\/serveiseducatius.xtec.cat\/santandreu\/wp-json\/wp\/v2\/media?parent=8234"}],"curies":[{"name":"wp","href":"https:\/\/api.w.org\/{rel}","templated":true}]}}