{"id":8909,"date":"2017-07-14T12:04:40","date_gmt":"2017-07-14T10:04:40","guid":{"rendered":"http:\/\/serveiseducatius.xtec.cat\/santadria\/?page_id=8909"},"modified":"2025-09-03T13:28:07","modified_gmt":"2025-09-03T11:28:07","slug":"pla-de-formacio-de-zona","status":"publish","type":"page","link":"https:\/\/serveiseducatius.xtec.cat\/santadria\/pla-de-formacio-de-zona\/","title":{"rendered":"Pla de Formaci\u00f3 de Zona 25-26"},"content":{"rendered":"\n<h4 class=\"wp-block-heading\"><iframe loading=\"lazy\" src=\"https:\/\/aplicacions.gestioeducativa.gencat.cat\/pls\/soloas\/pk_for_mod_ins.p_for_cons_activitats?p_header=Selecci%F3%5Epk_for_mod_ins.p_for_form_cons_act?p_excloure_crp_rec=T&amp;p_crp=206&amp;p_crp_txt=Ciutat%20de%20Sant%20Adri%E0%20del%20Bes%F2s&amp;p_any=2025-2026&amp;p_totes=S&amp;p_totes=S&amp;p_excloure_crp_rec=T&amp;p_inici=1\" width=\"100%\" height=\"600\">&lt;span data-mce-type=&#8221;bookmark&#8221; style=&#8221;display: inline-block; width: 0px; overflow: hidden; line-height: 0;&#8221; class=&#8221;mce_SELRES_start&#8221;>&lt;\/span>&lt;span data-mce-type=&#8221;bookmark&#8221; style=&#8221;display: inline-block; width: 0px; overflow: hidden; line-height: 0;&#8221; class=&#8221;mce_SELRES_start&#8221;>&lt;\/span><\/iframe><\/h4>\n\n\n\n<p><strong>Activitats conjuntes:<\/strong><br><a href=\"https:\/\/aplicacions.gestioeducativa.gencat.cat\/ords\/pls\/soloas\/pk_for_mod_ins.p_for_detall_activitat?p_header=Llista%20d%27activitats^pk_for_mod_ins.p_for_cons_activitats?p_crp=207%26p_any=2025-2026%26p_totes=s%26p_inici=11%26p_excloure_crp_rec=F&amp;p_codi=2071081207&amp;p_curs=2025-2026&amp;p_excloure_crp_rec=F\">Robocodi 2026 \u2013 Mostra de rob\u00f2tica i programaci\u00f3 a Santa Coloma de Gramenet i Sant Adri\u00e0 de Bes\u00f2s.<\/a><br>Seminari de coordinaci\u00f3. EEBE Campus Diagonal Bes\u00f2s. Del dimecres 14\/01\/2026 al 3\/6\/2026 de 17:00 a 19:00<\/p>\n\n\n\n<h4 class=\"wp-block-heading\">Activitats interzonals<\/h4>\n\n\n\n<p>Badalona:<\/p>\n\n\n\n<ul class=\"wp-block-list\">\n<li><a href=\"https:\/\/aplicacions.gestioeducativa.gencat.cat\/ords\/pls\/soloas\/pk_for_mod_ins.p_for_detall_activitat?p_header=Llista%20d%27activitats%5epk_for_mod_ins.p_for_cons_activitats?p_crp=204%26p_any=2025-2026%26p_totes=s%26p_inici=101%26p_excloure_crp_rec=F&amp;p_codi=2042030509&amp;p_curs=2025-2026&amp;p_excloure_crp_rec=F\">2042030509 Escacs a l&#8217;escola 2<\/a>\n<ul class=\"wp-block-list\">\n<li>Curs. INS Pau Casals (Badalona). Del dijous 15\/1\/2026 al 12\/3\/2026 de 17:15 a 19:15<\/li>\n<\/ul>\n<\/li>\n\n\n\n<li><a href=\"https:\/\/aplicacions.gestioeducativa.gencat.cat\/ords\/pls\/soloas\/pk_for_mod_ins.p_for_detall_activitat?p_header=Llista%20d%27activitats%5epk_for_mod_ins.p_for_cons_activitats?p_crp=204%26p_any=2025-2026%26p_totes=s%26p_inici=101%26p_excloure_crp_rec=F&amp;p_codi=2042120509&amp;p_curs=2025-2026&amp;p_excloure_crp_rec=F\">2042120509 L&#8217;avaluaci\u00f3 i la documentaci\u00f3 pedag\u00f2gica a l&#8217;educaci\u00f3 infantil<\/a>\n<ul class=\"wp-block-list\">\n<li>Taller. CRP Ciutat de Badalona (Badalona). MANCA CONFIRMAR CALENDARI I PERSONA FORMADORA<\/li>\n<\/ul>\n<\/li>\n\n\n\n<li><a href=\"https:\/\/aplicacions.gestioeducativa.gencat.cat\/ords\/pls\/soloas\/pk_for_mod_ins.p_for_detall_activitat?p_header=Llista%20d%27activitats%5epk_for_mod_ins.p_for_cons_activitats?p_crp=204%26p_any=2025-2026%26p_totes=s%26p_inici=101%26p_excloure_crp_rec=F&amp;p_codi=2042010529&amp;p_curs=2025-2026&amp;p_excloure_crp_rec=F\">2042010529 Cultura maker i fabricaci\u00f3 digital amb sentit<\/a>\n<ul class=\"wp-block-list\">\n<li>Curs. INS Barres i Ones (Badalona). Del dilluns 17\/11\/2025 al 30\/4\/2026 MANCA CONCRETAR CALENDARI<\/li>\n<\/ul>\n<\/li>\n\n\n\n<li><a href=\"https:\/\/aplicacions.gestioeducativa.gencat.cat\/ords\/pls\/soloas\/pk_for_mod_ins.p_for_detall_activitat?p_header=Llista%20d%27activitats%5epk_for_mod_ins.p_for_cons_activitats?p_crp=204%26p_any=2025-2026%26p_totes=s%26p_inici=101%26p_excloure_crp_rec=F&amp;p_codi=2042020529&amp;p_curs=2025-2026&amp;p_excloure_crp_rec=F\">2042020529 Cultura maker i fabricaci\u00f3 digital amb sentit<\/a>\n<ul class=\"wp-block-list\">\n<li>Curs. INS La Riera (Badalona). Del dilluns 17\/11\/2025 al 30\/4\/2026 MANCA CONCRETAR CALENDARI<\/li>\n<\/ul>\n<\/li>\n\n\n\n<li><a href=\"https:\/\/aplicacions.gestioeducativa.gencat.cat\/ords\/pls\/soloas\/pk_for_mod_ins.p_for_detall_activitat?p_header=Llista%20d%27activitats%5epk_for_mod_ins.p_for_cons_activitats?p_crp=204%26p_any=2025-2026%26p_totes=s%26p_inici=21%26p_excloure_crp_rec=F&amp;p_codi=2040261204&amp;p_curs=2025-2026&amp;p_excloure_crp_rec=F\">2040261204 L&#8217;audiovisual a l&#8217;aula<\/a>\n<ul class=\"wp-block-list\">\n<li>Seminari de coordinaci\u00f3. CRP Ciutat de Badalona (Badalona). Del dimecres 29\/10\/2025 al 13\/5\/2026 de 17:30 a 19:30<\/li>\n<\/ul>\n<\/li>\n\n\n\n<li><a href=\"https:\/\/aplicacions.gestioeducativa.gencat.cat\/ords\/pls\/soloas\/pk_for_mod_ins.p_for_detall_activitat?p_header=Llista%20d%27activitats%5epk_for_mod_ins.p_for_cons_activitats?p_crp=204%26p_any=2025-2026%26p_totes=s%26p_inici=21%26p_excloure_crp_rec=F&amp;p_codi=2040271204&amp;p_curs=2025-2026&amp;p_excloure_crp_rec=F\">2040271204 Aprenentatge basat en jocs (ABJ)<\/a>\n<ul class=\"wp-block-list\">\n<li>Seminari de coordinaci\u00f3. CRP Ciutat de Badalona (Badalona). Del dilluns 20\/10\/2025 al 18\/5\/2026 de 17:30 a 19:30<\/li>\n<\/ul>\n<\/li>\n<\/ul>\n\n\n\n<p>Santa Coloma de Gramenet:<\/p>\n\n\n\n<ul class=\"wp-block-list\">\n<li><a href=\"https:\/\/aplicacions.gestioeducativa.gencat.cat\/ords\/pls\/soloas\/pk_for_mod_ins.p_for_detall_activitat?p_header=Llista%20d%27activitats^pk_for_mod_ins.p_for_cons_activitats?p_crp=207%26p_any=2025-2026%26p_totes=s%26p_inici=11%26p_excloure_crp_rec=F&amp;p_codi=2071050509&amp;p_curs=2025-2026&amp;p_excloure_crp_rec=F\">2071050509\u00a0Escacs a l\u2019escola 3<\/a>\n<ul class=\"wp-block-list\">\n<li>Curs. CRP Ciutat de Sta. Coloma Gramenet. Del 19\/1\/2026 al 16\/3\/2026. Horari a confirmar.<\/li>\n<\/ul>\n<\/li>\n<\/ul>\n","protected":false},"excerpt":{"rendered":"<p>&lt;span data-mce-type=&#8221;bookmark&#8221; style=&#8221;display: inline-block; width: 0px; overflow: hidden; line-height: 0;&#8221; class=&#8221;mce_SELRES_start&#8221;>&lt;\/span>&lt;span data-mce-type=&#8221;bookmark&#8221; style=&#8221;display: inline-block; width: 0px; overflow: hidden; line-height: 0;&#8221; [&hellip;]<\/p>\n","protected":false},"author":5,"featured_media":0,"parent":0,"menu_order":0,"comment_status":"closed","ping_status":"closed","template":"","meta":{"_bbp_topic_count":0,"_bbp_reply_count":0,"_bbp_total_topic_count":0,"_bbp_total_reply_count":0,"_bbp_voice_count":0,"_bbp_anonymous_reply_count":0,"_bbp_topic_count_hidden":0,"_bbp_reply_count_hidden":0,"_bbp_forum_subforum_count":0,"site-sidebar-layout":"default","site-content-layout":"","ast-site-content-layout":"default","site-content-style":"default","site-sidebar-style":"default","ast-global-header-display":"","ast-banner-title-visibility":"","ast-main-header-display":"","ast-hfb-above-header-display":"","ast-hfb-below-header-display":"","ast-hfb-mobile-header-display":"","site-post-title":"","ast-breadcrumbs-content":"","ast-featured-img":"","footer-sml-layout":"","theme-transparent-header-meta":"","adv-header-id-meta":"","stick-header-meta":"","header-above-stick-meta":"","header-main-stick-meta":"","header-below-stick-meta":"","astra-migrate-meta-layouts":"set","ast-page-background-enabled":"default","ast-page-background-meta":{"desktop":{"background-color":"var(--ast-global-color-4)","background-image":"","background-repeat":"repeat","background-position":"center center","background-size":"auto","background-attachment":"scroll","background-type":"","background-media":"","overlay-type":"","overlay-color":"","overlay-opacity":"","overlay-gradient":""},"tablet":{"background-color":"","background-image":"","background-repeat":"repeat","background-position":"center center","background-size":"auto","background-attachment":"scroll","background-type":"","background-media":"","overlay-type":"","overlay-color":"","overlay-opacity":"","overlay-gradient":""},"mobile":{"background-color":"","background-image":"","background-repeat":"repeat","background-position":"center center","background-size":"auto","background-attachment":"scroll","background-type":"","background-media":"","overlay-type":"","overlay-color":"","overlay-opacity":"","overlay-gradient":""}},"ast-content-background-meta":{"desktop":{"background-color":"var(--ast-global-color-5)","background-image":"","background-repeat":"repeat","background-position":"center center","background-size":"auto","background-attachment":"scroll","background-type":"","background-media":"","overlay-type":"","overlay-color":"","overlay-opacity":"","overlay-gradient":""},"tablet":{"background-color":"var(--ast-global-color-5)","background-image":"","background-repeat":"repeat","background-position":"center center","background-size":"auto","background-attachment":"scroll","background-type":"","background-media":"","overlay-type":"","overlay-color":"","overlay-opacity":"","overlay-gradient":""},"mobile":{"background-color":"var(--ast-global-color-5)","background-image":"","background-repeat":"repeat","background-position":"center center","background-size":"auto","background-attachment":"scroll","background-type":"","background-media":"","overlay-type":"","overlay-color":"","overlay-opacity":"","overlay-gradient":""}},"footnotes":""},"class_list":["post-8909","page","type-page","status-publish","hentry"],"post_mailing_queue_ids":[],"_links":{"self":[{"href":"https:\/\/serveiseducatius.xtec.cat\/santadria\/wp-json\/wp\/v2\/pages\/8909","targetHints":{"allow":["GET"]}}],"collection":[{"href":"https:\/\/serveiseducatius.xtec.cat\/santadria\/wp-json\/wp\/v2\/pages"}],"about":[{"href":"https:\/\/serveiseducatius.xtec.cat\/santadria\/wp-json\/wp\/v2\/types\/page"}],"author":[{"embeddable":true,"href":"https:\/\/serveiseducatius.xtec.cat\/santadria\/wp-json\/wp\/v2\/users\/5"}],"replies":[{"embeddable":true,"href":"https:\/\/serveiseducatius.xtec.cat\/santadria\/wp-json\/wp\/v2\/comments?post=8909"}],"version-history":[{"count":6,"href":"https:\/\/serveiseducatius.xtec.cat\/santadria\/wp-json\/wp\/v2\/pages\/8909\/revisions"}],"predecessor-version":[{"id":17040,"href":"https:\/\/serveiseducatius.xtec.cat\/santadria\/wp-json\/wp\/v2\/pages\/8909\/revisions\/17040"}],"wp:attachment":[{"href":"https:\/\/serveiseducatius.xtec.cat\/santadria\/wp-json\/wp\/v2\/media?parent=8909"}],"curies":[{"name":"wp","href":"https:\/\/api.w.org\/{rel}","templated":true}]}}