{"id":889,"date":"2015-11-29T15:07:18","date_gmt":"2015-11-29T14:07:18","guid":{"rendered":"http:\/\/serveiseducatius.xtec.cat\/santadria\/?page_id=889"},"modified":"2024-11-13T16:18:50","modified_gmt":"2024-11-13T15:18:50","slug":"revistes","status":"publish","type":"page","link":"https:\/\/serveiseducatius.xtec.cat\/santadria\/recursos\/revistes\/","title":{"rendered":"Revistes i publicacions"},"content":{"rendered":"<p><strong><a href=\"http:\/\/ambitsaaf.cat\/\">\u00c0mbits de psicopedagogia<\/a><\/strong><br \/>\nPsicopedagogia i educaci\u00f3. S\u2019adre\u00e7a a professionals de la psicologia educativa, psicopedagogs, mestres i professionals vinculats al m\u00f3n educatiu. Articles d&#8217;acc\u00e9s lliure.<\/p>\n<p><strong><a href=\"https:\/\/cat.grao.com\/ca\/productes\/revista-articles\">Articles<br \/>\n<\/a><\/strong>Did\u00e0ctica de la Llengua i de la Literatura. Instrument de formaci\u00f3 permanent dels professionals de l\u2019ensenyament de la llengua, un espai d\u2019intercanvi i de coneixements, opinions i recerques.<\/p>\n<p><strong><a href=\"https:\/\/cat.grao.com\/ca\/productes\/revista-aula-de-innovacion-educativa\">Aula de innovaci\u00f3n educativa<\/a><br \/>\n<\/strong>Did\u00e0ctica general. Reflexions, recursos did\u00e0ctics i experi\u00e8ncies pedag\u00f2giques per a l\u2019educaci\u00f3 prim\u00e0ria i secund\u00e0ria.<\/p>\n<p><strong><a href=\"http:\/\/www.cavallfort.cat\/\">Cavall Fort<\/a><br \/>\n<\/strong>C\u00f2mics, contes, articles, reportatges, jocs, propostes d&#8217;activitats&#8230; per a lectors de 9 a 15 anys.<\/p>\n<p><strong><a href=\"https:\/\/revistes.uab.cat\/ciencies\" target=\"_blank\" rel=\"noopener\">Ci\u00e8ncies<\/a><\/strong><br \/>\nRevista bianual d&#8217;acc\u00e9s obert sobre l&#8217;ensenyament i aprenentatge de les ci\u00e8ncies. Pr\u00e0ctiques educatives,\u00a0reflexions i recerques en els diferents nivells escolars<strong>.<\/strong> UAB.<\/p>\n<p><strong><a href=\"http:\/\/www.revistaclij.com\/\">CLIJ<\/a><\/strong><br \/>\nRevista d\u2019an\u00e0lisi de la literatura infantil i juvenil. An\u00e0lisis d&#8217;obres, autors\/res, g\u00e8neres, animaci\u00f3 a la lectura, ressenyes de novetats, llibres premiats.<\/p>\n<p><strong><a href=\"http:\/\/www.cuadernosdepedagogia.com\/\">Cuadernos de pedagog\u00eda<\/a><br \/>\n<\/strong>Revista mensual d&#8217;actualitat en l\u2019ensenyament en forma d\u2019experi\u00e8ncies, articles d\u2019opini\u00f3, entrevistes, reportatges, legislaci\u00f3, propostes innovadores i ressenyes bibliogr\u00e0fiques.<\/p>\n<p><strong><a href=\"https:\/\/diarieducacio.cat\/\" target=\"_blank\" rel=\"noopener\">El diari de l&#8217;educaci\u00f3<\/a><\/strong><br \/>\nEspai de periodisme d&#8217;educaci\u00f3.\u00a0 An\u00e0lisi, reflexi\u00f3 i l\u2019intercanvi de tota la comunitat educativa dels territoris de parla catalana.<\/p>\n<p><strong><a href=\"https:\/\/www.clijcat.cat\/faristol\/\">Faristol<\/a><\/strong><br \/>\nRevista del Consell Catal\u00e0 del llibre per a Infants i Joves. Dirigida als mediadors i lectors per informar de l\u2019actualitat del llibre en catal\u00e0. Articles d&#8217;acc\u00e9s lliure.<\/p>\n<p><strong><a href=\"https:\/\/cat.grao.com\/ca\/productes\/revista-forum\">F\u00f2rum<\/a><br \/>\n<\/strong>Revista d&#8217;organitzaci\u00f3 i gesti\u00f3 educativa, d\u00f3na pautes per lluitar contra la cultura de la improvisaci\u00f3, la desorganitzaci\u00f3, la burocratitzaci\u00f3 i la ignor\u00e0ncia.<\/p>\n<p><strong><a href=\"https:\/\/www.grao.cat\/0-6-ct\/\" target=\"_blank\" rel=\"noopener\">Gra\u00f3 0-6<br \/>\n<\/a><\/strong>Abans es deia Guix d&#8217;Infantil de l&#8217;editorial Gra\u00f3. Reflexions, recursos did\u00e0ctics i experi\u00e8ncies pedag\u00f2giques d\u2019educaci\u00f3 infantil.<\/p>\n<p><strong><a href=\"https:\/\/www.grao.cat\/6-12-ct\/\" target=\"_blank\" rel=\"noopener\">Gra\u00f3 6-12<\/a><br \/>\n<\/strong>Abans es deia Guix de l&#8217;editorial Gra\u00f3. Dona suport a la renovaci\u00f3 educativa pedag\u00f2gica a trav\u00e9s de la reflexi\u00f3 i la pr\u00e0ctica per a prim\u00e0ria.<\/p>\n<p><strong><a href=\"https:\/\/www.grao.cat\/12-18\/\" target=\"_blank\" rel=\"noopener\">Gra\u00f3 12-18<\/a><br \/>\n<\/strong>Abans es deia Aula de secund\u00e0ria de l&#8217;editorial Gra\u00f3. Revista bimestral dirigida al professorat de secund\u00e0ria. Eines de tutoria i orientaci\u00f3, reflexions i recursos de did\u00e0ctica.<\/p>\n<p><strong><a href=\"https:\/\/www.rosasensat.org\/revistes\/in-fan-ci-a\/\">Inf\u00e0ncia<\/a><br \/>\n<\/strong>Revista de l\u2019Associaci\u00f3 de Mestres Rosa Sensat que contribueix a difondre diverses maneres d\u2019atendre i educar\u00a0 infants, des del naixement fins als 6 anys, amb articles te\u00f2rics i pr\u00e0ctics.<\/p>\n<p><strong><a href=\"https:\/\/www.rosasensat.org\/revistes\/infancia-europa\/\">Inf\u00e0ncia a Europa<\/a><br \/>\n<\/strong>L&#8217;educaci\u00f3 de zero a sis anys en l&#8217;\u00e0mbit europeu.<\/p>\n<p><strong><a href=\"https:\/\/www.elsevier.es\/es-revista-revista-logopedia-foniatria-audiologia-309\">Logopedia, Foniatr\u00eda y audiolog\u00eda<\/a><\/strong><br \/>\nPublica articles relacionats amb els camps de la logop\u00e8dia, la foniatria i l\u2019audiologia. Acc\u00e9s lliure als resums dels articles.<\/p>\n<p><strong><a href=\"https:\/\/llenguanacional.cat\/ultims-numeros\/\">Llengua Nacional<\/a><\/strong><br \/>\nExplica i defensa els valors de la llengua catalana i impulsa el seu bon coneixement, domini i \u00fas. Articles d&#8217;acc\u00e9s lliure.<\/p>\n<p><strong><a href=\"https:\/\/revistanamaka.com\/\" target=\"_blank\" rel=\"noopener noreferrer\">Namaka<\/a><\/strong><br \/>\nRevista infantil divertida i l\u00fadica que fomenta la lectura i la creativitat dels m\u00e9s petits. \u00c9s bimensual i pensada per a 6 a 11 anys.<\/p>\n<p><strong><a href=\"https:\/\/www.rosasensat.org\/revistes\/perspectiva-escolar\/\">Perspectiva escolar<\/a><\/strong><br \/>\nRevista de l\u2019Associaci\u00f3 de Mestres Rosa Sensat adre\u00e7ada als professionals dels sistema educatiu per difondre accions educatives d\u2019innovaci\u00f3 i reflexions sobre l\u2019ensenyament obligatori.<\/p>\n<p><strong><a href=\"http:\/\/www.educacionyfp.gob.es\/revista-de-educacion\/numeros-revista-educacion.html\">Revista de Educaci\u00f3n<\/a><\/strong><br \/>\nRevista electr\u00f2nica de publicaci\u00f3 cient\u00edfica del Ministerio de Educaci\u00f3n y Formaci\u00f3n Profesional espa\u00f1ol.<\/p>\n<p><strong><a href=\"https:\/\/www.revistaeducacioninclusiva.es\/index.php\/REI\">Revista de Educaci\u00f3n Inclusiva<\/a><br \/>\n<\/strong>Publicaci\u00f3 semestral amb articles sobre experi\u00e8ncies educatives i interacci\u00f3 teoria-pr\u00e0ctica per avan\u00e7ar en l&#8217;educaci\u00f3 inclusiva.<\/p>\n<p><strong><a href=\"http:\/\/www.revistamusical.cat\/edicions\/\">Revista Musical Catalana<\/a><\/strong><br \/>\nTractament de l\u2019activitat musical catalana de m\u00fasica culta i popular. Tamb\u00e9 publica assaigs sobre aquests temes i entrevistes als int\u00e8rprets i compositors actuals. Articles d&#8217;acc\u00e9s lliure.<\/p>\n<p>&nbsp;<\/p>\n","protected":false},"excerpt":{"rendered":"<p>\u00c0mbits de psicopedagogia Psicopedagogia i educaci\u00f3. S\u2019adre\u00e7a a professionals de la psicologia educativa, psicopedagogs, mestres i professionals vinculats al m\u00f3n [&hellip;]<\/p>\n","protected":false},"author":1,"featured_media":0,"parent":906,"menu_order":0,"comment_status":"open","ping_status":"closed","template":"","meta":{"_bbp_topic_count":0,"_bbp_reply_count":0,"_bbp_total_topic_count":0,"_bbp_total_reply_count":0,"_bbp_voice_count":0,"_bbp_anonymous_reply_count":0,"_bbp_topic_count_hidden":0,"_bbp_reply_count_hidden":0,"_bbp_forum_subforum_count":0,"site-sidebar-layout":"default","site-content-layout":"","ast-site-content-layout":"","site-content-style":"default","site-sidebar-style":"default","ast-global-header-display":"","ast-banner-title-visibility":"","ast-main-header-display":"","ast-hfb-above-header-display":"","ast-hfb-below-header-display":"","ast-hfb-mobile-header-display":"","site-post-title":"","ast-breadcrumbs-content":"","ast-featured-img":"","footer-sml-layout":"","theme-transparent-header-meta":"","adv-header-id-meta":"","stick-header-meta":"","header-above-stick-meta":"","header-main-stick-meta":"","header-below-stick-meta":"","astra-migrate-meta-layouts":"default","ast-page-background-enabled":"default","ast-page-background-meta":{"desktop":{"background-color":"var(--ast-global-color-4)","background-image":"","background-repeat":"repeat","background-position":"center center","background-size":"auto","background-attachment":"scroll","background-type":"","background-media":"","overlay-type":"","overlay-color":"","overlay-opacity":"","overlay-gradient":""},"tablet":{"background-color":"","background-image":"","background-repeat":"repeat","background-position":"center center","background-size":"auto","background-attachment":"scroll","background-type":"","background-media":"","overlay-type":"","overlay-color":"","overlay-opacity":"","overlay-gradient":""},"mobile":{"background-color":"","background-image":"","background-repeat":"repeat","background-position":"center center","background-size":"auto","background-attachment":"scroll","background-type":"","background-media":"","overlay-type":"","overlay-color":"","overlay-opacity":"","overlay-gradient":""}},"ast-content-background-meta":{"desktop":{"background-color":"var(--ast-global-color-5)","background-image":"","background-repeat":"repeat","background-position":"center center","background-size":"auto","background-attachment":"scroll","background-type":"","background-media":"","overlay-type":"","overlay-color":"","overlay-opacity":"","overlay-gradient":""},"tablet":{"background-color":"var(--ast-global-color-5)","background-image":"","background-repeat":"repeat","background-position":"center center","background-size":"auto","background-attachment":"scroll","background-type":"","background-media":"","overlay-type":"","overlay-color":"","overlay-opacity":"","overlay-gradient":""},"mobile":{"background-color":"var(--ast-global-color-5)","background-image":"","background-repeat":"repeat","background-position":"center center","background-size":"auto","background-attachment":"scroll","background-type":"","background-media":"","overlay-type":"","overlay-color":"","overlay-opacity":"","overlay-gradient":""}},"footnotes":""},"class_list":["post-889","page","type-page","status-publish","hentry"],"post_mailing_queue_ids":[],"_links":{"self":[{"href":"https:\/\/serveiseducatius.xtec.cat\/santadria\/wp-json\/wp\/v2\/pages\/889","targetHints":{"allow":["GET"]}}],"collection":[{"href":"https:\/\/serveiseducatius.xtec.cat\/santadria\/wp-json\/wp\/v2\/pages"}],"about":[{"href":"https:\/\/serveiseducatius.xtec.cat\/santadria\/wp-json\/wp\/v2\/types\/page"}],"author":[{"embeddable":true,"href":"https:\/\/serveiseducatius.xtec.cat\/santadria\/wp-json\/wp\/v2\/users\/1"}],"replies":[{"embeddable":true,"href":"https:\/\/serveiseducatius.xtec.cat\/santadria\/wp-json\/wp\/v2\/comments?post=889"}],"version-history":[{"count":5,"href":"https:\/\/serveiseducatius.xtec.cat\/santadria\/wp-json\/wp\/v2\/pages\/889\/revisions"}],"predecessor-version":[{"id":16429,"href":"https:\/\/serveiseducatius.xtec.cat\/santadria\/wp-json\/wp\/v2\/pages\/889\/revisions\/16429"}],"up":[{"embeddable":true,"href":"https:\/\/serveiseducatius.xtec.cat\/santadria\/wp-json\/wp\/v2\/pages\/906"}],"wp:attachment":[{"href":"https:\/\/serveiseducatius.xtec.cat\/santadria\/wp-json\/wp\/v2\/media?parent=889"}],"curies":[{"name":"wp","href":"https:\/\/api.w.org\/{rel}","templated":true}]}}