{"id":8875,"date":"2017-06-26T14:12:29","date_gmt":"2017-06-26T12:12:29","guid":{"rendered":"http:\/\/serveiseducatius.xtec.cat\/santadria\/?page_id=8875"},"modified":"2025-09-16T10:11:26","modified_gmt":"2025-09-16T08:11:26","slug":"capsules-formatives","status":"publish","type":"page","link":"https:\/\/serveiseducatius.xtec.cat\/santadria\/capsules-formatives\/","title":{"rendered":"C\u00e0psules formatives"},"content":{"rendered":"<p>Les C\u00e0psules Formatives s\u00f3n formacions curtes, habitualment d&#8217;una sessi\u00f3 de dues hores, que tenen com a objectiu donar a con\u00e8ixer algun material o recurs en concret per a que els centres puguin tenir una base des d&#8217;on treballar i desenvolupar el coneixement.<\/p>\n<p>Les C\u00e0psules que oferim des del CRP:<\/p>\n<ul>\n<li><strong style=\"background-color: rgba(0, 0, 0, 0); font-size: 1rem;\">C\u00e0psules d&#8217;Inclusi\u00f3<\/strong><span style=\"background-color: rgba(0, 0, 0, 0); font-size: 1rem; font-weight: inherit;\">. Obertes per a tots els professionals educatius que treballen al centre<\/span><\/li>\n<\/ul>\n<p>\u00a0 \u00a0 \u00a0 \u00a0 \u00a0 \u00a0 \u00a0 \u00a0 \u00a0 \u00a0 \u00a0 \u00a0 \u00a0 \u00a0 \u00a0 &#8211;\u00a0 C\u00e0psula 1: Protocol d&#8217;actuaci\u00f3 davant de qualsevol viol\u00e8ncia en l&#8217;\u00e0mbit educatiu<b style=\"font-size: 1rem; background-color: rgba(0, 0, 0, 0);\">.<\/b><\/p>\n<p><span style=\"font-size: revert; background-color: rgba(0, 0, 0, 0); font-weight: inherit;\">\u00a0 \u00a0 \u00a0 \u00a0 \u00a0 \u00a0 \u00a0 \u00a0 \u00a0 \u00a0 \u00a0 \u00a0 \u00a0 \u00a0 \u00a0 \u00a0&#8211; C\u00e0psula 2: <\/span>Pluridiscapacitat.<\/p>\n<p>\u00a0 \u00a0 \u00a0 \u00a0 \u00a0 \u00a0 \u00a0 \u00a0 \u00a0 \u00a0 \u00a0 \u00a0 \u00a0 \u00a0 \u00a0 \u00a0 &#8211; C\u00e0psula 3: El Pi dins del marc del nou curr\u00edculum.\u00a0<\/p>\n<p>\u00a0 \u00a0 \u00a0 \u00a0 \u00a0 \u00a0 \u00a0 \u00a0 \u00a0 \u00a0 \u00a0 \u00a0 \u00a0 \u00a0 \u00a0 \u00a0 &#8211; C\u00e0psula 4: Suports intensius i abordatge educatiu.<\/p>\n<ul>\n<li><strong>L&#8217;Audacity per fer r\u00e0dio. <\/strong>Recursos i consells per editar un programa de r\u00e0dio amb el programa Audacity.<\/li>\n<li><strong>Recursos per treballar l&#8217;oralitat.<\/strong>\u00a0 Recursos i estrat\u00e8gies per a treballar les habilitats comunicatives.<\/li>\n<\/ul>\n<p>A banda d&#8217;aquests temes, si algun centre t\u00e9 un inter\u00e8s especial en qualsevol altre ens pot contactar i fer la sol\u00b7licitud al CRP per les vies habituals.<\/p>\n\n\n<h2 class=\"wp-block-heading\">Darrers articles:<\/h2>\n\n\n<ul class=\"wp-block-latest-posts__list has-dates has-author wp-block-latest-posts\"><li><div class=\"wp-block-latest-posts__featured-image\"><img loading=\"lazy\" decoding=\"async\" width=\"150\" height=\"150\" src=\"https:\/\/serveiseducatius.xtec.cat\/santadria\/wp-content\/uploads\/usu1189\/2025\/05\/capsula-4-150x150.png\" class=\"attachment-thumbnail size-thumbnail wp-post-image\" alt=\"\" style=\"\" \/><\/div><a class=\"wp-block-latest-posts__post-title\" href=\"https:\/\/serveiseducatius.xtec.cat\/santadria\/portada\/capsula-4\/\">C\u00e0psula 4<\/a><div class=\"wp-block-latest-posts__post-author\">per PAULA FERNANDEZ ALVAREZ<\/div><time datetime=\"2025-05-23T13:31:10+02:00\" class=\"wp-block-latest-posts__post-date\">23\/05\/2025<\/time><div class=\"wp-block-latest-posts__post-excerpt\">Suports intensius i abordatge educatiu. Intercanvi d&#8217;experi\u00e8ncies. Enlla\u00e7 a la presentaci\u00f3.<\/div><\/li>\n<li><a class=\"wp-block-latest-posts__post-title\" href=\"https:\/\/serveiseducatius.xtec.cat\/santadria\/portada\/capsula-3-el-pi-dins-el-marc-del-nou-curriculum\/\">C\u00c0PSULA 3. EL PI DINS EL MARC DEL NOU CURR\u00cdCULUM.<\/a><div class=\"wp-block-latest-posts__post-author\">per PAULA FERNANDEZ ALVAREZ<\/div><time datetime=\"2025-04-01T13:55:29+02:00\" class=\"wp-block-latest-posts__post-date\">01\/04\/2025<\/time><div class=\"wp-block-latest-posts__post-excerpt\"><\/div><\/li>\n<li><div class=\"wp-block-latest-posts__featured-image\"><img loading=\"lazy\" decoding=\"async\" width=\"150\" height=\"150\" src=\"https:\/\/serveiseducatius.xtec.cat\/santadria\/wp-content\/uploads\/usu1189\/2024\/11\/Captura-de-pantalla-2024-11-18-130929-150x150.png\" class=\"attachment-thumbnail size-thumbnail wp-post-image\" alt=\"\" style=\"\" \/><\/div><a class=\"wp-block-latest-posts__post-title\" href=\"https:\/\/serveiseducatius.xtec.cat\/santadria\/portada\/capsula-deducacio-inclusiva-a-educacio-infantil\/\">C\u00e0psula d&#8217;Educaci\u00f3 Inclusiva a Educaci\u00f3 Infantil<\/a><div class=\"wp-block-latest-posts__post-author\">per SE CRP Ciutat de Sant Adri\u00e0 de Bes\u00f2s<\/div><time datetime=\"2025-02-24T12:56:16+01:00\" class=\"wp-block-latest-posts__post-date\">24\/02\/2025<\/time><div class=\"wp-block-latest-posts__post-excerpt\">Us fem a mans la seg\u00fcent informaci\u00f3 per convidar-vos a la xerrada C\u00e0psula d\u2019Ed. inclusiva a Educaci\u00f3 Infantil, a c\u00e0rrec de l\u2019Anna Castellvell i la S\u00edlvia Moreno, oberta a totes les persones interessades. Xerrada: C\u00e0psula d\u2019Educaci\u00f3 Inclusiva a Educaci\u00f3 Infantil Ponents: Anna Castellvell i S\u00edlvia Moreno. Dinamitzadores d\u2019Educaci\u00f3 Inclusiva &nbsp;del Departament. Dimecres, 19 de mar\u00e7\u2026 <a class=\"wp-block-latest-posts__read-more\" href=\"https:\/\/serveiseducatius.xtec.cat\/santadria\/portada\/capsula-deducacio-inclusiva-a-educacio-infantil\/\" rel=\"noopener noreferrer\">M\u00e9s informaci\u00f3<span class=\"screen-reader-text\">: C\u00e0psula d&#8217;Educaci\u00f3 Inclusiva a Educaci\u00f3 Infantil<\/span><\/a><\/div><\/li>\n<li><a class=\"wp-block-latest-posts__post-title\" href=\"https:\/\/serveiseducatius.xtec.cat\/santadria\/general\/capsula-2-pluridiscapacitat\/\">C\u00c0PSULA 2<\/a><div class=\"wp-block-latest-posts__post-author\">per PAULA FERNANDEZ ALVAREZ<\/div><time datetime=\"2025-02-21T19:42:15+01:00\" class=\"wp-block-latest-posts__post-date\">21\/02\/2025<\/time><div class=\"wp-block-latest-posts__post-excerpt\">Avui hem realitzat la segona c\u00e0psula formativa sobre Pluridiscapacitat als Serveis Educatius de Sant Adri\u00e0 de Bes\u00f2s, amb la participaci\u00f3 de tots els centres de la zona. Compartim amb vosaltres l\u2019enlla\u00e7 perqu\u00e8 hi pugueu accedir: https:\/\/www.canva.com\/design\/DAGZcp1Etz8\/CiIg0xq_ql_8lP_VNsP_rQ\/edit?utm_content=DAGZcp1Etz8&amp;utm_campaign=designshare&amp;utm_medium=link2&amp;utm_source=sharebutton Moltes gr\u00e0cies a tots i totes per la vostra implicaci\u00f3!<\/div><\/li>\n<li><div class=\"wp-block-latest-posts__featured-image\"><img loading=\"lazy\" decoding=\"async\" width=\"150\" height=\"150\" src=\"https:\/\/serveiseducatius.xtec.cat\/santadria\/wp-content\/uploads\/usu1189\/2022\/10\/curriculum-vectors-150x150.jpg\" class=\"attachment-thumbnail size-thumbnail wp-post-image\" alt=\"\" style=\"\" \/><\/div><a class=\"wp-block-latest-posts__post-title\" href=\"https:\/\/serveiseducatius.xtec.cat\/santadria\/portada\/darrera-crida-cursos-de-pindoles-formatives-del-curriculum\/\">Darrera crida cursos de p\u00edndoles formatives del curr\u00edculum<\/a><div class=\"wp-block-latest-posts__post-author\">per SE CRP Ciutat de Sant Adri\u00e0 de Bes\u00f2s<\/div><time datetime=\"2025-01-23T08:37:01+01:00\" class=\"wp-block-latest-posts__post-date\">23\/01\/2025<\/time><div class=\"wp-block-latest-posts__post-excerpt\">Encara sou a temps d&#8217;inscriure-us a alguna de les c\u00e0psules formatives del curr\u00edculum que organitza el Departament. Us fem arribar els enlla\u00e7os d&#8217;inscripci\u00f3 amb informaci\u00f3 addicional: 9004040557 P\u00edndoles formatives del curr\u00edculum . Especialitat Filosofia Curs. DEP Departament d&#8217;Educaci\u00f3 i Formaci\u00f3 Professional (Barcelona). Del dijous 13\/2\/2025 al 29\/5\/2025 de 17:00 a 19:00 9004020557 P\u00edndoles formatives del\u2026 <a class=\"wp-block-latest-posts__read-more\" href=\"https:\/\/serveiseducatius.xtec.cat\/santadria\/portada\/darrera-crida-cursos-de-pindoles-formatives-del-curriculum\/\" rel=\"noopener noreferrer\">M\u00e9s informaci\u00f3<span class=\"screen-reader-text\">: Darrera crida cursos de p\u00edndoles formatives del curr\u00edculum<\/span><\/a><\/div><\/li>\n<\/ul>","protected":false},"excerpt":{"rendered":"<p>Les C\u00e0psules Formatives s\u00f3n formacions curtes, habitualment d&#8217;una sessi\u00f3 de dues hores, que tenen com a objectiu donar a con\u00e8ixer [&hellip;]<\/p>\n","protected":false},"author":5,"featured_media":0,"parent":0,"menu_order":0,"comment_status":"closed","ping_status":"closed","template":"","meta":{"_bbp_topic_count":0,"_bbp_reply_count":0,"_bbp_total_topic_count":0,"_bbp_total_reply_count":0,"_bbp_voice_count":0,"_bbp_anonymous_reply_count":0,"_bbp_topic_count_hidden":0,"_bbp_reply_count_hidden":0,"_bbp_forum_subforum_count":0,"site-sidebar-layout":"default","site-content-layout":"","ast-site-content-layout":"default","site-content-style":"default","site-sidebar-style":"default","ast-global-header-display":"","ast-banner-title-visibility":"","ast-main-header-display":"","ast-hfb-above-header-display":"","ast-hfb-below-header-display":"","ast-hfb-mobile-header-display":"","site-post-title":"","ast-breadcrumbs-content":"","ast-featured-img":"","footer-sml-layout":"","theme-transparent-header-meta":"","adv-header-id-meta":"","stick-header-meta":"","header-above-stick-meta":"","header-main-stick-meta":"","header-below-stick-meta":"","astra-migrate-meta-layouts":"set","ast-page-background-enabled":"default","ast-page-background-meta":{"desktop":{"background-color":"var(--ast-global-color-4)","background-image":"","background-repeat":"repeat","background-position":"center center","background-size":"auto","background-attachment":"scroll","background-type":"","background-media":"","overlay-type":"","overlay-color":"","overlay-opacity":"","overlay-gradient":""},"tablet":{"background-color":"","background-image":"","background-repeat":"repeat","background-position":"center center","background-size":"auto","background-attachment":"scroll","background-type":"","background-media":"","overlay-type":"","overlay-color":"","overlay-opacity":"","overlay-gradient":""},"mobile":{"background-color":"","background-image":"","background-repeat":"repeat","background-position":"center center","background-size":"auto","background-attachment":"scroll","background-type":"","background-media":"","overlay-type":"","overlay-color":"","overlay-opacity":"","overlay-gradient":""}},"ast-content-background-meta":{"desktop":{"background-color":"var(--ast-global-color-5)","background-image":"","background-repeat":"repeat","background-position":"center center","background-size":"auto","background-attachment":"scroll","background-type":"","background-media":"","overlay-type":"","overlay-color":"","overlay-opacity":"","overlay-gradient":""},"tablet":{"background-color":"var(--ast-global-color-5)","background-image":"","background-repeat":"repeat","background-position":"center center","background-size":"auto","background-attachment":"scroll","background-type":"","background-media":"","overlay-type":"","overlay-color":"","overlay-opacity":"","overlay-gradient":""},"mobile":{"background-color":"var(--ast-global-color-5)","background-image":"","background-repeat":"repeat","background-position":"center center","background-size":"auto","background-attachment":"scroll","background-type":"","background-media":"","overlay-type":"","overlay-color":"","overlay-opacity":"","overlay-gradient":""}},"footnotes":""},"class_list":["post-8875","page","type-page","status-publish","hentry"],"post_mailing_queue_ids":[],"_links":{"self":[{"href":"https:\/\/serveiseducatius.xtec.cat\/santadria\/wp-json\/wp\/v2\/pages\/8875","targetHints":{"allow":["GET"]}}],"collection":[{"href":"https:\/\/serveiseducatius.xtec.cat\/santadria\/wp-json\/wp\/v2\/pages"}],"about":[{"href":"https:\/\/serveiseducatius.xtec.cat\/santadria\/wp-json\/wp\/v2\/types\/page"}],"author":[{"embeddable":true,"href":"https:\/\/serveiseducatius.xtec.cat\/santadria\/wp-json\/wp\/v2\/users\/5"}],"replies":[{"embeddable":true,"href":"https:\/\/serveiseducatius.xtec.cat\/santadria\/wp-json\/wp\/v2\/comments?post=8875"}],"version-history":[{"count":5,"href":"https:\/\/serveiseducatius.xtec.cat\/santadria\/wp-json\/wp\/v2\/pages\/8875\/revisions"}],"predecessor-version":[{"id":17079,"href":"https:\/\/serveiseducatius.xtec.cat\/santadria\/wp-json\/wp\/v2\/pages\/8875\/revisions\/17079"}],"wp:attachment":[{"href":"https:\/\/serveiseducatius.xtec.cat\/santadria\/wp-json\/wp\/v2\/media?parent=8875"}],"curies":[{"name":"wp","href":"https:\/\/api.w.org\/{rel}","templated":true}]}}