{"id":8430,"date":"2016-11-04T09:42:06","date_gmt":"2016-11-04T08:42:06","guid":{"rendered":"http:\/\/serveiseducatius.xtec.cat\/santadria\/?page_id=8430"},"modified":"2024-12-10T14:33:04","modified_gmt":"2024-12-10T13:33:04","slug":"servei-comunitari-aps","status":"publish","type":"page","link":"https:\/\/serveiseducatius.xtec.cat\/santadria\/comunitat\/servei-comunitari-aps\/","title":{"rendered":"ApS \/ Servei comunitari"},"content":{"rendered":"<p><img loading=\"lazy\" decoding=\"async\" class=\" wp-image-14200 alignright\" src=\"https:\/\/serveiseducatius.xtec.cat\/santadria\/wp-content\/uploads\/usu1189\/2022\/11\/Vectors-coeducacio2.2.png\" alt=\"\" width=\"400\" height=\"306\" srcset=\"https:\/\/serveiseducatius.xtec.cat\/santadria\/wp-content\/uploads\/usu1189\/2022\/11\/Vectors-coeducacio2.2.png 621w, https:\/\/serveiseducatius.xtec.cat\/santadria\/wp-content\/uploads\/usu1189\/2022\/11\/Vectors-coeducacio2.2-300x229.png 300w\" sizes=\"auto, (max-width: 400px) 100vw, 400px\" \/><span style=\"color: #1daec4;\"><strong><span style=\"color: #1daec4;\">Aprenentatge servei<\/span> <span style=\"color: #1daec4;\">(ApS):<\/span><\/strong> <\/span>L&#8217;aprenentatge servei \u00e9s una proposta educativa que combina processos d&#8217;aprenentatge i de servei a la comunitat en un sol projecte ben articulat en el qual els i les participants es formen tot treballant sobre necessitats reals de l&#8217;entorn amb l&#8217;objectiu de millorar-lo.<\/p>\n<p><a href=\"http:\/\/xtec.gencat.cat\/ca\/comunitat\/serveicomunitari\/\"><span style=\"color: #33cccc;\"><strong><span style=\"color: #1daec4;\">Servei comunitari:<\/span><\/strong><\/span><\/a> L&#8217;impuls del servei comunitari per a l&#8217;alumnat de secund\u00e0ria obligat\u00f2ria \u00e9s una acci\u00f3 que vol promoure que l&#8217;alumnat experimenti i protagonitzi accions de comprom\u00eds c\u00edvic, aprengui en l&#8217;exercici actiu de la ciutadania, i posi en joc els seus coneixements i capacitats al servei de la comunitat.<\/p>\n<p>El decret 175\/2022 d&#8217;ordenaci\u00f3 dels ensenyaments de l&#8217;educaci\u00f3 b\u00e0sica concreta, en l&#8217;article 11, el servei comunitari dins el <a href=\"https:\/\/projectes.xtec.cat\/nou-curriculum\/educacio-basica\/#decret\" target=\"_blank\" rel=\"noopener\">nou curr\u00edculum<\/a>.<\/p>\n<p><img loading=\"lazy\" decoding=\"async\" class=\"wp-image-14033 alignnone\" src=\"https:\/\/serveiseducatius.xtec.cat\/santadria\/wp-content\/uploads\/usu1189\/2022\/10\/SC1.png\" alt=\"\" width=\"948\" height=\"651\" srcset=\"https:\/\/serveiseducatius.xtec.cat\/santadria\/wp-content\/uploads\/usu1189\/2022\/10\/SC1.png 1173w, https:\/\/serveiseducatius.xtec.cat\/santadria\/wp-content\/uploads\/usu1189\/2022\/10\/SC1-300x206.png 300w, https:\/\/serveiseducatius.xtec.cat\/santadria\/wp-content\/uploads\/usu1189\/2022\/10\/SC1-1024x704.png 1024w, https:\/\/serveiseducatius.xtec.cat\/santadria\/wp-content\/uploads\/usu1189\/2022\/10\/SC1-768x528.png 768w\" sizes=\"auto, (max-width: 948px) 100vw, 948px\" \/><\/p>\n<h4><\/h4>\n<h4><\/h4>\n<h4><span style=\"color: #1daec4;\"><strong><br \/>\nPROJECTES DE CENTRE 2023-24<\/strong><\/span><\/h4>\n<p><iframe loading=\"lazy\" src=\"https:\/\/docs.google.com\/presentation\/d\/e\/2PACX-1vTmhaQ6FnAKXL0bTysCFe1SO1vf5qvaRxvpTNJw8SIgrhoTnD_f04hrz2jr9-msKdtNnRSs16-9o1Yw\/embed?start=true&amp;loop=true&amp;delayms=3000\" width=\"960\" height=\"569\" frameborder=\"0\" allowfullscreen=\"allowfullscreen\"><\/iframe><\/p>\n<p>&nbsp;<\/p>\n<p>Podeu veure el <a href=\"https:\/\/photos.app.goo.gl\/2w58aLpZV2vANuvQ6\" target=\"_blank\" rel=\"noopener\">recull fotogr\u00e0fic de la Jornada de reconeixement dels projectes de Servei comunitari del 2023-24<\/a> que es va realitzar el 29 de maig del 2024 al MhiC.<\/p>\n","protected":false},"excerpt":{"rendered":"<p>Aprenentatge servei (ApS): L&#8217;aprenentatge servei \u00e9s una proposta educativa que combina processos d&#8217;aprenentatge i de servei a la comunitat en [&hellip;]<\/p>\n","protected":false},"author":5,"featured_media":0,"parent":341,"menu_order":35,"comment_status":"closed","ping_status":"closed","template":"","meta":{"_bbp_topic_count":0,"_bbp_reply_count":0,"_bbp_total_topic_count":0,"_bbp_total_reply_count":0,"_bbp_voice_count":0,"_bbp_anonymous_reply_count":0,"_bbp_topic_count_hidden":0,"_bbp_reply_count_hidden":0,"_bbp_forum_subforum_count":0,"site-sidebar-layout":"default","site-content-layout":"","ast-site-content-layout":"","site-content-style":"default","site-sidebar-style":"default","ast-global-header-display":"","ast-banner-title-visibility":"","ast-main-header-display":"","ast-hfb-above-header-display":"","ast-hfb-below-header-display":"","ast-hfb-mobile-header-display":"","site-post-title":"","ast-breadcrumbs-content":"","ast-featured-img":"","footer-sml-layout":"","theme-transparent-header-meta":"","adv-header-id-meta":"","stick-header-meta":"","header-above-stick-meta":"","header-main-stick-meta":"","header-below-stick-meta":"","astra-migrate-meta-layouts":"default","ast-page-background-enabled":"default","ast-page-background-meta":{"desktop":{"background-color":"var(--ast-global-color-4)","background-image":"","background-repeat":"repeat","background-position":"center center","background-size":"auto","background-attachment":"scroll","background-type":"","background-media":"","overlay-type":"","overlay-color":"","overlay-opacity":"","overlay-gradient":""},"tablet":{"background-color":"","background-image":"","background-repeat":"repeat","background-position":"center center","background-size":"auto","background-attachment":"scroll","background-type":"","background-media":"","overlay-type":"","overlay-color":"","overlay-opacity":"","overlay-gradient":""},"mobile":{"background-color":"","background-image":"","background-repeat":"repeat","background-position":"center center","background-size":"auto","background-attachment":"scroll","background-type":"","background-media":"","overlay-type":"","overlay-color":"","overlay-opacity":"","overlay-gradient":""}},"ast-content-background-meta":{"desktop":{"background-color":"var(--ast-global-color-5)","background-image":"","background-repeat":"repeat","background-position":"center center","background-size":"auto","background-attachment":"scroll","background-type":"","background-media":"","overlay-type":"","overlay-color":"","overlay-opacity":"","overlay-gradient":""},"tablet":{"background-color":"var(--ast-global-color-5)","background-image":"","background-repeat":"repeat","background-position":"center center","background-size":"auto","background-attachment":"scroll","background-type":"","background-media":"","overlay-type":"","overlay-color":"","overlay-opacity":"","overlay-gradient":""},"mobile":{"background-color":"var(--ast-global-color-5)","background-image":"","background-repeat":"repeat","background-position":"center center","background-size":"auto","background-attachment":"scroll","background-type":"","background-media":"","overlay-type":"","overlay-color":"","overlay-opacity":"","overlay-gradient":""}},"footnotes":""},"class_list":["post-8430","page","type-page","status-publish","hentry"],"post_mailing_queue_ids":[],"_links":{"self":[{"href":"https:\/\/serveiseducatius.xtec.cat\/santadria\/wp-json\/wp\/v2\/pages\/8430","targetHints":{"allow":["GET"]}}],"collection":[{"href":"https:\/\/serveiseducatius.xtec.cat\/santadria\/wp-json\/wp\/v2\/pages"}],"about":[{"href":"https:\/\/serveiseducatius.xtec.cat\/santadria\/wp-json\/wp\/v2\/types\/page"}],"author":[{"embeddable":true,"href":"https:\/\/serveiseducatius.xtec.cat\/santadria\/wp-json\/wp\/v2\/users\/5"}],"replies":[{"embeddable":true,"href":"https:\/\/serveiseducatius.xtec.cat\/santadria\/wp-json\/wp\/v2\/comments?post=8430"}],"version-history":[{"count":5,"href":"https:\/\/serveiseducatius.xtec.cat\/santadria\/wp-json\/wp\/v2\/pages\/8430\/revisions"}],"predecessor-version":[{"id":16005,"href":"https:\/\/serveiseducatius.xtec.cat\/santadria\/wp-json\/wp\/v2\/pages\/8430\/revisions\/16005"}],"up":[{"embeddable":true,"href":"https:\/\/serveiseducatius.xtec.cat\/santadria\/wp-json\/wp\/v2\/pages\/341"}],"wp:attachment":[{"href":"https:\/\/serveiseducatius.xtec.cat\/santadria\/wp-json\/wp\/v2\/media?parent=8430"}],"curies":[{"name":"wp","href":"https:\/\/api.w.org\/{rel}","templated":true}]}}