{"id":608,"date":"2015-11-27T10:04:51","date_gmt":"2015-11-27T09:04:51","guid":{"rendered":"http:\/\/serveiseducatius.xtec.cat\/santadria\/?page_id=608"},"modified":"2025-12-04T09:41:16","modified_gmt":"2025-12-04T08:41:16","slug":"horari-i-calendari","status":"publish","type":"page","link":"https:\/\/serveiseducatius.xtec.cat\/santadria\/el-servei-educatiu\/horari-i-calendari\/","title":{"rendered":"Horari i calendari"},"content":{"rendered":"\n<figure class=\"wp-block-image\"><img decoding=\"async\" src=\"https:\/\/img.icons8.com\/color\/120\/000000\/overtime.png\" alt=\"\"\/><\/figure>\n\n\n\n<p><\/p>\n\n\n\n<p><strong>Horari d&#8217;atenci\u00f3 al p\u00fablic:<\/strong><br>De dilluns a divendres de 9:00 a 14:00 i les tardes de dilluns a dijous de 15:00 a 17:30. Divendres tarda nom\u00e9s amb cita pr\u00e8via.<\/p>\n\n\n\n<p><strong>Calendari 2025-2026:<\/strong><br><em>Inici de les classes:<\/em><br><em>Educaci\u00f3 Infantil, Prim\u00e0ria, ESO<\/em>: 8 de setembre de 2025 (festiu a Sant Adri\u00e0).<br><em>Batxillerat, cicles formatius:<\/em> 12 de setembre de 2025.<br><em>Formaci\u00f3 d&#8217;adults<\/em>: No m\u00e9s tard del 16 de setembre de 2025.<\/p>\n\n\n\n<p><em>Finalitzaci\u00f3:<\/em><br><em>Educaci\u00f3 Infantil, Prim\u00e0ria, ESO, batxillerat, cicles formatius<\/em>: 19 de juny de 2026.<br><em>Formaci\u00f3 professional i formaci\u00f3 d&#8217;adults<\/em>: acaben d&#8217;acord amb la seva programaci\u00f3 acad\u00e8mica.<\/p>\n\n\n\n<p>M\u00e9s informaci\u00f3 al <a href=\"https:\/\/educacio.gencat.cat\/ca\/arees-actuacio\/centres-serveis-educatius\/centres\/calendari-escolar\/curs-2025-2026\/\">calendari escolar del Departament d&#8217;Educaci\u00f3<\/a>.<\/p>\n\n\n\n<p><strong>Festius locals:<\/strong><br>8 de setembre de 2025 (Festa Major Sant Adri\u00e0)<br>25 de maig de 2026 (Pasqua Granada)<br>M\u00e9s informaci\u00f3 al <a href=\"https:\/\/seu.sant-adria.net\/sta\/Utils\/Calendar?orgId=DEFAULT\" target=\"_blank\" rel=\"noopener\">calendari festiu del municipi.<\/a><\/p>\n\n\n\n<p><strong>Festius de lliure disposici\u00f3:<br><\/strong><\/p>\n\n\n\n<figure class=\"wp-block-table\"><table class=\"has-fixed-layout\"><tbody><tr><td><strong>Escola Cascavell<\/strong><\/td><td>3 de novembre de 2025<\/td><td>5 de desembre de 2025<\/td><td>16 de febrer de 2025<\/td><td>30 d&#8217;abril de 2026<\/td><\/tr><tr><td><strong>Escola Catalunya<\/strong><\/td><td>10 d&#8217;octubre de 2025<\/td><td>3 de novembre de 2025<\/td><td>16 de febrer de 2026<\/td><td>30 d&#8217;abril de 2026<\/td><\/tr><tr><td><strong>Escola Pompeu Fabra<\/strong><\/td><td>3 de novembre de 2025<\/td><td>16 de febrer de 2026<\/td><td>30 d&#8217;abril de 2026<\/td><td>4 de maig de 2026<\/td><\/tr><tr><td><strong>Institut-Escola La Mina<\/strong><\/td><td>13 d&#8217;octubre de 2025<\/td><td>5 de desembre de 2025<\/td><td>16 de febrer de 2026<\/td><td>4 de maig de 2026<\/td><\/tr><tr><td><strong>Institut Manuel V\u00e1zquez Montalb\u00e1n<\/strong><\/td><td>3 de novembre de 2025<\/td><td>5 de desembre de 2025<\/td><td>16 de febrer de 2026<\/td><td>30 d&#8217;abril de 2026<\/td><\/tr><tr><td><strong>CFA Sant Adri\u00e0 de Bes\u00f2s<\/strong><\/td><td>3 de novembre de 2025<\/td><td>9 de desembre de 2025<\/td><td>16\/17 de febrer de  2026<\/td><td>30 d&#8217;abril de 2026<\/td><\/tr><tr><td><strong>C Amor de D\u00e9u<\/strong><\/td><td>3 de novembre de 2025<\/td><td>5 de desembre de 2025<\/td><td>16 de febrer de 2026<\/td><td>30 d&#8217;abril de 2026<\/td><\/tr><tr><td><strong>C Sant Gabriel<\/strong><\/td><td>3 de novembre de 2025<\/td><td>5 de desembre de 2025<\/td><td>16 de febrer de 2026<\/td><td>30 d&#8217;abril de 2026<\/td><\/tr><tr><td><strong>C T\u00farbula<\/strong><\/td><td>3 de novembre de 2025<\/td><td>5 de desembre de 2025<\/td><td>16 de febrer de 2026<\/td><td>30 d&#8217;abril de 2026<\/td><\/tr><tr><td><strong>CEE Nuestra Se\u00f1ora de la Esperanza<\/strong><\/td><td>3 de novembre de 2025<\/td><td>5 de desembre de 2025<\/td><td>16 de febrer de 2026<\/td><td>30 d&#8217;abril de 2026<\/td><\/tr><tr><td><strong>SE Sant Adri\u00e0<\/strong><br><strong>CREDA Barcelon\u00e8s<\/strong><\/td><td>3 de novembre de 2025<\/td><td>5 de desembre de 2025<\/td><td>16 de febrer de 2026<\/td><td>30 d&#8217;abril de 2026<\/td><\/tr><\/tbody><\/table><\/figure>\n\n\n\n<p><strong>Calendari de vacances del Departament:<\/strong><br><em>Nadal:<\/em> Del 20 de desembre de 2025 al 7 de gener de 2026.<br><em>Setmana Santa<\/em>: Del 28 de mar\u00e7 al 6 d&#8217;abril de 2026.<\/p>\n","protected":false},"excerpt":{"rendered":"<p>Horari d&#8217;atenci\u00f3 al p\u00fablic:De dilluns a divendres de 9:00 a 14:00 i les tardes de dilluns a dijous de 15:00 [&hellip;]<\/p>\n","protected":false},"author":1,"featured_media":0,"parent":806,"menu_order":30,"comment_status":"closed","ping_status":"closed","template":"","meta":{"_bbp_topic_count":0,"_bbp_reply_count":0,"_bbp_total_topic_count":0,"_bbp_total_reply_count":0,"_bbp_voice_count":0,"_bbp_anonymous_reply_count":0,"_bbp_topic_count_hidden":0,"_bbp_reply_count_hidden":0,"_bbp_forum_subforum_count":0,"site-sidebar-layout":"default","site-content-layout":"","ast-site-content-layout":"default","site-content-style":"default","site-sidebar-style":"default","ast-global-header-display":"","ast-banner-title-visibility":"","ast-main-header-display":"","ast-hfb-above-header-display":"","ast-hfb-below-header-display":"","ast-hfb-mobile-header-display":"","site-post-title":"","ast-breadcrumbs-content":"","ast-featured-img":"","footer-sml-layout":"","theme-transparent-header-meta":"","adv-header-id-meta":"","stick-header-meta":"","header-above-stick-meta":"","header-main-stick-meta":"","header-below-stick-meta":"","astra-migrate-meta-layouts":"set","ast-page-background-enabled":"default","ast-page-background-meta":{"desktop":{"background-color":"var(--ast-global-color-4)","background-image":"","background-repeat":"repeat","background-position":"center center","background-size":"auto","background-attachment":"scroll","background-type":"","background-media":"","overlay-type":"","overlay-color":"","overlay-opacity":"","overlay-gradient":""},"tablet":{"background-color":"","background-image":"","background-repeat":"repeat","background-position":"center center","background-size":"auto","background-attachment":"scroll","background-type":"","background-media":"","overlay-type":"","overlay-color":"","overlay-opacity":"","overlay-gradient":""},"mobile":{"background-color":"","background-image":"","background-repeat":"repeat","background-position":"center center","background-size":"auto","background-attachment":"scroll","background-type":"","background-media":"","overlay-type":"","overlay-color":"","overlay-opacity":"","overlay-gradient":""}},"ast-content-background-meta":{"desktop":{"background-color":"var(--ast-global-color-5)","background-image":"","background-repeat":"repeat","background-position":"center center","background-size":"auto","background-attachment":"scroll","background-type":"","background-media":"","overlay-type":"","overlay-color":"","overlay-opacity":"","overlay-gradient":""},"tablet":{"background-color":"var(--ast-global-color-5)","background-image":"","background-repeat":"repeat","background-position":"center center","background-size":"auto","background-attachment":"scroll","background-type":"","background-media":"","overlay-type":"","overlay-color":"","overlay-opacity":"","overlay-gradient":""},"mobile":{"background-color":"var(--ast-global-color-5)","background-image":"","background-repeat":"repeat","background-position":"center center","background-size":"auto","background-attachment":"scroll","background-type":"","background-media":"","overlay-type":"","overlay-color":"","overlay-opacity":"","overlay-gradient":""}},"footnotes":""},"class_list":["post-608","page","type-page","status-publish","hentry"],"post_mailing_queue_ids":[],"_links":{"self":[{"href":"https:\/\/serveiseducatius.xtec.cat\/santadria\/wp-json\/wp\/v2\/pages\/608","targetHints":{"allow":["GET"]}}],"collection":[{"href":"https:\/\/serveiseducatius.xtec.cat\/santadria\/wp-json\/wp\/v2\/pages"}],"about":[{"href":"https:\/\/serveiseducatius.xtec.cat\/santadria\/wp-json\/wp\/v2\/types\/page"}],"author":[{"embeddable":true,"href":"https:\/\/serveiseducatius.xtec.cat\/santadria\/wp-json\/wp\/v2\/users\/1"}],"replies":[{"embeddable":true,"href":"https:\/\/serveiseducatius.xtec.cat\/santadria\/wp-json\/wp\/v2\/comments?post=608"}],"version-history":[{"count":6,"href":"https:\/\/serveiseducatius.xtec.cat\/santadria\/wp-json\/wp\/v2\/pages\/608\/revisions"}],"predecessor-version":[{"id":17291,"href":"https:\/\/serveiseducatius.xtec.cat\/santadria\/wp-json\/wp\/v2\/pages\/608\/revisions\/17291"}],"up":[{"embeddable":true,"href":"https:\/\/serveiseducatius.xtec.cat\/santadria\/wp-json\/wp\/v2\/pages\/806"}],"wp:attachment":[{"href":"https:\/\/serveiseducatius.xtec.cat\/santadria\/wp-json\/wp\/v2\/media?parent=608"}],"curies":[{"name":"wp","href":"https:\/\/api.w.org\/{rel}","templated":true}]}}