{"id":391,"date":"2015-11-25T14:31:04","date_gmt":"2015-11-25T13:31:04","guid":{"rendered":"http:\/\/serveiseducatius.xtec.cat\/santadria\/?page_id=391"},"modified":"2021-06-16T12:42:10","modified_gmt":"2021-06-16T10:42:10","slug":"altres-centres","status":"publish","type":"page","link":"https:\/\/serveiseducatius.xtec.cat\/santadria\/comunitat\/centres-educatius\/altres-centres\/","title":{"rendered":"Altres centres"},"content":{"rendered":"<p><iframe loading=\"lazy\" src=\"https:\/\/www.google.com\/maps\/d\/embed?mid=1CtOzrPuu84MBB1lJb3lqMlQBSTc\" width=\"640\" height=\"480\"><\/iframe><\/p>\n<p><strong>Centre d&#8217;Educaci\u00f3 Especial Ntra. Sra. de la Esperanza<br \/>\n<\/strong>Via Trajana, 1<br \/>\nCentre concertat<br \/>\n<img loading=\"lazy\" decoding=\"async\" class=\"wp-image-12704 alignnone\" src=\"https:\/\/serveiseducatius.xtec.cat\/santadria\/wp-content\/uploads\/usu1189\/2021\/06\/iconaTrans-telefon.png\" alt=\"\" width=\"16\" height=\"16\" srcset=\"https:\/\/serveiseducatius.xtec.cat\/santadria\/wp-content\/uploads\/usu1189\/2021\/06\/iconaTrans-telefon.png 225w, https:\/\/serveiseducatius.xtec.cat\/santadria\/wp-content\/uploads\/usu1189\/2021\/06\/iconaTrans-telefon-150x150.png 150w\" sizes=\"auto, (max-width: 16px) 100vw, 16px\" \/>\u00a093 462 18 13<br \/>\nCorreu electr\u00f2nic: <a href=\"mailto:a8025228@xtec.cat\">a8025228@xtec.cat<\/a><br \/>\nWeb: <a href=\"http:\/\/www.xtec.cat\/escesperanza\" target=\"_blank\" rel=\"noopener noreferrer\">http:\/\/www.xtec.cat\/escesperanza<\/a><\/p>\n<p><strong>Centre de Formaci\u00f3 d&#8217;Adults Sant Adri\u00e0 de Bes\u00f2s<\/strong><br \/>\n<strong>Seu 1<\/strong>: Carrer Joan Fiveller, 11-13, 1\u00aa planta<br \/>\n<img loading=\"lazy\" decoding=\"async\" class=\"wp-image-12704 alignnone\" src=\"https:\/\/serveiseducatius.xtec.cat\/santadria\/wp-content\/uploads\/usu1189\/2021\/06\/iconaTrans-telefon.png\" alt=\"\" width=\"16\" height=\"16\" srcset=\"https:\/\/serveiseducatius.xtec.cat\/santadria\/wp-content\/uploads\/usu1189\/2021\/06\/iconaTrans-telefon.png 225w, https:\/\/serveiseducatius.xtec.cat\/santadria\/wp-content\/uploads\/usu1189\/2021\/06\/iconaTrans-telefon-150x150.png 150w\" sizes=\"auto, (max-width: 16px) 100vw, 16px\" \/>\u00a093 381 70 74<br \/>\n<strong>Seu 2:<\/strong>\u00a0 Carrer Frederica Montseny, 1<br \/>\n<img loading=\"lazy\" decoding=\"async\" class=\"wp-image-12704 alignnone\" src=\"https:\/\/serveiseducatius.xtec.cat\/santadria\/wp-content\/uploads\/usu1189\/2021\/06\/iconaTrans-telefon.png\" alt=\"\" width=\"16\" height=\"16\" srcset=\"https:\/\/serveiseducatius.xtec.cat\/santadria\/wp-content\/uploads\/usu1189\/2021\/06\/iconaTrans-telefon.png 225w, https:\/\/serveiseducatius.xtec.cat\/santadria\/wp-content\/uploads\/usu1189\/2021\/06\/iconaTrans-telefon-150x150.png 150w\" sizes=\"auto, (max-width: 16px) 100vw, 16px\" \/> 93 381 93 46<br \/>\nCorreu electr\u00f2nic: <a href=\"mailto:a8076650@xtec.cat\" target=\"_blank\" rel=\"noopener noreferrer\">a8076650@xtec.cat<\/a><br \/>\nWeb:<a href=\"https:\/\/agora.xtec.cat\/cfa-santadriadebesos\" target=\"_blank\" rel=\"noopener noreferrer\"> https:\/\/agora.xtec.cat\/cfa-santadriadebesos<\/a><\/p>\n<p><strong>Unitat Externa de Secund\u00e0ria L&#8217;eina<\/strong><br \/>\nCarrer del Mar s\/n (davant Institut-Escola La Mina)<br \/>\n<img loading=\"lazy\" decoding=\"async\" class=\"wp-image-12704 alignnone\" src=\"https:\/\/serveiseducatius.xtec.cat\/santadria\/wp-content\/uploads\/usu1189\/2021\/06\/iconaTrans-telefon.png\" alt=\"\" width=\"16\" height=\"16\" srcset=\"https:\/\/serveiseducatius.xtec.cat\/santadria\/wp-content\/uploads\/usu1189\/2021\/06\/iconaTrans-telefon.png 225w, https:\/\/serveiseducatius.xtec.cat\/santadria\/wp-content\/uploads\/usu1189\/2021\/06\/iconaTrans-telefon-150x150.png 150w\" sizes=\"auto, (max-width: 16px) 100vw, 16px\" \/>\u00a093 381 15 78<br \/>\nCorreu electr\u00f2nic: <a href=\"mailto:pes.santadria@salesians.cat\">pes.santadria@salesians.cat<\/a><br \/>\nWeb: <a href=\"https:\/\/www.salesianssantjordi.org\/project\/uec\/\" target=\"_blank\" rel=\"noopener noreferrer\">https:\/\/www.salesianssantjordi.org\/project\/uec\/<\/a><\/p>\n<p><strong>Escola Municipal de M\u00fasica Benet Bails<\/strong><br \/>\nCarrer Andreu Vidal, 45<br \/>\n<img loading=\"lazy\" decoding=\"async\" class=\"wp-image-12704 alignnone\" src=\"https:\/\/serveiseducatius.xtec.cat\/santadria\/wp-content\/uploads\/usu1189\/2021\/06\/iconaTrans-telefon.png\" alt=\"\" width=\"16\" height=\"16\" srcset=\"https:\/\/serveiseducatius.xtec.cat\/santadria\/wp-content\/uploads\/usu1189\/2021\/06\/iconaTrans-telefon.png 225w, https:\/\/serveiseducatius.xtec.cat\/santadria\/wp-content\/uploads\/usu1189\/2021\/06\/iconaTrans-telefon-150x150.png 150w\" sizes=\"auto, (max-width: 16px) 100vw, 16px\" \/> 93 462 72 72<br \/>\nCorreu electr\u00f2nic: <a href=\"mailto:escolamusica@sant-adria.net\">escolamusica@sant-adria.net<\/a><br \/>\nWeb: <a href=\"http:\/\/www.emmbenetbails.org\/\" target=\"_blank\" rel=\"noopener noreferrer\">http:\/\/www.emmbenetbails.org<\/a><\/p>\n<div class=\"adr\"><\/div>\n","protected":false},"excerpt":{"rendered":"<p>Centre d&#8217;Educaci\u00f3 Especial Ntra. Sra. de la Esperanza Via Trajana, 1 Centre concertat \u00a093 462 18 13 Correu electr\u00f2nic: a8025228@xtec.cat [&hellip;]<\/p>\n","protected":false},"author":1,"featured_media":0,"parent":338,"menu_order":50,"comment_status":"closed","ping_status":"closed","template":"page-templates\/side-menu.php","meta":{"_bbp_topic_count":0,"_bbp_reply_count":0,"_bbp_total_topic_count":0,"_bbp_total_reply_count":0,"_bbp_voice_count":0,"_bbp_anonymous_reply_count":0,"_bbp_topic_count_hidden":0,"_bbp_reply_count_hidden":0,"_bbp_forum_subforum_count":0,"site-sidebar-layout":"default","site-content-layout":"","ast-site-content-layout":"","site-content-style":"default","site-sidebar-style":"default","ast-global-header-display":"","ast-banner-title-visibility":"","ast-main-header-display":"","ast-hfb-above-header-display":"","ast-hfb-below-header-display":"","ast-hfb-mobile-header-display":"","site-post-title":"","ast-breadcrumbs-content":"","ast-featured-img":"","footer-sml-layout":"","theme-transparent-header-meta":"","adv-header-id-meta":"","stick-header-meta":"","header-above-stick-meta":"","header-main-stick-meta":"","header-below-stick-meta":"","astra-migrate-meta-layouts":"default","ast-page-background-enabled":"default","ast-page-background-meta":{"desktop":{"background-color":"var(--ast-global-color-4)","background-image":"","background-repeat":"repeat","background-position":"center center","background-size":"auto","background-attachment":"scroll","background-type":"","background-media":"","overlay-type":"","overlay-color":"","overlay-opacity":"","overlay-gradient":""},"tablet":{"background-color":"","background-image":"","background-repeat":"repeat","background-position":"center center","background-size":"auto","background-attachment":"scroll","background-type":"","background-media":"","overlay-type":"","overlay-color":"","overlay-opacity":"","overlay-gradient":""},"mobile":{"background-color":"","background-image":"","background-repeat":"repeat","background-position":"center center","background-size":"auto","background-attachment":"scroll","background-type":"","background-media":"","overlay-type":"","overlay-color":"","overlay-opacity":"","overlay-gradient":""}},"ast-content-background-meta":{"desktop":{"background-color":"var(--ast-global-color-5)","background-image":"","background-repeat":"repeat","background-position":"center center","background-size":"auto","background-attachment":"scroll","background-type":"","background-media":"","overlay-type":"","overlay-color":"","overlay-opacity":"","overlay-gradient":""},"tablet":{"background-color":"var(--ast-global-color-5)","background-image":"","background-repeat":"repeat","background-position":"center center","background-size":"auto","background-attachment":"scroll","background-type":"","background-media":"","overlay-type":"","overlay-color":"","overlay-opacity":"","overlay-gradient":""},"mobile":{"background-color":"var(--ast-global-color-5)","background-image":"","background-repeat":"repeat","background-position":"center center","background-size":"auto","background-attachment":"scroll","background-type":"","background-media":"","overlay-type":"","overlay-color":"","overlay-opacity":"","overlay-gradient":""}},"footnotes":""},"class_list":["post-391","page","type-page","status-publish","hentry"],"post_mailing_queue_ids":[],"_links":{"self":[{"href":"https:\/\/serveiseducatius.xtec.cat\/santadria\/wp-json\/wp\/v2\/pages\/391","targetHints":{"allow":["GET"]}}],"collection":[{"href":"https:\/\/serveiseducatius.xtec.cat\/santadria\/wp-json\/wp\/v2\/pages"}],"about":[{"href":"https:\/\/serveiseducatius.xtec.cat\/santadria\/wp-json\/wp\/v2\/types\/page"}],"author":[{"embeddable":true,"href":"https:\/\/serveiseducatius.xtec.cat\/santadria\/wp-json\/wp\/v2\/users\/1"}],"replies":[{"embeddable":true,"href":"https:\/\/serveiseducatius.xtec.cat\/santadria\/wp-json\/wp\/v2\/comments?post=391"}],"version-history":[{"count":5,"href":"https:\/\/serveiseducatius.xtec.cat\/santadria\/wp-json\/wp\/v2\/pages\/391\/revisions"}],"predecessor-version":[{"id":12712,"href":"https:\/\/serveiseducatius.xtec.cat\/santadria\/wp-json\/wp\/v2\/pages\/391\/revisions\/12712"}],"up":[{"embeddable":true,"href":"https:\/\/serveiseducatius.xtec.cat\/santadria\/wp-json\/wp\/v2\/pages\/338"}],"wp:attachment":[{"href":"https:\/\/serveiseducatius.xtec.cat\/santadria\/wp-json\/wp\/v2\/media?parent=391"}],"curies":[{"name":"wp","href":"https:\/\/api.w.org\/{rel}","templated":true}]}}