{"id":385,"date":"2015-11-25T14:26:15","date_gmt":"2015-11-25T13:26:15","guid":{"rendered":"http:\/\/serveiseducatius.xtec.cat\/santadria\/?page_id=385"},"modified":"2021-06-16T12:40:28","modified_gmt":"2021-06-16T10:40:28","slug":"ensenyament-secundari-batxillerat-i-formacio-professional","status":"publish","type":"page","link":"https:\/\/serveiseducatius.xtec.cat\/santadria\/comunitat\/centres-educatius\/ensenyament-secundari-batxillerat-i-formacio-professional\/","title":{"rendered":"Ensenyament secundari, batxillerat i formaci\u00f3 professional"},"content":{"rendered":"<p><iframe loading=\"lazy\" src=\"https:\/\/www.google.com\/maps\/d\/embed?mid=1RM_OTaUqVXPmTRYsGlpzc7eaSRo\" width=\"640\" height=\"480\"><span data-mce-type=\"bookmark\" style=\"display: inline-block; width: 0px; overflow: hidden; line-height: 0;\" class=\"mce_SELRES_start\">\ufeff<\/span><\/iframe><\/p>\n<p><span style=\"text-decoration: underline;\"><strong>Centres p\u00fablics<\/strong><\/span><br \/>\n<strong>Institut Escola La Mina (Secci\u00f3 secund\u00e0ria)<br \/>\n<\/strong>Carrer Ramon Llull 450-458<br \/>\n<img loading=\"lazy\" decoding=\"async\" class=\"wp-image-12704 alignnone\" src=\"https:\/\/serveiseducatius.xtec.cat\/santadria\/wp-content\/uploads\/usu1189\/2021\/06\/iconaTrans-telefon.png\" alt=\"\" width=\"16\" height=\"16\" srcset=\"https:\/\/serveiseducatius.xtec.cat\/santadria\/wp-content\/uploads\/usu1189\/2021\/06\/iconaTrans-telefon.png 225w, https:\/\/serveiseducatius.xtec.cat\/santadria\/wp-content\/uploads\/usu1189\/2021\/06\/iconaTrans-telefon-150x150.png 150w\" sizes=\"auto, (max-width: 16px) 100vw, 16px\" \/>\u00a093 381 18 16 &#8211; 93 462 79 68<br \/>\nCorreu electr\u00f2nic: <a href=\"mailto:a8075384@xtec.cat\">a8075384@xtec.cat<\/a><br \/>\nWeb: <a href=\"http:\/\/agora.xtec.cat\/ins-esc-santadria\" target=\"_blank\" rel=\"noopener noreferrer\">http:\/\/agora.xtec.cat\/ins-esc-santadria<\/a><br \/>\n<img loading=\"lazy\" decoding=\"async\" class=\"size-medium wp-image-12028 alignnone\" src=\"https:\/\/serveiseducatius.xtec.cat\/santadria\/wp-content\/uploads\/usu1189\/2020\/12\/I-E-la-Mina-2-300x42.jpg\" alt=\"\" width=\"300\" height=\"42\" srcset=\"https:\/\/serveiseducatius.xtec.cat\/santadria\/wp-content\/uploads\/usu1189\/2020\/12\/I-E-la-Mina-2-300x42.jpg 300w, https:\/\/serveiseducatius.xtec.cat\/santadria\/wp-content\/uploads\/usu1189\/2020\/12\/I-E-la-Mina-2-768x108.jpg 768w, https:\/\/serveiseducatius.xtec.cat\/santadria\/wp-content\/uploads\/usu1189\/2020\/12\/I-E-la-Mina-2-1024x143.jpg 1024w, https:\/\/serveiseducatius.xtec.cat\/santadria\/wp-content\/uploads\/usu1189\/2020\/12\/I-E-la-Mina-2.jpg 1221w\" sizes=\"auto, (max-width: 300px) 100vw, 300px\" \/><\/p>\n<p><strong>Institut Manuel V\u00e1zquez Montalb\u00e1n<br \/>\n<\/strong>Avinguda Eduard Maristany, 59-61<br \/>\n<img loading=\"lazy\" decoding=\"async\" class=\"wp-image-12704 alignnone\" src=\"https:\/\/serveiseducatius.xtec.cat\/santadria\/wp-content\/uploads\/usu1189\/2021\/06\/iconaTrans-telefon.png\" alt=\"\" width=\"16\" height=\"16\" srcset=\"https:\/\/serveiseducatius.xtec.cat\/santadria\/wp-content\/uploads\/usu1189\/2021\/06\/iconaTrans-telefon.png 225w, https:\/\/serveiseducatius.xtec.cat\/santadria\/wp-content\/uploads\/usu1189\/2021\/06\/iconaTrans-telefon-150x150.png 150w\" sizes=\"auto, (max-width: 16px) 100vw, 16px\" \/>\u00a093 381 90 05 &#8211; Fax 93 381 37 11<br \/>\nCorreu electr\u00f2nic: <a href=\"mailto:iesmvm@xtec.cat\">iesmvm@xtec.cat<\/a><br \/>\nWeb:\u00a0<a href=\"http:\/\/www.institutmvm.cat\" target=\"_blank\" rel=\"noopener noreferrer\">http:\/\/www.institutmvm.cat<\/a><br \/>\n<img loading=\"lazy\" decoding=\"async\" class=\"size-medium wp-image-12029 alignnone\" src=\"https:\/\/serveiseducatius.xtec.cat\/santadria\/wp-content\/uploads\/usu1189\/2020\/12\/I.MVM_-300x44.jpg\" alt=\"\" width=\"300\" height=\"42\" \/><\/p>\n<p><span style=\"text-decoration: underline;\"><strong>Centres concertats<\/strong><\/span><br \/>\n<strong>Escola T\u00farbula<br \/>\n<\/strong>Carretera de Matar\u00f3, 26<br \/>\n<img loading=\"lazy\" decoding=\"async\" class=\"wp-image-12704 alignnone\" src=\"https:\/\/serveiseducatius.xtec.cat\/santadria\/wp-content\/uploads\/usu1189\/2021\/06\/iconaTrans-telefon.png\" alt=\"\" width=\"16\" height=\"16\" srcset=\"https:\/\/serveiseducatius.xtec.cat\/santadria\/wp-content\/uploads\/usu1189\/2021\/06\/iconaTrans-telefon.png 225w, https:\/\/serveiseducatius.xtec.cat\/santadria\/wp-content\/uploads\/usu1189\/2021\/06\/iconaTrans-telefon-150x150.png 150w\" sizes=\"auto, (max-width: 16px) 100vw, 16px\" \/>\u00a093 381 59 55 &#8211; Fax. 93 462 05 58<br \/>\nCorreu electr\u00f2nic: <a href=\"mailto:turbula@turbula.com\">turbula@turbula.com<\/a><br \/>\nWeb: <a href=\"http:\/\/www.escolaturbula.com\" target=\"_blank\" rel=\"noopener noreferrer\">http:\/\/www.escolaturbula.com<\/a><br \/>\n<img loading=\"lazy\" decoding=\"async\" class=\"size-medium wp-image-12031 alignnone\" src=\"https:\/\/serveiseducatius.xtec.cat\/santadria\/wp-content\/uploads\/usu1189\/2020\/12\/turbula3-300x47.jpg\" alt=\"\" width=\"300\" height=\"42\" \/><\/p>\n<p><strong>Col\u00b7legi Amor de Deu<br \/>\n<\/strong>Carrer Sant Pere, 9-11<br \/>\n<img loading=\"lazy\" decoding=\"async\" class=\"wp-image-12704 alignnone\" src=\"https:\/\/serveiseducatius.xtec.cat\/santadria\/wp-content\/uploads\/usu1189\/2021\/06\/iconaTrans-telefon.png\" alt=\"\" width=\"16\" height=\"16\" srcset=\"https:\/\/serveiseducatius.xtec.cat\/santadria\/wp-content\/uploads\/usu1189\/2021\/06\/iconaTrans-telefon.png 225w, https:\/\/serveiseducatius.xtec.cat\/santadria\/wp-content\/uploads\/usu1189\/2021\/06\/iconaTrans-telefon-150x150.png 150w\" sizes=\"auto, (max-width: 16px) 100vw, 16px\" \/>\u00a093 462 11 08 &#8211; Fax. 93 381 40 09<br \/>\nCorreu electr\u00f2nic: <a href=\"mailto:a8025186@xtec.cat\">a8025186@xtec.catarrer<\/a><br \/>\nWeb: <a href=\"http:\/\/www.xtec.cat\/col-amordios\" target=\"_blank\" rel=\"noopener noreferrer\">http:\/\/www.xtec.cat\/col-amordios<\/a><br \/>\n<img loading=\"lazy\" decoding=\"async\" class=\"size-medium wp-image-12032 alignnone\" src=\"https:\/\/serveiseducatius.xtec.cat\/santadria\/wp-content\/uploads\/usu1189\/2020\/12\/AmorDeu-300x34.jpg\" alt=\"\" width=\"300\" height=\"42\" \/><\/p>\n<p><strong>Col\u00b7legi Sant Gabriel<br \/>\n<\/strong>Carrer Ricart, 8-14<br \/>\n<img loading=\"lazy\" decoding=\"async\" class=\"wp-image-12704 alignnone\" src=\"https:\/\/serveiseducatius.xtec.cat\/santadria\/wp-content\/uploads\/usu1189\/2021\/06\/iconaTrans-telefon.png\" alt=\"\" width=\"16\" height=\"16\" srcset=\"https:\/\/serveiseducatius.xtec.cat\/santadria\/wp-content\/uploads\/usu1189\/2021\/06\/iconaTrans-telefon.png 225w, https:\/\/serveiseducatius.xtec.cat\/santadria\/wp-content\/uploads\/usu1189\/2021\/06\/iconaTrans-telefon-150x150.png 150w\" sizes=\"auto, (max-width: 16px) 100vw, 16px\" \/> 93 462 00 22 &#8211; 93 381 39 68<br \/>\nCorreu electr\u00f2nic: <a href=\"mailto:santadria@gabrielistas.org\">santadria@gabrielistas.org<\/a><br \/>\nWeb: <a href=\"http:\/\/santadria.gabrielistas.org\/\" target=\"_blank\" rel=\"noopener noreferrer\">http:\/\/santadria.gabrielistas.org<\/a><br \/>\n<img loading=\"lazy\" decoding=\"async\" class=\"size-medium wp-image-12035 alignnone\" src=\"https:\/\/serveiseducatius.xtec.cat\/santadria\/wp-content\/uploads\/usu1189\/2020\/12\/santgabriel4-300x45.jpg\" alt=\"\" width=\"300\" height=\"42\" \/><\/p>\n","protected":false},"excerpt":{"rendered":"<p>\ufeff Centres p\u00fablics Institut Escola La Mina (Secci\u00f3 secund\u00e0ria) Carrer Ramon Llull 450-458 \u00a093 381 18 16 &#8211; 93 462 [&hellip;]<\/p>\n","protected":false},"author":1,"featured_media":0,"parent":338,"menu_order":30,"comment_status":"closed","ping_status":"closed","template":"page-templates\/side-menu.php","meta":{"_bbp_topic_count":0,"_bbp_reply_count":0,"_bbp_total_topic_count":0,"_bbp_total_reply_count":0,"_bbp_voice_count":0,"_bbp_anonymous_reply_count":0,"_bbp_topic_count_hidden":0,"_bbp_reply_count_hidden":0,"_bbp_forum_subforum_count":0,"site-sidebar-layout":"default","site-content-layout":"","ast-site-content-layout":"","site-content-style":"default","site-sidebar-style":"default","ast-global-header-display":"","ast-banner-title-visibility":"","ast-main-header-display":"","ast-hfb-above-header-display":"","ast-hfb-below-header-display":"","ast-hfb-mobile-header-display":"","site-post-title":"","ast-breadcrumbs-content":"","ast-featured-img":"","footer-sml-layout":"","theme-transparent-header-meta":"","adv-header-id-meta":"","stick-header-meta":"","header-above-stick-meta":"","header-main-stick-meta":"","header-below-stick-meta":"","astra-migrate-meta-layouts":"default","ast-page-background-enabled":"default","ast-page-background-meta":{"desktop":{"background-color":"var(--ast-global-color-4)","background-image":"","background-repeat":"repeat","background-position":"center center","background-size":"auto","background-attachment":"scroll","background-type":"","background-media":"","overlay-type":"","overlay-color":"","overlay-opacity":"","overlay-gradient":""},"tablet":{"background-color":"","background-image":"","background-repeat":"repeat","background-position":"center center","background-size":"auto","background-attachment":"scroll","background-type":"","background-media":"","overlay-type":"","overlay-color":"","overlay-opacity":"","overlay-gradient":""},"mobile":{"background-color":"","background-image":"","background-repeat":"repeat","background-position":"center center","background-size":"auto","background-attachment":"scroll","background-type":"","background-media":"","overlay-type":"","overlay-color":"","overlay-opacity":"","overlay-gradient":""}},"ast-content-background-meta":{"desktop":{"background-color":"var(--ast-global-color-5)","background-image":"","background-repeat":"repeat","background-position":"center center","background-size":"auto","background-attachment":"scroll","background-type":"","background-media":"","overlay-type":"","overlay-color":"","overlay-opacity":"","overlay-gradient":""},"tablet":{"background-color":"var(--ast-global-color-5)","background-image":"","background-repeat":"repeat","background-position":"center center","background-size":"auto","background-attachment":"scroll","background-type":"","background-media":"","overlay-type":"","overlay-color":"","overlay-opacity":"","overlay-gradient":""},"mobile":{"background-color":"var(--ast-global-color-5)","background-image":"","background-repeat":"repeat","background-position":"center center","background-size":"auto","background-attachment":"scroll","background-type":"","background-media":"","overlay-type":"","overlay-color":"","overlay-opacity":"","overlay-gradient":""}},"footnotes":""},"class_list":["post-385","page","type-page","status-publish","hentry"],"post_mailing_queue_ids":[],"_links":{"self":[{"href":"https:\/\/serveiseducatius.xtec.cat\/santadria\/wp-json\/wp\/v2\/pages\/385","targetHints":{"allow":["GET"]}}],"collection":[{"href":"https:\/\/serveiseducatius.xtec.cat\/santadria\/wp-json\/wp\/v2\/pages"}],"about":[{"href":"https:\/\/serveiseducatius.xtec.cat\/santadria\/wp-json\/wp\/v2\/types\/page"}],"author":[{"embeddable":true,"href":"https:\/\/serveiseducatius.xtec.cat\/santadria\/wp-json\/wp\/v2\/users\/1"}],"replies":[{"embeddable":true,"href":"https:\/\/serveiseducatius.xtec.cat\/santadria\/wp-json\/wp\/v2\/comments?post=385"}],"version-history":[{"count":5,"href":"https:\/\/serveiseducatius.xtec.cat\/santadria\/wp-json\/wp\/v2\/pages\/385\/revisions"}],"predecessor-version":[{"id":12711,"href":"https:\/\/serveiseducatius.xtec.cat\/santadria\/wp-json\/wp\/v2\/pages\/385\/revisions\/12711"}],"up":[{"embeddable":true,"href":"https:\/\/serveiseducatius.xtec.cat\/santadria\/wp-json\/wp\/v2\/pages\/338"}],"wp:attachment":[{"href":"https:\/\/serveiseducatius.xtec.cat\/santadria\/wp-json\/wp\/v2\/media?parent=385"}],"curies":[{"name":"wp","href":"https:\/\/api.w.org\/{rel}","templated":true}]}}