{"id":377,"date":"2015-11-25T14:17:51","date_gmt":"2015-11-25T13:17:51","guid":{"rendered":"http:\/\/serveiseducatius.xtec.cat\/santadria\/?page_id=377"},"modified":"2025-09-01T13:25:54","modified_gmt":"2025-09-01T11:25:54","slug":"escoles-bressol","status":"publish","type":"page","link":"https:\/\/serveiseducatius.xtec.cat\/santadria\/comunitat\/centres-educatius\/escoles-bressol\/","title":{"rendered":"Escoles bressol"},"content":{"rendered":"<p><iframe loading=\"lazy\" src=\"https:\/\/www.google.com\/maps\/d\/embed?mid=1ROcjfOiKYenPKraGxqMbf-G53dI\" width=\"640\" height=\"480\"><span data-mce-type=\"bookmark\" style=\"display: inline-block; width: 0px; overflow: hidden; line-height: 0;\" class=\"mce_SELRES_start\">\ufeff<\/span><\/iframe><br \/>\n<span style=\"text-decoration: underline;\"><strong>Centres p\u00fablics i municipals<\/strong><\/span><br \/>\n<strong>Llar d&#8217;infants Garb\u00ed<br \/>\n<\/strong>Carrer Crist\u00f2fol de Moura, s\/n<br \/>\n<img loading=\"lazy\" decoding=\"async\" class=\"wp-image-12704 alignnone\" src=\"https:\/\/serveiseducatius.xtec.cat\/santadria\/wp-content\/uploads\/usu1189\/2021\/06\/iconaTrans-telefon.png\" alt=\"\" width=\"16\" height=\"16\" srcset=\"https:\/\/serveiseducatius.xtec.cat\/santadria\/wp-content\/uploads\/usu1189\/2021\/06\/iconaTrans-telefon.png 225w, https:\/\/serveiseducatius.xtec.cat\/santadria\/wp-content\/uploads\/usu1189\/2021\/06\/iconaTrans-telefon-150x150.png 150w\" sizes=\"auto, (max-width: 16px) 100vw, 16px\" \/>\u00a093 305 51 54<br \/>\nCorreu electr\u00f2nic: <a href=\"mailto:a8048137@xtec.cat\">a8048137@xtec.cat<\/a><br \/>\nWeb: <a href=\"https:\/\/agora.xtec.cat\/llargarbi\/\">https:\/\/agora.xtec.cat\/llargarbi\/<\/a><\/p>\n<p><strong>Escola Bressol Josep Miquel C\u00e9spedes i Espais Familiars<br \/>\n<\/strong>Carrer Ol\u00edmpic, 5<br \/>\n<img loading=\"lazy\" decoding=\"async\" class=\"wp-image-12704 alignnone\" src=\"https:\/\/serveiseducatius.xtec.cat\/santadria\/wp-content\/uploads\/usu1189\/2021\/06\/iconaTrans-telefon.png\" alt=\"\" width=\"16\" height=\"16\" srcset=\"https:\/\/serveiseducatius.xtec.cat\/santadria\/wp-content\/uploads\/usu1189\/2021\/06\/iconaTrans-telefon.png 225w, https:\/\/serveiseducatius.xtec.cat\/santadria\/wp-content\/uploads\/usu1189\/2021\/06\/iconaTrans-telefon-150x150.png 150w\" sizes=\"auto, (max-width: 16px) 100vw, 16px\" \/> 93 381 05 59<br \/>\nCorreu electr\u00f2nic: <a href=\"mailto:a8069086@xtec.cat\">a8069086@xtec.cat<\/a> \/ <a href=\"mailto:ebcespedes@sant-adria.net\">ebcespedes@sant-adria.net<\/a><br \/>\nWeb: <a href=\"https:\/\/escolabressolcespedes.wordpress.com\/escola\/\" target=\"_blank\" rel=\"noopener noreferrer\">https:\/\/escolabressolcespedes.wordpress.com\/escola\/<\/a><\/p>\n<p><span style=\"text-decoration: underline;\"><strong>Centres privats<\/strong><\/span><br \/>\n<strong>Escola Infantil Bloom<br \/>\n<\/strong>Carrer Jacint Verdaguer, 12 &#8211; 14<br \/>\n<img loading=\"lazy\" decoding=\"async\" class=\"wp-image-12704 alignnone\" src=\"https:\/\/serveiseducatius.xtec.cat\/santadria\/wp-content\/uploads\/usu1189\/2021\/06\/iconaTrans-telefon.png\" alt=\"\" width=\"16\" height=\"16\" srcset=\"https:\/\/serveiseducatius.xtec.cat\/santadria\/wp-content\/uploads\/usu1189\/2021\/06\/iconaTrans-telefon.png 225w, https:\/\/serveiseducatius.xtec.cat\/santadria\/wp-content\/uploads\/usu1189\/2021\/06\/iconaTrans-telefon-150x150.png 150w\" sizes=\"auto, (max-width: 16px) 100vw, 16px\" \/>\u00a093 381 81 80<br \/>\nCorreu electr\u00f2nic:\u00a0 info@bloomescola.com<\/p>\n<p style=\"text-align: justify;\"><strong>Patufet<br \/>\n<\/strong>Avinguda Pi i Maragall, 14<br \/>\n<img loading=\"lazy\" decoding=\"async\" class=\"wp-image-12704 alignnone\" src=\"https:\/\/serveiseducatius.xtec.cat\/santadria\/wp-content\/uploads\/usu1189\/2021\/06\/iconaTrans-telefon.png\" alt=\"\" width=\"16\" height=\"16\" srcset=\"https:\/\/serveiseducatius.xtec.cat\/santadria\/wp-content\/uploads\/usu1189\/2021\/06\/iconaTrans-telefon.png 225w, https:\/\/serveiseducatius.xtec.cat\/santadria\/wp-content\/uploads\/usu1189\/2021\/06\/iconaTrans-telefon-150x150.png 150w\" sizes=\"auto, (max-width: 16px) 100vw, 16px\" \/>\u00a093 381 29 11<br \/>\nCorreu electr\u00f2nic: <a href=\"mailto:patufetinfants@hotmail.es\">patufetinfants@hotmail.es<\/a><\/p>\n<p style=\"text-align: justify;\"><strong>T\u00farbula petits<br \/>\n<\/strong>Carretera de Matar\u00f3, 26<br \/>\n<img loading=\"lazy\" decoding=\"async\" class=\"wp-image-12704 alignnone\" src=\"https:\/\/serveiseducatius.xtec.cat\/santadria\/wp-content\/uploads\/usu1189\/2021\/06\/iconaTrans-telefon.png\" alt=\"\" width=\"16\" height=\"16\" srcset=\"https:\/\/serveiseducatius.xtec.cat\/santadria\/wp-content\/uploads\/usu1189\/2021\/06\/iconaTrans-telefon.png 225w, https:\/\/serveiseducatius.xtec.cat\/santadria\/wp-content\/uploads\/usu1189\/2021\/06\/iconaTrans-telefon-150x150.png 150w\" sizes=\"auto, (max-width: 16px) 100vw, 16px\" \/> 93 381 59 55<br \/>\nCorreu electr\u00f2nic: <a href=\"mailto:turbula@turbula.com\">turbula@turbula.com<\/a><br \/>\nWeb: <a href=\"http:\/\/www.escolaturbula.com\" target=\"_blank\" rel=\"noopener noreferrer\">http:\/\/www.escolaturbula.com<\/a><br \/>\nCodi de centre: 08025137<\/p>\n<p style=\"text-align: justify;\"><strong>La Vila<br \/>\n<\/strong>Carrer Maragall, 22<br \/>\n<img loading=\"lazy\" decoding=\"async\" class=\"wp-image-12704 alignnone\" src=\"https:\/\/serveiseducatius.xtec.cat\/santadria\/wp-content\/uploads\/usu1189\/2021\/06\/iconaTrans-telefon.png\" alt=\"\" width=\"16\" height=\"16\" srcset=\"https:\/\/serveiseducatius.xtec.cat\/santadria\/wp-content\/uploads\/usu1189\/2021\/06\/iconaTrans-telefon.png 225w, https:\/\/serveiseducatius.xtec.cat\/santadria\/wp-content\/uploads\/usu1189\/2021\/06\/iconaTrans-telefon-150x150.png 150w\" sizes=\"auto, (max-width: 16px) 100vw, 16px\" \/> 680 83 05 87<br \/>\nCorreu electr\u00f2nic: <a href=\"mailto:escolanilo32@gmail.com\">escolanilo32@gmail.com<\/a><br \/>\nWeb: <a href=\"https:\/\/www.instagram.com\/lavila.llar.infants\/\">https:\/\/www.instagram.com\/lavila.llar.infants\/<\/a><br \/>\nCodi de centre: 08070970<\/p>\n","protected":false},"excerpt":{"rendered":"<p>\ufeff Centres p\u00fablics i municipals Llar d&#8217;infants Garb\u00ed Carrer Crist\u00f2fol de Moura, s\/n \u00a093 305 51 54 Correu electr\u00f2nic: a8048137@xtec.cat [&hellip;]<\/p>\n","protected":false},"author":1,"featured_media":0,"parent":338,"menu_order":10,"comment_status":"closed","ping_status":"closed","template":"","meta":{"_bbp_topic_count":0,"_bbp_reply_count":0,"_bbp_total_topic_count":0,"_bbp_total_reply_count":0,"_bbp_voice_count":0,"_bbp_anonymous_reply_count":0,"_bbp_topic_count_hidden":0,"_bbp_reply_count_hidden":0,"_bbp_forum_subforum_count":0,"site-sidebar-layout":"default","site-content-layout":"","ast-site-content-layout":"default","site-content-style":"default","site-sidebar-style":"default","ast-global-header-display":"","ast-banner-title-visibility":"","ast-main-header-display":"","ast-hfb-above-header-display":"","ast-hfb-below-header-display":"","ast-hfb-mobile-header-display":"","site-post-title":"","ast-breadcrumbs-content":"","ast-featured-img":"","footer-sml-layout":"","theme-transparent-header-meta":"","adv-header-id-meta":"","stick-header-meta":"","header-above-stick-meta":"","header-main-stick-meta":"","header-below-stick-meta":"","astra-migrate-meta-layouts":"set","ast-page-background-enabled":"default","ast-page-background-meta":{"desktop":{"background-color":"var(--ast-global-color-4)","background-image":"","background-repeat":"repeat","background-position":"center center","background-size":"auto","background-attachment":"scroll","background-type":"","background-media":"","overlay-type":"","overlay-color":"","overlay-opacity":"","overlay-gradient":""},"tablet":{"background-color":"","background-image":"","background-repeat":"repeat","background-position":"center center","background-size":"auto","background-attachment":"scroll","background-type":"","background-media":"","overlay-type":"","overlay-color":"","overlay-opacity":"","overlay-gradient":""},"mobile":{"background-color":"","background-image":"","background-repeat":"repeat","background-position":"center center","background-size":"auto","background-attachment":"scroll","background-type":"","background-media":"","overlay-type":"","overlay-color":"","overlay-opacity":"","overlay-gradient":""}},"ast-content-background-meta":{"desktop":{"background-color":"var(--ast-global-color-5)","background-image":"","background-repeat":"repeat","background-position":"center center","background-size":"auto","background-attachment":"scroll","background-type":"","background-media":"","overlay-type":"","overlay-color":"","overlay-opacity":"","overlay-gradient":""},"tablet":{"background-color":"var(--ast-global-color-5)","background-image":"","background-repeat":"repeat","background-position":"center center","background-size":"auto","background-attachment":"scroll","background-type":"","background-media":"","overlay-type":"","overlay-color":"","overlay-opacity":"","overlay-gradient":""},"mobile":{"background-color":"var(--ast-global-color-5)","background-image":"","background-repeat":"repeat","background-position":"center center","background-size":"auto","background-attachment":"scroll","background-type":"","background-media":"","overlay-type":"","overlay-color":"","overlay-opacity":"","overlay-gradient":""}},"footnotes":""},"class_list":["post-377","page","type-page","status-publish","hentry"],"post_mailing_queue_ids":[],"_links":{"self":[{"href":"https:\/\/serveiseducatius.xtec.cat\/santadria\/wp-json\/wp\/v2\/pages\/377","targetHints":{"allow":["GET"]}}],"collection":[{"href":"https:\/\/serveiseducatius.xtec.cat\/santadria\/wp-json\/wp\/v2\/pages"}],"about":[{"href":"https:\/\/serveiseducatius.xtec.cat\/santadria\/wp-json\/wp\/v2\/types\/page"}],"author":[{"embeddable":true,"href":"https:\/\/serveiseducatius.xtec.cat\/santadria\/wp-json\/wp\/v2\/users\/1"}],"replies":[{"embeddable":true,"href":"https:\/\/serveiseducatius.xtec.cat\/santadria\/wp-json\/wp\/v2\/comments?post=377"}],"version-history":[{"count":6,"href":"https:\/\/serveiseducatius.xtec.cat\/santadria\/wp-json\/wp\/v2\/pages\/377\/revisions"}],"predecessor-version":[{"id":17029,"href":"https:\/\/serveiseducatius.xtec.cat\/santadria\/wp-json\/wp\/v2\/pages\/377\/revisions\/17029"}],"up":[{"embeddable":true,"href":"https:\/\/serveiseducatius.xtec.cat\/santadria\/wp-json\/wp\/v2\/pages\/338"}],"wp:attachment":[{"href":"https:\/\/serveiseducatius.xtec.cat\/santadria\/wp-json\/wp\/v2\/media?parent=377"}],"curies":[{"name":"wp","href":"https:\/\/api.w.org\/{rel}","templated":true}]}}